{"id":1999,"date":"2024-12-17T07:46:21","date_gmt":"2024-12-17T07:46:21","guid":{"rendered":"https:\/\/mj-clothing.com\/?post_type=product&#038;p=1999"},"modified":"2024-12-17T08:30:43","modified_gmt":"2024-12-17T08:30:43","slug":"womens-shell-tops","status":"publish","type":"product","link":"https:\/\/mj-clothing.com\/fi\/manufacturer\/womens-shell-tops\/","title":{"rendered":"Naisten kuoritopit"},"content":{"rendered":"<p data-sourcepos=\"1:1-1:189\">Kuulostaa silt\u00e4, ett\u00e4 olet kiinnostunut naisten kuoritopista! Ne ovat klassisia ja monipuolisia vaatekaapin peruskappaleita. T\u00e4ss\u00e4 on erittely siit\u00e4, mit\u00e4 ne ovat, niiden t\u00e4rkeimm\u00e4t ominaisuudet ja miksi ne ovat niin suosittuja:<\/p>\n<h3 data-sourcepos=\"3:1-3:24\"><strong>Mik\u00e4 on naisten kuoritoppi?<\/strong><\/h3>\n<p data-sourcepos=\"5:1-5:161\"><span class=\"citation-0 recitation citation-end-0\">Kuoritoppi on yksinkertainen, hihaton toppi, jossa on peruskaula-aukko.<\/span> Ajattele sit\u00e4 tyhj\u00e4n\u00e4 kankaana asuasi varten. T\u00e4ss\u00e4 ovat sen ominaispiirteet:<span class=\"button-container hide-from-message-actions ng-star-inserted\"> \u00a0<\/span><\/p>\n<ul data-sourcepos=\"7:1-12:0\">\n<li data-sourcepos=\"7:1-7:148\"><strong>Hihaton:<\/strong> T\u00e4m\u00e4 on t\u00e4rkein ominaisuus. Shell-paidat ovat aina hihattomia, joten ne sopivat erinomaisesti kerrospukeutumiseen tai l\u00e4mpim\u00e4ll\u00e4 s\u00e4\u00e4ll\u00e4 k\u00e4ytt\u00e4miseen.<\/li>\n<li data-sourcepos=\"8:1-8:137\"><strong>Yksinkertainen p\u00e4\u00e4ntie:<\/strong> <span class=\"citation-1 recitation citation-end-1\">Yleisi\u00e4 kaula-aukkoja ovat kaula-aukko, p\u00e4\u00e4ntie, V-kaula-aukko tai jopa korkeampi kaula-aukko, kuten mock-kaula-aukko.<\/span><span class=\"button-container hide-from-message-actions ng-star-inserted\"> \u00a0<\/span>\n<div class=\"container ng-tns-c2960411664-59 hide\">\n<div class=\"carousel-container ng-tns-c2960411664-59\"><\/div>\n<\/div>\n<\/li>\n<li data-sourcepos=\"9:1-9:165\"><strong>Puhdas muotoilu:<\/strong> Kuorelliset yl\u00e4osat eiv\u00e4t yleens\u00e4 sis\u00e4ll\u00e4 liiallisia koristeita, kuten r\u00f6yhel\u00f6it\u00e4, pitsej\u00e4 tai suuria kuvioita. T\u00e4m\u00e4 yksinkertaisuus tekee niist\u00e4 uskomattoman monipuolisia.<\/li>\n<li data-sourcepos=\"10:1-10:226\"><strong><span class=\"citation-2 recitation\">Eri kankaat:<\/span><\/strong><span class=\"citation-2 recitation citation-end-2\"> Ne voidaan valmistaa monista eri kankaista, kuten puuvillasta, silkist\u00e4, pellavasta, viskoosista, polyesterist\u00e4 tai sekoitekankaista.<\/span> <span class=\"citation-3 recitation citation-end-3\">Kangasvalinta vaikuttaa yl\u00e4osan vedett\u00e4vyyteen, tuntumaan ja muodollisuuteen.<\/span><span class=\"button-container hide-from-message-actions ng-star-inserted\"> \u00a0<\/span>\n<div class=\"container ng-tns-c2960411664-60 hide\">\n<div class=\"carousel-container ng-tns-c2960411664-60\"><\/div>\n<\/div>\n<\/li>\n<li data-sourcepos=\"11:1-12:0\"><strong>Asennettu tai puoliksi asennettu:<\/strong> Ne istuvat yleens\u00e4 l\u00e4hell\u00e4 vartaloa, mutta eiv\u00e4t aina ole ihonmy\u00f6t\u00e4iset. <span class=\"citation-4 recitation citation-end-4\">Joissakin kuoritopissa on hieman l\u00f6ysempi, rennompi istuvuus.<\/span><span class=\"button-container hide-from-message-actions ng-star-inserted\"> \u00a0<\/span>\n<div class=\"container ng-tns-c2960411664-61 hide\">\n<div class=\"carousel-container ng-tns-c2960411664-61\"><\/div>\n<\/div>\n<\/li>\n<\/ul>\n<h3 data-sourcepos=\"13:1-13:34\"><strong>Miksi naisten kuoritopit ovat niin suosittuja?<\/strong><\/h3>\n<ul data-sourcepos=\"15:1-19:0\">\n<li data-sourcepos=\"15:1-15:143\"><strong>Monipuolisuus:<\/strong> T\u00e4m\u00e4 on heid\u00e4n suurin vahvuutensa. <span class=\"citation-5 recitation citation-end-5\">Niit\u00e4 voi pukea yl\u00f6s tai alas, joten ne sopivat l\u00e4hes mihin tahansa tilaisuuteen.<\/span><span class=\"button-container hide-from-message-actions ng-star-inserted\">\u00a0 \u00a0<\/span>\n<div class=\"container ng-tns-c2960411664-62 hide\">\n<div class=\"carousel-container ng-tns-c2960411664-62\"><\/div>\n<\/div>\n<\/li>\n<li data-sourcepos=\"16:1-16:168\"><strong>Kerrostaminen:<\/strong> Ne sopivat t\u00e4ydellisesti kerrospukeutumiseen neuletakkien, bleisereiden, takkien ja jopa l\u00e4pikuultavien toppien alle. Ne muodostavat sile\u00e4n pohjakerroksen ilman, ett\u00e4 ne lis\u00e4\u00e4v\u00e4t k\u00e4sivarsien tilaa.<\/li>\n<li data-sourcepos=\"17:1-17:127\"><strong>Mukavuus:<\/strong> Hihaton muotoilu ja usein kevyet kankaat tekev\u00e4t niist\u00e4 mukavia k\u00e4ytt\u00e4\u00e4, erityisesti l\u00e4mpim\u00e4ll\u00e4 s\u00e4\u00e4ll\u00e4.<\/li>\n<li data-sourcepos=\"18:1-19:0\"><strong>Ajaton tyyli:<\/strong> Kuoritopit ovat klassinen vaatekaapin perusosa, joka ei koskaan mene pois muodista.<\/li>\n<\/ul>\n<h3 data-sourcepos=\"20:1-20:28\"><strong>Miten k\u00e4ytt\u00e4\u00e4 naisten Shell Topit:<\/strong><\/h3>\n<ul data-sourcepos=\"22:1-26:0\">\n<li data-sourcepos=\"22:1-22:90\"><strong>Rento:<\/strong> Yhdist\u00e4 se farkkujen, shortsien tai rennon hameen kanssa rennon arjen lookin luomiseen.<\/li>\n<li data-sourcepos=\"23:1-23:122\"><strong>Business Casual:<\/strong> K\u00e4yt\u00e4 sit\u00e4 bleiserin alla housujen tai lyijykyn\u00e4hameen kanssa, jotta asu olisi ammattimainen mutta mukava.<\/li>\n<li data-sourcepos=\"24:1-24:138\"><strong>Pukeutuminen:<\/strong> Valitse kuorellinen yl\u00e4osa ylellisest\u00e4 kankaasta, kuten silkist\u00e4 tai satiinista, ja yhdist\u00e4 se iltajuhlaan hienon hameen tai housujen kanssa.<\/li>\n<li data-sourcepos=\"25:1-26:0\"><strong>Kerrostaminen:<\/strong> Kerrotaan se villatakin, takin tai jopa mekon alle lis\u00e4\u00e4 l\u00e4mp\u00f6\u00e4 ja tyyli\u00e4.<\/li>\n<\/ul>\n<h3 data-sourcepos=\"27:1-27:28\"><strong>Naisten kuoritopit Esimerkkej\u00e4 ja muunnelmia:<\/strong><\/h3>\n<ul data-sourcepos=\"29:1-33:0\">\n<li data-sourcepos=\"29:1-29:89\"><strong>Silkki Shell Top:<\/strong> Ihanteellinen hienompiin tilaisuuksiin, sill\u00e4 se tarjoaa sile\u00e4n ja tyylikk\u00e4\u00e4n ilmeen.<\/li>\n<li data-sourcepos=\"30:1-30:87\"><strong>Cotton Shell Top:<\/strong> T\u00e4ydellinen rentoon pukeutumiseen, tarjoaa mukavuutta ja hengitt\u00e4vyytt\u00e4.<\/li>\n<li data-sourcepos=\"31:1-31:89\"><strong><span class=\"citation-6 recitation\">Ribbed Knit Shell Top:<\/span><\/strong><span class=\"citation-6 recitation citation-end-6\"> Tarjoaa kuvioidumman ulkon\u00e4\u00f6n ja tiiviimm\u00e4n istuvuuden.<\/span><span class=\"button-container hide-from-message-actions ng-star-inserted\"> \u00a0<\/span>\n<div class=\"container ng-tns-c2960411664-63 hide\">\n<div class=\"carousel-container ng-tns-c2960411664-63\"><\/div>\n<\/div>\n<\/li>\n<li data-sourcepos=\"32:1-33:0\"><strong>Pitsikuorinen yl\u00e4osa:<\/strong> Tuo ripauksen naisellisuutta, ja sen voi pukea yl\u00f6s tai alas.<\/li>\n<\/ul>","protected":false},"excerpt":{"rendered":"<table style=\"height: 542px;\" width=\"437\">\n<tbody>\n<tr>\n<td width=\"146\"><strong><b>Tuote<\/b><\/strong>\u00a0<strong><b>Nimi:<\/b><\/strong><\/td>\n<td width=\"601\">Naisten kuoritopit<\/td>\n<\/tr>\n<tr>\n<td width=\"146\"><strong><b>Materlal:<\/b><\/strong><\/td>\n<td width=\"601\">Neulominen<\/td>\n<\/tr>\n<tr>\n<td width=\"146\"><strong><b>Tekniikka:<\/b><\/strong><\/td>\n<td width=\"601\">Kirjonta<\/td>\n<\/tr>\n<tr>\n<td width=\"146\"><strong><b>Tyyli:<\/b><\/strong><\/td>\n<td width=\"601\">Rento<\/td>\n<\/tr>\n<tr>\n<td width=\"146\"><strong><b>V\u00e4ri<\/b><\/strong><strong><b>:<\/b><\/strong><\/td>\n<td width=\"601\">\u00a0Mukautetut v\u00e4rit<\/td>\n<\/tr>\n<tr>\n<td width=\"146\"><strong><b>Koko:<\/b><\/strong><\/td>\n<td width=\"601\">S \/M \/L \/XL \/2XL<\/td>\n<\/tr>\n<tr>\n<td width=\"146\"><strong><b>OEM\/ODM:<\/b><\/strong><\/td>\n<td width=\"601\">Hyv\u00e4ksytt\u00e4v\u00e4<\/td>\n<\/tr>\n<tr>\n<td width=\"146\"><strong><b>Laatu:<\/b><\/strong><\/td>\n<td width=\"601\">100% korkea laatu<\/td>\n<\/tr>\n<tr>\n<td width=\"146\"><strong><b>M<\/b><\/strong><strong><b>OQ:<\/b><\/strong><\/td>\n<td width=\"601\">200 kpl<\/td>\n<\/tr>\n<\/tbody>\n<\/table>","protected":false},"featured_media":2007,"template":"","meta":[],"product_brand":[],"product_cat":[39],"product_tag":[],"class_list":{"0":"post-1999","1":"product","2":"type-product","3":"status-publish","4":"has-post-thumbnail","6":"product_cat-womens-clothing","8":"first","9":"instock","10":"shipping-taxable","11":"product-type-simple"},"_links":{"self":[{"href":"https:\/\/mj-clothing.com\/fi\/wp-json\/wp\/v2\/product\/1999","targetHints":{"allow":["GET"]}}],"collection":[{"href":"https:\/\/mj-clothing.com\/fi\/wp-json\/wp\/v2\/product"}],"about":[{"href":"https:\/\/mj-clothing.com\/fi\/wp-json\/wp\/v2\/types\/product"}],"wp:featuredmedia":[{"embeddable":true,"href":"https:\/\/mj-clothing.com\/fi\/wp-json\/wp\/v2\/media\/2007"}],"wp:attachment":[{"href":"https:\/\/mj-clothing.com\/fi\/wp-json\/wp\/v2\/media?parent=1999"}],"wp:term":[{"taxonomy":"product_brand","embeddable":true,"href":"https:\/\/mj-clothing.com\/fi\/wp-json\/wp\/v2\/product_brand?post=1999"},{"taxonomy":"product_cat","embeddable":true,"href":"https:\/\/mj-clothing.com\/fi\/wp-json\/wp\/v2\/product_cat?post=1999"},{"taxonomy":"product_tag","embeddable":true,"href":"https:\/\/mj-clothing.com\/fi\/wp-json\/wp\/v2\/product_tag?post=1999"}],"curies":[{"name":"wp","href":"https:\/\/api.w.org\/{rel}","templated":true}]}}