{"id":2003,"date":"2024-12-17T08:19:49","date_gmt":"2024-12-17T08:19:49","guid":{"rendered":"https:\/\/mj-clothing.com\/?post_type=product&#038;p=2003"},"modified":"2025-01-04T03:04:40","modified_gmt":"2025-01-04T03:04:40","slug":"womens-tops-for-winter","status":"publish","type":"product","link":"https:\/\/mj-clothing.com\/fi\/manufacturer\/womens-tops-for-winter\/","title":{"rendered":"Naisten topit talveksi"},"content":{"rendered":"<p data-sourcepos=\"1:1-1:137\">Naisten talvitoppien valinnassa t\u00e4rkeint\u00e4 on tasapainottaa tyyli\u00e4, l\u00e4mp\u00f6\u00e4 ja mukavuutta. T\u00e4ss\u00e4 muutamia suosittuja ja k\u00e4yt\u00e4nn\u00f6llisi\u00e4 vaihtoehtoja naisille:<\/p>\n<h3 data-sourcepos=\"3:1-3:28\"><strong>Naisten yl\u00e4osat Talven l\u00e4mp\u00f6\u00e4 ja kerrospukeutumista varten:<\/strong><\/h3>\n<ul data-sourcepos=\"5:1-9:0\">\n<li data-sourcepos=\"5:1-5:239\"><strong>Turtleneckit ja Mock Neckit:<\/strong> Ne ovat erinomaisia pit\u00e4m\u00e4\u00e4n kaulan l\u00e4mpim\u00e4n\u00e4, ja niit\u00e4 voi k\u00e4ytt\u00e4\u00e4 yksin\u00e4\u00e4n tai kerrostettuna villapaitojen tai takkien alla. Etsi niit\u00e4 materiaaleista, kuten merinovillasta, kashmirista tai l\u00e4mp\u00f6neuleista, jotka antavat lis\u00e4l\u00e4mp\u00f6\u00e4.<\/li>\n<li data-sourcepos=\"6:1-6:205\"><strong>Pitk\u00e4hihaiset l\u00e4mp\u00f6paidat:<\/strong> Ne on suunniteltu sitomaan l\u00e4mp\u00f6\u00e4 ja pit\u00e4m\u00e4\u00e4n sinut l\u00e4mpim\u00e4n\u00e4 my\u00f6s hyvin kylmiss\u00e4 olosuhteissa. Ne sopivat erinomaisesti kerrospukeutumiseen muiden toppien alle tai yksin\u00e4\u00e4n ulkoiluun.<\/li>\n<li data-sourcepos=\"7:1-7:199\"><strong>Villapaidat:<\/strong> Neulepuserot ovat talven klassikko, ja niit\u00e4 on saatavana eri malleja, kuten neuletakki, V-p\u00e4\u00e4ntie, neuletakki ja pystykaulus. Valitse materiaaleja, kuten villaa, kashmiria tai fleece\u00e4, jotta ne l\u00e4mmitt\u00e4v\u00e4t mahdollisimman hyvin.<\/li>\n<li data-sourcepos=\"8:1-9:0\"><strong>Fleece Topit:<\/strong> N\u00e4m\u00e4 ovat uskomattoman pehme\u00e4t, l\u00e4mpim\u00e4t ja mukavat. Ne sopivat t\u00e4ydellisesti rentoon pukeutumiseen ja ulkoiluun.<\/li>\n<\/ul>\n<h3 data-sourcepos=\"10:1-10:20\"><strong>Naisten topit talvella Tyylikk\u00e4it\u00e4 vaihtoehtoja:<\/strong><\/h3>\n<ul data-sourcepos=\"12:1-16:0\">\n<li data-sourcepos=\"12:1-12:140\"><strong>Villapaitamekot:<\/strong> N\u00e4m\u00e4 ovat muodikas ja viihtyis\u00e4 vaihtoehto talveksi. Ne voidaan yhdist\u00e4\u00e4 sukkahousujen ja saappaiden kanssa t\u00e4ydellist\u00e4 asua varten.<\/li>\n<li data-sourcepos=\"13:1-13:144\"><strong>Neulotut tunikat:<\/strong> N\u00e4m\u00e4 tarjoavat rennon ja mukavan istuvuuden ja n\u00e4ytt\u00e4v\u00e4t silti tyylikk\u00e4ilt\u00e4. Ne voidaan yhdist\u00e4\u00e4 leggingsien tai farkkujen kanssa.<\/li>\n<li data-sourcepos=\"14:1-14:142\"><strong>Samettiset yl\u00e4osat:<\/strong> Sametti tuo tyylikkyytt\u00e4 ja l\u00e4mp\u00f6\u00e4 kaikkiin asuihin. Ne sopivat t\u00e4ydellisesti juhlapyhiin tai muihin erityistilaisuuksiin.<\/li>\n<li data-sourcepos=\"15:1-16:0\"><strong>Napitetut paidat (flanelli- tai kordinaattipaita):<\/strong> Niit\u00e4 voi k\u00e4ytt\u00e4\u00e4 yksin\u00e4\u00e4n tai kerrostaa ne turtleneckin tai l\u00e4mpim\u00e4n topin p\u00e4\u00e4lle lis\u00e4l\u00e4mp\u00f6\u00e4 varten.<\/li>\n<\/ul>\n<h3 data-sourcepos=\"17:1-17:26\"><strong>Materiaalit etsi\u00e4 naisten topit talvella:<\/strong><\/h3>\n<ul data-sourcepos=\"19:1-24:0\">\n<li data-sourcepos=\"19:1-19:68\"><strong>Villaa:<\/strong> Luonnollinen eriste, joka pit\u00e4\u00e4 sinut l\u00e4mpim\u00e4n\u00e4 my\u00f6s m\u00e4rk\u00e4n\u00e4.<\/li>\n<li data-sourcepos=\"20:1-20:90\"><strong>Kashmir:<\/strong> Ylellinen ja uskomattoman pehme\u00e4 materiaali, joka l\u00e4mmitt\u00e4\u00e4 erinomaisesti.<\/li>\n<li data-sourcepos=\"21:1-21:91\"><strong>Fleece:<\/strong> Pehme\u00e4 ja l\u00e4mmin synteettinen materiaali, joka on my\u00f6s kevyt ja hengitt\u00e4v\u00e4.<\/li>\n<li data-sourcepos=\"22:1-22:82\"><strong>L\u00e4mp\u00f6neuleet:<\/strong> Suunniteltu sitomaan l\u00e4mp\u00f6\u00e4 ja pit\u00e4m\u00e4\u00e4n sinut l\u00e4mpim\u00e4n\u00e4 kylmiss\u00e4 olosuhteissa.<\/li>\n<li data-sourcepos=\"23:1-24:0\"><strong>Puuvillaa:<\/strong> Vaikka puuvilla ei ole yht\u00e4 l\u00e4mmint\u00e4 kuin villa tai fleece, se on hengitt\u00e4v\u00e4\u00e4 ja miellytt\u00e4v\u00e4\u00e4 kerrostamista varten.<\/li>\n<\/ul>\n<h3 data-sourcepos=\"25:1-25:34\"><strong>Vinkkej\u00e4 naisten yl\u00e4osat talvella:<\/strong><\/h3>\n<ul data-sourcepos=\"27:1-30:0\">\n<li data-sourcepos=\"27:1-27:222\"><strong>Ota huomioon ilmasto:<\/strong> Jos asut hyvin kylm\u00e4ss\u00e4 ilmastossa, aseta l\u00e4mpimyys etusijalle ja valitse materiaaleja, kuten villaa tai fleece\u00e4. Jos asut leudommassa ilmastossa, voit valita kevyempi\u00e4 materiaaleja, kuten puuvillaa tai ohuempaa neulosta.<\/li>\n<li data-sourcepos=\"28:1-28:107\"><strong>Ajattele kerrospukeutumista:<\/strong> Valitse yl\u00e4osat, jotka voidaan helposti kerrostaa muiden vaatteiden alle, jotta ne l\u00e4mmitt\u00e4v\u00e4t.<\/li>\n<li data-sourcepos=\"29:1-30:0\"><strong>\u00c4l\u00e4 unohda tyyli\u00e4:<\/strong> Talvitopit voivat olla sek\u00e4 toimivia ett\u00e4 muodikkaita. Valitse tyylit ja v\u00e4rit, joista pid\u00e4t ja jotka t\u00e4ydent\u00e4v\u00e4t vaatekaappiasi.<\/li>\n<\/ul>\n<p data-sourcepos=\"31:1-31:126\">Kun otat n\u00e4m\u00e4 tekij\u00e4t huomioon, voit l\u00f6yt\u00e4\u00e4 t\u00e4ydelliset naisten topit, jotka pit\u00e4v\u00e4t sinut l\u00e4mpim\u00e4n\u00e4 ja tyylikk\u00e4\u00e4n\u00e4 koko talvikauden ajan.<\/p>","protected":false},"excerpt":{"rendered":"<table style=\"height: 515px;\" width=\"480\">\n<tbody>\n<tr>\n<td width=\"146\"><strong><b>Tuote<\/b><\/strong>\u00a0<strong><b>Nimi:<\/b><\/strong><\/td>\n<td width=\"601\"><strong>Naisten topit talveksi<\/strong><\/td>\n<\/tr>\n<tr>\n<td width=\"146\"><strong><b>Materlal:<\/b><\/strong><\/td>\n<td width=\"601\">Neulominen<\/td>\n<\/tr>\n<tr>\n<td width=\"146\"><strong><b>Tekniikka:<\/b><\/strong><\/td>\n<td width=\"601\">Kirjonta<\/td>\n<\/tr>\n<tr>\n<td width=\"146\"><strong><b>Tyyli:<\/b><\/strong><\/td>\n<td width=\"601\">Rento<\/td>\n<\/tr>\n<tr>\n<td width=\"146\"><strong><b>V\u00e4ri<\/b><\/strong><strong><b>:<\/b><\/strong><\/td>\n<td width=\"601\">\u00a0Mukautetut v\u00e4rit<\/td>\n<\/tr>\n<tr>\n<td width=\"146\"><strong><b>Koko:<\/b><\/strong><\/td>\n<td width=\"601\">S \/M \/L \/XL \/2XL<\/td>\n<\/tr>\n<tr>\n<td width=\"146\"><strong><b>OEM\/ODM:<\/b><\/strong><\/td>\n<td width=\"601\">Hyv\u00e4ksytt\u00e4v\u00e4<\/td>\n<\/tr>\n<tr>\n<td width=\"146\"><strong><b>Laatu:<\/b><\/strong><\/td>\n<td width=\"601\">100% korkea laatu<\/td>\n<\/tr>\n<tr>\n<td width=\"146\"><strong><b>M<\/b><\/strong><strong><b>OQ:<\/b><\/strong><\/td>\n<td width=\"601\">200 kpl<\/td>\n<\/tr>\n<\/tbody>\n<\/table>","protected":false},"featured_media":2088,"template":"","meta":[],"product_brand":[],"product_cat":[39],"product_tag":[],"class_list":{"0":"post-2003","1":"product","2":"type-product","3":"status-publish","4":"has-post-thumbnail","6":"product_cat-womens-clothing","8":"first","9":"instock","10":"shipping-taxable","11":"product-type-simple"},"_links":{"self":[{"href":"https:\/\/mj-clothing.com\/fi\/wp-json\/wp\/v2\/product\/2003","targetHints":{"allow":["GET"]}}],"collection":[{"href":"https:\/\/mj-clothing.com\/fi\/wp-json\/wp\/v2\/product"}],"about":[{"href":"https:\/\/mj-clothing.com\/fi\/wp-json\/wp\/v2\/types\/product"}],"wp:featuredmedia":[{"embeddable":true,"href":"https:\/\/mj-clothing.com\/fi\/wp-json\/wp\/v2\/media\/2088"}],"wp:attachment":[{"href":"https:\/\/mj-clothing.com\/fi\/wp-json\/wp\/v2\/media?parent=2003"}],"wp:term":[{"taxonomy":"product_brand","embeddable":true,"href":"https:\/\/mj-clothing.com\/fi\/wp-json\/wp\/v2\/product_brand?post=2003"},{"taxonomy":"product_cat","embeddable":true,"href":"https:\/\/mj-clothing.com\/fi\/wp-json\/wp\/v2\/product_cat?post=2003"},{"taxonomy":"product_tag","embeddable":true,"href":"https:\/\/mj-clothing.com\/fi\/wp-json\/wp\/v2\/product_tag?post=2003"}],"curies":[{"name":"wp","href":"https:\/\/api.w.org\/{rel}","templated":true}]}}