{"id":2005,"date":"2024-12-17T08:27:39","date_gmt":"2024-12-17T08:27:39","guid":{"rendered":"https:\/\/mj-clothing.com\/?post_type=product&#038;p=2005"},"modified":"2024-12-18T06:08:53","modified_gmt":"2024-12-18T06:08:53","slug":"glorya-long-sleeve-hooded-top-womens","status":"publish","type":"product","link":"https:\/\/mj-clothing.com\/fi\/manufacturer\/glorya-long-sleeve-hooded-top-womens\/","title":{"rendered":"Glorya pitk\u00e4hihainen hupullinen toppi-Naisten Glorya pitk\u00e4hihainen hupullinen toppi-naiset"},"content":{"rendered":"<div id=\"model-response-message-contentr_2042c454bde921df\" class=\"markdown markdown-main-panel response-optimization\" dir=\"ltr\">\n<p data-sourcepos=\"1:1-1:220\">Kuulostaa silt\u00e4, ett\u00e4 olet kiinnostunut Patagonia Long-Sleeve Glorya Long-Sleeve Hooded Top-Women's. T\u00e4m\u00e4 on Patagonian suosittu kappale, joka tunnetaan mukavuudestaan ja monipuolisuudestaan. T\u00e4ss\u00e4 on erittely siit\u00e4, mik\u00e4 tekee siit\u00e4 erottuvan:<\/p>\n<h3 data-sourcepos=\"3:1-3:17\"><strong>T\u00e4rkeimm\u00e4t ominaisuudet Glorya pitk\u00e4hihainen hupullinen toppi - naisten:<\/strong><\/h3>\n<ul data-sourcepos=\"5:1-12:0\">\n<li data-sourcepos=\"5:1-5:186\"><strong>Kevyt ja mukava:<\/strong> <span class=\"citation-0 recitation citation-end-0\">T\u00e4m\u00e4 huppari on valmistettu pehme\u00e4st\u00e4 kierr\u00e4tetyn polyesterin, TENCEL\u2122 lyocellin ja elastaanin sekoituksesta, ja se on suunniteltu tarjoamaan mukavuutta ja liikkumisen vapautta.<\/span>\n<div class=\"container ng-tns-c2960411664-80 hide\">\n<div class=\"carousel-container ng-tns-c2960411664-80\"><\/div>\n<\/div>\n<\/li>\n<li data-sourcepos=\"6:1-6:176\"><strong>Kosteutta siirt\u00e4v\u00e4 ja nopeasti kuivuva:<\/strong> <span class=\"citation-1 recitation citation-end-1\">Kangas siirt\u00e4\u00e4 erinomaisesti kosteutta ja kuivuu nopeasti, joten se sopii aktiiviseen k\u00e4ytt\u00f6\u00f6n tai jokap\u00e4iv\u00e4iseen k\u00e4ytt\u00f6\u00f6n.<\/span><span class=\"button-container hide-from-message-actions ng-star-inserted\">\u00a0 \u00a0<\/span>\n<div class=\"container ng-tns-c2960411664-81 hide\">\n<div class=\"carousel-container ng-tns-c2960411664-81\"><\/div>\n<\/div>\n<\/li>\n<li data-sourcepos=\"7:1-7:106\"><strong>Rento istuvuus:<\/strong> <span class=\"citation-2 recitation citation-end-2\">Glorya-hupparissa on rento istuvuus, joka mahdollistaa mukavan kerrostamisen.<\/span><span class=\"button-container hide-from-message-actions ng-star-inserted\">\u00a0<\/span>\n<div class=\"container ng-tns-c2960411664-82 hide\">\n<div class=\"carousel-container ng-tns-c2960411664-82\"><\/div>\n<\/div>\n<\/li>\n<li data-sourcepos=\"8:1-8:121\"><strong>S\u00e4\u00e4dett\u00e4v\u00e4 huppu:<\/strong> <span class=\"citation-3 recitation citation-end-3\">Hupussa on kiristysnauha, jonka avulla voit s\u00e4\u00e4t\u00e4\u00e4 sit\u00e4 optimaalisen kattavuuden ja l\u00e4mm\u00f6n saavuttamiseksi.<\/span><span class=\"button-container hide-from-message-actions ng-star-inserted\">\u00a0<\/span>\n<div class=\"container ng-tns-c2960411664-83 hide\">\n<div class=\"carousel-container ng-tns-c2960411664-83\"><\/div>\n<\/div>\n<\/li>\n<li data-sourcepos=\"9:1-9:157\"><strong>Monipuolinen:<\/strong> <span class=\"citation-4 recitation citation-end-4\">Sit\u00e4 voi k\u00e4ytt\u00e4\u00e4 yksin\u00e4\u00e4n tai kerrostettuna muiden toppien p\u00e4\u00e4lle, joten se on loistava valinta erilaisiin aktiviteetteihin ja s\u00e4\u00e4olosuhteisiin.<\/span><span class=\"button-container hide-from-message-actions ng-star-inserted\"> \u00a0<\/span>\n<div class=\"container ng-tns-c2960411664-84 hide\">\n<div class=\"carousel-container ng-tns-c2960411664-84\"><\/div>\n<\/div>\n<\/li>\n<li data-sourcepos=\"10:1-10:148\"><strong><span class=\"citation-5 recitation\">Kest\u00e4v\u00e4t materiaalit:<\/span><\/strong><span class=\"citation-5 recitation citation-end-5\"> T\u00e4m\u00e4 huppari on valmistettu kierr\u00e4tetyst\u00e4 polyesterist\u00e4 ja TENCEL\u2122-lyocellista, joten se on ymp\u00e4rist\u00f6tietoisempi valinta.<\/span><span class=\"button-container hide-from-message-actions ng-star-inserted\"> \u00a0<\/span>\n<div class=\"container ng-tns-c2960411664-85 hide\">\n<div class=\"carousel-container ng-tns-c2960411664-85\"><\/div>\n<\/div>\n<\/li>\n<li data-sourcepos=\"11:1-12:0\"><strong><span class=\"citation-6 recitation\">Reilun kaupan sertifioitu\u2122 Ommeltu:<\/span><\/strong><span class=\"citation-6 recitation citation-end-6\"> T\u00e4m\u00e4 tarkoittaa, ett\u00e4 vaatteen valmistaneet ihmiset ansaitsivat palkkion ty\u00f6st\u00e4\u00e4n.<\/span><span class=\"button-container hide-from-message-actions ng-star-inserted\">\u00a0<\/span>\n<div class=\"container ng-tns-c2960411664-86 hide\">\n<div class=\"carousel-container ng-tns-c2960411664-86\"><\/div>\n<\/div>\n<\/li>\n<\/ul>\n<h3 data-sourcepos=\"13:1-13:30\"><strong>Miksi se on suosittu valinta Glorya pitk\u00e4hihainen hupullinen toppi - naisten:<\/strong><\/h3>\n<ul data-sourcepos=\"15:1-19:0\">\n<li data-sourcepos=\"15:1-15:151\"><strong>Liikuntamukavuus:<\/strong> <span class=\"citation-7 recitation citation-end-7\">Kevyt ja joustava kangas tekee siit\u00e4 ihanteellisen vaellukselle, joogaan tai asioille.<\/span><span class=\"button-container hide-from-message-actions ng-star-inserted\">\u00a0<\/span>\n<div class=\"container ng-tns-c2960411664-87 hide\">\n<div class=\"carousel-container ng-tns-c2960411664-87\"><\/div>\n<\/div>\n<\/li>\n<li data-sourcepos=\"16:1-16:101\"><strong>Jokap\u00e4iv\u00e4inen k\u00e4ytt\u00f6:<\/strong> Sen rento tyyli ja mukava istuvuus tekev\u00e4t siit\u00e4 loistavan valinnan jokap\u00e4iv\u00e4iseen k\u00e4ytt\u00f6\u00f6n.<\/li>\n<li data-sourcepos=\"17:1-17:91\"><strong>Kerroskappale:<\/strong> Se sopii t\u00e4ydellisesti kerrospukeutumiseen takin tai liivin alle viile\u00e4mm\u00e4ll\u00e4 s\u00e4\u00e4ll\u00e4.<\/li>\n<li data-sourcepos=\"18:1-19:0\"><strong>Laatu ja kest\u00e4vyys:<\/strong> Patagonia on tunnettu korkealaatuisten ja kest\u00e4vien tuotteiden valmistajana.<\/li>\n<\/ul>\n<h3 data-sourcepos=\"20:1-20:21\"><strong>Mist\u00e4 l\u00f6yt\u00e4\u00e4 Glorya pitk\u00e4hihainen hupullinen Top-Women's:<\/strong><\/h3>\n<p data-sourcepos=\"22:1-22:86\">Patagonia Long-Sleeve Glorya Hooded Top -pitk\u00e4hihainen hupullinen toppi l\u00f6ytyy tyypillisesti n\u00e4ilt\u00e4 j\u00e4lleenmyyjilt\u00e4:<\/p>\n<ul data-sourcepos=\"24:1-27:0\">\n<li data-sourcepos=\"24:1-24:80\"><strong>Patagonian verkkosivusto:<\/strong> T\u00e4m\u00e4 on Patagonia-tuotteiden virallinen l\u00e4hde.<\/li>\n<li data-sourcepos=\"25:1-25:114\"><strong>Ulkoilukauppiaat:<\/strong> <span class=\"citation-8 recitation citation-end-8\">REI:n, Backcountryn ja Moosejaw'n kaltaisissa kaupoissa on usein Patagonian vaatteita.<\/span><span class=\"button-container hide-from-message-actions ng-star-inserted\">\u00a0<\/span>\n<div class=\"container ng-tns-c2960411664-88 hide\">\n<div class=\"carousel-container ng-tns-c2960411664-88\"><\/div>\n<\/div>\n<\/li>\n<li data-sourcepos=\"26:1-27:0\"><strong>Tavaratalot:<\/strong> My\u00f6s joissakin tavarataloissa voi olla Patagonia-tuotteita.<\/li>\n<\/ul>\n<p data-sourcepos=\"28:1-28:153\">Jos etsit mukavaa, monik\u00e4ytt\u00f6ist\u00e4 ja kest\u00e4v\u00e4sti valmistettua hupparia, Patagonia Long-Sleeve Glorya Hooded Top on ehdottomasti harkitsemisen arvoinen.<\/p>\n<\/div>\n<div class=\"skeleton-loader-container\"><\/div>\n<div class=\"response-footer gap complete\">\n<div class=\"container ng-tns-c2960411664-79\">\n<div class=\"carousel-container ng-tns-c2960411664-79\">\n<div class=\"carousel-content ng-tns-c2960411664-79\">\n<div class=\"sources-carousel-source ng-tns-c2960411664-79 ng-star-inserted\" data-test-id=\"sources-carousel-source\">\n<div class=\"source-card-container\">\n<div class=\"source-card-content\">\n<div class=\"source-card-body\">\n<div class=\"source-card-header\">\n<div class=\"source-card-title\"><\/div>\n<\/div>\n<\/div>\n<\/div>\n<\/div>\n<\/div>\n<\/div>\n<\/div>\n<\/div>\n<\/div>","protected":false},"excerpt":{"rendered":"<table style=\"height: 661px;\" width=\"527\">\n<tbody>\n<tr>\n<td width=\"146\"><strong><b>Tuote<\/b><\/strong>\u00a0<strong><b>Nimi:<\/b><\/strong><\/td>\n<td width=\"601\"><strong>Glorya pitk\u00e4hihainen hupullinen toppi-Naisten Glorya pitk\u00e4hihainen hupullinen toppi-naiset<\/strong><\/td>\n<\/tr>\n<tr>\n<td width=\"146\"><strong><b>Materlal:<\/b><\/strong><\/td>\n<td width=\"601\">Neulominen<\/td>\n<\/tr>\n<tr>\n<td width=\"146\"><strong><b>Tekniikka:<\/b><\/strong><\/td>\n<td width=\"601\">Kirjonta<\/td>\n<\/tr>\n<tr>\n<td width=\"146\"><strong><b>Tyyli:<\/b><\/strong><\/td>\n<td width=\"601\">Rento<\/td>\n<\/tr>\n<tr>\n<td width=\"146\"><strong><b>V\u00e4ri<\/b><\/strong><strong><b>:<\/b><\/strong><\/td>\n<td width=\"601\">\u00a0Mukautetut v\u00e4rit<\/td>\n<\/tr>\n<tr>\n<td width=\"146\"><strong><b>Koko:<\/b><\/strong><\/td>\n<td width=\"601\">S \/M \/L \/XL \/2XL<\/td>\n<\/tr>\n<tr>\n<td width=\"146\"><strong><b>OEM\/ODM:<\/b><\/strong><\/td>\n<td width=\"601\">Hyv\u00e4ksytt\u00e4v\u00e4<\/td>\n<\/tr>\n<tr>\n<td width=\"146\"><strong><b>Laatu:<\/b><\/strong><\/td>\n<td width=\"601\">100% korkea laatu<\/td>\n<\/tr>\n<tr>\n<td width=\"146\"><strong><b>M<\/b><\/strong><strong><b>OQ:<\/b><\/strong><\/td>\n<td width=\"601\">200 kpl<\/td>\n<\/tr>\n<\/tbody>\n<\/table>","protected":false},"featured_media":2006,"template":"","meta":[],"product_brand":[],"product_cat":[39],"product_tag":[],"class_list":{"0":"post-2005","1":"product","2":"type-product","3":"status-publish","4":"has-post-thumbnail","6":"product_cat-womens-clothing","8":"first","9":"instock","10":"shipping-taxable","11":"product-type-simple"},"_links":{"self":[{"href":"https:\/\/mj-clothing.com\/fi\/wp-json\/wp\/v2\/product\/2005","targetHints":{"allow":["GET"]}}],"collection":[{"href":"https:\/\/mj-clothing.com\/fi\/wp-json\/wp\/v2\/product"}],"about":[{"href":"https:\/\/mj-clothing.com\/fi\/wp-json\/wp\/v2\/types\/product"}],"wp:featuredmedia":[{"embeddable":true,"href":"https:\/\/mj-clothing.com\/fi\/wp-json\/wp\/v2\/media\/2006"}],"wp:attachment":[{"href":"https:\/\/mj-clothing.com\/fi\/wp-json\/wp\/v2\/media?parent=2005"}],"wp:term":[{"taxonomy":"product_brand","embeddable":true,"href":"https:\/\/mj-clothing.com\/fi\/wp-json\/wp\/v2\/product_brand?post=2005"},{"taxonomy":"product_cat","embeddable":true,"href":"https:\/\/mj-clothing.com\/fi\/wp-json\/wp\/v2\/product_cat?post=2005"},{"taxonomy":"product_tag","embeddable":true,"href":"https:\/\/mj-clothing.com\/fi\/wp-json\/wp\/v2\/product_tag?post=2005"}],"curies":[{"name":"wp","href":"https:\/\/api.w.org\/{rel}","templated":true}]}}