{"id":2008,"date":"2024-12-17T08:49:20","date_gmt":"2024-12-17T08:49:20","guid":{"rendered":"https:\/\/mj-clothing.com\/?post_type=product&#038;p=2008"},"modified":"2024-12-17T08:56:51","modified_gmt":"2024-12-17T08:56:51","slug":"womens-cashmere-long-coat","status":"publish","type":"product","link":"https:\/\/mj-clothing.com\/fi\/manufacturer\/womens-cashmere-long-coat\/","title":{"rendered":"Naisten kashmir pitk\u00e4 takki"},"content":{"rendered":"<div id=\"model-response-message-contentr_21586b4a0aa106d5\" class=\"markdown markdown-main-panel response-optimization\" dir=\"ltr\">\n<p data-sourcepos=\"1:1-1:191\">Naisten kashmirista valmistettu pitk\u00e4 takki on ylellisyyden, l\u00e4mm\u00f6n ja ajattoman tyylin ruumiillistuma. Se on merkitt\u00e4v\u00e4 sijoituskappale, joka voi kohottaa mink\u00e4 tahansa talvivaatekaapin. T\u00e4ss\u00e4 kerrotaan, mik\u00e4 niist\u00e4 tekee niin erityisi\u00e4:<\/p>\n<h3 data-sourcepos=\"3:1-3:17\"><strong>Miksi Naisten kashmir pitk\u00e4 takki?<\/strong><\/h3>\n<ul data-sourcepos=\"5:1-9:0\">\n<li data-sourcepos=\"5:1-5:146\"><strong><span class=\"citation-0 recitation\">Verraton pehmeys:<\/span><\/strong><span class=\"citation-0 recitation citation-end-0\"> Kashmir-kuidut ovat uskomattoman hienoja, joten ne tuntuvat ylellisen pehmeilt\u00e4 ja sileilt\u00e4 ihoa vasten.<\/span><span class=\"button-container hide-from-message-actions ng-star-inserted\"> \u00a0<\/span>\n<div class=\"container ng-tns-c2960411664-95 hide\">\n<div class=\"carousel-container ng-tns-c2960411664-95\"><\/div>\n<\/div>\n<\/li>\n<li data-sourcepos=\"6:1-6:147\"><strong><span class=\"citation-1 recitation\">Poikkeuksellinen l\u00e4mp\u00f6:<\/span><\/strong><span class=\"citation-1 recitation citation-end-1\"> Vaikka kashmir on kevytt\u00e4, se erist\u00e4\u00e4 erinomaisesti ja pit\u00e4\u00e4 sinut l\u00e4mpim\u00e4n\u00e4 ilman, ett\u00e4 se tuntuu tilaa viev\u00e4lt\u00e4.<\/span><span class=\"button-container hide-from-message-actions ng-star-inserted\">\u00a0<\/span>\n<div class=\"container ng-tns-c2960411664-96 hide\">\n<div class=\"carousel-container ng-tns-c2960411664-96\"><\/div>\n<\/div>\n<\/li>\n<li data-sourcepos=\"7:1-7:152\"><strong>Kevyt ja mukava:<\/strong> <span class=\"citation-2 recitation citation-end-2\">Kashmirvaatteet ovat tunnettuja keveydest\u00e4\u00e4n, mink\u00e4 ansiosta niit\u00e4 on mukava k\u00e4ytt\u00e4\u00e4 pitki\u00e4 aikoja.<\/span><span class=\"button-container hide-from-message-actions ng-star-inserted\">\u00a0 \u00a0<\/span>\n<div class=\"container ng-tns-c2960411664-97 hide\">\n<div class=\"carousel-container ng-tns-c2960411664-97\"><\/div>\n<\/div>\n<\/li>\n<li data-sourcepos=\"8:1-9:0\"><strong><span class=\"citation-3 recitation\">Kest\u00e4vyys:<\/span><\/strong><span class=\"citation-3 recitation citation-end-3\"> Asianmukaisella hoidolla laadukas kashmir-takki voi kest\u00e4\u00e4 useita vuosia, joten se on kannattava investointi.<\/span><span class=\"button-container hide-from-message-actions ng-star-inserted\">\u00a0 \u00a0<\/span>\n<div class=\"container ng-tns-c2960411664-98 hide\">\n<div class=\"carousel-container ng-tns-c2960411664-98\"><\/div>\n<\/div>\n<\/li>\n<\/ul>\n<h3 data-sourcepos=\"10:1-10:41\"><strong>Naisten kashmir-pitk\u00e4n takin t\u00e4rkeimm\u00e4t ominaisuudet:<\/strong><\/h3>\n<ul data-sourcepos=\"12:1-22:0\">\n<li data-sourcepos=\"12:1-12:85\"><strong>Pituus:<\/strong> Tyypillisesti ulottuu polven alapuolelle, mik\u00e4 tarjoaa maksimaalisen kattavuuden ja l\u00e4mm\u00f6n.<\/li>\n<li data-sourcepos=\"13:1-16:93\"><strong>Klassiset tyylit:<\/strong> Mukana on usein ajattomia siluetteja, kuten:\n<ul data-sourcepos=\"14:5-16:93\">\n<li data-sourcepos=\"14:5-14:88\"><strong>Yksirivinen:<\/strong> Klassinen ja monipuolinen tyyli, jossa on yksi nappirivi.<\/li>\n<li data-sourcepos=\"15:5-15:87\"><strong>Kaksirivinen:<\/strong> <span class=\"citation-4 recitation citation-end-4\">Muodollisempi tyyli, jossa on kaksi rivi\u00e4 nappeja.<\/span><span class=\"button-container hide-from-message-actions ng-star-inserted\">\u00a0 \u00a0<\/span>\n<div class=\"container ng-tns-c2960411664-99 hide\">\n<div class=\"carousel-container ng-tns-c2960411664-99\"><\/div>\n<\/div>\n<\/li>\n<li data-sourcepos=\"16:5-16:93\"><strong><span class=\"citation-5 recitation\">Kietaisutakki:<\/span><\/strong><span class=\"citation-5 recitation citation-end-5\"> Rento ja tyylik\u00e4s tyyli, joka voidaan sitoa vy\u00f6ll\u00e4.<\/span><span class=\"button-container hide-from-message-actions ng-star-inserted\"> \u00a0<\/span>\n<div class=\"container ng-tns-c2960411664-100 hide\">\n<div class=\"carousel-container ng-tns-c2960411664-100\">\n<div class=\"carousel-content ng-tns-c2960411664-100\">\n<div class=\"sources-carousel-source ng-tns-c2960411664-100 hide ng-star-inserted\" data-test-id=\"sources-carousel-source\"><\/div>\n<\/div>\n<\/div>\n<\/div>\n<\/li>\n<\/ul>\n<\/li>\n<li data-sourcepos=\"17:1-20:67\"><strong>Kaulusvaihtoehdot:<\/strong> Voi olla erilaisia kaulustyylej\u00e4, kuten:\n<ul data-sourcepos=\"18:5-20:67\">\n<li data-sourcepos=\"18:5-18:69\"><strong><span class=\"citation-6 recitation\">Solmittava l\u00e4pysk\u00e4:<\/span><\/strong><span class=\"citation-6 recitation citation-end-6\"> Klassinen ja monipuolinen kaulus.<\/span><span class=\"button-container hide-from-message-actions ng-star-inserted\">\u00a0<\/span>\n<div class=\"container ng-tns-c2960411664-101 hide\">\n<div class=\"carousel-container ng-tns-c2960411664-101\"><\/div>\n<\/div>\n<\/li>\n<li data-sourcepos=\"19:5-19:57\"><strong>Huivikaulus:<\/strong> Rennompi ja viihtyis\u00e4mpi kaulus.<\/li>\n<li data-sourcepos=\"20:5-20:67\"><strong>Pystykaulus:<\/strong> Antaa lis\u00e4l\u00e4mp\u00f6\u00e4 kaulan ymp\u00e4rille.<\/li>\n<\/ul>\n<\/li>\n<li data-sourcepos=\"21:1-22:0\"><strong>V\u00e4h\u00e4iset yksityiskohdat:<\/strong> Usein siin\u00e4 on selke\u00e4t linjat ja minimaaliset yksityiskohdat, jotka tuovat esiin ylellisen kankaan.<\/li>\n<\/ul>\n<h3 data-sourcepos=\"23:1-23:56\"><strong>Asiat, jotka on otettava huomioon ostettaessa naisten kashmirista valmistettu pitk\u00e4 takki:<\/strong><\/h3>\n<ul data-sourcepos=\"25:1-30:0\">\n<li data-sourcepos=\"25:1-25:129\"><strong>Kashmir Laatu:<\/strong> Etsi takkeja, jotka on valmistettu 100%-kasmirista tai muista hienoista kuiduista sekoitetusta kashmirista.<\/li>\n<li data-sourcepos=\"26:1-26:134\"><strong>Paino:<\/strong> Kashmirin paino vaikuttaa sen l\u00e4mpimyyteen ja vetoon. Painavampi kashmir on yleens\u00e4 l\u00e4mpim\u00e4mp\u00e4\u00e4, mutta se voi olla my\u00f6s tilaa viev\u00e4mp\u00e4\u00e4.<\/li>\n<li data-sourcepos=\"27:1-27:89\"><strong>Rakentaminen:<\/strong> Tarkista ompeleiden ja vuorin laatu kest\u00e4vyyden varmistamiseksi.<\/li>\n<li data-sourcepos=\"28:1-28:99\"><strong>Sopii:<\/strong> Valitse takki, joka istuu hyvin olkap\u00e4ille ja mahdollistaa mukavan kerrospukeutumisen.<\/li>\n<li data-sourcepos=\"29:1-30:0\"><strong>Hinta:<\/strong> <span class=\"citation-7 recitation citation-end-7\">Kashmir-takit ovat investointi, joten varaudu k\u00e4ytt\u00e4m\u00e4\u00e4n huomattava summa.<\/span> Asianmukaisella hoidolla se kest\u00e4\u00e4 kuitenkin useita vuosia.<span class=\"button-container hide-from-message-actions ng-star-inserted\">\u00a0<\/span>\n<div class=\"container ng-tns-c2960411664-102 hide\">\n<div class=\"carousel-container ng-tns-c2960411664-102\"><\/div>\n<\/div>\n<\/li>\n<\/ul>\n<h3 data-sourcepos=\"31:1-31:46\"><strong>Mist\u00e4 l\u00f6yd\u00e4t naisten kashmirista valmistetut pitk\u00e4t takit:<\/strong><\/h3>\n<ul data-sourcepos=\"33:1-37:0\">\n<li data-sourcepos=\"33:1-33:80\"><strong>Korkealuokkaiset tavaratalot:<\/strong> Nordstrom, Saks Fifth Avenue, Bloomingdale's.<\/li>\n<li data-sourcepos=\"34:1-34:52\"><strong>Luksusmerkit:<\/strong> Max Mara, Loro Piana, The Row.<\/li>\n<li data-sourcepos=\"35:1-35:80\"><strong>Kashmirin erikoisliikkeet:<\/strong> <span class=\"citation-8 recitation citation-end-8\">GOBI Cashmere, Sofia Cashmere<\/span><span class=\"button-container hide-from-message-actions ng-star-inserted\">\u00a0 \u00a0<\/span>\n<div class=\"container ng-tns-c2960411664-103 hide\">\n<div class=\"carousel-container ng-tns-c2960411664-103\"><\/div>\n<\/div>\n<\/li>\n<li data-sourcepos=\"36:1-37:0\"><strong>Verkkokauppiaat:<\/strong> Farfetch, Net-a-Porter, Mytheresa.<\/li>\n<\/ul>\n<p data-sourcepos=\"38:1-38:122\">Naisten kashmirista valmistettu pitk\u00e4 takki on ylellinen ja ajaton investointi, joka pit\u00e4\u00e4 sinut l\u00e4mpim\u00e4n\u00e4 ja tyylikk\u00e4\u00e4n\u00e4 vuosia.<\/p>\n<\/div>\n<div class=\"response-footer gap complete\">\n<div class=\"container ng-tns-c2960411664-94\">\n<div class=\"carousel-container ng-tns-c2960411664-94\">\n<div class=\"carousel-content ng-tns-c2960411664-94\">\n<div class=\"sources-carousel-source ng-tns-c2960411664-94 ng-star-inserted\" data-test-id=\"sources-carousel-source\">\n<div class=\"source-card-container\">\n<div class=\"source-card-content\">\n<div class=\"source-card-body\">\n<div class=\"source-card-header\">\n<div class=\"source-card-title\"><\/div>\n<\/div>\n<\/div>\n<\/div>\n<\/div>\n<\/div>\n<\/div>\n<\/div>\n<\/div>\n<\/div>","protected":false},"excerpt":{"rendered":"<table style=\"height: 596px;\" width=\"487\">\n<tbody>\n<tr>\n<td width=\"146\"><strong><b>Tuote<\/b><\/strong>\u00a0<strong><b>Nimi:<\/b><\/strong><\/td>\n<td width=\"601\"><strong>Naisten kashmir pitk\u00e4 takki<\/strong><\/td>\n<\/tr>\n<tr>\n<td width=\"146\"><strong><b>Materlal:<\/b><\/strong><\/td>\n<td width=\"601\">Neulominen<\/td>\n<\/tr>\n<tr>\n<td width=\"146\"><strong><b>Tekniikka:<\/b><\/strong><\/td>\n<td width=\"601\">Kirjonta<\/td>\n<\/tr>\n<tr>\n<td width=\"146\"><strong><b>Tyyli:<\/b><\/strong><\/td>\n<td width=\"601\">Rento<\/td>\n<\/tr>\n<tr>\n<td width=\"146\"><strong><b>V\u00e4ri<\/b><\/strong><strong><b>:<\/b><\/strong><\/td>\n<td width=\"601\">\u00a0Mukautetut v\u00e4rit<\/td>\n<\/tr>\n<tr>\n<td width=\"146\"><strong><b>Koko:<\/b><\/strong><\/td>\n<td width=\"601\">S \/M \/L \/XL \/2XL<\/td>\n<\/tr>\n<tr>\n<td width=\"146\"><strong><b>OEM\/ODM:<\/b><\/strong><\/td>\n<td width=\"601\">Hyv\u00e4ksytt\u00e4v\u00e4<\/td>\n<\/tr>\n<tr>\n<td width=\"146\"><strong><b>Laatu:<\/b><\/strong><\/td>\n<td width=\"601\">100% korkea laatu<\/td>\n<\/tr>\n<tr>\n<td width=\"146\"><strong><b>M<\/b><\/strong><strong><b>OQ:<\/b><\/strong><\/td>\n<td width=\"601\">200 kpl<\/td>\n<\/tr>\n<\/tbody>\n<\/table>","protected":false},"featured_media":2009,"template":"","meta":[],"product_brand":[],"product_cat":[39],"product_tag":[],"class_list":{"0":"post-2008","1":"product","2":"type-product","3":"status-publish","4":"has-post-thumbnail","6":"product_cat-womens-clothing","8":"first","9":"instock","10":"shipping-taxable","11":"product-type-simple"},"_links":{"self":[{"href":"https:\/\/mj-clothing.com\/fi\/wp-json\/wp\/v2\/product\/2008","targetHints":{"allow":["GET"]}}],"collection":[{"href":"https:\/\/mj-clothing.com\/fi\/wp-json\/wp\/v2\/product"}],"about":[{"href":"https:\/\/mj-clothing.com\/fi\/wp-json\/wp\/v2\/types\/product"}],"wp:featuredmedia":[{"embeddable":true,"href":"https:\/\/mj-clothing.com\/fi\/wp-json\/wp\/v2\/media\/2009"}],"wp:attachment":[{"href":"https:\/\/mj-clothing.com\/fi\/wp-json\/wp\/v2\/media?parent=2008"}],"wp:term":[{"taxonomy":"product_brand","embeddable":true,"href":"https:\/\/mj-clothing.com\/fi\/wp-json\/wp\/v2\/product_brand?post=2008"},{"taxonomy":"product_cat","embeddable":true,"href":"https:\/\/mj-clothing.com\/fi\/wp-json\/wp\/v2\/product_cat?post=2008"},{"taxonomy":"product_tag","embeddable":true,"href":"https:\/\/mj-clothing.com\/fi\/wp-json\/wp\/v2\/product_tag?post=2008"}],"curies":[{"name":"wp","href":"https:\/\/api.w.org\/{rel}","templated":true}]}}