{"id":2010,"date":"2024-12-17T08:55:56","date_gmt":"2024-12-17T08:55:56","guid":{"rendered":"https:\/\/mj-clothing.com\/?post_type=product&#038;p=2010"},"modified":"2024-12-17T08:55:56","modified_gmt":"2024-12-17T08:55:56","slug":"black-long-wool-coat-womens","status":"publish","type":"product","link":"https:\/\/mj-clothing.com\/fi\/manufacturer\/black-long-wool-coat-womens\/","title":{"rendered":"Musta pitk\u00e4 villatakki Naisten"},"content":{"rendered":"<p data-sourcepos=\"1:1-1:191\">Musta pitk\u00e4 villatakki naisten on todellinen vaatekaappi olennainen jokaisen naisen. Se on klassinen kappale, jossa yhdistyv\u00e4t k\u00e4yt\u00e4nn\u00f6llisyys, l\u00e4mp\u00f6 ja ajaton tyyli. T\u00e4ss\u00e4 on erittely siit\u00e4, mik\u00e4 tekee niist\u00e4 niin hienoja:<\/p>\n<h3 data-sourcepos=\"3:1-3:13\"><strong>Miksi musta pitk\u00e4 villatakki naisten villaa?<\/strong><\/h3>\n<ul data-sourcepos=\"5:1-9:0\">\n<li data-sourcepos=\"5:1-5:116\"><strong><span class=\"citation-0 recitation\">L\u00e4mp\u00f6:<\/span><\/strong><span class=\"citation-0 recitation citation-end-0\"> Villa on luonnollinen eriste, joka l\u00e4mmitt\u00e4\u00e4 erinomaisesti my\u00f6s hyvin kylmiss\u00e4 l\u00e4mp\u00f6tiloissa.<\/span><span class=\"button-container hide-from-message-actions ng-star-inserted\"> \u00a0<\/span>\n<div class=\"container ng-tns-c2960411664-110 hide\">\n<div class=\"carousel-container ng-tns-c2960411664-110\"><\/div>\n<\/div>\n<\/li>\n<li data-sourcepos=\"6:1-6:114\"><strong><span class=\"citation-1 recitation\">Kest\u00e4vyys:<\/span><\/strong><span class=\"citation-1 recitation citation-end-1\"> Villakuidut ovat vahvoja ja sitkeit\u00e4, joten villatakit ovat kest\u00e4vi\u00e4 ja pitk\u00e4ik\u00e4isi\u00e4.<\/span><span class=\"button-container hide-from-message-actions ng-star-inserted\"> \u00a0<\/span>\n<div class=\"container ng-tns-c2960411664-111 hide\">\n<div class=\"carousel-container ng-tns-c2960411664-111\"><\/div>\n<\/div>\n<\/li>\n<li data-sourcepos=\"7:1-7:130\"><strong><span class=\"citation-2 recitation\">Vedenkest\u00e4vyys:<\/span><\/strong><span class=\"citation-2 recitation citation-end-2\"> Villalla on luonnollisia vett\u00e4hylkivi\u00e4 ominaisuuksia, jotka pit\u00e4v\u00e4t sinut kuivana kevyess\u00e4 sateessa tai lumessa.<\/span><span class=\"button-container hide-from-message-actions ng-star-inserted\"> \u00a0<\/span>\n<div class=\"container ng-tns-c2960411664-112 hide\">\n<div class=\"carousel-container ng-tns-c2960411664-112\"><\/div>\n<\/div>\n<\/li>\n<li data-sourcepos=\"8:1-9:0\"><strong><span class=\"citation-3 recitation\">Hengitt\u00e4vyys:<\/span><\/strong><span class=\"citation-3 recitation citation-end-3\"> Villa on hengitt\u00e4v\u00e4\u00e4, mik\u00e4 auttaa s\u00e4\u00e4telem\u00e4\u00e4n kehon l\u00e4mp\u00f6tilaa ja est\u00e4\u00e4 ylikuumenemisen.<\/span><span class=\"button-container hide-from-message-actions ng-star-inserted\">\u00a0 \u00a0<\/span>\n<div class=\"container ng-tns-c2960411664-113 hide\">\n<div class=\"carousel-container ng-tns-c2960411664-113\"><\/div>\n<\/div>\n<\/li>\n<\/ul>\n<h3 data-sourcepos=\"10:1-10:43\"><strong>Mustan pitk\u00e4n villatakin t\u00e4rkeimm\u00e4t ominaisuudet:<\/strong><\/h3>\n<ul data-sourcepos=\"12:1-23:0\">\n<li data-sourcepos=\"12:1-12:137\"><strong>Pituus:<\/strong> Tyypillisesti ulottuu polven alapuolelle, mik\u00e4 tarjoaa maksimaalisen kattavuuden ja l\u00e4mm\u00f6n. T\u00e4m\u00e4 pituus on my\u00f6s eritt\u00e4in imarteleva ja pident\u00e4v\u00e4.<\/li>\n<li data-sourcepos=\"13:1-13:125\"><strong>V\u00e4ri:<\/strong> Musta on uskomattoman monipuolinen ja sopii kaikkeen. Se on klassinen valinta, joka ei koskaan mene pois muodista.<\/li>\n<li data-sourcepos=\"14:1-18:62\"><strong>Klassiset tyylit:<\/strong> Yleisi\u00e4 tyylej\u00e4 ovat:\n<ul data-sourcepos=\"15:5-18:62\">\n<li data-sourcepos=\"15:5-15:89\"><strong>Yksirivinen:<\/strong> Ajaton ja monipuolinen tyyli, jossa on yksi nappirivi.<\/li>\n<li data-sourcepos=\"16:5-16:102\"><strong>Kaksirivinen:<\/strong> <span class=\"citation-4 recitation citation-end-4\">Muodollisempi ja rakenteellisempi tyyli, jossa on kaksi nappirivi\u00e4.<\/span><span class=\"button-container hide-from-message-actions ng-star-inserted\">\u00a0<\/span>\n<div class=\"container ng-tns-c2960411664-114 hide\">\n<div class=\"carousel-container ng-tns-c2960411664-114\"><\/div>\n<\/div>\n<\/li>\n<li data-sourcepos=\"17:5-17:93\"><strong><span class=\"citation-5 recitation\">Kietaisutakki:<\/span><\/strong><span class=\"citation-5 recitation citation-end-5\"> Rento ja tyylik\u00e4s tyyli, joka voidaan sitoa vy\u00f6ll\u00e4.<\/span><span class=\"button-container hide-from-message-actions ng-star-inserted\"> \u00a0<\/span>\n<div class=\"container ng-tns-c2960411664-115 hide\">\n<div class=\"carousel-container ng-tns-c2960411664-115\"><\/div>\n<\/div>\n<\/li>\n<li data-sourcepos=\"18:5-18:62\"><strong>Chesterfield:<\/strong> Muodollinen tyyli, jossa on samettikaulus.<\/li>\n<\/ul>\n<\/li>\n<li data-sourcepos=\"19:1-23:0\"><strong>Kaulusvaihtoehdot:<\/strong>\n<ul data-sourcepos=\"20:5-23:0\">\n<li data-sourcepos=\"20:5-20:69\"><strong><span class=\"citation-6 recitation\">Solmittava l\u00e4pysk\u00e4:<\/span><\/strong><span class=\"citation-6 recitation citation-end-6\"> Klassinen ja monipuolinen kaulus.<\/span><span class=\"button-container hide-from-message-actions ng-star-inserted\"> \u00a0<\/span>\n<div class=\"container ng-tns-c2960411664-116 hide\">\n<div class=\"carousel-container ng-tns-c2960411664-116\"><\/div>\n<\/div>\n<\/li>\n<li data-sourcepos=\"21:5-21:71\"><strong><span class=\"citation-7 recitation\">Huippu l\u00e4pysk\u00e4:<\/span><\/strong><span class=\"citation-7 recitation citation-end-7\"> Virallisempi ja dramaattisempi kaulus.<\/span><span class=\"button-container hide-from-message-actions ng-star-inserted\"> \u00a0<\/span>\n<div class=\"container ng-tns-c2960411664-117 hide\">\n<div class=\"carousel-container ng-tns-c2960411664-117\"><\/div>\n<\/div>\n<\/li>\n<li data-sourcepos=\"22:5-23:0\"><strong>Pystykaulus:<\/strong> Antaa lis\u00e4l\u00e4mp\u00f6\u00e4 kaulan ymp\u00e4rille.<\/li>\n<\/ul>\n<\/li>\n<\/ul>\n<h3 data-sourcepos=\"24:1-24:58\"><strong>Asioita, jotka on otettava huomioon ostettaessa musta pitk\u00e4 villatakki naisten:<\/strong><\/h3>\n<ul data-sourcepos=\"26:1-31:0\">\n<li data-sourcepos=\"26:1-26:101\"><strong>Villan laatu:<\/strong> Etsi laadukkaasta villasta, kuten merinovillasta tai neitsytvillasta, valmistettuja takkeja.<\/li>\n<li data-sourcepos=\"27:1-27:75\"><strong>Vuori:<\/strong> Hyv\u00e4 vuori lis\u00e4\u00e4 takin l\u00e4mp\u00f6\u00e4 ja kest\u00e4vyytt\u00e4.<\/li>\n<li data-sourcepos=\"28:1-28:99\"><strong>Sopii:<\/strong> Varmista, ett\u00e4 takki istuu hyvin olkap\u00e4ille ja mahdollistaa mukavan kerrostamisen.<\/li>\n<li data-sourcepos=\"29:1-29:72\"><strong>Yksityiskohdat:<\/strong> Huomioi yksityiskohdat, kuten taskut, napit ja vy\u00f6lenkit.<\/li>\n<li data-sourcepos=\"30:1-31:0\"><strong><span class=\"citation-8 recitation\">Hinta:<\/span><\/strong><span class=\"citation-8 recitation citation-end-8\"> Laadukas villatakki on investointi, mutta se kest\u00e4\u00e4 monta vuotta.<\/span><span class=\"button-container hide-from-message-actions ng-star-inserted\">\u00a0 \u00a0<\/span>\n<div class=\"container ng-tns-c2960411664-118 hide\">\n<div class=\"carousel-container ng-tns-c2960411664-118\"><\/div>\n<\/div>\n<\/li>\n<\/ul>\n<h3 data-sourcepos=\"32:1-32:40\"><strong>Miten tyylitell\u00e4 musta pitk\u00e4 villatakki Naisten:<\/strong><\/h3>\n<ul data-sourcepos=\"34:1-37:0\">\n<li data-sourcepos=\"34:1-34:85\"><strong>Rento:<\/strong> Yhdist\u00e4 se farkkujen, villapaidan ja saappaiden kanssa klassiseen arki-ilmeeseen.<\/li>\n<li data-sourcepos=\"35:1-35:95\"><strong>Business Casual:<\/strong> K\u00e4yt\u00e4 sit\u00e4 puseron ja housujen tai hameen p\u00e4\u00e4ll\u00e4 ammattimaista ilmett\u00e4 varten.<\/li>\n<li data-sourcepos=\"36:1-37:0\"><strong>Pukeutuminen:<\/strong> Kerrosta se mekon tai iltapuvun p\u00e4\u00e4lle hienostuneen ilmeen aikaansaamiseksi.<\/li>\n<\/ul>\n<p data-sourcepos=\"38:1-38:217\"><span class=\"citation-9 recitation citation-end-9\">Musta pitk\u00e4 villakangastakki on monipuolinen ja t\u00e4rke\u00e4 osa, joka pit\u00e4\u00e4 sinut l\u00e4mpim\u00e4n\u00e4 ja tyylikk\u00e4\u00e4n\u00e4 koko talvikauden.<\/span> Se on kannattava investointi, jota voit k\u00e4ytt\u00e4\u00e4 monta vuotta.<span class=\"button-container hide-from-message-actions ng-star-inserted\"> \u00a0 <\/span><\/p>","protected":false},"excerpt":{"rendered":"<table style=\"height: 647px;\" width=\"508\">\n<tbody>\n<tr>\n<td width=\"146\"><strong><b>Tuote<\/b><\/strong>\u00a0<strong><b>Nimi:<\/b><\/strong><\/td>\n<td width=\"601\"><strong>Musta pitk\u00e4 villatakki Naisten<\/strong><\/td>\n<\/tr>\n<tr>\n<td width=\"146\"><strong><b>Materlal:<\/b><\/strong><\/td>\n<td width=\"601\">Neulominen<\/td>\n<\/tr>\n<tr>\n<td width=\"146\"><strong><b>Tekniikka:<\/b><\/strong><\/td>\n<td width=\"601\">Kirjonta<\/td>\n<\/tr>\n<tr>\n<td width=\"146\"><strong><b>Tyyli:<\/b><\/strong><\/td>\n<td width=\"601\">Rento<\/td>\n<\/tr>\n<tr>\n<td width=\"146\"><strong><b>V\u00e4ri<\/b><\/strong><strong><b>:<\/b><\/strong><\/td>\n<td width=\"601\">\u00a0Mukautetut v\u00e4rit<\/td>\n<\/tr>\n<tr>\n<td width=\"146\"><strong><b>Koko:<\/b><\/strong><\/td>\n<td width=\"601\">S \/M \/L \/XL \/2XL<\/td>\n<\/tr>\n<tr>\n<td width=\"146\"><strong><b>OEM\/ODM:<\/b><\/strong><\/td>\n<td width=\"601\">Hyv\u00e4ksytt\u00e4v\u00e4<\/td>\n<\/tr>\n<tr>\n<td width=\"146\"><strong><b>Laatu:<\/b><\/strong><\/td>\n<td width=\"601\">100% korkea laatu<\/td>\n<\/tr>\n<tr>\n<td width=\"146\"><strong><b>M<\/b><\/strong><strong><b>OQ:<\/b><\/strong><\/td>\n<td width=\"601\">200 kpl<\/td>\n<\/tr>\n<\/tbody>\n<\/table>","protected":false},"featured_media":2011,"template":"","meta":[],"product_brand":[],"product_cat":[39],"product_tag":[],"class_list":{"0":"post-2010","1":"product","2":"type-product","3":"status-publish","4":"has-post-thumbnail","6":"product_cat-womens-clothing","8":"first","9":"instock","10":"shipping-taxable","11":"product-type-simple"},"_links":{"self":[{"href":"https:\/\/mj-clothing.com\/fi\/wp-json\/wp\/v2\/product\/2010","targetHints":{"allow":["GET"]}}],"collection":[{"href":"https:\/\/mj-clothing.com\/fi\/wp-json\/wp\/v2\/product"}],"about":[{"href":"https:\/\/mj-clothing.com\/fi\/wp-json\/wp\/v2\/types\/product"}],"wp:featuredmedia":[{"embeddable":true,"href":"https:\/\/mj-clothing.com\/fi\/wp-json\/wp\/v2\/media\/2011"}],"wp:attachment":[{"href":"https:\/\/mj-clothing.com\/fi\/wp-json\/wp\/v2\/media?parent=2010"}],"wp:term":[{"taxonomy":"product_brand","embeddable":true,"href":"https:\/\/mj-clothing.com\/fi\/wp-json\/wp\/v2\/product_brand?post=2010"},{"taxonomy":"product_cat","embeddable":true,"href":"https:\/\/mj-clothing.com\/fi\/wp-json\/wp\/v2\/product_cat?post=2010"},{"taxonomy":"product_tag","embeddable":true,"href":"https:\/\/mj-clothing.com\/fi\/wp-json\/wp\/v2\/product_tag?post=2010"}],"curies":[{"name":"wp","href":"https:\/\/api.w.org\/{rel}","templated":true}]}}