{"id":2013,"date":"2024-12-17T09:06:12","date_gmt":"2024-12-17T09:06:12","guid":{"rendered":"https:\/\/mj-clothing.com\/?post_type=product&#038;p=2013"},"modified":"2024-12-17T09:06:12","modified_gmt":"2024-12-17T09:06:12","slug":"womens-petite-long-wool-coat","status":"publish","type":"product","link":"https:\/\/mj-clothing.com\/fi\/manufacturer\/womens-petite-long-wool-coat\/","title":{"rendered":"Naisten Petite pitk\u00e4 villatakki"},"content":{"rendered":"<p data-sourcepos=\"1:1-1:249\">Naisten siro pitk\u00e4 villatakki on loistava valinta, kun haluat pysy\u00e4 l\u00e4mpim\u00e4n\u00e4 ja tyylikk\u00e4\u00e4n\u00e4 kylmempin\u00e4 kuukausina, varsinkin jos olet pienikokoinen. T\u00e4rkeint\u00e4 on l\u00f6yt\u00e4\u00e4 takki, joka istuu hyvin ja imartelee mittasuhteita. Seuraavassa kerrotaan, mit\u00e4 kannattaa pit\u00e4\u00e4 mieless\u00e4:<\/p>\n<h3 data-sourcepos=\"3:1-3:31\"><strong>Mik\u00e4 tekee naisten Petite-pitk\u00e4n villatakin?<\/strong><\/h3>\n<p data-sourcepos=\"5:1-5:125\"><span class=\"citation-0 recitation citation-end-0\">Petite-vaatteet on suunniteltu naisille, jotka ovat yleens\u00e4 enint\u00e4\u00e4n 1,75 metri\u00e4 pitki\u00e4.<\/span> Petite-takkien t\u00e4rkeimm\u00e4t erot ovat:<span class=\"button-container hide-from-message-actions ng-star-inserted\">\u00a0 \u00a0<\/span><\/p>\n<ul data-sourcepos=\"7:1-11:0\">\n<li data-sourcepos=\"7:1-7:105\"><strong>Lyhyemm\u00e4t pituudet:<\/strong> Takin kokonaispituus on lyhyempi, jotta pienikokoinen runko ei hukkuisi.<\/li>\n<li data-sourcepos=\"8:1-8:104\"><strong>Lyhyemm\u00e4t hihat:<\/strong> Hihat on suunniteltu ranteen kohdalle, joten muutoksia ei tarvita.<\/li>\n<li data-sourcepos=\"9:1-9:82\"><strong>Korkeammat k\u00e4sinojat:<\/strong> T\u00e4m\u00e4 est\u00e4\u00e4 ylim\u00e4\u00e4r\u00e4isen kankaan pakkautumisen kainaloiden alle.<\/li>\n<li data-sourcepos=\"10:1-11:0\"><strong><span class=\"citation-1 recitation\">Kapeammat olkap\u00e4\u00e4t:<\/span><\/strong><span class=\"citation-1 recitation citation-end-1\"> Olkasaumat ovat kapeammat, jotta ne sopisivat pienemm\u00e4lle rungolle kunnolla.<\/span><span class=\"button-container hide-from-message-actions ng-star-inserted\"> \u00a0<\/span>\n<div class=\"container ng-tns-c2960411664-127 hide\">\n<div class=\"carousel-container ng-tns-c2960411664-127\"><\/div>\n<\/div>\n<\/li>\n<\/ul>\n<h3 data-sourcepos=\"12:1-12:56\"><strong>Miksi valita naisten Petite-pitk\u00e4 villatakki (vaikka olisit pienikokoinen)?<\/strong><\/h3>\n<ul data-sourcepos=\"14:1-17:0\">\n<li data-sourcepos=\"14:1-14:111\"><strong><span class=\"citation-2 recitation\">L\u00e4mp\u00f6:<\/span><\/strong><span class=\"citation-2 recitation citation-end-2\"> Pitk\u00e4 villakangastakki tarjoaa erinomaisen peitt\u00e4vyyden ja l\u00e4mm\u00f6n, joka sopii t\u00e4ydellisesti kylm\u00e4\u00e4n s\u00e4\u00e4h\u00e4n.<\/span><span class=\"button-container hide-from-message-actions ng-star-inserted\"> \u00a0<\/span>\n<div class=\"container ng-tns-c2960411664-128 hide\">\n<div class=\"carousel-container ng-tns-c2960411664-128\"><\/div>\n<\/div>\n<\/li>\n<li data-sourcepos=\"15:1-15:97\"><strong>Elegantti:<\/strong> Pitk\u00e4 siluetti voi olla eritt\u00e4in tyylik\u00e4s ja imarteleva, jopa pienikokoisille vartaloille.<\/li>\n<li data-sourcepos=\"16:1-17:0\"><strong>Monipuolisuus:<\/strong> <span class=\"citation-3 recitation citation-end-3\">Klassinen pitk\u00e4 villatakki on monipuolinen lis\u00e4 vaatekaappiisi, sill\u00e4 sen voi pukea sek\u00e4 ylle ett\u00e4 alas.<\/span>\n<div class=\"container ng-tns-c2960411664-129 hide\">\n<div class=\"carousel-container ng-tns-c2960411664-129\"><\/div>\n<\/div>\n<\/li>\n<\/ul>\n<h3 data-sourcepos=\"18:1-18:56\"><strong>Keskeiset ominaisuudet, joita kannattaa etsi\u00e4 naisten Petite Long Wool Coat -takissa:<\/strong><\/h3>\n<ul data-sourcepos=\"20:1-25:0\">\n<li data-sourcepos=\"20:1-20:144\"><strong>Pituus:<\/strong> Ihannetapauksessa takin tulisi ulottua polven ymp\u00e4rille tai hieman sen alapuolelle. V\u00e4lt\u00e4 liian pitki\u00e4 takkeja, sill\u00e4 ne voivat peitt\u00e4\u00e4 vartalosi.<\/li>\n<li data-sourcepos=\"21:1-21:140\"><strong>Sopii:<\/strong> Kiinnit\u00e4 huomiota istuvuuteen hartioiden ja rinnan kohdalla. Takin on istuttava mukavasti ilman, ett\u00e4 se on liian tiukka tai liian l\u00f6ys\u00e4.<\/li>\n<li data-sourcepos=\"22:1-22:108\"><strong>Hihat:<\/strong> Hihojen tulee ulottua ranteen kohdalle. Jos ne ovat liian pitk\u00e4t, ne voivat saada sinut n\u00e4ytt\u00e4m\u00e4\u00e4n lyhyemm\u00e4lt\u00e4.<\/li>\n<li data-sourcepos=\"23:1-23:146\"><strong>Tyyli:<\/strong> Harkitse klassisia tyylej\u00e4, kuten yksirivisi\u00e4, kaksirivisi\u00e4 tai kietaisutakkeja. N\u00e4m\u00e4 tyylit ovat yleens\u00e4 imartelevia siroille vartaloille.<\/li>\n<li data-sourcepos=\"24:1-25:0\"><strong>V\u00e4ri:<\/strong> Musta, laivastonsininen ja harmaa ovat klassisia ja monipuolisia vaihtoehtoja. Voit kuitenkin harkita my\u00f6s muita v\u00e4rej\u00e4, jotka t\u00e4ydent\u00e4v\u00e4t ihonv\u00e4ri\u00e4si.<\/li>\n<\/ul>\n<h3 data-sourcepos=\"26:1-26:45\"><strong>Vinkkej\u00e4 Petite Naisten Petite Long Wool Coat:<\/strong><\/h3>\n<ul data-sourcepos=\"28:1-32:0\">\n<li data-sourcepos=\"28:1-28:124\"><strong>V\u00e4lt\u00e4 ylisuuria tyylej\u00e4:<\/strong> Ylisuuret takit voivat olla liian suuria pienikokoisille ihmisille. Valitse takki, joka on paremmin istuva tai r\u00e4\u00e4t\u00e4l\u00f6ity.<\/li>\n<li data-sourcepos=\"29:1-29:127\"><strong>Kiinnit\u00e4 huomiota yksityiskohtiin:<\/strong> Yksityiskohdat, kuten vy\u00f6t, napit ja kaulukset, voivat auttaa luomaan imartelevamman siluetin.<\/li>\n<li data-sourcepos=\"30:1-30:117\"><strong>K\u00e4yt\u00e4 korkokenki\u00e4 tai saappaita, joissa on korko:<\/strong> T\u00e4m\u00e4 voi auttaa pident\u00e4m\u00e4\u00e4n jalkoja ja tasapainottamaan turkin mittasuhteita.<\/li>\n<li data-sourcepos=\"31:1-32:0\"><strong>Huomioi kangas:<\/strong> Valitse kevytt\u00e4 tai keskipainoista villaa, jotta v\u00e4lt\u00e4t irtotavaran lis\u00e4\u00e4misen.<\/li>\n<\/ul>\n<h3 data-sourcepos=\"33:1-33:41\"><strong>Mist\u00e4 l\u00f6yd\u00e4t naisten Petite-pitk\u00e4n villatakin:<\/strong><\/h3>\n<ul data-sourcepos=\"35:1-38:0\">\n<li data-sourcepos=\"35:1-35:124\"><strong><span class=\"citation-4 recitation\">Tavaratalot:<\/span><\/strong><span class=\"citation-4 recitation citation-end-4\"> Monissa tavarataloissa on omat petite-osastot, joissa on erilaisia takkimalleja.<\/span><span class=\"button-container hide-from-message-actions ng-star-inserted\"> \u00a0<\/span>\n<div class=\"container ng-tns-c2960411664-130 hide\">\n<div class=\"carousel-container ng-tns-c2960411664-130\"><\/div>\n<\/div>\n<\/li>\n<li data-sourcepos=\"36:1-36:124\"><strong>Erikoiskaupat:<\/strong> <span class=\"citation-5 recitation citation-end-5\">Jotkin j\u00e4lleenmyyj\u00e4t ovat erikoistuneet pienikokoisiin vaatteisiin ja tarjoavat laajemman valikoiman takkeja.<\/span><span class=\"button-container hide-from-message-actions ng-star-inserted\">\u00a0 \u00a0<\/span>\n<div class=\"container ng-tns-c2960411664-131 hide\">\n<div class=\"carousel-container ng-tns-c2960411664-131\"><\/div>\n<\/div>\n<\/li>\n<li data-sourcepos=\"37:1-38:0\"><strong><span class=\"citation-6 recitation\">Verkkokauppiaat:<\/span><\/strong><span class=\"citation-6 recitation citation-end-6\"> Verkkokauppiaat tarjoavat laajan valikoiman petite-takkeja eri tyyleiss\u00e4 ja hintaluokissa.<\/span><span class=\"button-container hide-from-message-actions ng-star-inserted\">\u00a0<\/span>\n<div class=\"container ng-tns-c2960411664-132 hide\">\n<div class=\"carousel-container ng-tns-c2960411664-132\"><\/div>\n<\/div>\n<\/li>\n<\/ul>\n<p data-sourcepos=\"39:1-39:150\">Kun pid\u00e4t n\u00e4m\u00e4 vinkit mieless\u00e4si, voit l\u00f6yt\u00e4\u00e4 t\u00e4ydellisen pienikokoisen pitk\u00e4n villatakin, joka pit\u00e4\u00e4 sinut l\u00e4mpim\u00e4n\u00e4, tyylikk\u00e4\u00e4n\u00e4 ja itsevarmana koko talven.<\/p>","protected":false},"excerpt":{"rendered":"<table style=\"height: 521px;\" width=\"496\">\n<tbody>\n<tr>\n<td width=\"146\"><strong><b>Tuote<\/b><\/strong>\u00a0<strong><b>Nimi:<\/b><\/strong><\/td>\n<td width=\"601\"><strong>Naisten Petite pitk\u00e4 villatakki<\/strong><\/td>\n<\/tr>\n<tr>\n<td width=\"146\"><strong><b>Materlal:<\/b><\/strong><\/td>\n<td width=\"601\">Neulominen<\/td>\n<\/tr>\n<tr>\n<td width=\"146\"><strong><b>Tekniikka:<\/b><\/strong><\/td>\n<td width=\"601\">Kirjonta<\/td>\n<\/tr>\n<tr>\n<td width=\"146\"><strong><b>Tyyli:<\/b><\/strong><\/td>\n<td width=\"601\">Rento<\/td>\n<\/tr>\n<tr>\n<td width=\"146\"><strong><b>V\u00e4ri<\/b><\/strong><strong><b>:<\/b><\/strong><\/td>\n<td width=\"601\">\u00a0Mukautetut v\u00e4rit<\/td>\n<\/tr>\n<tr>\n<td width=\"146\"><strong><b>Koko:<\/b><\/strong><\/td>\n<td width=\"601\">S \/M \/L \/XL \/2XL<\/td>\n<\/tr>\n<tr>\n<td width=\"146\"><strong><b>OEM\/ODM:<\/b><\/strong><\/td>\n<td width=\"601\">Hyv\u00e4ksytt\u00e4v\u00e4<\/td>\n<\/tr>\n<tr>\n<td width=\"146\"><strong><b>Laatu:<\/b><\/strong><\/td>\n<td width=\"601\">100% korkea laatu<\/td>\n<\/tr>\n<tr>\n<td width=\"146\"><strong><b>M<\/b><\/strong><strong><b>OQ:<\/b><\/strong><\/td>\n<td width=\"601\">200 kpl<\/td>\n<\/tr>\n<\/tbody>\n<\/table>","protected":false},"featured_media":2014,"template":"","meta":[],"product_brand":[],"product_cat":[39],"product_tag":[],"class_list":{"0":"post-2013","1":"product","2":"type-product","3":"status-publish","4":"has-post-thumbnail","6":"product_cat-womens-clothing","8":"first","9":"instock","10":"shipping-taxable","11":"product-type-simple"},"_links":{"self":[{"href":"https:\/\/mj-clothing.com\/fi\/wp-json\/wp\/v2\/product\/2013","targetHints":{"allow":["GET"]}}],"collection":[{"href":"https:\/\/mj-clothing.com\/fi\/wp-json\/wp\/v2\/product"}],"about":[{"href":"https:\/\/mj-clothing.com\/fi\/wp-json\/wp\/v2\/types\/product"}],"wp:featuredmedia":[{"embeddable":true,"href":"https:\/\/mj-clothing.com\/fi\/wp-json\/wp\/v2\/media\/2014"}],"wp:attachment":[{"href":"https:\/\/mj-clothing.com\/fi\/wp-json\/wp\/v2\/media?parent=2013"}],"wp:term":[{"taxonomy":"product_brand","embeddable":true,"href":"https:\/\/mj-clothing.com\/fi\/wp-json\/wp\/v2\/product_brand?post=2013"},{"taxonomy":"product_cat","embeddable":true,"href":"https:\/\/mj-clothing.com\/fi\/wp-json\/wp\/v2\/product_cat?post=2013"},{"taxonomy":"product_tag","embeddable":true,"href":"https:\/\/mj-clothing.com\/fi\/wp-json\/wp\/v2\/product_tag?post=2013"}],"curies":[{"name":"wp","href":"https:\/\/api.w.org\/{rel}","templated":true}]}}