{"id":2032,"date":"2024-12-18T02:47:46","date_gmt":"2024-12-18T02:47:46","guid":{"rendered":"https:\/\/mj-clothing.com\/?post_type=product&#038;p=2032"},"modified":"2024-12-18T02:47:47","modified_gmt":"2024-12-18T02:47:47","slug":"womens-long-double-breasted-wool-coat","status":"publish","type":"product","link":"https:\/\/mj-clothing.com\/fi\/manufacturer\/womens-long-double-breasted-wool-coat\/","title":{"rendered":"Naisten pitk\u00e4 kaksirivinen villatakki"},"content":{"rendered":"<div id=\"model-response-message-contentr_64d87a431fd566f8\" class=\"markdown markdown-main-panel response-optimization\" dir=\"ltr\">\n<p data-sourcepos=\"1:1-1:372\"><span class=\"citation-0 recitation citation-end-0\">Naisten pitk\u00e4 kaksirivinen villatakki on klassinen ja tyylik\u00e4s vaate, joka sopii t\u00e4ydellisesti kylmempiin kuukausiin.<\/span> <span class=\"citation-1 recitation citation-end-1\">Se on tyypillisesti valmistettu l\u00e4mpim\u00e4st\u00e4 ja kest\u00e4v\u00e4st\u00e4 villakankaasta, ja siin\u00e4 on kaksirivinen sulkeminen napeilla tai vetoketjulla.<\/span> T\u00e4m\u00e4ntyyppinen takki on usein perinteist\u00e4 takkia pidempi ja ulottuu lantion alapuolelle tai jopa polviin asti.<span class=\"button-container hide-from-message-actions ng-star-inserted\"> \u00a0<\/span><\/p>\n<div class=\"container ng-tns-c3353360079-19 hide\">\n<div class=\"carousel-container ng-tns-c3353360079-19\">\n<div class=\"carousel-content ng-tns-c3353360079-19\">\n<div class=\"sources-carousel-source ng-tns-c3353360079-19 hide ng-star-inserted\" data-test-id=\"sources-carousel-source\"><\/div>\n<div class=\"sources-carousel-source ng-tns-c3353360079-19 hide ng-star-inserted\" data-test-id=\"sources-carousel-source\"><\/div>\n<\/div>\n<\/div>\n<\/div>\n<h3 data-sourcepos=\"3:1-3:82\">Seuraavassa on muutamia etuja, joita naisten pitk\u00e4 kaksirivinen villatakki tuo mukanaan:<\/h3>\n<ul data-sourcepos=\"5:1-9:0\">\n<li data-sourcepos=\"5:1-5:121\"><strong><span class=\"citation-2 recitation\">L\u00e4mp\u00f6:<\/span><\/strong><span class=\"citation-2 recitation citation-end-2\"> Villa on erinomainen eriste, joten villatakki pit\u00e4\u00e4 sinut l\u00e4mpim\u00e4n\u00e4 kylmimm\u00e4ll\u00e4kin s\u00e4\u00e4ll\u00e4.<\/span><span class=\"button-container hide-from-message-actions ng-star-inserted\"> \u00a0<\/span><\/li>\n<li data-sourcepos=\"5:1-5:121\"><span class=\"button-container hide-from-message-actions ng-star-inserted\"><strong style=\"font-size: 14.4px;\"><span class=\"citation-3 recitation\">Kest\u00e4vyys:<\/span><\/strong><span class=\"citation-3 recitation citation-end-3\" style=\"font-size: 14.4px;\"> Villa on vahva ja kest\u00e4v\u00e4 kangas, joten villatakki kest\u00e4\u00e4 monta vuotta.<\/span><span class=\"button-container hide-from-message-actions ng-star-inserted\" style=\"font-size: 14.4px;\">\u00a0<\/span><\/span>\n<div class=\"container ng-tns-c3353360079-21 hide\">\n<div class=\"carousel-container ng-tns-c3353360079-21\"><\/div>\n<\/div>\n<\/li>\n<li data-sourcepos=\"7:1-7:124\"><strong><span class=\"citation-4 recitation\">Tyyli:<\/span><\/strong><span class=\"citation-4 recitation citation-end-4\"> Pitk\u00e4 kaksirivinen villatakki on ajaton ja elegantti vaate, jonka voi pukea niin ylle kuin alas.<\/span><span class=\"button-container hide-from-message-actions ng-star-inserted\">\u00a0<\/span>\n<div class=\"container ng-tns-c3353360079-22 hide\">\n<div class=\"carousel-container ng-tns-c3353360079-22\"><\/div>\n<\/div>\n<\/li>\n<li data-sourcepos=\"8:1-9:0\"><strong>Monipuolisuus:<\/strong> <span class=\"citation-5 recitation citation-end-5\">Villatakkia voi k\u00e4ytt\u00e4\u00e4 monissa eri tilanteissa, rennoista retkist\u00e4 virallisiin tilaisuuksiin.<\/span><span class=\"button-container hide-from-message-actions ng-star-inserted\">\u00a0<\/span>\n<div class=\"container ng-tns-c3353360079-23 hide\">\n<div class=\"carousel-container ng-tns-c3353360079-23\">\n<div class=\"carousel-content ng-tns-c3353360079-23\">\n<div class=\"sources-carousel-source ng-tns-c3353360079-23 hide ng-star-inserted\" data-test-id=\"sources-carousel-source\"><\/div>\n<\/div>\n<\/div>\n<\/div>\n<\/li>\n<\/ul>\n<p data-sourcepos=\"10:1-10:119\">Jos etsit tyylik\u00e4st\u00e4 ja k\u00e4yt\u00e4nn\u00f6llist\u00e4 talvitakkia, naisten pitk\u00e4 kaksirivinen villatakki on loistava vaihtoehto.<\/p>\n<\/div>\n<div class=\"skeleton-loader-container\"><\/div>\n<div class=\"response-footer gap complete\">\n<div class=\"container ng-tns-c3353360079-17\">\n<div class=\"carousel-container ng-tns-c3353360079-17\">\n<div class=\"carousel-content ng-tns-c3353360079-17\">\n<div class=\"sources-carousel-source ng-tns-c3353360079-17 ng-star-inserted\" data-test-id=\"sources-carousel-source\">\n<div class=\"source-card-container\">\n<div class=\"source-card-content\">\n<div class=\"source-card-body\">\n<div class=\"source-card-header\">\n<div class=\"source-card-title\"><\/div>\n<\/div>\n<\/div>\n<\/div>\n<\/div>\n<\/div>\n<\/div>\n<\/div>\n<\/div>\n<\/div>","protected":false},"excerpt":{"rendered":"<table style=\"height: 577px;\" width=\"542\">\n<tbody>\n<tr>\n<td width=\"146\"><strong><b>Tuote<\/b><\/strong>\u00a0<strong><b>Nimi:<\/b><\/strong><\/td>\n<td width=\"601\"><strong>Naisten pitk\u00e4 kaksirivinen villatakki<\/strong><\/td>\n<\/tr>\n<tr>\n<td width=\"146\"><strong><b>Materlal:<\/b><\/strong><\/td>\n<td width=\"601\">Neulominen<\/td>\n<\/tr>\n<tr>\n<td width=\"146\"><strong><b>Tekniikka:<\/b><\/strong><\/td>\n<td width=\"601\">Kirjonta<\/td>\n<\/tr>\n<tr>\n<td width=\"146\"><strong><b>Tyyli:<\/b><\/strong><\/td>\n<td width=\"601\">Rento<\/td>\n<\/tr>\n<tr>\n<td width=\"146\"><strong><b>V\u00e4ri<\/b><\/strong><strong><b>:<\/b><\/strong><\/td>\n<td width=\"601\">\u00a0Mukautetut v\u00e4rit<\/td>\n<\/tr>\n<tr>\n<td width=\"146\"><strong><b>Koko:<\/b><\/strong><\/td>\n<td width=\"601\">S \/M \/L \/XL \/2XL<\/td>\n<\/tr>\n<tr>\n<td width=\"146\"><strong><b>OEM\/ODM:<\/b><\/strong><\/td>\n<td width=\"601\">Hyv\u00e4ksytt\u00e4v\u00e4<\/td>\n<\/tr>\n<tr>\n<td width=\"146\"><strong><b>Laatu:<\/b><\/strong><\/td>\n<td width=\"601\">100% korkea laatu<\/td>\n<\/tr>\n<tr>\n<td width=\"146\"><strong><b>M<\/b><\/strong><strong><b>OQ:<\/b><\/strong><\/td>\n<td width=\"601\">200 kpl<\/td>\n<\/tr>\n<\/tbody>\n<\/table>","protected":false},"featured_media":2035,"template":"","meta":[],"product_brand":[],"product_cat":[39],"product_tag":[],"class_list":{"0":"post-2032","1":"product","2":"type-product","3":"status-publish","4":"has-post-thumbnail","6":"product_cat-womens-clothing","8":"first","9":"instock","10":"shipping-taxable","11":"product-type-simple"},"_links":{"self":[{"href":"https:\/\/mj-clothing.com\/fi\/wp-json\/wp\/v2\/product\/2032","targetHints":{"allow":["GET"]}}],"collection":[{"href":"https:\/\/mj-clothing.com\/fi\/wp-json\/wp\/v2\/product"}],"about":[{"href":"https:\/\/mj-clothing.com\/fi\/wp-json\/wp\/v2\/types\/product"}],"wp:featuredmedia":[{"embeddable":true,"href":"https:\/\/mj-clothing.com\/fi\/wp-json\/wp\/v2\/media\/2035"}],"wp:attachment":[{"href":"https:\/\/mj-clothing.com\/fi\/wp-json\/wp\/v2\/media?parent=2032"}],"wp:term":[{"taxonomy":"product_brand","embeddable":true,"href":"https:\/\/mj-clothing.com\/fi\/wp-json\/wp\/v2\/product_brand?post=2032"},{"taxonomy":"product_cat","embeddable":true,"href":"https:\/\/mj-clothing.com\/fi\/wp-json\/wp\/v2\/product_cat?post=2032"},{"taxonomy":"product_tag","embeddable":true,"href":"https:\/\/mj-clothing.com\/fi\/wp-json\/wp\/v2\/product_tag?post=2032"}],"curies":[{"name":"wp","href":"https:\/\/api.w.org\/{rel}","templated":true}]}}