{"id":2037,"date":"2024-12-18T02:59:21","date_gmt":"2024-12-18T02:59:21","guid":{"rendered":"https:\/\/mj-clothing.com\/?post_type=product&#038;p=2037"},"modified":"2024-12-18T03:22:38","modified_gmt":"2024-12-18T03:22:38","slug":"womens-heated-long-coat","status":"publish","type":"product","link":"https:\/\/mj-clothing.com\/fi\/manufacturer\/womens-heated-long-coat\/","title":{"rendered":"Naisten l\u00e4mmitetty pitk\u00e4 takki"},"content":{"rendered":"<p data-sourcepos=\"1:1-1:216\">Naisten l\u00e4mmitetty pitk\u00e4 takki on er\u00e4\u00e4nlainen p\u00e4\u00e4llysvaate, joka on suunniteltu antamaan poikkeuksellisen paljon l\u00e4mp\u00f6\u00e4 kylm\u00e4ll\u00e4 s\u00e4\u00e4ll\u00e4. Siin\u00e4 on integroituja l\u00e4mmityselementtej\u00e4, jotka saavat virtansa paristosta, joka on yleens\u00e4 sijoitettu huomaamattomaan taskuun.<\/p>\n<h3 data-sourcepos=\"3:1-3:35\"><strong>T\u00e4m\u00e4 tekee niist\u00e4 erityisi\u00e4:<\/strong><\/h3>\n<ul data-sourcepos=\"5:1-8:0\">\n<li data-sourcepos=\"5:1-5:222\"><strong>Ylivoimainen l\u00e4mp\u00f6:<\/strong> Sis\u00e4\u00e4nrakennetut l\u00e4mmityselementit tuottavat l\u00e4mp\u00f6\u00e4, mik\u00e4 lis\u00e4\u00e4 merkitt\u00e4v\u00e4sti takin eristysominaisuuksia. T\u00e4m\u00e4n ansiosta ne ovat ihanteellisia eritt\u00e4in kylmiss\u00e4 ilmastoissa tai ulkoiluun j\u00e4isiss\u00e4 l\u00e4mp\u00f6tiloissa.<\/li>\n<li data-sourcepos=\"6:1-6:159\"><strong>Mukavuus:<\/strong> Monissa malleissa on s\u00e4\u00e4dett\u00e4v\u00e4t l\u00e4mp\u00f6asetukset, joiden avulla voit mukauttaa l\u00e4mp\u00f6astetta mieltymystesi ja kylmyyden voimakkuuden mukaan.<\/li>\n<li data-sourcepos=\"7:1-8:0\"><strong>Monipuolisuus:<\/strong> Niit\u00e4 voi tyylitell\u00e4 erilaisiin tilaisuuksiin, rennoista retkist\u00e4 virallisempiin tilaisuuksiin, takin muotoilusta ja materiaaleista riippuen.<\/li>\n<\/ul>\n<h3 data-sourcepos=\"9:1-9:56\"><strong>Asiat, jotka on otettava huomioon valittaessa naisten l\u00e4mmitetty\u00e4 pitk\u00e4\u00e4 takkia:<\/strong><\/h3>\n<ul data-sourcepos=\"11:1-15:0\">\n<li data-sourcepos=\"11:1-11:198\"><strong>L\u00e4mmitystekniikka:<\/strong> Eri merkit k\u00e4ytt\u00e4v\u00e4t erilaisia l\u00e4mmitystekniikoita. Tutki haluamassasi takissa k\u00e4ytetty\u00e4 tekniikkaa, jotta ymm\u00e4rr\u00e4t sen suorituskyvyn ja turvallisuusominaisuudet.<\/li>\n<li data-sourcepos=\"12:1-12:182\"><strong>Akun kesto:<\/strong> Akun kesto on ratkaisevan t\u00e4rke\u00e4. Mieti, kuinka kauan akku kest\u00e4\u00e4 eri l\u00e4mp\u00f6asetuksilla, jotta se vastaa tarpeitasi koko toimintasi ajan.<\/li>\n<li data-sourcepos=\"13:1-13:174\"><strong>Mukavuus ja istuvuus:<\/strong> Valitse takki, joka istuu hyvin ja jota on mukava k\u00e4ytt\u00e4\u00e4. Etsi ominaisuuksia, kuten s\u00e4\u00e4dett\u00e4vi\u00e4 hihansuita, huppuja ja kiristysnauhoja, jotka parantavat istuvuutta ja l\u00e4mp\u00f6\u00e4.<\/li>\n<li data-sourcepos=\"14:1-15:0\"><strong>Tyyli ja muotoilu:<\/strong> Valitse takki, joka t\u00e4ydent\u00e4\u00e4 persoonallista tyyli\u00e4si ja tilaisuuksia, joissa k\u00e4yt\u00e4t sit\u00e4.<\/li>\n<\/ul>\n<p data-sourcepos=\"16:1-16:186\">Jos asut hyvin kylm\u00e4ss\u00e4 ilmastossa tai harrastat usein ulkoilua talvella, naisten l\u00e4mmitetty pitk\u00e4 takki voi olla arvokas investointi, jotta pysyt l\u00e4mpim\u00e4n\u00e4 ja mukavana.<\/p>","protected":false},"excerpt":{"rendered":"<table style=\"height: 602px;\" width=\"581\">\n<tbody>\n<tr>\n<td width=\"146\"><strong><b>Tuote<\/b><\/strong>\u00a0<strong><b>Nimi:<\/b><\/strong><\/td>\n<td width=\"601\"><strong>Naisten l\u00e4mmitetty pitk\u00e4 takki<\/strong><\/td>\n<\/tr>\n<tr>\n<td width=\"146\"><strong><b>Materlal:<\/b><\/strong><\/td>\n<td width=\"601\">Neulominen<\/td>\n<\/tr>\n<tr>\n<td width=\"146\"><strong><b>Tekniikka:<\/b><\/strong><\/td>\n<td width=\"601\">Kirjonta<\/td>\n<\/tr>\n<tr>\n<td width=\"146\"><strong><b>Tyyli:<\/b><\/strong><\/td>\n<td width=\"601\">Rento<\/td>\n<\/tr>\n<tr>\n<td width=\"146\"><strong><b>V\u00e4ri<\/b><\/strong><strong><b>:<\/b><\/strong><\/td>\n<td width=\"601\">\u00a0Mukautetut v\u00e4rit<\/td>\n<\/tr>\n<tr>\n<td width=\"146\"><strong><b>Koko:<\/b><\/strong><\/td>\n<td width=\"601\">S \/M \/L \/XL \/2XL<\/td>\n<\/tr>\n<tr>\n<td width=\"146\"><strong><b>OEM\/ODM:<\/b><\/strong><\/td>\n<td width=\"601\">Hyv\u00e4ksytt\u00e4v\u00e4<\/td>\n<\/tr>\n<tr>\n<td width=\"146\"><strong><b>Laatu:<\/b><\/strong><\/td>\n<td width=\"601\">100% korkea laatu<\/td>\n<\/tr>\n<tr>\n<td width=\"146\"><strong><b>M<\/b><\/strong><strong><b>OQ:<\/b><\/strong><\/td>\n<td width=\"601\">200 kpl<\/td>\n<\/tr>\n<\/tbody>\n<\/table>","protected":false},"featured_media":2040,"template":"","meta":[],"product_brand":[],"product_cat":[39],"product_tag":[],"class_list":{"0":"post-2037","1":"product","2":"type-product","3":"status-publish","4":"has-post-thumbnail","6":"product_cat-womens-clothing","8":"first","9":"instock","10":"shipping-taxable","11":"product-type-simple"},"_links":{"self":[{"href":"https:\/\/mj-clothing.com\/fi\/wp-json\/wp\/v2\/product\/2037","targetHints":{"allow":["GET"]}}],"collection":[{"href":"https:\/\/mj-clothing.com\/fi\/wp-json\/wp\/v2\/product"}],"about":[{"href":"https:\/\/mj-clothing.com\/fi\/wp-json\/wp\/v2\/types\/product"}],"wp:featuredmedia":[{"embeddable":true,"href":"https:\/\/mj-clothing.com\/fi\/wp-json\/wp\/v2\/media\/2040"}],"wp:attachment":[{"href":"https:\/\/mj-clothing.com\/fi\/wp-json\/wp\/v2\/media?parent=2037"}],"wp:term":[{"taxonomy":"product_brand","embeddable":true,"href":"https:\/\/mj-clothing.com\/fi\/wp-json\/wp\/v2\/product_brand?post=2037"},{"taxonomy":"product_cat","embeddable":true,"href":"https:\/\/mj-clothing.com\/fi\/wp-json\/wp\/v2\/product_cat?post=2037"},{"taxonomy":"product_tag","embeddable":true,"href":"https:\/\/mj-clothing.com\/fi\/wp-json\/wp\/v2\/product_tag?post=2037"}],"curies":[{"name":"wp","href":"https:\/\/api.w.org\/{rel}","templated":true}]}}