{"id":2041,"date":"2024-12-18T03:08:39","date_gmt":"2024-12-18T03:08:39","guid":{"rendered":"https:\/\/mj-clothing.com\/?post_type=product&#038;p=2041"},"modified":"2024-12-18T03:23:38","modified_gmt":"2024-12-18T03:23:38","slug":"womens-long-wrap-coat","status":"publish","type":"product","link":"https:\/\/mj-clothing.com\/fi\/manufacturer\/womens-long-wrap-coat\/","title":{"rendered":"Naisten pitk\u00e4 kietaisutakki"},"content":{"rendered":"<p data-sourcepos=\"1:1-1:121\">Naisten pitk\u00e4 kietaisutakki on tyylik\u00e4s ja monipuolinen p\u00e4\u00e4llysvaatevaihtoehto, joka tarjoaa ripauksen eleganssia ja hienostuneisuutta.<\/p>\n<h3 data-sourcepos=\"3:1-3:17\"><strong>Naisten pitk\u00e4 kietaisutakki T\u00e4rkeimm\u00e4t ominaisuudet:<\/strong><\/h3>\n<ul data-sourcepos=\"5:1-9:0\">\n<li data-sourcepos=\"5:1-5:132\"><strong>K\u00e4\u00e4reen suunnittelu:<\/strong> Tunnusomainen piirre on kietaisutyyli, jossa takki on p\u00e4\u00e4llekk\u00e4in ja tyypillisesti vy\u00f6t\u00e4r\u00f6ll\u00e4 solmitaan tai vy\u00f6tet\u00e4\u00e4n.<\/li>\n<li data-sourcepos=\"6:1-6:83\"><strong>Pituus:<\/strong> Se ulottuu lantion alapuolelle ja ulottuu usein polviin tai jopa puoliv\u00e4liin.<\/li>\n<li data-sourcepos=\"7:1-7:126\"><strong>Erilaisia materiaaleja:<\/strong> Ne voidaan valmistaa erilaisista kankaista, kuten villasta, kashmirista, puuvillasekoitteista ja jopa tekoturkiksesta.<\/li>\n<li data-sourcepos=\"8:1-9:0\"><strong><span class=\"citation-0 interactive-span-selected-v2\">Monipuolisuus:<\/span><\/strong><span class=\"citation-0 citation-end-0 interactive-span-selected-v2\"> Niit\u00e4 voi pukea yl\u00f6s tai alas, joten ne sopivat monenlaisiin tilaisuuksiin rennoista retkist\u00e4 virallisiin tilaisuuksiin. <\/span>\n<div class=\"container ng-tns-c3353360079-34\">\n<div class=\"carousel-container ng-tns-c3353360079-34\">\n<div class=\"carousel-content ng-tns-c3353360079-34\">\n<div class=\"sources-carousel-source ng-tns-c3353360079-34 ng-star-inserted\" data-test-id=\"sources-carousel-source\">\n<div class=\"source-card-container\">\n<div class=\"source-card-content\">\n<div class=\"source-card-body\">\n<div class=\"source-card-header\"><\/div>\n<\/div>\n<div class=\"source-card-footer\">\n<div class=\"source-card-attribution\"><\/div>\n<\/div>\n<\/div>\n<\/div>\n<\/div>\n<\/div>\n<\/div>\n<\/div>\n<\/li>\n<\/ul>\n<h3 data-sourcepos=\"10:1-10:24\"><strong>Miksi naiset rakastavat niit\u00e4:<\/strong><\/h3>\n<ul data-sourcepos=\"12:1-15:0\">\n<li data-sourcepos=\"12:1-12:108\"><strong>Imarteleva siluetti:<\/strong> Kietaisumalli korostaa vy\u00f6t\u00e4r\u00f6\u00e4 ja luo imartelevan tiimalasin muodon.<\/li>\n<li data-sourcepos=\"13:1-13:64\"><strong>Mukavuus:<\/strong> Ne tarjoavat usein mukavan ja rennon istuvuuden.<\/li>\n<li data-sourcepos=\"14:1-15:0\"><strong>Tyyli:<\/strong> Ne tuovat ripauksen naisellisuutta ja eleganssia mihin tahansa asuun.<\/li>\n<\/ul>\n<h3 data-sourcepos=\"16:1-16:17\"><strong>Muotoiluvinkkej\u00e4:<\/strong><\/h3>\n<ul data-sourcepos=\"18:1-20:0\">\n<li data-sourcepos=\"18:1-18:101\"><strong>Yhdistet\u00e4\u00e4n:<\/strong> Farkut ja saappaat rentoon lookkiin tai mekko ja korkokeng\u00e4t tyylikk\u00e4\u00e4mp\u00e4\u00e4n kokonaisuuteen.<\/li>\n<li data-sourcepos=\"19:1-20:0\"><strong>Koristele:<\/strong> Lis\u00e4\u00e4 huivi, k\u00e4sineet ja tyylik\u00e4s hattu t\u00e4ydent\u00e4m\u00e4\u00e4n ulkoasua.<\/li>\n<\/ul>\n<p data-sourcepos=\"21:1-21:140\">Jos etsit tyylik\u00e4st\u00e4 ja monik\u00e4ytt\u00f6ist\u00e4 takkia talvivaatekaappiisi, naisten pitk\u00e4 kietaisutakki on ehdottomasti harkitsemisen arvoinen.<\/p>","protected":false},"excerpt":{"rendered":"<table style=\"height: 617px;\" width=\"599\">\n<tbody>\n<tr>\n<td width=\"146\"><strong><b>Tuote<\/b><\/strong>\u00a0<strong><b>Nimi:<\/b><\/strong><\/td>\n<td width=\"601\"><strong>Naisten pitk\u00e4 kietaisutakki<\/strong><\/td>\n<\/tr>\n<tr>\n<td width=\"146\"><strong><b>Materlal:<\/b><\/strong><\/td>\n<td width=\"601\">Neulominen<\/td>\n<\/tr>\n<tr>\n<td width=\"146\"><strong><b>Tekniikka:<\/b><\/strong><\/td>\n<td width=\"601\">Kirjonta<\/td>\n<\/tr>\n<tr>\n<td width=\"146\"><strong><b>Tyyli:<\/b><\/strong><\/td>\n<td width=\"601\">Rento<\/td>\n<\/tr>\n<tr>\n<td width=\"146\"><strong><b>V\u00e4ri<\/b><\/strong><strong><b>:<\/b><\/strong><\/td>\n<td width=\"601\">\u00a0Mukautetut v\u00e4rit<\/td>\n<\/tr>\n<tr>\n<td width=\"146\"><strong><b>Koko:<\/b><\/strong><\/td>\n<td width=\"601\">S \/M \/L \/XL \/2XL<\/td>\n<\/tr>\n<tr>\n<td width=\"146\"><strong><b>OEM\/ODM:<\/b><\/strong><\/td>\n<td width=\"601\">Hyv\u00e4ksytt\u00e4v\u00e4<\/td>\n<\/tr>\n<tr>\n<td width=\"146\"><strong><b>Laatu:<\/b><\/strong><\/td>\n<td width=\"601\">100% korkea laatu<\/td>\n<\/tr>\n<tr>\n<td width=\"146\"><strong><b>M<\/b><\/strong><strong><b>OQ:<\/b><\/strong><\/td>\n<td width=\"601\">200 kpl<\/td>\n<\/tr>\n<\/tbody>\n<\/table>","protected":false},"featured_media":2042,"template":"","meta":[],"product_brand":[],"product_cat":[39],"product_tag":[],"class_list":{"0":"post-2041","1":"product","2":"type-product","3":"status-publish","4":"has-post-thumbnail","6":"product_cat-womens-clothing","8":"first","9":"instock","10":"shipping-taxable","11":"product-type-simple"},"_links":{"self":[{"href":"https:\/\/mj-clothing.com\/fi\/wp-json\/wp\/v2\/product\/2041","targetHints":{"allow":["GET"]}}],"collection":[{"href":"https:\/\/mj-clothing.com\/fi\/wp-json\/wp\/v2\/product"}],"about":[{"href":"https:\/\/mj-clothing.com\/fi\/wp-json\/wp\/v2\/types\/product"}],"wp:featuredmedia":[{"embeddable":true,"href":"https:\/\/mj-clothing.com\/fi\/wp-json\/wp\/v2\/media\/2042"}],"wp:attachment":[{"href":"https:\/\/mj-clothing.com\/fi\/wp-json\/wp\/v2\/media?parent=2041"}],"wp:term":[{"taxonomy":"product_brand","embeddable":true,"href":"https:\/\/mj-clothing.com\/fi\/wp-json\/wp\/v2\/product_brand?post=2041"},{"taxonomy":"product_cat","embeddable":true,"href":"https:\/\/mj-clothing.com\/fi\/wp-json\/wp\/v2\/product_cat?post=2041"},{"taxonomy":"product_tag","embeddable":true,"href":"https:\/\/mj-clothing.com\/fi\/wp-json\/wp\/v2\/product_tag?post=2041"}],"curies":[{"name":"wp","href":"https:\/\/api.w.org\/{rel}","templated":true}]}}