{"id":2044,"date":"2024-12-18T03:15:03","date_gmt":"2024-12-18T03:15:03","guid":{"rendered":"https:\/\/mj-clothing.com\/?post_type=product&#038;p=2044"},"modified":"2024-12-18T03:23:05","modified_gmt":"2024-12-18T03:23:05","slug":"womens-petite-long-winter-coats","status":"publish","type":"product","link":"https:\/\/mj-clothing.com\/fi\/manufacturer\/womens-petite-long-winter-coats\/","title":{"rendered":"Naisten Petite pitk\u00e4t talvitakit"},"content":{"rendered":"<p data-sourcepos=\"1:1-1:158\">Womens petite pitk\u00e4t talvitakit on suunniteltu erityisesti lyhyemmille naisille, jotta ne istuvat hyvin ja siluetti on imarteleva. T\u00e4m\u00e4 tekee niist\u00e4 erityisi\u00e4:<\/p>\n<ul data-sourcepos=\"3:1-6:0\">\n<li data-sourcepos=\"3:1-3:155\"><strong>Suhteutettu lyhyempi\u00e4 kehyksi\u00e4 varten:<\/strong> N\u00e4m\u00e4 takit on suunniteltu lyhyemm\u00e4t vartalot ja lahkeet mieless\u00e4 pit\u00e4en, jotta ne eiv\u00e4t paina liian pienikokoisia vartaloita.<\/li>\n<li data-sourcepos=\"4:1-4:144\"><strong>Ihanteellinen pituus:<\/strong> Vaikka sit\u00e4 pidet\u00e4\u00e4n edelleen \"pitk\u00e4n\u00e4\", sen pituutta on s\u00e4\u00e4detty, jotta se ei laahaa maassa tai luo liian tuuheaa ilmett\u00e4.<\/li>\n<li data-sourcepos=\"5:1-6:0\"><strong>Parannettu istuvuus:<\/strong> Lyhyemm\u00e4t hihat ja s\u00e4\u00e4detty vy\u00f6t\u00e4r\u00f6 takaavat, ett\u00e4 takki istuu mukavasti ja sopusuhtaisesti.<\/li>\n<\/ul>\n<h3 data-sourcepos=\"7:1-7:19\"><strong>Suosittuja tyylej\u00e4:<\/strong><\/h3>\n<ul data-sourcepos=\"9:1-12:0\">\n<li data-sourcepos=\"9:1-9:102\"><strong>Pienikokoiset villatakit:<\/strong> Klassinen ja ajaton, usein tyylin\u00e4 riikintakki tai kaksirivinen takki.<\/li>\n<li data-sourcepos=\"10:1-10:118\"><strong>Petite Puffer-takit:<\/strong> Ne tarjoavat erinomaista l\u00e4mp\u00f6\u00e4, ja niit\u00e4 on saatavana eri pituisia ja tyylisi\u00e4, tyylikk\u00e4ist\u00e4 rennompiin.<\/li>\n<li data-sourcepos=\"11:1-12:0\"><strong>Petite Parkas:<\/strong> Ihanteellinen kylmemp\u00e4\u00e4n ilmastoon, ja niiss\u00e4 on usein huppu, turkisverhoilu ja useita taskuja.<\/li>\n<\/ul>\n<h3 data-sourcepos=\"13:1-13:23\"><strong>Mist\u00e4 l\u00f6yt\u00e4\u00e4 naisten Petite pitk\u00e4t talvitakit:<\/strong><\/h3>\n<p data-sourcepos=\"15:1-15:54\">Monet j\u00e4lleenmyyj\u00e4t tarjoavat pienikokoisia kokovaihtoehtoja, mukaan lukien:<\/p>\n<ul data-sourcepos=\"17:1-20:0\">\n<li data-sourcepos=\"17:1-17:58\"><strong>Tavaratalot:<\/strong> Nordstrom, Macy's, Bloomingdale's.<\/li>\n<li data-sourcepos=\"18:1-18:52\"><strong>Erikoisj\u00e4lleenmyyj\u00e4t:<\/strong> Ann Taylor, Loft, Talbots<\/li>\n<li data-sourcepos=\"19:1-20:0\"><strong>Verkkokauppiaat:<\/strong> ASOS, Nordstrom Rack, Amazon<\/li>\n<\/ul>\n<h3 data-sourcepos=\"21:1-21:22\"><strong>Vinkkej\u00e4 valintaan:<\/strong><\/h3>\n<ul data-sourcepos=\"23:1-26:0\">\n<li data-sourcepos=\"23:1-23:102\"><strong>Mieti kangasta:<\/strong> Etsi l\u00e4mpimi\u00e4 ja kest\u00e4vi\u00e4 kankaita, kuten villaa, untuvaa tai synteettist\u00e4 eristett\u00e4.<\/li>\n<li data-sourcepos=\"24:1-24:106\"><strong>Tarkista pituus:<\/strong> Varmista, ett\u00e4 takki osuu jalkojesi oikeaan kohtaan, jotta se ei huku.<\/li>\n<li data-sourcepos=\"25:1-26:0\"><strong>Kokeile sit\u00e4:<\/strong> Kokeile aina petite-takkia varmistaaksesi, ett\u00e4 se istuu oikein ja imartelee vartaloasi.<\/li>\n<\/ul>\n<p data-sourcepos=\"27:1-27:121\">Valitsemalla hyvin istuvat naisten Petite-pitk\u00e4t talvitakit lyhyemm\u00e4t naiset voivat pysy\u00e4 l\u00e4mpimin\u00e4 ja tyylikk\u00e4in\u00e4 kylmempin\u00e4 kuukausina.<\/p>","protected":false},"excerpt":{"rendered":"<table style=\"height: 572px;\" width=\"534\">\n<tbody>\n<tr>\n<td width=\"146\"><strong><b>Tuote<\/b><\/strong>\u00a0<strong><b>Nimi:<\/b><\/strong><\/td>\n<td width=\"601\"><strong>Naisten Petite pitk\u00e4t talvitakit<\/strong><\/td>\n<\/tr>\n<tr>\n<td width=\"146\"><strong><b>Materlal:<\/b><\/strong><\/td>\n<td width=\"601\">Neulominen<\/td>\n<\/tr>\n<tr>\n<td width=\"146\"><strong><b>Tekniikka:<\/b><\/strong><\/td>\n<td width=\"601\">Kirjonta<\/td>\n<\/tr>\n<tr>\n<td width=\"146\"><strong><b>Tyyli:<\/b><\/strong><\/td>\n<td width=\"601\">Rento<\/td>\n<\/tr>\n<tr>\n<td width=\"146\"><strong><b>V\u00e4ri<\/b><\/strong><strong><b>:<\/b><\/strong><\/td>\n<td width=\"601\">\u00a0Mukautetut v\u00e4rit<\/td>\n<\/tr>\n<tr>\n<td width=\"146\"><strong><b>Koko:<\/b><\/strong><\/td>\n<td width=\"601\">S \/M \/L \/XL \/2XL<\/td>\n<\/tr>\n<tr>\n<td width=\"146\"><strong><b>OEM\/ODM:<\/b><\/strong><\/td>\n<td width=\"601\">Hyv\u00e4ksytt\u00e4v\u00e4<\/td>\n<\/tr>\n<tr>\n<td width=\"146\"><strong><b>Laatu:<\/b><\/strong><\/td>\n<td width=\"601\">100% korkea laatu<\/td>\n<\/tr>\n<tr>\n<td width=\"146\"><strong><b>M<\/b><\/strong><strong><b>OQ:<\/b><\/strong><\/td>\n<td width=\"601\">200 kpl<\/td>\n<\/tr>\n<\/tbody>\n<\/table>","protected":false},"featured_media":2045,"template":"","meta":[],"product_brand":[],"product_cat":[39],"product_tag":[],"class_list":{"0":"post-2044","1":"product","2":"type-product","3":"status-publish","4":"has-post-thumbnail","6":"product_cat-womens-clothing","8":"first","9":"instock","10":"shipping-taxable","11":"product-type-simple"},"_links":{"self":[{"href":"https:\/\/mj-clothing.com\/fi\/wp-json\/wp\/v2\/product\/2044","targetHints":{"allow":["GET"]}}],"collection":[{"href":"https:\/\/mj-clothing.com\/fi\/wp-json\/wp\/v2\/product"}],"about":[{"href":"https:\/\/mj-clothing.com\/fi\/wp-json\/wp\/v2\/types\/product"}],"wp:featuredmedia":[{"embeddable":true,"href":"https:\/\/mj-clothing.com\/fi\/wp-json\/wp\/v2\/media\/2045"}],"wp:attachment":[{"href":"https:\/\/mj-clothing.com\/fi\/wp-json\/wp\/v2\/media?parent=2044"}],"wp:term":[{"taxonomy":"product_brand","embeddable":true,"href":"https:\/\/mj-clothing.com\/fi\/wp-json\/wp\/v2\/product_brand?post=2044"},{"taxonomy":"product_cat","embeddable":true,"href":"https:\/\/mj-clothing.com\/fi\/wp-json\/wp\/v2\/product_cat?post=2044"},{"taxonomy":"product_tag","embeddable":true,"href":"https:\/\/mj-clothing.com\/fi\/wp-json\/wp\/v2\/product_tag?post=2044"}],"curies":[{"name":"wp","href":"https:\/\/api.w.org\/{rel}","templated":true}]}}