{"id":2066,"date":"2024-12-19T03:05:05","date_gmt":"2024-12-19T03:05:05","guid":{"rendered":"https:\/\/mj-clothing.com\/?post_type=product&#038;p=2066"},"modified":"2024-12-19T03:05:05","modified_gmt":"2024-12-19T03:05:05","slug":"spring-coats-for-ladies","status":"publish","type":"product","link":"https:\/\/mj-clothing.com\/fi\/manufacturer\/spring-coats-for-ladies\/","title":{"rendered":"Kev\u00e4\u00e4n takit naisille"},"content":{"rendered":"<p data-sourcepos=\"1:1-1:154\">Kev\u00e4ttakit naisille on kaunis vuodenaika, ja se on t\u00e4ydellinen aika p\u00e4ivitt\u00e4\u00e4 vaatekaappiasi tyylikk\u00e4ill\u00e4 kev\u00e4ttakeilla. T\u00e4ss\u00e4 on muutamia suosittuja vaihtoehtoja naisille:<\/p>\n<h3 data-sourcepos=\"3:1-3:19\"><strong>1. Kev\u00e4ttakit naisille:<\/strong><\/h3>\n<ul data-sourcepos=\"5:1-8:0\">\n<li style=\"list-style-type: none;\">\n<ul data-sourcepos=\"5:1-8:0\">\n<li data-sourcepos=\"5:1-5:94\"><strong>Klassinen ja ajaton:<\/strong> Juoksutakki on vaatekaapin peruspilari, jonka voi pukea niin ylle kuin alas.<\/li>\n<li data-sourcepos=\"6:1-6:60\"><strong>Monipuolinen:<\/strong> Se sopii t\u00e4ydellisesti sek\u00e4 sateisiin ett\u00e4 aurinkoisiin p\u00e4iviin.<\/li>\n<li data-sourcepos=\"7:1-8:0\"><strong>Tyylik\u00e4s:<\/strong> Valitse eri v\u00e4rej\u00e4 ja tyylej\u00e4 oman makusi mukaan.<\/li>\n<\/ul>\n<\/li>\n<\/ul>\n<div class=\"attachment-container search-images\">\n<div class=\"image-container hide-from-message-actions ng-star-inserted\"><strong style=\"color: #555555; font-size: 14.4px;\">2. Farkkutakki:<\/strong><\/div>\n<\/div>\n<ul data-sourcepos=\"13:1-16:0\">\n<li style=\"list-style-type: none;\">\n<ul data-sourcepos=\"13:1-16:0\">\n<li data-sourcepos=\"13:1-13:91\"><strong>Rento ja siisti:<\/strong> Farkkutakki on loistava tapa lis\u00e4t\u00e4 asuusi s\u00e4rm\u00e4\u00e4.<\/li>\n<li data-sourcepos=\"14:1-14:65\"><strong>Monipuolinen:<\/strong> Se voidaan yhdist\u00e4\u00e4 farkkujen, mekkojen tai hameiden kanssa.<\/li>\n<li data-sourcepos=\"15:1-16:0\"><strong>Mukava:<\/strong> Denim on kest\u00e4v\u00e4 ja mukava kangas.<\/li>\n<\/ul>\n<\/li>\n<\/ul>\n<div class=\"attachment-container search-images\">\n<div class=\"image-container hide-from-message-actions ng-star-inserted\">\n<div class=\"caption ellipsis gds-label-m-alt ng-star-inserted\" aria-hidden=\"true\"><strong style=\"color: #555555; font-size: 14.4px;\">3.Spring takit naisille Blazer:<\/strong><\/div>\n<\/div>\n<\/div>\n<ul data-sourcepos=\"21:1-24:0\">\n<li style=\"list-style-type: none;\">\n<ul data-sourcepos=\"21:1-24:0\">\n<li data-sourcepos=\"21:1-21:75\"><strong>Tyylik\u00e4s ja hienostunut:<\/strong> Blazer on loistava tapa kohottaa ulkon\u00e4k\u00f6\u00e4si.<\/li>\n<li data-sourcepos=\"22:1-22:80\"><strong>Monipuolinen:<\/strong> Sit\u00e4 voi k\u00e4ytt\u00e4\u00e4 t\u00f6iss\u00e4, illallisella tai rentona viikonloppuna.<\/li>\n<li data-sourcepos=\"23:1-24:0\"><strong>Tyylik\u00e4s:<\/strong> Valitse useista eri v\u00e4reist\u00e4, kuvioista ja tyyleist\u00e4.<\/li>\n<\/ul>\n<\/li>\n<\/ul>\n<div class=\"attachment-container search-images\">\n<div class=\"image-container hide-from-message-actions ng-star-inserted\">\n<div class=\"caption ellipsis gds-label-m-alt ng-star-inserted\" aria-hidden=\"true\"><strong style=\"color: #555555; font-size: 14.4px;\">4. Kev\u00e4\u00e4n takit naisille Nahkatakki:<\/strong><\/div>\n<\/div>\n<\/div>\n<ul data-sourcepos=\"29:1-32:0\">\n<li style=\"list-style-type: none;\">\n<ul data-sourcepos=\"29:1-32:0\">\n<li data-sourcepos=\"29:1-29:89\"><strong>S\u00e4rmik\u00e4s ja viile\u00e4:<\/strong> Nahkatakki on loistava tapa lis\u00e4t\u00e4 asennetta asuusi.<\/li>\n<li data-sourcepos=\"30:1-30:46\"><strong>Monipuolinen:<\/strong> Se voidaan pukea yl\u00f6s tai alas.<\/li>\n<li data-sourcepos=\"31:1-32:0\"><strong>Tyylik\u00e4s:<\/strong> Valitse useista eri v\u00e4reist\u00e4 ja tyyleist\u00e4.<\/li>\n<\/ul>\n<\/li>\n<\/ul>\n<div class=\"attachment-container search-images\">\n<div class=\"image-container hide-from-message-actions ng-star-inserted\">\n<div class=\"caption ellipsis gds-label-m-alt ng-star-inserted\" aria-hidden=\"true\"><strong style=\"color: #555555; font-size: 14.4px;\">5. Puskuritakki:<\/strong><\/div>\n<\/div>\n<\/div>\n<ul data-sourcepos=\"37:1-40:0\">\n<li style=\"list-style-type: none;\">\n<ul data-sourcepos=\"37:1-40:0\">\n<li data-sourcepos=\"37:1-37:87\"><strong>L\u00e4mmin ja kodikas:<\/strong> Puskuritakki on loistava tapa pysy\u00e4 l\u00e4mpim\u00e4n\u00e4 viilein\u00e4 kev\u00e4tp\u00e4ivin\u00e4.<\/li>\n<li data-sourcepos=\"38:1-38:66\"><strong>Monipuolinen:<\/strong> Se voidaan yhdist\u00e4\u00e4 farkkujen, leggingsien tai hameiden kanssa.<\/li>\n<li data-sourcepos=\"39:1-40:0\"><strong>Tyylik\u00e4s:<\/strong> Valitse useista eri v\u00e4reist\u00e4 ja tyyleist\u00e4.<\/li>\n<\/ul>\n<\/li>\n<\/ul>\n<div class=\"attachment-container search-images\"><\/div>\n<p data-sourcepos=\"43:1-43:46\"><strong>Vinkkej\u00e4 t\u00e4ydellisen kev\u00e4ttakin valintaan:<\/strong><\/p>\n<ul data-sourcepos=\"45:1-49:0\">\n<li data-sourcepos=\"45:1-45:184\"><strong>Ota huomioon ilmasto:<\/strong> Jos asut l\u00e4mpim\u00e4ss\u00e4 ilmastossa, kannattaa valita kevyempi takki. Jos asut kylmemm\u00e4ss\u00e4 ilmastossa, kannattaa valita raskaampi takki.<\/li>\n<li data-sourcepos=\"46:1-46:188\"><strong>Ajattele el\u00e4m\u00e4ntyyli\u00e4si:<\/strong> Jos olet aktiivinen, kannattaa valita takki, jossa on helppo liikkua. Jos ty\u00f6skentelet ammatillisessa ymp\u00e4rist\u00f6ss\u00e4, voit valita muodollisemman takin.<\/li>\n<li data-sourcepos=\"47:1-47:87\"><strong>Valitse v\u00e4ri, josta pid\u00e4t:<\/strong> K\u00e4yt\u00e4t todenn\u00e4k\u00f6isemmin takkia, jota rakastat.<\/li>\n<li data-sourcepos=\"48:1-49:0\"><strong>Huomioi istuvuus:<\/strong> Hyvin istuva takki n\u00e4ytt\u00e4\u00e4 ja tuntuu hyv\u00e4lt\u00e4.<\/li>\n<\/ul>\n<p data-sourcepos=\"50:1-50:202\">Olipa tyylisi mik\u00e4 tahansa, sinulle l\u00f6ytyy t\u00e4ydellinen kev\u00e4ttakki. Valittavanasi on niin paljon upeita vaihtoehtoja, ett\u00e4 l\u00f6yd\u00e4t varmasti t\u00e4ydellisen takin, joka pit\u00e4\u00e4 sinut l\u00e4mpim\u00e4n\u00e4 ja tyylikk\u00e4\u00e4n\u00e4 koko kauden ajan.<\/p>","protected":false},"excerpt":{"rendered":"<table style=\"height: 611px;\" width=\"429\">\n<tbody>\n<tr>\n<td width=\"146\"><strong><b>Tuote<\/b><\/strong>\u00a0<strong><b>Nimi:<\/b><\/strong><\/td>\n<td width=\"601\"><strong>Kev\u00e4\u00e4n takit naisille<\/strong><\/td>\n<\/tr>\n<tr>\n<td width=\"146\"><strong><b>Materlal:<\/b><\/strong><\/td>\n<td width=\"601\">Neulominen<\/td>\n<\/tr>\n<tr>\n<td width=\"146\"><strong><b>Tekniikka:<\/b><\/strong><\/td>\n<td width=\"601\">Kirjonta<\/td>\n<\/tr>\n<tr>\n<td width=\"146\"><strong><b>Tyyli:<\/b><\/strong><\/td>\n<td width=\"601\">Rento<\/td>\n<\/tr>\n<tr>\n<td width=\"146\"><strong><b>V\u00e4ri<\/b><\/strong><strong><b>:<\/b><\/strong><\/td>\n<td width=\"601\">\u00a0Mukautetut v\u00e4rit<\/td>\n<\/tr>\n<tr>\n<td width=\"146\"><strong><b>Koko:<\/b><\/strong><\/td>\n<td width=\"601\">S \/M \/L \/XL \/2XL<\/td>\n<\/tr>\n<tr>\n<td width=\"146\"><strong><b>OEM\/ODM:<\/b><\/strong><\/td>\n<td width=\"601\">Hyv\u00e4ksytt\u00e4v\u00e4<\/td>\n<\/tr>\n<tr>\n<td width=\"146\"><strong><b>Laatu:<\/b><\/strong><\/td>\n<td width=\"601\">100% korkea laatu<\/td>\n<\/tr>\n<tr>\n<td width=\"146\"><strong><b>M<\/b><\/strong><strong><b>OQ:<\/b><\/strong><\/td>\n<td width=\"601\">200 kpl<\/td>\n<\/tr>\n<\/tbody>\n<\/table>","protected":false},"featured_media":2075,"template":"","meta":[],"product_brand":[],"product_cat":[39],"product_tag":[],"class_list":{"0":"post-2066","1":"product","2":"type-product","3":"status-publish","4":"has-post-thumbnail","6":"product_cat-womens-clothing","8":"first","9":"instock","10":"shipping-taxable","11":"product-type-simple"},"_links":{"self":[{"href":"https:\/\/mj-clothing.com\/fi\/wp-json\/wp\/v2\/product\/2066","targetHints":{"allow":["GET"]}}],"collection":[{"href":"https:\/\/mj-clothing.com\/fi\/wp-json\/wp\/v2\/product"}],"about":[{"href":"https:\/\/mj-clothing.com\/fi\/wp-json\/wp\/v2\/types\/product"}],"wp:featuredmedia":[{"embeddable":true,"href":"https:\/\/mj-clothing.com\/fi\/wp-json\/wp\/v2\/media\/2075"}],"wp:attachment":[{"href":"https:\/\/mj-clothing.com\/fi\/wp-json\/wp\/v2\/media?parent=2066"}],"wp:term":[{"taxonomy":"product_brand","embeddable":true,"href":"https:\/\/mj-clothing.com\/fi\/wp-json\/wp\/v2\/product_brand?post=2066"},{"taxonomy":"product_cat","embeddable":true,"href":"https:\/\/mj-clothing.com\/fi\/wp-json\/wp\/v2\/product_cat?post=2066"},{"taxonomy":"product_tag","embeddable":true,"href":"https:\/\/mj-clothing.com\/fi\/wp-json\/wp\/v2\/product_tag?post=2066"}],"curies":[{"name":"wp","href":"https:\/\/api.w.org\/{rel}","templated":true}]}}