{"id":2076,"date":"2024-12-19T03:26:08","date_gmt":"2024-12-19T03:26:08","guid":{"rendered":"https:\/\/mj-clothing.com\/?post_type=product&#038;p=2076"},"modified":"2024-12-19T03:33:03","modified_gmt":"2024-12-19T03:33:03","slug":"spring-trench-coats-for-ladies","status":"publish","type":"product","link":"https:\/\/mj-clothing.com\/fi\/manufacturer\/spring-trench-coats-for-ladies\/","title":{"rendered":"Kev\u00e4\u00e4n trenssitakit naisille"},"content":{"rendered":"<p data-sourcepos=\"1:1-1:134\">Naisten kev\u00e4\u00e4n trenssitakit ovat klassinen vaatekaapin perusosa, jonka voi pukea yl\u00f6s tai alas. T\u00e4ss\u00e4 on muutamia suosittuja tyylej\u00e4, joita kannattaa harkita:<\/p>\n<h3 data-sourcepos=\"3:1-3:27\"><strong>1. Klassinen trenssitakki:<\/strong><\/h3>\n<ul data-sourcepos=\"5:1-8:0\">\n<li style=\"list-style-type: none;\">\n<ul data-sourcepos=\"5:1-8:0\">\n<li data-sourcepos=\"5:1-5:116\"><strong>Ajaton ja tyylik\u00e4s:<\/strong> Klassinen trenssitakki on monipuolinen kappale, jota voi k\u00e4ytt\u00e4\u00e4 monenlaisten asujen kanssa.<\/li>\n<li data-sourcepos=\"6:1-6:101\"><strong>Monipuolinen:<\/strong> Sen voi pukea hameen ja korkokenkien kanssa tai farkkujen ja lenkkareiden kanssa.<\/li>\n<li data-sourcepos=\"7:1-8:0\"><strong>Toiminnallinen:<\/strong> Se sopii t\u00e4ydellisesti sateisiin ja tuulisiin p\u00e4iviin, sill\u00e4 sen vedenkest\u00e4v\u00e4 kangas ja vy\u00f6 pit\u00e4v\u00e4t tuulen poissa.<\/li>\n<\/ul>\n<\/li>\n<\/ul>\n<div class=\"attachment-container search-images\"><strong style=\"color: #555555; font-size: 14.4px;\">2. Vy\u00f6ll\u00e4 varustettu trenssitakki:<\/strong><\/div>\n<ul data-sourcepos=\"13:1-16:0\">\n<li style=\"list-style-type: none;\">\n<ul data-sourcepos=\"13:1-16:0\">\n<li data-sourcepos=\"13:1-13:86\"><strong>Vartaloa imarteleva:<\/strong> Vy\u00f6 kirist\u00e4\u00e4 vy\u00f6t\u00e4r\u00f6n ja luo imartelevan siluetin.<\/li>\n<li data-sourcepos=\"14:1-14:79\"><strong>Tyylik\u00e4s:<\/strong> Se on loistava tapa lis\u00e4t\u00e4 hienostuneisuutta mihin tahansa asuun.<\/li>\n<li data-sourcepos=\"15:1-16:0\"><strong>K\u00e4yt\u00e4nn\u00f6llinen:<\/strong> Vy\u00f6t\u00e4 voidaan kirist\u00e4\u00e4 tai l\u00f6ys\u00e4t\u00e4 istuvuuden s\u00e4\u00e4t\u00e4miseksi.<\/li>\n<\/ul>\n<\/li>\n<\/ul>\n<div class=\"attachment-container search-images\">\n<div class=\"image-container hide-from-message-actions ng-star-inserted\">\n<h3 class=\"caption ellipsis gds-label-m-alt ng-star-inserted\" aria-hidden=\"true\"><strong style=\"color: #555555; font-size: 14.4px;\">3. Kevyt trenssitakki:<\/strong><\/h3>\n<\/div>\n<\/div>\n<ul data-sourcepos=\"21:1-24:0\">\n<li style=\"list-style-type: none;\">\n<ul data-sourcepos=\"21:1-24:0\">\n<li data-sourcepos=\"21:1-21:108\"><strong>T\u00e4ydellinen l\u00e4mpim\u00e4mp\u00e4\u00e4n s\u00e4\u00e4h\u00e4n:<\/strong> Kevyt trenssitakki on ihanteellinen kev\u00e4tp\u00e4ivin\u00e4, jolloin ei ole liian kylm\u00e4.<\/li>\n<li data-sourcepos=\"22:1-22:73\"><strong>Monipuolinen:<\/strong> Se voidaan pukea tilaisuuden mukaan.<\/li>\n<li data-sourcepos=\"23:1-24:0\"><strong>Mukava:<\/strong> Kevyen kankaan ansiosta siin\u00e4 on helppo liikkua.<\/li>\n<\/ul>\n<\/li>\n<\/ul>\n<div class=\"attachment-container search-images\">\n<div class=\"image-container hide-from-message-actions ng-star-inserted\">\n<h3 class=\"caption ellipsis gds-label-m-alt ng-star-inserted\" aria-hidden=\"true\"><strong style=\"color: #555555; font-size: 14.4px;\">4. V\u00e4rillinen trenssitakki:<\/strong><\/h3>\n<\/div>\n<\/div>\n<ul data-sourcepos=\"29:1-32:0\">\n<li style=\"list-style-type: none;\">\n<ul data-sourcepos=\"29:1-32:0\">\n<li data-sourcepos=\"29:1-29:102\"><strong>Trendik\u00e4s ja tyylik\u00e4s:<\/strong> V\u00e4rillinen trenssitakki on loistava tapa lis\u00e4t\u00e4 vaatekaappiisi v\u00e4ri\u00e4.<\/li>\n<li data-sourcepos=\"30:1-30:77\"><strong>Monipuolinen:<\/strong> Se voidaan yhdist\u00e4\u00e4 neutraalien v\u00e4rien tai muiden kirkkaiden v\u00e4rien kanssa.<\/li>\n<li data-sourcepos=\"31:1-32:0\"><strong>Silmiinpist\u00e4v\u00e4:<\/strong> Se k\u00e4\u00e4nt\u00e4\u00e4 varmasti katseet.<\/li>\n<\/ul>\n<\/li>\n<\/ul>\n<div class=\"attachment-container search-images\">\n<div class=\"image-container hide-from-message-actions ng-star-inserted\">\n<h3 class=\"caption ellipsis gds-label-m-alt ng-star-inserted\" aria-hidden=\"true\"><strong style=\"color: #555555; font-size: 14.4px;\">Vinkkej\u00e4 t\u00e4ydellisen kev\u00e4\u00e4n trenssitakin valitsemiseen naisille:<\/strong><\/h3>\n<\/div>\n<\/div>\n<ul data-sourcepos=\"37:1-41:0\">\n<li data-sourcepos=\"37:1-37:102\"><strong>Huomioi kangas:<\/strong> Etsi kevytt\u00e4, vedenkest\u00e4v\u00e4\u00e4 kangasta, jota on mukava k\u00e4ytt\u00e4\u00e4.<\/li>\n<li data-sourcepos=\"38:1-38:87\"><strong>Valitse oikea istuvuus:<\/strong> Takin on istuttava hyvin, eik\u00e4 sen saa olla liian tiukka tai liian l\u00f6ys\u00e4.<\/li>\n<li data-sourcepos=\"39:1-39:109\"><strong>Valitse oikea pituus:<\/strong> Takin pituuden on oltava sopiva pituuteesi ja tilaisuuteen n\u00e4hden.<\/li>\n<li data-sourcepos=\"40:1-41:0\"><strong>Koristele:<\/strong> Lis\u00e4\u00e4 huivi, vy\u00f6 tai hattu yksil\u00f6llisen ilmeen muokkaamiseksi.<\/li>\n<\/ul>\n<p data-sourcepos=\"42:1-42:134\">Kun tarjolla on niin monia eri tyylej\u00e4 ja v\u00e4rej\u00e4, kev\u00e4\u00e4n trenssitakit naisille l\u00f6yd\u00e4t varmasti t\u00e4ydellisen kev\u00e4\u00e4n trenssitakin t\u00e4ydent\u00e4m\u00e4\u00e4n vaatekaappiasi.<\/p>","protected":false},"excerpt":{"rendered":"<table style=\"height: 631px;\" width=\"523\">\n<tbody>\n<tr>\n<td width=\"146\"><strong><b>Tuote<\/b><\/strong>\u00a0<strong><b>Nimi:<\/b><\/strong><\/td>\n<td width=\"601\"><strong>Kev\u00e4\u00e4n trenssitakit naisille<\/strong><\/td>\n<\/tr>\n<tr>\n<td width=\"146\"><strong><b>Materlal:<\/b><\/strong><\/td>\n<td width=\"601\">Neulominen<\/td>\n<\/tr>\n<tr>\n<td width=\"146\"><strong><b>Tekniikka:<\/b><\/strong><\/td>\n<td width=\"601\">Kirjonta<\/td>\n<\/tr>\n<tr>\n<td width=\"146\"><strong><b>Tyyli:<\/b><\/strong><\/td>\n<td width=\"601\">Rento<\/td>\n<\/tr>\n<tr>\n<td width=\"146\"><strong><b>V\u00e4ri<\/b><\/strong><strong><b>:<\/b><\/strong><\/td>\n<td width=\"601\">\u00a0Mukautetut v\u00e4rit<\/td>\n<\/tr>\n<tr>\n<td width=\"146\"><strong><b>Koko:<\/b><\/strong><\/td>\n<td width=\"601\">S \/M \/L \/XL \/2XL<\/td>\n<\/tr>\n<tr>\n<td width=\"146\"><strong><b>OEM\/ODM:<\/b><\/strong><\/td>\n<td width=\"601\">Hyv\u00e4ksytt\u00e4v\u00e4<\/td>\n<\/tr>\n<tr>\n<td width=\"146\"><strong><b>Laatu:<\/b><\/strong><\/td>\n<td width=\"601\">100% korkea laatu<\/td>\n<\/tr>\n<tr>\n<td width=\"146\"><strong><b>M<\/b><\/strong><strong><b>OQ:<\/b><\/strong><\/td>\n<td width=\"601\">200 kpl<\/td>\n<\/tr>\n<\/tbody>\n<\/table>","protected":false},"featured_media":2077,"template":"","meta":[],"product_brand":[],"product_cat":[39],"product_tag":[],"class_list":{"0":"post-2076","1":"product","2":"type-product","3":"status-publish","4":"has-post-thumbnail","6":"product_cat-womens-clothing","8":"first","9":"instock","10":"shipping-taxable","11":"product-type-simple"},"_links":{"self":[{"href":"https:\/\/mj-clothing.com\/fi\/wp-json\/wp\/v2\/product\/2076","targetHints":{"allow":["GET"]}}],"collection":[{"href":"https:\/\/mj-clothing.com\/fi\/wp-json\/wp\/v2\/product"}],"about":[{"href":"https:\/\/mj-clothing.com\/fi\/wp-json\/wp\/v2\/types\/product"}],"wp:featuredmedia":[{"embeddable":true,"href":"https:\/\/mj-clothing.com\/fi\/wp-json\/wp\/v2\/media\/2077"}],"wp:attachment":[{"href":"https:\/\/mj-clothing.com\/fi\/wp-json\/wp\/v2\/media?parent=2076"}],"wp:term":[{"taxonomy":"product_brand","embeddable":true,"href":"https:\/\/mj-clothing.com\/fi\/wp-json\/wp\/v2\/product_brand?post=2076"},{"taxonomy":"product_cat","embeddable":true,"href":"https:\/\/mj-clothing.com\/fi\/wp-json\/wp\/v2\/product_cat?post=2076"},{"taxonomy":"product_tag","embeddable":true,"href":"https:\/\/mj-clothing.com\/fi\/wp-json\/wp\/v2\/product_tag?post=2076"}],"curies":[{"name":"wp","href":"https:\/\/api.w.org\/{rel}","templated":true}]}}