{"id":2078,"date":"2024-12-19T03:32:27","date_gmt":"2024-12-19T03:32:27","guid":{"rendered":"https:\/\/mj-clothing.com\/?post_type=product&#038;p=2078"},"modified":"2024-12-19T03:32:27","modified_gmt":"2024-12-19T03:32:27","slug":"womens-winter-coats","status":"publish","type":"product","link":"https:\/\/mj-clothing.com\/fi\/manufacturer\/womens-winter-coats\/","title":{"rendered":"Naisten talvitakit"},"content":{"rendered":"<p data-sourcepos=\"1:1-1:131\">Naisten talvitakit ovat v\u00e4ltt\u00e4m\u00e4tt\u00f6mi\u00e4, jotta pysyt l\u00e4mpim\u00e4n\u00e4 ja tyylikk\u00e4\u00e4n\u00e4 kylmempin\u00e4 kuukausina. T\u00e4ss\u00e4 on muutamia suosittuja tyylej\u00e4, joita kannattaa harkita:<\/p>\n<h3 data-sourcepos=\"3:1-3:19\"><strong>1. Naisten talvitakit:<\/strong><\/h3>\n<ul data-sourcepos=\"5:1-8:0\">\n<li style=\"list-style-type: none;\">\n<ul data-sourcepos=\"5:1-8:0\">\n<li data-sourcepos=\"5:1-5:113\"><strong>L\u00e4mmin ja kodikas:<\/strong> Puskuritakit ovat tunnettuja erinomaisesta erist\u00e4vyydest\u00e4\u00e4n, joten ne sopivat erinomaisesti kylm\u00e4\u00e4n s\u00e4\u00e4h\u00e4n.<\/li>\n<li data-sourcepos=\"6:1-6:96\"><strong>Monipuolinen:<\/strong> Niit\u00e4 on saatavana eri pituisia, tyylisi\u00e4 ja v\u00e4risi\u00e4, jotta ne sopivat erilaisiin mieltymyksiin.<\/li>\n<li data-sourcepos=\"7:1-8:0\"><strong>Toiminnallinen:<\/strong> Monissa puskuritakeissa on huppu, taskut ja muita k\u00e4yt\u00e4nn\u00f6llisi\u00e4 yksityiskohtia.<\/li>\n<\/ul>\n<\/li>\n<\/ul>\n<div class=\"attachment-container search-images\"><\/div>\n<h3 data-sourcepos=\"11:1-11:17\"><strong>2. Villa naisten talvitakit:<\/strong><\/h3>\n<ul data-sourcepos=\"13:1-16:0\">\n<li style=\"list-style-type: none;\">\n<ul data-sourcepos=\"13:1-16:0\">\n<li data-sourcepos=\"13:1-13:85\"><strong>Tyylik\u00e4s ja ajaton:<\/strong> Villatakit ovat klassinen valinta hienostuneeseen lookkiin.<\/li>\n<li data-sourcepos=\"14:1-14:95\"><strong>L\u00e4mmin ja kest\u00e4v\u00e4:<\/strong> Villa on luonnollinen eriste, joka kest\u00e4\u00e4 kovia talviolosuhteita.<\/li>\n<li data-sourcepos=\"15:1-16:0\"><strong>Monipuolinen:<\/strong> Villatakit voidaan pukea tilaisuudesta riippuen joko ylle tai alas.<\/li>\n<\/ul>\n<\/li>\n<\/ul>\n<div class=\"attachment-container search-images\">\n<div class=\"image-container hide-from-message-actions ng-star-inserted\">\n<h3 class=\"caption ellipsis gds-label-m-alt ng-star-inserted\" aria-hidden=\"true\"><strong style=\"color: #555555; font-size: 14.4px;\">3. Parka-takki:<\/strong><\/h3>\n<\/div>\n<\/div>\n<ul data-sourcepos=\"21:1-24:0\">\n<li style=\"list-style-type: none;\">\n<ul data-sourcepos=\"21:1-24:0\">\n<li data-sourcepos=\"21:1-21:88\"><strong>L\u00e4mmin ja suojaava:<\/strong> Parkat on suunniteltu pit\u00e4m\u00e4\u00e4n sinut l\u00e4mpim\u00e4n\u00e4 \u00e4\u00e4rimm\u00e4isen kylm\u00e4ll\u00e4 s\u00e4\u00e4ll\u00e4.<\/li>\n<li data-sourcepos=\"22:1-22:75\"><strong>Toiminnallinen:<\/strong> Niiss\u00e4 on usein huppu, turkisverhoilu ja useita taskuja.<\/li>\n<li data-sourcepos=\"23:1-24:0\"><strong>Tyylik\u00e4s:<\/strong> Parkat voivat olla tyylikk\u00e4it\u00e4 ja muodikkaita, erityisesti nykyaikaisilla malleilla ja v\u00e4reill\u00e4.<\/li>\n<\/ul>\n<\/li>\n<\/ul>\n<div class=\"attachment-container search-images\">\n<div class=\"image-container hide-from-message-actions ng-star-inserted\">\n<h3 class=\"caption ellipsis gds-label-m-alt ng-star-inserted\" aria-hidden=\"true\"><strong style=\"color: #555555; font-size: 14.4px;\">4. Peacoat Naisten talvitakit:<\/strong><\/h3>\n<\/div>\n<\/div>\n<ul data-sourcepos=\"29:1-32:0\">\n<li style=\"list-style-type: none;\">\n<ul data-sourcepos=\"29:1-32:0\">\n<li data-sourcepos=\"29:1-29:83\"><strong>Klassinen ja merellinen:<\/strong> Peacot ovat ajaton tyyli, jolla on merenkulun perint\u00f6\u00e4.<\/li>\n<li data-sourcepos=\"30:1-30:102\"><strong>L\u00e4mmin ja tyylik\u00e4s:<\/strong> Ne on valmistettu paksusta, l\u00e4mpim\u00e4st\u00e4 villasta, ja niiss\u00e4 on usein kaksirivinen etuosa.<\/li>\n<li data-sourcepos=\"31:1-32:0\"><strong>Monipuolinen:<\/strong> Peacoat voidaan pukea tilaisuudesta riippuen joko ylle tai alas.<\/li>\n<\/ul>\n<\/li>\n<\/ul>\n<div class=\"attachment-container search-images\">\n<div class=\"image-container hide-from-message-actions ng-star-inserted\">\n<div class=\"caption ellipsis gds-label-m-alt ng-star-inserted\" aria-hidden=\"true\"><strong style=\"color: #555555; font-size: 14.4px;\">5. Nahkatakki:<\/strong><\/div>\n<\/div>\n<\/div>\n<ul data-sourcepos=\"37:1-40:0\">\n<li style=\"list-style-type: none;\">\n<ul data-sourcepos=\"37:1-40:0\">\n<li data-sourcepos=\"37:1-37:72\"><strong>S\u00e4rmik\u00e4s ja tyylik\u00e4s:<\/strong> Nahkatakit tuovat s\u00e4rm\u00e4\u00e4 kaikkiin asuihin.<\/li>\n<li data-sourcepos=\"38:1-38:87\"><strong>Kest\u00e4v\u00e4 ja ajaton:<\/strong> Nahka on kest\u00e4v\u00e4 materiaali, joka voi kest\u00e4\u00e4 useita vuosia.<\/li>\n<li data-sourcepos=\"39:1-40:0\"><strong>Monipuolinen:<\/strong> Nahkatakit voidaan pukea tyylist\u00e4 ja tilaisuudesta riippuen.<\/li>\n<\/ul>\n<\/li>\n<\/ul>\n<div class=\"attachment-container search-images\">\n<div class=\"image-container hide-from-message-actions ng-star-inserted\">\n<div class=\"caption ellipsis gds-label-m-alt ng-star-inserted\" aria-hidden=\"true\"><strong style=\"color: #555555; font-size: 14.4px;\">Vinkkej\u00e4 naisten talvitakkien valintaan:<\/strong><\/div>\n<\/div>\n<\/div>\n<ul data-sourcepos=\"45:1-50:0\">\n<li data-sourcepos=\"45:1-45:91\"><strong>Ota huomioon ilmasto:<\/strong> Valitse takki, joka sopii ilmastoon, jossa asut.<\/li>\n<li data-sourcepos=\"46:1-46:117\"><strong>Ajattele el\u00e4m\u00e4ntyyli\u00e4si:<\/strong> Mieti p\u00e4ivitt\u00e4isi\u00e4 toimintojasi ja valitse takki, joka on k\u00e4yt\u00e4nn\u00f6llinen ja mukava.<\/li>\n<li data-sourcepos=\"47:1-47:91\"><strong>Kiinnit\u00e4 huomiota istuvuuteen:<\/strong> Takin on istuttava hyvin, eik\u00e4 sen saa olla liian tiukka tai liian l\u00f6ys\u00e4.<\/li>\n<li data-sourcepos=\"48:1-48:98\"><strong>Valitse tyyli, joka sopii persoonallisuuteesi:<\/strong> Valitse takki, joka kuvastaa henkil\u00f6kohtaista tyyli\u00e4si.<\/li>\n<li data-sourcepos=\"49:1-50:0\"><strong>Huomioi materiaalit:<\/strong> Etsi korkealaatuisia materiaaleja, jotka pit\u00e4v\u00e4t sinut l\u00e4mpim\u00e4n\u00e4 ja kuivana.<\/li>\n<\/ul>\n<p data-sourcepos=\"51:1-51:149\">Valittavanasi on niin monia eri tyylej\u00e4 ja materiaaleja, ett\u00e4 l\u00f6yd\u00e4t varmasti t\u00e4ydellisen talvitakin, joka pit\u00e4\u00e4 sinut l\u00e4mpim\u00e4n\u00e4 ja tyylikk\u00e4\u00e4n\u00e4 koko kauden ajan.<\/p>","protected":false},"excerpt":{"rendered":"<table style=\"height: 500px;\" width=\"479\">\n<tbody>\n<tr>\n<td width=\"146\"><strong><b>Tuote<\/b><\/strong>\u00a0<strong><b>Nimi:<\/b><\/strong><\/td>\n<td width=\"601\"><strong>Naisten talvitakit<\/strong><\/td>\n<\/tr>\n<tr>\n<td width=\"146\"><strong><b>Materlal:<\/b><\/strong><\/td>\n<td width=\"601\">Neulominen<\/td>\n<\/tr>\n<tr>\n<td width=\"146\"><strong><b>Tekniikka:<\/b><\/strong><\/td>\n<td width=\"601\">Kirjonta<\/td>\n<\/tr>\n<tr>\n<td width=\"146\"><strong><b>Tyyli:<\/b><\/strong><\/td>\n<td width=\"601\">Rento<\/td>\n<\/tr>\n<tr>\n<td width=\"146\"><strong><b>V\u00e4ri<\/b><\/strong><strong><b>:<\/b><\/strong><\/td>\n<td width=\"601\">\u00a0Mukautetut v\u00e4rit<\/td>\n<\/tr>\n<tr>\n<td width=\"146\"><strong><b>Koko:<\/b><\/strong><\/td>\n<td width=\"601\">S \/M \/L \/XL \/2XL<\/td>\n<\/tr>\n<tr>\n<td width=\"146\"><strong><b>OEM\/ODM:<\/b><\/strong><\/td>\n<td width=\"601\">Hyv\u00e4ksytt\u00e4v\u00e4<\/td>\n<\/tr>\n<tr>\n<td width=\"146\"><strong><b>Laatu:<\/b><\/strong><\/td>\n<td width=\"601\">100% korkea laatu<\/td>\n<\/tr>\n<tr>\n<td width=\"146\"><strong><b>M<\/b><\/strong><strong><b>OQ:<\/b><\/strong><\/td>\n<td width=\"601\">200 kpl<\/td>\n<\/tr>\n<\/tbody>\n<\/table>","protected":false},"featured_media":2079,"template":"","meta":[],"product_brand":[],"product_cat":[39],"product_tag":[],"class_list":{"0":"post-2078","1":"product","2":"type-product","3":"status-publish","4":"has-post-thumbnail","6":"product_cat-womens-clothing","8":"first","9":"instock","10":"shipping-taxable","11":"product-type-simple"},"_links":{"self":[{"href":"https:\/\/mj-clothing.com\/fi\/wp-json\/wp\/v2\/product\/2078","targetHints":{"allow":["GET"]}}],"collection":[{"href":"https:\/\/mj-clothing.com\/fi\/wp-json\/wp\/v2\/product"}],"about":[{"href":"https:\/\/mj-clothing.com\/fi\/wp-json\/wp\/v2\/types\/product"}],"wp:featuredmedia":[{"embeddable":true,"href":"https:\/\/mj-clothing.com\/fi\/wp-json\/wp\/v2\/media\/2079"}],"wp:attachment":[{"href":"https:\/\/mj-clothing.com\/fi\/wp-json\/wp\/v2\/media?parent=2078"}],"wp:term":[{"taxonomy":"product_brand","embeddable":true,"href":"https:\/\/mj-clothing.com\/fi\/wp-json\/wp\/v2\/product_brand?post=2078"},{"taxonomy":"product_cat","embeddable":true,"href":"https:\/\/mj-clothing.com\/fi\/wp-json\/wp\/v2\/product_cat?post=2078"},{"taxonomy":"product_tag","embeddable":true,"href":"https:\/\/mj-clothing.com\/fi\/wp-json\/wp\/v2\/product_tag?post=2078"}],"curies":[{"name":"wp","href":"https:\/\/api.w.org\/{rel}","templated":true}]}}