{"id":1639,"date":"2024-12-12T03:09:51","date_gmt":"2024-12-12T03:09:51","guid":{"rendered":"https:\/\/mj-clothing.com\/?post_type=product&#038;p=1639"},"modified":"2024-12-17T07:21:12","modified_gmt":"2024-12-17T07:21:12","slug":"luxury-mens-white-shirt","status":"publish","type":"product","link":"https:\/\/mj-clothing.com\/fr\/manufacturer\/luxury-mens-white-shirt\/","title":{"rendered":"Chemise blanche de luxe pour homme"},"content":{"rendered":"<h2>Chemise blanche de luxe pour homme<\/h2>\n<p><span class=\"citation-0 recitation citation-end-0\">Une chemise blanche de luxe pour homme est un classique intemporel qui peut rehausser n'importe quelle garde-robe.<\/span>Voici quelques facteurs cl\u00e9s \u00e0 prendre en compte lors du choix d'une chemise blanche de luxe :<\/p>\n<div id=\"model-response-message-contentr_5dd7d1f0a90fdd28\" class=\"markdown markdown-main-panel response-optimization\" dir=\"ltr\">\n<p data-sourcepos=\"3:1-3:11\"><strong>Tissu :<\/strong><\/p>\n<ul data-sourcepos=\"5:1-12:0\">\n<li data-sourcepos=\"5:1-7:29\"><strong><span class=\"citation-1 recitation\">Coton fin :<\/span><\/strong><span class=\"citation-1 recitation citation-end-1\"> Le coton de haute qualit\u00e9, comme le coton \u00e9gyptien ou le coton Pima, offre une douceur, une respirabilit\u00e9 et une durabilit\u00e9 exceptionnelles.<\/span><\/li>\n<li data-sourcepos=\"5:1-7:29\"><strong><span class=\"citation-2 recitation\">Coton de l'\u00eele de mer :<\/span><\/strong><span class=\"citation-2 recitation citation-end-2\"> Connu pour ses fibres extra-longues, le coton Sea Island est l'un des tissus les plus luxueux qui soient.<\/span> Il est incroyablement doux, lisse et lustr\u00e9.<span class=\"button-container hide-from-message-actions ng-star-inserted\">\u00a0<\/span>\n<div class=\"container ng-tns-c3661983433-95 hide\">\n<div class=\"carousel-container ng-tns-c3661983433-95\"><\/div>\n<\/div>\n<div class=\"attachment-container search-images\"><\/div>\n<\/li>\n<li data-sourcepos=\"5:1-7:29\"><strong><span class=\"citation-3 recitation\">Lin :<\/span><\/strong><span class=\"citation-3 recitation citation-end-3\"> Un tissu naturel et respirant, parfait pour les temps chauds.<\/span>Il pr\u00e9sente souvent un aspect l\u00e9g\u00e8rement textur\u00e9 et une impression de d\u00e9tente et d'\u00e9l\u00e9gance.<span class=\"button-container hide-from-message-actions ng-star-inserted\" style=\"font-size: 14.4px;\">\u00a0\u00a0<\/span>\n<div class=\"container ng-tns-c3661983433-95 hide\">\n<div class=\"carousel-container ng-tns-c3661983433-95\"><\/div>\n<\/div>\n<div class=\"attachment-container search-images\"><\/div>\n<\/li>\n<\/ul>\n<p data-sourcepos=\"13:1-13:17\"><strong>Construction :<\/strong><\/p>\n<ul data-sourcepos=\"15:1-18:0\">\n<li data-sourcepos=\"15:1-15:160\"><strong>Tailleur :<\/strong> La chemise doit \u00eatre bien taill\u00e9e, avec des coutures pr\u00e9cises et des finitions nettes. Faites attention aux d\u00e9tails tels que le col, les poignets et les boutonni\u00e8res.<\/li>\n<li data-sourcepos=\"16:1-16:110\"><strong>En forme :<\/strong> La coupe est essentielle pour un look luxueux. Une chemise bien ajust\u00e9e doit se draper doucement et confortablement.<\/li>\n<li data-sourcepos=\"17:1-18:0\"><strong>Style de col :<\/strong> Choisissez un style de collier adapt\u00e9 \u00e0 la forme de votre visage et \u00e0 vos pr\u00e9f\u00e9rences personnelles. <span class=\"citation-4 recitation citation-end-4\">Les options les plus courantes sont le col classique, le col boutonn\u00e9 et le col coup\u00e9.<\/span><span class=\"button-container hide-from-message-actions ng-star-inserted\"> \u00a0<\/span>\n<div class=\"container ng-tns-c3661983433-96 hide\">\n<div class=\"carousel-container ng-tns-c3661983433-96\">\n<div class=\"carousel-content ng-tns-c3661983433-96\">\n<div class=\"sources-carousel-source ng-tns-c3661983433-96 hide ng-star-inserted\" data-test-id=\"sources-carousel-source\"><\/div>\n<\/div>\n<\/div>\n<\/div>\n<\/li>\n<\/ul>\n<p data-sourcepos=\"19:1-19:11\"><strong>Conception :<\/strong><\/p>\n<ul data-sourcepos=\"21:1-23:0\">\n<li data-sourcepos=\"21:1-21:168\"><strong>\u00c9l\u00e9gance minimaliste :<\/strong> Un design simple et \u00e9pur\u00e9 est souvent le plus luxueux. Optez pour une chemise aux d\u00e9tails subtils comme des boutons en nacre ou un monogramme d\u00e9licat.<\/li>\n<li data-sourcepos=\"22:1-23:0\"><strong>Motifs subtils :<\/strong> Si vous pr\u00e9f\u00e9rez une touche de motif, optez pour une rayure subtile ou un petit carreau.<\/li>\n<\/ul>\n<p data-sourcepos=\"24:1-24:11\"><strong>Marques :<\/strong><\/p>\n<\/div>\n<div class=\"skeleton-loader-container\">\n<p data-sourcepos=\"26:1-26:70\">Plusieurs marques de luxe sont r\u00e9put\u00e9es pour leurs chemises blanches de luxe pour hommes :<\/p>\n<ul data-sourcepos=\"28:1-36:0\">\n<li data-sourcepos=\"28:1-29:43\"><strong>Turnbull &amp; Asser :<\/strong> <span class=\"citation-5 recitation citation-end-5\">R\u00e9put\u00e9s pour leur confection sur mesure et leurs tissus luxueux.<\/span><\/li>\n<li data-sourcepos=\"28:1-29:43\"><strong><span class=\"citation-6 recitation\">Charvet :<\/span><\/strong><span class=\"citation-6 recitation citation-end-6\"> Un fabricant de chemises fran\u00e7ais historique offrant un savoir-faire exquis et des mod\u00e8les \u00e9l\u00e9gants.<\/span><\/li>\n<li data-sourcepos=\"28:1-29:43\"><strong><span class=\"citation-7 recitation\">Brioni :<\/span><\/strong><span class=\"citation-7 recitation citation-end-7\"> Une marque de luxe italienne qui met l'accent sur la confection fine et la qualit\u00e9 irr\u00e9prochable.<\/span><\/li>\n<li data-sourcepos=\"28:1-29:43\">\n<div class=\"container\"><strong><span class=\"citation-8 recitation\">Kiton :<\/span><\/strong><span class=\"citation-8 recitation citation-end-8\"> Une autre marque italienne de luxe qui produit certaines des plus belles chemises au monde.<\/span><\/div>\n<p><span class=\"button-container hide-from-message-actions ng-star-inserted\"> \u00a0 <\/span><\/li>\n<\/ul>\n<\/div>\n<div class=\"response-footer gap complete\">\n<div class=\"container ng-tns-c3661983433-86\">\n<div class=\"carousel-container ng-tns-c3661983433-86\">\n<div class=\"carousel-content ng-tns-c3661983433-86\">\n<div class=\"sources-carousel-source ng-tns-c3661983433-86 ng-star-inserted\" data-test-id=\"sources-carousel-source\">\n<div class=\"source-card-container\">\n<div class=\"source-card-content\">\n<div class=\"source-card-body\">\n<div class=\"source-card-header\">\n<div class=\"source-card-title\"><\/div>\n<\/div>\n<\/div>\n<\/div>\n<\/div>\n<\/div>\n<\/div>\n<\/div>\n<\/div>\n<\/div>","protected":false},"excerpt":{"rendered":"<table style=\"height: 485px;\" width=\"491\">\n<tbody>\n<tr>\n<td width=\"146\"><strong><b>Produit<\/b><\/strong>\u00a0<strong><b>Nom :<\/b><\/strong><\/td>\n<td width=\"601\"><strong>Chemise blanche de luxe pour homme<\/strong><\/td>\n<\/tr>\n<tr>\n<td width=\"146\"><strong><b>Materlal :<\/b><\/strong><\/td>\n<td width=\"601\">Polyester\/Coton<\/td>\n<\/tr>\n<tr>\n<td width=\"146\"><strong><b>Techniques :<\/b><\/strong><\/td>\n<td width=\"601\">Impression et teinture<\/td>\n<\/tr>\n<tr>\n<td width=\"146\"><strong><b>Style :<\/b><\/strong><\/td>\n<td width=\"601\">D\u00e9contract\u00e9<\/td>\n<\/tr>\n<tr>\n<td width=\"146\"><strong><b>Couleur<\/b><\/strong><strong><b>:<\/b><\/strong><\/td>\n<td width=\"601\">\u00a0Couleurs personnalis\u00e9es<\/td>\n<\/tr>\n<tr>\n<td width=\"146\"><strong><b>Taille :<\/b><\/strong><\/td>\n<td width=\"601\">S \/M \/L \/XL \/2XL<\/td>\n<\/tr>\n<tr>\n<td width=\"146\"><strong><b>OEM\/ODM :<\/b><\/strong><\/td>\n<td width=\"601\">Acceptable<\/td>\n<\/tr>\n<tr>\n<td width=\"146\"><strong><b>Qualit\u00e9 :<\/b><\/strong><\/td>\n<td width=\"601\">100% Haute qualit\u00e9<\/td>\n<\/tr>\n<tr>\n<td width=\"146\"><strong><b>M<\/b><\/strong><strong><b>OQ :<\/b><\/strong><\/td>\n<td width=\"601\">200 pi\u00e8ces<\/td>\n<\/tr>\n<\/tbody>\n<\/table>","protected":false},"featured_media":1748,"template":"","meta":[],"product_brand":[],"product_cat":[38],"product_tag":[],"class_list":{"0":"post-1639","1":"product","2":"type-product","3":"status-publish","4":"has-post-thumbnail","6":"product_cat-mens-clothing","8":"first","9":"instock","10":"shipping-taxable","11":"product-type-simple"},"_links":{"self":[{"href":"https:\/\/mj-clothing.com\/fr\/wp-json\/wp\/v2\/product\/1639","targetHints":{"allow":["GET"]}}],"collection":[{"href":"https:\/\/mj-clothing.com\/fr\/wp-json\/wp\/v2\/product"}],"about":[{"href":"https:\/\/mj-clothing.com\/fr\/wp-json\/wp\/v2\/types\/product"}],"wp:featuredmedia":[{"embeddable":true,"href":"https:\/\/mj-clothing.com\/fr\/wp-json\/wp\/v2\/media\/1748"}],"wp:attachment":[{"href":"https:\/\/mj-clothing.com\/fr\/wp-json\/wp\/v2\/media?parent=1639"}],"wp:term":[{"taxonomy":"product_brand","embeddable":true,"href":"https:\/\/mj-clothing.com\/fr\/wp-json\/wp\/v2\/product_brand?post=1639"},{"taxonomy":"product_cat","embeddable":true,"href":"https:\/\/mj-clothing.com\/fr\/wp-json\/wp\/v2\/product_cat?post=1639"},{"taxonomy":"product_tag","embeddable":true,"href":"https:\/\/mj-clothing.com\/fr\/wp-json\/wp\/v2\/product_tag?post=1639"}],"curies":[{"name":"wp","href":"https:\/\/api.w.org\/{rel}","templated":true}]}}