{"id":1662,"date":"2024-12-12T03:40:11","date_gmt":"2024-12-12T03:40:11","guid":{"rendered":"https:\/\/mj-clothing.com\/?post_type=product&#038;p=1662"},"modified":"2024-12-17T07:20:07","modified_gmt":"2024-12-17T07:20:07","slug":"mens-lounge-shirts","status":"publish","type":"product","link":"https:\/\/mj-clothing.com\/fr\/manufacturer\/mens-lounge-shirts\/","title":{"rendered":"Chemises de d\u00e9tente pour hommes"},"content":{"rendered":"<div class=\"user-query-container ng-star-inserted\">\n<div id=\"user-query-content-5\" class=\"query-content\">\n<div class=\"query-text ng-star-inserted\" dir=\"ltr\" role=\"heading\" aria-level=\"2\">\n<h2 class=\"query-text-line ng-star-inserted\">Chemises de d\u00e9tente pour hommes<\/h2>\n<\/div>\n<\/div>\n<div class=\"button-gutter\"><span class=\"citation-0 recitation citation-end-0\" style=\"font-size: 14.4px; color: #555555;\">Les chemises de d\u00e9tente pour hommes sont des v\u00eatements confortables et \u00e9l\u00e9gants con\u00e7us pour la d\u00e9tente et les loisirs.<\/span><span style=\"font-size: 14.4px; color: #555555;\"> Il est parfait pour se d\u00e9tendre \u00e0 la maison, faire des courses ou simplement profiter d'une journ\u00e9e d\u00e9contract\u00e9e.<\/span><\/div>\n<div>\n<p data-sourcepos=\"3:1-3:61\">Voici quelques caract\u00e9ristiques et styles cl\u00e9s des chemises d'int\u00e9rieur pour hommes :<\/p>\n<p data-sourcepos=\"5:1-5:17\"><strong>Caract\u00e9ristiques principales :<\/strong><\/p>\n<ul data-sourcepos=\"7:1-10:0\">\n<li data-sourcepos=\"7:1-7:123\"><strong><span class=\"citation-1 recitation\">Confort :<\/span><\/strong><span class=\"citation-1 recitation citation-end-1\"> Les chemises de d\u00e9tente sont g\u00e9n\u00e9ralement fabriqu\u00e9es dans des tissus doux et respirants comme le coton, la flanelle ou le jersey.<\/span><\/li>\n<li data-sourcepos=\"7:1-7:123\"><strong>Coupe d\u00e9contract\u00e9e :<\/strong> Ils ont souvent une coupe d\u00e9contract\u00e9e ou surdimensionn\u00e9e pour un maximum de confort.<\/li>\n<li data-sourcepos=\"7:1-7:123\"><strong>Style d\u00e9contract\u00e9 :<\/strong> Les chemises de salon sont disponibles dans une vari\u00e9t\u00e9 de styles d\u00e9contract\u00e9s, y compris des couleurs unies, des rayures et des motifs.\n<p data-sourcepos=\"11:1-11:19\"><strong>Styles populaires :<\/strong><\/p>\n<\/li>\n<li data-sourcepos=\"7:1-7:123\">\n<p data-sourcepos=\"11:1-11:19\"><strong style=\"color: #333333; font-size: 14.4px;\">Chemise en flanelle :<\/strong><span style=\"color: #333333; font-size: 14.4px;\"> Un choix classique pour les temps plus froids, les chemises en flanelle sont parfaites pour s'installer confortablement sur le canap\u00e9.<\/span><\/p>\n<\/li>\n<li data-sourcepos=\"7:1-7:123\"><strong><span class=\"citation-2 recitation\">Chemise Oxford :<\/span><\/strong><span class=\"citation-2 recitation citation-end-2\"> Plus \u00e9l\u00e9gantes, les chemises oxford peuvent \u00eatre habill\u00e9es ou non.<\/span><\/li>\n<li data-sourcepos=\"7:1-7:123\"><strong><span class=\"citation-3 recitation\">Chemise en jersey :<\/span><\/strong><span class=\"citation-3 recitation citation-end-3\"> Douces et extensibles, les chemises en jersey sont id\u00e9ales pour se pr\u00e9lasser \u00e0 la maison.<sup class=\"superscript visible\" data-turn-source-index=\"4\">\u00a0<\/sup><\/span><\/li>\n<li data-sourcepos=\"7:1-7:123\"><strong><span class=\"citation-4 recitation\">Chemise Henley :<\/span><\/strong><span class=\"citation-4 recitation citation-end-4\"> D\u00e9contract\u00e9es et confortables, les chemises Henley sont parfaites pour un look d\u00e9contract\u00e9.<\/span>\n<div class=\"container\">\n<p data-sourcepos=\"22:1-22:38\"><strong>Comment styliser une chemise de salon pour homme :<\/strong><\/p>\n<ul data-sourcepos=\"24:1-27:0\">\n<li data-sourcepos=\"24:1-24:88\"><strong>Look d\u00e9contract\u00e9 :<\/strong> Associez une chemise en flanelle ou en jersey \u00e0 un jean ou \u00e0 un pantalon de surv\u00eatement et \u00e0 des baskets.<\/li>\n<li data-sourcepos=\"25:1-25:85\"><strong>Look \u00e9lev\u00e9 :<\/strong> Habillez une chemise oxford avec un pantalon chino ou un pantalon habill\u00e9 et des mocassins.<\/li>\n<li data-sourcepos=\"26:1-27:0\"><strong>Look superpos\u00e9 :<\/strong> Superposez une chemise en flanelle \u00e0 un t-shirt pour un look douillet et \u00e9l\u00e9gant.<\/li>\n<\/ul>\n<\/div>\n<\/li>\n<\/ul>\n<\/div>\n<\/div>","protected":false},"excerpt":{"rendered":"<table style=\"height: 527px;\" width=\"492\">\n<tbody>\n<tr>\n<td width=\"146\"><strong><b>Produit<\/b><\/strong>\u00a0<strong><b>Nom :<\/b><\/strong><\/td>\n<td width=\"601\"><strong>Chemises de d\u00e9tente pour hommes<\/strong><\/td>\n<\/tr>\n<tr>\n<td width=\"146\"><strong><b>Materlal :<\/b><\/strong><\/td>\n<td width=\"601\">Polyester\/Coton<\/td>\n<\/tr>\n<tr>\n<td width=\"146\"><strong><b>Techniques :<\/b><\/strong><\/td>\n<td width=\"601\">Impression et teinture<\/td>\n<\/tr>\n<tr>\n<td width=\"146\"><strong><b>Style :<\/b><\/strong><\/td>\n<td width=\"601\">D\u00e9contract\u00e9<\/td>\n<\/tr>\n<tr>\n<td width=\"146\"><strong><b>Couleur<\/b><\/strong><strong><b>:<\/b><\/strong><\/td>\n<td width=\"601\">\u00a0Couleurs personnalis\u00e9es<\/td>\n<\/tr>\n<tr>\n<td width=\"146\"><strong><b>Taille :<\/b><\/strong><\/td>\n<td width=\"601\">S \/M \/L \/XL \/2XL<\/td>\n<\/tr>\n<tr>\n<td width=\"146\"><strong><b>OEM\/ODM :<\/b><\/strong><\/td>\n<td width=\"601\">Acceptable<\/td>\n<\/tr>\n<tr>\n<td width=\"146\"><strong><b>Qualit\u00e9 :<\/b><\/strong><\/td>\n<td width=\"601\">100% Haute qualit\u00e9<\/td>\n<\/tr>\n<tr>\n<td width=\"146\"><strong><b>M<\/b><\/strong><strong><b>OQ :<\/b><\/strong><\/td>\n<td width=\"601\">200 pi\u00e8ces<\/td>\n<\/tr>\n<\/tbody>\n<\/table>","protected":false},"featured_media":1747,"template":"","meta":[],"product_brand":[],"product_cat":[38],"product_tag":[],"class_list":{"0":"post-1662","1":"product","2":"type-product","3":"status-publish","4":"has-post-thumbnail","6":"product_cat-mens-clothing","8":"first","9":"instock","10":"shipping-taxable","11":"product-type-simple"},"_links":{"self":[{"href":"https:\/\/mj-clothing.com\/fr\/wp-json\/wp\/v2\/product\/1662","targetHints":{"allow":["GET"]}}],"collection":[{"href":"https:\/\/mj-clothing.com\/fr\/wp-json\/wp\/v2\/product"}],"about":[{"href":"https:\/\/mj-clothing.com\/fr\/wp-json\/wp\/v2\/types\/product"}],"wp:featuredmedia":[{"embeddable":true,"href":"https:\/\/mj-clothing.com\/fr\/wp-json\/wp\/v2\/media\/1747"}],"wp:attachment":[{"href":"https:\/\/mj-clothing.com\/fr\/wp-json\/wp\/v2\/media?parent=1662"}],"wp:term":[{"taxonomy":"product_brand","embeddable":true,"href":"https:\/\/mj-clothing.com\/fr\/wp-json\/wp\/v2\/product_brand?post=1662"},{"taxonomy":"product_cat","embeddable":true,"href":"https:\/\/mj-clothing.com\/fr\/wp-json\/wp\/v2\/product_cat?post=1662"},{"taxonomy":"product_tag","embeddable":true,"href":"https:\/\/mj-clothing.com\/fr\/wp-json\/wp\/v2\/product_tag?post=1662"}],"curies":[{"name":"wp","href":"https:\/\/api.w.org\/{rel}","templated":true}]}}