{"id":1759,"date":"2024-12-14T02:59:47","date_gmt":"2024-12-14T02:59:47","guid":{"rendered":"https:\/\/mj-clothing.com\/?post_type=product&#038;p=1759"},"modified":"2024-12-17T07:16:49","modified_gmt":"2024-12-17T07:16:49","slug":"black-denim-jacket","status":"publish","type":"product","link":"https:\/\/mj-clothing.com\/fr\/manufacturer\/black-denim-jacket\/","title":{"rendered":"Veste en jean noire"},"content":{"rendered":"<h2 data-sourcepos=\"1:1-1:173\">Veste en jean noire<\/h2>\n<p data-sourcepos=\"1:1-1:173\">Une veste en jean noir est une pi\u00e8ce polyvalente qui peut rehausser n'importe quelle tenue. C'est une pi\u00e8ce classique et intemporelle qui peut \u00eatre habill\u00e9e ou d\u00e9contract\u00e9e, ce qui en fait un \u00e9l\u00e9ment indispensable de toute garde-robe.<\/p>\n<p data-sourcepos=\"3:1-3:54\"><strong>Voici pourquoi une veste en jean noir est un excellent choix :<\/strong><\/p>\n<ul data-sourcepos=\"5:1-9:0\">\n<li data-sourcepos=\"5:1-5:94\"><strong>Polyvalence :<\/strong> Il peut \u00eatre associ\u00e9 \u00e0 un jean, \u00e0 un pantalon chino ou m\u00eame \u00e0 un costume pour un look plus formel.<\/li>\n<li data-sourcepos=\"6:1-6:70\"><strong>Intemporel :<\/strong> Le denim noir est un classique qui ne se d\u00e9mode jamais.<\/li>\n<li data-sourcepos=\"7:1-7:76\"><strong>Durabilit\u00e9 :<\/strong> Le denim est un tissu robuste qui r\u00e9siste \u00e0 l'usure.<\/li>\n<li data-sourcepos=\"8:1-9:0\"><strong>\u00c9l\u00e9gant :<\/strong> Le denim noir ajoute une touche d'originalit\u00e9 \u00e0 toutes les tenues.<\/li>\n<\/ul>\n<p data-sourcepos=\"10:1-10:38\"><strong>Comment styliser une veste en jean noire :<\/strong><\/p>\n<ul data-sourcepos=\"12:1-16:0\">\n<li data-sourcepos=\"12:1-12:84\"><strong>Look d\u00e9contract\u00e9 :<\/strong> Associez-le \u00e0 un jean, un t-shirt et des baskets pour un look d\u00e9contract\u00e9.<\/li>\n<li data-sourcepos=\"13:1-13:99\"><strong>D\u00e9contract\u00e9 et \u00e9l\u00e9gant :<\/strong> Portez-la avec des chinos, une chemise boutonn\u00e9e et des mocassins pour un look plus raffin\u00e9.<\/li>\n<li data-sourcepos=\"14:1-14:95\"><strong>Un look audacieux :<\/strong> Associez-le \u00e0 un pantalon en cuir, un tee-shirt graphique et des bottes pour une ambiance rock-and-roll.<\/li>\n<li data-sourcepos=\"15:1-16:0\"><strong>Look formel :<\/strong> Superposez-le \u00e0 une veste de costume pour donner une touche unique \u00e0 votre tenue de soir\u00e9e.<\/li>\n<\/ul>\n<p data-sourcepos=\"17:1-17:43\"><strong>Conseils pour choisir une veste en jean noire :<\/strong><\/p>\n<ul data-sourcepos=\"19:1-22:0\">\n<li data-sourcepos=\"19:1-19:71\"><strong>En forme :<\/strong> Choisissez une veste qui vous va bien et qui flatte votre silhouette.<\/li>\n<li data-sourcepos=\"20:1-20:78\"><strong>Mat\u00e9riau :<\/strong> Recherchez un denim de haute qualit\u00e9, durable et confortable.<\/li>\n<li data-sourcepos=\"21:1-22:0\"><strong>Style :<\/strong> Tenez compte de votre style personnel et choisissez une veste qui vous ressemble.<\/li>\n<\/ul>","protected":false},"excerpt":{"rendered":"<table style=\"height: 491px;\" width=\"498\">\n<tbody>\n<tr>\n<td width=\"146\"><strong><b>Produit<\/b><\/strong>\u00a0<strong><b>Nom :<\/b><\/strong><\/td>\n<td width=\"601\"><strong>Veste en jean noire<\/strong><\/td>\n<\/tr>\n<tr>\n<td width=\"146\"><strong><b>Materlal :<\/b><\/strong><\/td>\n<td width=\"601\">Polyester\/Coton<\/td>\n<\/tr>\n<tr>\n<td width=\"146\"><strong><b>Techniques :<\/b><\/strong><\/td>\n<td width=\"601\">Impression et teinture<\/td>\n<\/tr>\n<tr>\n<td width=\"146\"><strong><b>Style :<\/b><\/strong><\/td>\n<td width=\"601\">D\u00e9contract\u00e9<\/td>\n<\/tr>\n<tr>\n<td width=\"146\"><strong><b>Couleur<\/b><\/strong><strong><b>:<\/b><\/strong><\/td>\n<td width=\"601\">\u00a0Couleurs personnalis\u00e9es<\/td>\n<\/tr>\n<tr>\n<td width=\"146\"><strong><b>Taille :<\/b><\/strong><\/td>\n<td width=\"601\">S \/M \/L \/XL \/2XL<\/td>\n<\/tr>\n<tr>\n<td width=\"146\"><strong><b>OEM\/ODM :<\/b><\/strong><\/td>\n<td width=\"601\">Acceptable<\/td>\n<\/tr>\n<tr>\n<td width=\"146\"><strong><b>Qualit\u00e9 :<\/b><\/strong><\/td>\n<td width=\"601\">100% Haute qualit\u00e9<\/td>\n<\/tr>\n<tr>\n<td width=\"146\"><strong><b>M<\/b><\/strong><strong><b>OQ :<\/b><\/strong><\/td>\n<td width=\"601\">200 pi\u00e8ces<\/td>\n<\/tr>\n<\/tbody>\n<\/table>","protected":false},"featured_media":1760,"template":"","meta":[],"product_brand":[],"product_cat":[38],"product_tag":[],"class_list":{"0":"post-1759","1":"product","2":"type-product","3":"status-publish","4":"has-post-thumbnail","6":"product_cat-mens-clothing","8":"first","9":"instock","10":"shipping-taxable","11":"product-type-simple"},"_links":{"self":[{"href":"https:\/\/mj-clothing.com\/fr\/wp-json\/wp\/v2\/product\/1759","targetHints":{"allow":["GET"]}}],"collection":[{"href":"https:\/\/mj-clothing.com\/fr\/wp-json\/wp\/v2\/product"}],"about":[{"href":"https:\/\/mj-clothing.com\/fr\/wp-json\/wp\/v2\/types\/product"}],"wp:featuredmedia":[{"embeddable":true,"href":"https:\/\/mj-clothing.com\/fr\/wp-json\/wp\/v2\/media\/1760"}],"wp:attachment":[{"href":"https:\/\/mj-clothing.com\/fr\/wp-json\/wp\/v2\/media?parent=1759"}],"wp:term":[{"taxonomy":"product_brand","embeddable":true,"href":"https:\/\/mj-clothing.com\/fr\/wp-json\/wp\/v2\/product_brand?post=1759"},{"taxonomy":"product_cat","embeddable":true,"href":"https:\/\/mj-clothing.com\/fr\/wp-json\/wp\/v2\/product_cat?post=1759"},{"taxonomy":"product_tag","embeddable":true,"href":"https:\/\/mj-clothing.com\/fr\/wp-json\/wp\/v2\/product_tag?post=1759"}],"curies":[{"name":"wp","href":"https:\/\/api.w.org\/{rel}","templated":true}]}}