{"id":1761,"date":"2024-12-14T03:02:38","date_gmt":"2024-12-14T03:02:38","guid":{"rendered":"https:\/\/mj-clothing.com\/?post_type=product&#038;p=1761"},"modified":"2024-12-17T07:15:13","modified_gmt":"2024-12-17T07:15:13","slug":"floral-quilted-jacket","status":"publish","type":"product","link":"https:\/\/mj-clothing.com\/fr\/manufacturer\/floral-quilted-jacket\/","title":{"rendered":"Veste matelass\u00e9e \u00e0 fleurs"},"content":{"rendered":"<h2 data-sourcepos=\"1:1-1:143\">Veste matelass\u00e9e \u00e0 fleurs<\/h2>\n<p data-sourcepos=\"1:1-1:143\">Une veste matelass\u00e9e \u00e0 fleurs est une pi\u00e8ce \u00e9l\u00e9gante et douillette qui peut ajouter une touche de f\u00e9minit\u00e9 et de chaleur \u00e0 n'importe quelle tenue. Voici pourquoi vous pourriez l'aimer :<\/p>\n<p data-sourcepos=\"3:1-3:39\"><strong>Pourquoi choisir une veste matelass\u00e9e \u00e0 fleurs ?<\/strong><\/p>\n<ul data-sourcepos=\"5:1-9:0\">\n<li data-sourcepos=\"5:1-5:159\"><strong>\u00c9l\u00e9gant et polyvalent :<\/strong> C'est un m\u00e9lange parfait de confort et de mode. Vous pouvez l'habiller avec une jupe et des bottes ou le garder d\u00e9contract\u00e9 avec un jean et des baskets.<\/li>\n<li data-sourcepos=\"6:1-6:100\"><strong>Chaud et confortable :<\/strong> Le design matelass\u00e9 et la doublure souvent isol\u00e9e en font un produit id\u00e9al pour les temps plus frais.<\/li>\n<li data-sourcepos=\"7:1-7:86\"><strong>F\u00e9minin et romantique :<\/strong> Le motif floral ajoute une touche de douceur et d'\u00e9l\u00e9gance.<\/li>\n<li data-sourcepos=\"8:1-9:0\"><strong>Tendance :<\/strong> Les imprim\u00e9s floraux sont toujours \u00e0 la mode, surtout au printemps et \u00e0 l'automne.<\/li>\n<\/ul>\n<p data-sourcepos=\"10:1-10:41\"><strong>Comment styliser une veste matelass\u00e9e \u00e0 fleurs :<\/strong><\/p>\n<ul data-sourcepos=\"12:1-15:0\">\n<li data-sourcepos=\"12:1-12:82\"><strong>Chic d\u00e9contract\u00e9 :<\/strong> Associez-le \u00e0 un jean, un t-shirt et des baskets pour un look d\u00e9contract\u00e9.<\/li>\n<li data-sourcepos=\"13:1-13:85\"><strong>Boho Chic :<\/strong> Superposez-le \u00e0 une robe fluide et ajoutez des bottines pour une ambiance boh\u00e8me.<\/li>\n<li data-sourcepos=\"14:1-15:0\"><strong>D\u00e9contract\u00e9 et \u00e9l\u00e9gant :<\/strong> Portez-le avec un pull, un pantalon et des mocassins pour une allure \u00e9l\u00e9gante.<\/li>\n<\/ul>\n<p data-sourcepos=\"16:1-16:46\"><strong>Conseils pour choisir une veste matelass\u00e9e \u00e0 fleurs :<\/strong><\/p>\n<ul data-sourcepos=\"18:1-22:0\">\n<li data-sourcepos=\"18:1-18:93\"><strong>Choisissez la bonne taille :<\/strong> Veillez \u00e0 ce que la veste soit bien ajust\u00e9e et qu'elle n'\u00e9crase pas votre silhouette.<\/li>\n<li data-sourcepos=\"19:1-19:80\"><strong>Pensez \u00e0 l'occasion :<\/strong> Choisissez un motif et une couleur qui conviennent \u00e0 l'occasion.<\/li>\n<li data-sourcepos=\"20:1-20:105\"><strong>Pr\u00eatez attention au tissu :<\/strong> Optez pour un tissu durable et confortable, comme le coton ou le polyester.<\/li>\n<li data-sourcepos=\"21:1-22:0\"><strong>Accessoiriser :<\/strong> Ajoutez un foulard, un chapeau ou un sac pour compl\u00e9ter votre look.<\/li>\n<\/ul>","protected":false},"excerpt":{"rendered":"<table style=\"height: 542px;\" width=\"483\">\n<tbody>\n<tr>\n<td width=\"146\"><strong><b>Produit<\/b><\/strong>\u00a0<strong><b>Nom :<\/b><\/strong><\/td>\n<td width=\"601\"><strong>Veste matelass\u00e9e \u00e0 fleurs<\/strong><\/td>\n<\/tr>\n<tr>\n<td width=\"146\"><strong><b>Materlal :<\/b><\/strong><\/td>\n<td width=\"601\">Polyester\/Coton<\/td>\n<\/tr>\n<tr>\n<td width=\"146\"><strong><b>Techniques :<\/b><\/strong><\/td>\n<td width=\"601\">Impression et teinture<\/td>\n<\/tr>\n<tr>\n<td width=\"146\"><strong><b>Style :<\/b><\/strong><\/td>\n<td width=\"601\">D\u00e9contract\u00e9<\/td>\n<\/tr>\n<tr>\n<td width=\"146\"><strong><b>Couleur<\/b><\/strong><strong><b>:<\/b><\/strong><\/td>\n<td width=\"601\">\u00a0Couleurs personnalis\u00e9es<\/td>\n<\/tr>\n<tr>\n<td width=\"146\"><strong><b>Taille :<\/b><\/strong><\/td>\n<td width=\"601\">S \/M \/L \/XL \/2XL<\/td>\n<\/tr>\n<tr>\n<td width=\"146\"><strong><b>OEM\/ODM :<\/b><\/strong><\/td>\n<td width=\"601\">Acceptable<\/td>\n<\/tr>\n<tr>\n<td width=\"146\"><strong><b>Qualit\u00e9 :<\/b><\/strong><\/td>\n<td width=\"601\">100% Haute qualit\u00e9<\/td>\n<\/tr>\n<tr>\n<td width=\"146\"><strong><b>M<\/b><\/strong><strong><b>OQ :<\/b><\/strong><\/td>\n<td width=\"601\">200 pi\u00e8ces<\/td>\n<\/tr>\n<\/tbody>\n<\/table>","protected":false},"featured_media":1762,"template":"","meta":[],"product_brand":[],"product_cat":[38],"product_tag":[],"class_list":{"0":"post-1761","1":"product","2":"type-product","3":"status-publish","4":"has-post-thumbnail","6":"product_cat-mens-clothing","8":"first","9":"instock","10":"shipping-taxable","11":"product-type-simple"},"_links":{"self":[{"href":"https:\/\/mj-clothing.com\/fr\/wp-json\/wp\/v2\/product\/1761","targetHints":{"allow":["GET"]}}],"collection":[{"href":"https:\/\/mj-clothing.com\/fr\/wp-json\/wp\/v2\/product"}],"about":[{"href":"https:\/\/mj-clothing.com\/fr\/wp-json\/wp\/v2\/types\/product"}],"wp:featuredmedia":[{"embeddable":true,"href":"https:\/\/mj-clothing.com\/fr\/wp-json\/wp\/v2\/media\/1762"}],"wp:attachment":[{"href":"https:\/\/mj-clothing.com\/fr\/wp-json\/wp\/v2\/media?parent=1761"}],"wp:term":[{"taxonomy":"product_brand","embeddable":true,"href":"https:\/\/mj-clothing.com\/fr\/wp-json\/wp\/v2\/product_brand?post=1761"},{"taxonomy":"product_cat","embeddable":true,"href":"https:\/\/mj-clothing.com\/fr\/wp-json\/wp\/v2\/product_cat?post=1761"},{"taxonomy":"product_tag","embeddable":true,"href":"https:\/\/mj-clothing.com\/fr\/wp-json\/wp\/v2\/product_tag?post=1761"}],"curies":[{"name":"wp","href":"https:\/\/api.w.org\/{rel}","templated":true}]}}