{"id":1763,"date":"2024-12-14T03:06:05","date_gmt":"2024-12-14T03:06:05","guid":{"rendered":"https:\/\/mj-clothing.com\/?post_type=product&#038;p=1763"},"modified":"2024-12-17T07:11:45","modified_gmt":"2024-12-17T07:11:45","slug":"black-tweed-jacket","status":"publish","type":"product","link":"https:\/\/mj-clothing.com\/fr\/manufacturer\/black-tweed-jacket\/","title":{"rendered":"Veste en tweed noir"},"content":{"rendered":"<h2 data-sourcepos=\"1:1-1:113\">Veste en tweed noir<\/h2>\n<p data-sourcepos=\"1:1-1:113\">Une veste en tweed noir est une pi\u00e8ce polyvalente et \u00e9l\u00e9gante qui peut rehausser n'importe quelle tenue. Voici pourquoi vous pourriez l'aimer :<\/p>\n<p data-sourcepos=\"3:1-3:36\"><strong>Pourquoi choisir une veste en tweed noir ?<\/strong><\/p>\n<ul data-sourcepos=\"5:1-9:0\">\n<li data-sourcepos=\"5:1-5:101\"><strong>\u00c9l\u00e9gance intemporelle :<\/strong> Le tweed noir est un tissu classique et sophistiqu\u00e9 qui ne se d\u00e9mode jamais.<\/li>\n<li data-sourcepos=\"6:1-6:95\"><strong>Style polyvalent :<\/strong> Il peut \u00eatre habill\u00e9 ou d\u00e9contract\u00e9, ce qui le rend parfait pour diverses occasions.<\/li>\n<li data-sourcepos=\"7:1-7:103\"><strong>Chaleur et confort :<\/strong> Le tweed est un tissu durable et isolant, id\u00e9al par temps froid.<\/li>\n<li data-sourcepos=\"8:1-9:0\"><strong>Aspect textur\u00e9 :<\/strong> Le tissage unique du tweed ajoute un int\u00e9r\u00eat visuel \u00e0 votre tenue.<\/li>\n<\/ul>\n<p data-sourcepos=\"10:1-10:38\"><strong>Comment styliser une veste en tweed noir :<\/strong><\/p>\n<ul data-sourcepos=\"12:1-15:0\">\n<li data-sourcepos=\"12:1-12:93\"><strong>D\u00e9contract\u00e9 et \u00e9l\u00e9gant :<\/strong> Associez-le \u00e0 des chinos, une chemise boutonn\u00e9e et des mocassins pour un look raffin\u00e9.<\/li>\n<li data-sourcepos=\"13:1-13:102\"><strong>Tenue d\u00e9contract\u00e9e :<\/strong> Portez-la avec un pantalon, une chemise et une cravate pour un ensemble professionnel.<\/li>\n<li data-sourcepos=\"14:1-15:0\"><strong>Chic d\u00e9contract\u00e9 :<\/strong> Associez-le \u00e0 un jean, un t-shirt et des baskets pour un style d\u00e9contract\u00e9.<\/li>\n<\/ul>\n<p data-sourcepos=\"16:1-16:43\"><strong>Conseils pour choisir une veste en tweed noir :<\/strong><\/p>\n<ul data-sourcepos=\"18:1-22:0\">\n<li data-sourcepos=\"18:1-18:71\"><strong>En forme :<\/strong> Choisissez une veste qui vous va bien et qui flatte votre silhouette.<\/li>\n<li data-sourcepos=\"19:1-19:109\"><strong>Mod\u00e8le :<\/strong> Tenez compte du motif du tweed, qu'il s'agisse d'un chevron classique ou d'un motif plus moderne.<\/li>\n<li data-sourcepos=\"20:1-20:76\"><strong>Poids :<\/strong> Le poids du tweed d\u00e9termine la chaleur de la veste.<\/li>\n<li data-sourcepos=\"21:1-22:0\"><strong>Accessoires :<\/strong> Accessoirisez avec un carr\u00e9 de poche, une cravate ou un foulard pour ajouter une touche personnelle.<\/li>\n<\/ul>","protected":false},"excerpt":{"rendered":"<table style=\"height: 587px;\" width=\"485\">\n<tbody>\n<tr>\n<td width=\"146\"><strong><b>Produit<\/b><\/strong>\u00a0<strong><b>Nom :<\/b><\/strong><\/td>\n<td width=\"601\"><strong>Veste en tweed noir<\/strong><\/td>\n<\/tr>\n<tr>\n<td width=\"146\"><strong><b>Materlal :<\/b><\/strong><\/td>\n<td width=\"601\">Polyester\/Coton<\/td>\n<\/tr>\n<tr>\n<td width=\"146\"><strong><b>Techniques :<\/b><\/strong><\/td>\n<td width=\"601\">Impression et teinture<\/td>\n<\/tr>\n<tr>\n<td width=\"146\"><strong><b>Style :<\/b><\/strong><\/td>\n<td width=\"601\">D\u00e9contract\u00e9<\/td>\n<\/tr>\n<tr>\n<td width=\"146\"><strong><b>Couleur<\/b><\/strong><strong><b>:<\/b><\/strong><\/td>\n<td width=\"601\">\u00a0Couleurs personnalis\u00e9es<\/td>\n<\/tr>\n<tr>\n<td width=\"146\"><strong><b>Taille :<\/b><\/strong><\/td>\n<td width=\"601\">S \/M \/L \/XL \/2XL<\/td>\n<\/tr>\n<tr>\n<td width=\"146\"><strong><b>OEM\/ODM :<\/b><\/strong><\/td>\n<td width=\"601\">Acceptable<\/td>\n<\/tr>\n<tr>\n<td width=\"146\"><strong><b>Qualit\u00e9 :<\/b><\/strong><\/td>\n<td width=\"601\">100% Haute qualit\u00e9<\/td>\n<\/tr>\n<tr>\n<td width=\"146\"><strong><b>M<\/b><\/strong><strong><b>OQ :<\/b><\/strong><\/td>\n<td width=\"601\">200 pi\u00e8ces<\/td>\n<\/tr>\n<\/tbody>\n<\/table>","protected":false},"featured_media":1764,"template":"","meta":[],"product_brand":[],"product_cat":[38],"product_tag":[],"class_list":{"0":"post-1763","1":"product","2":"type-product","3":"status-publish","4":"has-post-thumbnail","6":"product_cat-mens-clothing","8":"first","9":"instock","10":"shipping-taxable","11":"product-type-simple"},"_links":{"self":[{"href":"https:\/\/mj-clothing.com\/fr\/wp-json\/wp\/v2\/product\/1763","targetHints":{"allow":["GET"]}}],"collection":[{"href":"https:\/\/mj-clothing.com\/fr\/wp-json\/wp\/v2\/product"}],"about":[{"href":"https:\/\/mj-clothing.com\/fr\/wp-json\/wp\/v2\/types\/product"}],"wp:featuredmedia":[{"embeddable":true,"href":"https:\/\/mj-clothing.com\/fr\/wp-json\/wp\/v2\/media\/1764"}],"wp:attachment":[{"href":"https:\/\/mj-clothing.com\/fr\/wp-json\/wp\/v2\/media?parent=1763"}],"wp:term":[{"taxonomy":"product_brand","embeddable":true,"href":"https:\/\/mj-clothing.com\/fr\/wp-json\/wp\/v2\/product_brand?post=1763"},{"taxonomy":"product_cat","embeddable":true,"href":"https:\/\/mj-clothing.com\/fr\/wp-json\/wp\/v2\/product_cat?post=1763"},{"taxonomy":"product_tag","embeddable":true,"href":"https:\/\/mj-clothing.com\/fr\/wp-json\/wp\/v2\/product_tag?post=1763"}],"curies":[{"name":"wp","href":"https:\/\/api.w.org\/{rel}","templated":true}]}}