{"id":1765,"date":"2024-12-14T03:13:20","date_gmt":"2024-12-14T03:13:20","guid":{"rendered":"https:\/\/mj-clothing.com\/?post_type=product&#038;p=1765"},"modified":"2024-12-17T07:10:04","modified_gmt":"2024-12-17T07:10:04","slug":"vintage-jacket","status":"publish","type":"product","link":"https:\/\/mj-clothing.com\/fr\/manufacturer\/vintage-jacket\/","title":{"rendered":"Veste vintage"},"content":{"rendered":"<p data-sourcepos=\"1:1-1:110\">Une veste vintage est une pi\u00e8ce intemporelle qui peut ajouter une touche unique \u00e0 n'importe quelle tenue. Voici pourquoi vous pourriez en aimer une :<\/p>\n<h3 data-sourcepos=\"3:1-3:32\"><strong>Pourquoi choisir une veste vintage ?<\/strong><\/h3>\n<ul data-sourcepos=\"5:1-9:0\">\n<li data-sourcepos=\"5:1-5:118\"><strong>Style unique :<\/strong>\u00a0 Les vestes pr\u00e9sentent souvent des motifs et des d\u00e9tails distinctifs que l'on ne retrouve pas dans les v\u00eatements modernes.<\/li>\n<li data-sourcepos=\"6:1-6:111\"><strong>Haute qualit\u00e9 :<\/strong> De nombreuses vestes sont fabriqu\u00e9es dans des mat\u00e9riaux de haute qualit\u00e9 qui ont r\u00e9sist\u00e9 \u00e0 l'\u00e9preuve du temps.<\/li>\n<li data-sourcepos=\"7:1-7:125\"><strong>La mode durable :<\/strong> En choisissant le vintage, vous r\u00e9duisez votre impact sur l'environnement et donnez une seconde vie \u00e0 un v\u00eatement.<\/li>\n<li data-sourcepos=\"8:1-9:0\"><strong>Caract\u00e8re et histoire :<\/strong> Une veste peut raconter une histoire, ajouter une touche de nostalgie et de personnalit\u00e9 \u00e0 votre garde-robe.<\/li>\n<\/ul>\n<h3 data-sourcepos=\"10:1-10:34\"><strong>Comment styliser une veste vintage :<\/strong><\/h3>\n<ul data-sourcepos=\"12:1-16:0\">\n<li data-sourcepos=\"12:1-12:79\"><strong>D\u00e9contract\u00e9 :<\/strong> Associez-le \u00e0 un jean, un t-shirt et des baskets pour un look d\u00e9contract\u00e9.<\/li>\n<li data-sourcepos=\"13:1-13:98\"><strong>D\u00e9contract\u00e9 et \u00e9l\u00e9gant :<\/strong> Portez-le avec des chinos, une chemise boutonn\u00e9e et des mocassins pour un ensemble \u00e9l\u00e9gant.<\/li>\n<li data-sourcepos=\"14:1-14:93\"><strong>\u00c9l\u00e9gant :<\/strong> Associez-le \u00e0 un pantalon en cuir, un tee-shirt graphique et des bottes pour une ambiance rock-and-roll.<\/li>\n<li data-sourcepos=\"15:1-16:0\"><strong>Formel :<\/strong> Superposez-le \u00e0 une veste de costume pour donner une touche unique \u00e0 votre tenue de soir\u00e9e.<\/li>\n<\/ul>\n<h3 data-sourcepos=\"17:1-17:39\"><strong>Conseils pour choisir une veste vintage :<\/strong><\/h3>\n<ul data-sourcepos=\"19:1-23:0\">\n<li data-sourcepos=\"19:1-19:82\"><strong>En forme :<\/strong> Veillez \u00e0 ce que la veste vous aille bien, en tenant compte d'\u00e9ventuelles modifications.<\/li>\n<li data-sourcepos=\"20:1-20:64\"><strong>\u00c9tat :<\/strong> V\u00e9rifiez qu'il n'y a pas de dommages, de taches ou d'usure.<\/li>\n<li data-sourcepos=\"21:1-21:93\"><strong>Style :<\/strong> Tenez compte de votre style personnel et choisissez une veste qui compl\u00e8te votre garde-robe.<\/li>\n<li data-sourcepos=\"22:1-23:0\"><strong>Mat\u00e9riau :<\/strong> Recherchez des mat\u00e9riaux de haute qualit\u00e9 comme le cuir, la laine ou le denim.<\/li>\n<\/ul>\n<h3 data-sourcepos=\"24:1-24:34\"><strong>O\u00f9 trouver une veste vintage :<\/strong><\/h3>\n<ul data-sourcepos=\"26:1-30:0\">\n<li data-sourcepos=\"26:1-26:76\"><strong>Magasins d'occasion :<\/strong> Un endroit id\u00e9al pour trouver des joyaux cach\u00e9s \u00e0 des prix abordables.<\/li>\n<li data-sourcepos=\"27:1-27:89\"><strong>Magasins de consignation :<\/strong> Ces magasins proposent souvent des collections de v\u00eatements vintage.<\/li>\n<li data-sourcepos=\"28:1-28:97\"><strong>March\u00e9s en ligne :<\/strong> Des sites web comme eBay et Etsy proposent un vaste choix de vestes.<\/li>\n<li data-sourcepos=\"29:1-30:0\"><strong>Magasins de v\u00eatements vintage :<\/strong> Magasins sp\u00e9cialis\u00e9s dans la mode vintage.<\/li>\n<\/ul>\n<div class=\"attachment-container search-images\">\n<div class=\"image-container hide-from-message-actions ng-star-inserted\">\n<div class=\"overlay-container ng-star-inserted\"><\/div>\n<\/div>\n<\/div>","protected":false},"excerpt":{"rendered":"<table style=\"height: 442px;\" width=\"514\">\n<tbody>\n<tr>\n<td width=\"146\"><strong><b>Produit<\/b><\/strong>\u00a0<strong><b>Nom :<\/b><\/strong><\/td>\n<td width=\"601\"><strong>Veste vintage<\/strong><\/td>\n<\/tr>\n<tr>\n<td width=\"146\"><strong><b>Materlal :<\/b><\/strong><\/td>\n<td width=\"601\">Polyester\/Coton<\/td>\n<\/tr>\n<tr>\n<td width=\"146\"><strong><b>Techniques :<\/b><\/strong><\/td>\n<td width=\"601\">Impression et teinture<\/td>\n<\/tr>\n<tr>\n<td width=\"146\"><strong><b>Style :<\/b><\/strong><\/td>\n<td width=\"601\">D\u00e9contract\u00e9<\/td>\n<\/tr>\n<tr>\n<td width=\"146\"><strong><b>Couleur<\/b><\/strong><strong><b>:<\/b><\/strong><\/td>\n<td width=\"601\">\u00a0Couleurs personnalis\u00e9es<\/td>\n<\/tr>\n<tr>\n<td width=\"146\"><strong><b>Taille :<\/b><\/strong><\/td>\n<td width=\"601\">S \/M \/L \/XL \/2XL<\/td>\n<\/tr>\n<tr>\n<td width=\"146\"><strong><b>OEM\/ODM :<\/b><\/strong><\/td>\n<td width=\"601\">Acceptable<\/td>\n<\/tr>\n<tr>\n<td width=\"146\"><strong><b>Qualit\u00e9 :<\/b><\/strong><\/td>\n<td width=\"601\">100% Haute qualit\u00e9<\/td>\n<\/tr>\n<tr>\n<td width=\"146\"><strong><b>M<\/b><\/strong><strong><b>OQ :<\/b><\/strong><\/td>\n<td width=\"601\">200 pi\u00e8ces<\/td>\n<\/tr>\n<\/tbody>\n<\/table>","protected":false},"featured_media":1769,"template":"","meta":[],"product_brand":[],"product_cat":[38],"product_tag":[],"class_list":{"0":"post-1765","1":"product","2":"type-product","3":"status-publish","4":"has-post-thumbnail","6":"product_cat-mens-clothing","8":"first","9":"instock","10":"shipping-taxable","11":"product-type-simple"},"_links":{"self":[{"href":"https:\/\/mj-clothing.com\/fr\/wp-json\/wp\/v2\/product\/1765","targetHints":{"allow":["GET"]}}],"collection":[{"href":"https:\/\/mj-clothing.com\/fr\/wp-json\/wp\/v2\/product"}],"about":[{"href":"https:\/\/mj-clothing.com\/fr\/wp-json\/wp\/v2\/types\/product"}],"wp:featuredmedia":[{"embeddable":true,"href":"https:\/\/mj-clothing.com\/fr\/wp-json\/wp\/v2\/media\/1769"}],"wp:attachment":[{"href":"https:\/\/mj-clothing.com\/fr\/wp-json\/wp\/v2\/media?parent=1765"}],"wp:term":[{"taxonomy":"product_brand","embeddable":true,"href":"https:\/\/mj-clothing.com\/fr\/wp-json\/wp\/v2\/product_brand?post=1765"},{"taxonomy":"product_cat","embeddable":true,"href":"https:\/\/mj-clothing.com\/fr\/wp-json\/wp\/v2\/product_cat?post=1765"},{"taxonomy":"product_tag","embeddable":true,"href":"https:\/\/mj-clothing.com\/fr\/wp-json\/wp\/v2\/product_tag?post=1765"}],"curies":[{"name":"wp","href":"https:\/\/api.w.org\/{rel}","templated":true}]}}