{"id":1792,"date":"2024-12-14T03:52:01","date_gmt":"2024-12-14T03:52:01","guid":{"rendered":"https:\/\/mj-clothing.com\/?post_type=product&#038;p=1792"},"modified":"2024-12-17T07:00:56","modified_gmt":"2024-12-17T07:00:56","slug":"mens-alpaca-sweater","status":"publish","type":"product","link":"https:\/\/mj-clothing.com\/fr\/manufacturer\/mens-alpaca-sweater\/","title":{"rendered":"Pull en alpaga pour hommes"},"content":{"rendered":"<p data-sourcepos=\"1:1-1:198\"><span class=\"citation-0 recitation citation-end-0\">An Mens Alpaca Sweater is a luxurious and warm garment made from the fine, soft fiber of the alpaca, a South American camelid.<\/span> Alpaca fiber is known for its exceptional qualities, including:<span class=\"button-container hide-from-message-actions ng-star-inserted\"> \u00a0<\/span><\/p>\n<ul data-sourcepos=\"3:1-7:0\">\n<li data-sourcepos=\"3:1-3:89\"><strong><span class=\"citation-1 recitation\">Softness:<\/span><\/strong><span class=\"citation-1 recitation citation-end-1\"> Alpaca fiber is incredibly soft, often softer than cashmere.<\/span><\/li>\n<li data-sourcepos=\"3:1-3:89\"><span class=\"button-container hide-from-message-actions ng-star-inserted\"><strong style=\"font-size: 14.4px;\">Chaleur :<\/strong> <span class=\"citation-2 recitation citation-end-2\" style=\"font-size: 14.4px;\">It provides excellent insulation, keeping you warm in cold weather.<\/span><\/span>\n<div class=\"container ng-tns-c2946245707-269 hide\">\n<div class=\"carousel-container ng-tns-c2946245707-269\"><\/div>\n<\/div>\n<\/li>\n<li data-sourcepos=\"5:1-5:80\"><strong>Durabilit\u00e9 :<\/strong> <span class=\"citation-3 recitation citation-end-3\">Alpaca fiber is durable and resistant to pilling.<\/span><\/li>\n<li data-sourcepos=\"5:1-5:80\"><span class=\"button-container hide-from-message-actions ng-star-inserted\">\u00a0<\/span><span class=\"button-container hide-from-message-actions ng-star-inserted\"><strong style=\"font-size: 14.4px;\">Hypoallerg\u00e9nique :<\/strong> <span class=\"citation-4 recitation citation-end-4\" style=\"font-size: 14.4px;\">It&#8217;s naturally hypoallergenic, making it a great choice for those with sensitive skin.<\/span><span class=\"button-container hide-from-message-actions ng-star-inserted\" style=\"font-size: 14.4px;\"> \u00a0<\/span><\/span>\n<div class=\"container ng-tns-c2946245707-271 hide\">\n<div class=\"carousel-container ng-tns-c2946245707-271\"><\/div>\n<\/div>\n<\/li>\n<\/ul>\n<h3 data-sourcepos=\"8:1-8:33\"><strong>Why Choose an Mens Alpaca Sweater?<\/strong><\/h3>\n<ul data-sourcepos=\"10:1-14:0\">\n<li data-sourcepos=\"10:1-10:93\"><strong>Luxurious Feel:<\/strong> The soft, silky texture of alpaca fiber feels amazing against the skin.<\/li>\n<li data-sourcepos=\"11:1-11:118\"><strong><span class=\"citation-5 recitation\">Chaleur exceptionnelle :<\/span><\/strong><span class=\"citation-5 recitation citation-end-5\"> Alpaca sweaters are perfect for cold weather, keeping you cozy and comfortable.<\/span><\/li>\n<li data-sourcepos=\"11:1-11:118\"><strong style=\"font-size: 14.4px;\">Style and Elegance:<\/strong><span style=\"font-size: 14.4px;\"> Alpaca sweaters can elevate any outfit, adding a touch of sophistication.<\/span><\/li>\n<li data-sourcepos=\"13:1-14:0\"><strong><span class=\"citation-6 recitation\">Ethical and Sustainable:<\/span><\/strong><span class=\"citation-6 recitation citation-end-6\"> Alpaca farming is often considered more humane and environmentally friendly than sheep farming.<\/span><span class=\"button-container hide-from-message-actions ng-star-inserted\">\u00a0 \u00a0<\/span>\n<div class=\"container ng-tns-c2946245707-273 hide\">\n<div class=\"carousel-container ng-tns-c2946245707-273\"><\/div>\n<\/div>\n<\/li>\n<\/ul>\n<h3 data-sourcepos=\"15:1-15:35\"><strong>How to Style an Mens Alpaca Sweater:<\/strong><\/h3>\n<ul data-sourcepos=\"17:1-20:0\">\n<li data-sourcepos=\"17:1-17:77\"><strong>D\u00e9contract\u00e9 :<\/strong> Associez-le \u00e0 un jean, un t-shirt et des baskets pour un look d\u00e9contract\u00e9.<\/li>\n<li data-sourcepos=\"18:1-18:96\"><strong>D\u00e9contract\u00e9 et \u00e9l\u00e9gant :<\/strong> Portez-le avec des chinos, une chemise boutonn\u00e9e et des mocassins pour une tenue \u00e9l\u00e9gante.<\/li>\n<li data-sourcepos=\"19:1-20:0\"><strong>Formel :<\/strong> Superposez-le \u00e0 une chemise et \u00e0 une cravate pour un look sophistiqu\u00e9.<\/li>\n<\/ul>\n<p data-sourcepos=\"21:1-21:40\"><strong>Where to Find Men&#8217;s Alpaca Sweaters:<\/strong><\/p>\n<ul data-sourcepos=\"23:1-26:0\">\n<li data-sourcepos=\"23:1-23:116\"><strong><span class=\"citation-7 recitation\">D\u00e9taillants en ligne :<\/span><\/strong><span class=\"citation-7 recitation citation-end-7\"> Amazon, Etsy, and other online retailers offer a wide range of alpaca sweaters.<\/span><\/li>\n<li data-sourcepos=\"23:1-23:116\"><strong style=\"font-size: 14.4px;\">Grands magasins :<\/strong><span style=\"font-size: 14.4px;\"> High-end department stores often carry alpaca sweaters from luxury brands.<\/span><\/li>\n<li data-sourcepos=\"25:1-26:0\"><strong>Magasins sp\u00e9cialis\u00e9s :<\/strong> Look for stores that specialize in luxury fibers and sustainable fashion.<\/li>\n<\/ul>\n<p data-sourcepos=\"27:1-27:223\"><strong>Rappelez-vous :<\/strong> When purchasing an alpaca sweater, look for high-quality, ethically sourced fiber. Also, consider the weight and thickness of the sweater, as this will affect its warmth and suitability for different climates.<\/p>","protected":false},"excerpt":{"rendered":"<table style=\"height: 483px;\" width=\"499\">\n<tbody>\n<tr>\n<td width=\"146\"><strong><b>Produit<\/b><\/strong>\u00a0<strong><b>Nom :<\/b><\/strong><\/td>\n<td width=\"601\"><strong>Pull en alpaga pour hommes<\/strong><\/td>\n<\/tr>\n<tr>\n<td width=\"146\"><strong><b>Materlal :<\/b><\/strong><\/td>\n<td width=\"601\">Polyester\/Coton<\/td>\n<\/tr>\n<tr>\n<td width=\"146\"><strong><b>Techniques :<\/b><\/strong><\/td>\n<td width=\"601\">Tissage<\/td>\n<\/tr>\n<tr>\n<td width=\"146\"><strong><b>Style :<\/b><\/strong><\/td>\n<td width=\"601\">D\u00e9contract\u00e9<\/td>\n<\/tr>\n<tr>\n<td width=\"146\"><strong><b>Couleur<\/b><\/strong><strong><b>:<\/b><\/strong><\/td>\n<td width=\"601\">\u00a0Couleurs personnalis\u00e9es<\/td>\n<\/tr>\n<tr>\n<td width=\"146\"><strong><b>Taille :<\/b><\/strong><\/td>\n<td width=\"601\">S \/M \/L \/XL \/2XL<\/td>\n<\/tr>\n<tr>\n<td width=\"146\"><strong><b>OEM\/ODM :<\/b><\/strong><\/td>\n<td width=\"601\">Acceptable<\/td>\n<\/tr>\n<tr>\n<td width=\"146\"><strong><b>Qualit\u00e9 :<\/b><\/strong><\/td>\n<td width=\"601\">100% Haute qualit\u00e9<\/td>\n<\/tr>\n<tr>\n<td width=\"146\"><strong><b>M<\/b><\/strong><strong><b>OQ :<\/b><\/strong><\/td>\n<td width=\"601\">200 pi\u00e8ces<\/td>\n<\/tr>\n<\/tbody>\n<\/table>","protected":false},"featured_media":1793,"template":"","meta":[],"product_brand":[],"product_cat":[38],"product_tag":[],"class_list":{"0":"post-1792","1":"product","2":"type-product","3":"status-publish","4":"has-post-thumbnail","6":"product_cat-mens-clothing","8":"first","9":"instock","10":"shipping-taxable","11":"product-type-simple"},"_links":{"self":[{"href":"https:\/\/mj-clothing.com\/fr\/wp-json\/wp\/v2\/product\/1792","targetHints":{"allow":["GET"]}}],"collection":[{"href":"https:\/\/mj-clothing.com\/fr\/wp-json\/wp\/v2\/product"}],"about":[{"href":"https:\/\/mj-clothing.com\/fr\/wp-json\/wp\/v2\/types\/product"}],"wp:featuredmedia":[{"embeddable":true,"href":"https:\/\/mj-clothing.com\/fr\/wp-json\/wp\/v2\/media\/1793"}],"wp:attachment":[{"href":"https:\/\/mj-clothing.com\/fr\/wp-json\/wp\/v2\/media?parent=1792"}],"wp:term":[{"taxonomy":"product_brand","embeddable":true,"href":"https:\/\/mj-clothing.com\/fr\/wp-json\/wp\/v2\/product_brand?post=1792"},{"taxonomy":"product_cat","embeddable":true,"href":"https:\/\/mj-clothing.com\/fr\/wp-json\/wp\/v2\/product_cat?post=1792"},{"taxonomy":"product_tag","embeddable":true,"href":"https:\/\/mj-clothing.com\/fr\/wp-json\/wp\/v2\/product_tag?post=1792"}],"curies":[{"name":"wp","href":"https:\/\/api.w.org\/{rel}","templated":true}]}}