{"id":1804,"date":"2024-12-14T06:55:24","date_gmt":"2024-12-14T06:55:24","guid":{"rendered":"https:\/\/mj-clothing.com\/?post_type=product&#038;p=1804"},"modified":"2024-12-17T06:56:31","modified_gmt":"2024-12-17T06:56:31","slug":"mens-cashmere-sweater","status":"publish","type":"product","link":"https:\/\/mj-clothing.com\/fr\/manufacturer\/mens-cashmere-sweater\/","title":{"rendered":"Pull en cachemire pour hommes"},"content":{"rendered":"<p data-sourcepos=\"1:1-1:177\"><span class=\"citation-0 recitation citation-end-0\">Un pull en cachemire pour homme est un v\u00eatement luxueux et intemporel qui offre un confort et une chaleur in\u00e9gal\u00e9s.<\/span> Voici pourquoi vous devriez envisager d'investir dans l'un d'entre eux :<span class=\"button-container hide-from-message-actions ng-star-inserted\"> \u00a0<\/span><\/p>\n<div class=\"container ng-tns-c2946245707-329 hide\">\n<div class=\"carousel-container ng-tns-c2946245707-329\">\n<div class=\"carousel-content ng-tns-c2946245707-329\">\n<div class=\"sources-carousel-source ng-tns-c2946245707-329 hide ng-star-inserted\" data-test-id=\"sources-carousel-source\"><\/div>\n<\/div>\n<\/div>\n<\/div>\n<h3 data-sourcepos=\"3:1-3:34\"><strong>Pourquoi choisir un pull en cachemire pour homme ?<\/strong><\/h3>\n<ul data-sourcepos=\"5:1-9:0\">\n<li data-sourcepos=\"5:1-5:124\"><strong><span class=\"citation-1 recitation\">Douceur exceptionnelle :<\/span><\/strong><span class=\"citation-1 recitation citation-end-1\"> Le cachemire est r\u00e9put\u00e9 pour sa texture incroyablement douce, ce qui en fait un produit agr\u00e9able \u00e0 porter.<\/span><\/li>\n<li data-sourcepos=\"5:1-5:124\"><span class=\"button-container hide-from-message-actions ng-star-inserted\"><strong style=\"font-size: 14.4px;\"><span class=\"citation-2 recitation\">Chaleur sup\u00e9rieure :<\/span><\/strong><span class=\"citation-2 recitation citation-end-2\" style=\"font-size: 14.4px;\"> Malgr\u00e9 sa l\u00e9g\u00e8ret\u00e9, le cachemire offre une excellente isolation et vous garde au chaud par temps froid.<\/span><\/span>\n<div class=\"container ng-tns-c2946245707-331 hide\">\n<div class=\"carousel-container ng-tns-c2946245707-331\"><\/div>\n<\/div>\n<\/li>\n<li data-sourcepos=\"7:1-7:122\"><strong>Durabilit\u00e9 :<\/strong> <span class=\"citation-3 recitation citation-end-3\">Le cachemire de haute qualit\u00e9 est \u00e9tonnamment r\u00e9sistant et peut durer de nombreuses ann\u00e9es s'il est bien entretenu.<\/span><span class=\"button-container hide-from-message-actions ng-star-inserted\">\u00a0<\/span>\n<div class=\"container ng-tns-c2946245707-332 hide\">\n<div class=\"carousel-container ng-tns-c2946245707-332\"><\/div>\n<\/div>\n<\/li>\n<li data-sourcepos=\"8:1-9:0\"><strong><span class=\"citation-4 recitation\">Hypoallerg\u00e9nique :<\/span><\/strong><span class=\"citation-4 recitation citation-end-4\"> Le cachemire est hypoallerg\u00e9nique et convient donc aux personnes \u00e0 la peau sensible.<\/span><span class=\"button-container hide-from-message-actions ng-star-inserted\">\u00a0<\/span>\n<div class=\"container ng-tns-c2946245707-333 hide\">\n<div class=\"carousel-container ng-tns-c2946245707-333\">\n<div class=\"carousel-content ng-tns-c2946245707-333\">\n<div class=\"sources-carousel-source ng-tns-c2946245707-333 hide ng-star-inserted\" data-test-id=\"sources-carousel-source\"><\/div>\n<\/div>\n<\/div>\n<\/div>\n<\/li>\n<\/ul>\n<h3 data-sourcepos=\"10:1-10:36\"><strong>Comment styliser un pull en cachemire pour homme :<\/strong><\/h3>\n<ul data-sourcepos=\"12:1-15:0\">\n<li data-sourcepos=\"12:1-12:77\">\n<h3><strong>D\u00e9contract\u00e9 :<\/strong> Associez-le \u00e0 un jean, un t-shirt et des baskets pour un look d\u00e9contract\u00e9.<\/h3>\n<\/li>\n<li data-sourcepos=\"13:1-13:96\"><strong>D\u00e9contract\u00e9 et \u00e9l\u00e9gant :<\/strong> Portez-le avec des chinos, une chemise boutonn\u00e9e et des mocassins pour une tenue \u00e9l\u00e9gante.<\/li>\n<li data-sourcepos=\"14:1-15:0\"><strong>Formel :<\/strong> Superposez-le \u00e0 une chemise et \u00e0 une cravate pour un look sophistiqu\u00e9.<\/li>\n<\/ul>\n<h3 data-sourcepos=\"16:1-16:42\"><strong>O\u00f9 trouver des pulls en cachemire pour hommes :<\/strong><\/h3>\n<ul data-sourcepos=\"18:1-21:0\">\n<li data-sourcepos=\"18:1-18:90\"><strong>Grands magasins haut de gamme :<\/strong> Recherchez des marques de luxe sp\u00e9cialis\u00e9es dans les tricots fins.<\/li>\n<li data-sourcepos=\"19:1-19:132\"><strong><span class=\"citation-5 recitation\">D\u00e9taillants en ligne :<\/span><\/strong><span class=\"citation-5 recitation citation-end-5\"> Des sites tels qu'Amazon, Etsy et d'autres d\u00e9taillants en ligne proposent une large gamme de pulls en cachemire.<\/span><\/li>\n<li data-sourcepos=\"19:1-19:132\"><strong style=\"font-size: 14.4px;\">Magasins sp\u00e9cialis\u00e9s :<\/strong><span style=\"font-size: 14.4px;\"> Les magasins sp\u00e9cialis\u00e9s dans les fibres de luxe et la mode durable peuvent proposer des pulls en cachemire.<\/span><\/li>\n<\/ul>\n<h3 data-sourcepos=\"22:1-22:41\"><strong>Conseils pour choisir un pull en cachemire pour homme :<\/strong><\/h3>\n<ul data-sourcepos=\"24:1-28:0\">\n<li data-sourcepos=\"24:1-24:94\"><strong>Qualit\u00e9 :<\/strong> Recherchez un cachemire de haute qualit\u00e9, doux, lisse et sans imperfections.<\/li>\n<li data-sourcepos=\"25:1-25:95\"><strong>Poids :<\/strong> Tenez compte du poids du pull, les pulls plus lourds procurant plus de chaleur.<\/li>\n<li data-sourcepos=\"26:1-26:72\"><strong>En forme :<\/strong> Choisissez un pull qui vous va bien et qui flatte votre silhouette.<\/li>\n<li data-sourcepos=\"27:1-28:0\"><strong>Style :<\/strong> Choisissez le style qui vous convient, que ce soit un col ras du cou, un col en V ou un col roul\u00e9.<\/li>\n<\/ul>\n<h4 data-sourcepos=\"29:1-29:37\"><strong>Prendre soin de son pull en cachemire :<\/strong><\/h4>\n<ul data-sourcepos=\"31:1-34:0\">\n<li data-sourcepos=\"31:1-31:50\">Laver \u00e0 la main \u00e0 l'eau froide avec un d\u00e9tergent doux.<\/li>\n<li data-sourcepos=\"32:1-32:31\">S\u00e9cher \u00e0 plat pour \u00e9viter l'\u00e9tirement.<\/li>\n<li data-sourcepos=\"33:1-34:0\">Conserver dans un endroit frais et sec, \u00e0 l'abri de la lumi\u00e8re directe du soleil.<\/li>\n<\/ul>\n<p data-sourcepos=\"35:1-35:144\">En investissant dans un pull en cachemire de haute qualit\u00e9, vous obtenez non seulement un v\u00eatement \u00e9l\u00e9gant et confortable, mais aussi une pi\u00e8ce de luxe intemporelle.<\/p>\n<div class=\"attachment-container search-images\">\n<div class=\"image-container hide-from-message-actions ng-star-inserted\">\n<div class=\"overlay-container ng-star-inserted\"><\/div>\n<\/div>\n<\/div>","protected":false},"excerpt":{"rendered":"<table style=\"height: 529px;\" width=\"500\">\n<tbody>\n<tr>\n<td width=\"146\"><strong><b>Produit<\/b><\/strong>\u00a0<strong><b>Nom :<\/b><\/strong><\/td>\n<td width=\"601\"><strong>Pull en cachemire pour hommes<\/strong><\/td>\n<\/tr>\n<tr>\n<td width=\"146\"><strong><b>Materlal :<\/b><\/strong><\/td>\n<td width=\"601\">Polyester\/Coton<\/td>\n<\/tr>\n<tr>\n<td width=\"146\"><strong><b>Techniques :<\/b><\/strong><\/td>\n<td width=\"601\">Tissage<\/td>\n<\/tr>\n<tr>\n<td width=\"146\"><strong><b>Style :<\/b><\/strong><\/td>\n<td width=\"601\">D\u00e9contract\u00e9<\/td>\n<\/tr>\n<tr>\n<td width=\"146\"><strong><b>Couleur<\/b><\/strong><strong><b>:<\/b><\/strong><\/td>\n<td width=\"601\">\u00a0Couleurs personnalis\u00e9es<\/td>\n<\/tr>\n<tr>\n<td width=\"146\"><strong><b>Taille :<\/b><\/strong><\/td>\n<td width=\"601\">S \/M \/L \/XL \/2XL<\/td>\n<\/tr>\n<tr>\n<td width=\"146\"><strong><b>OEM\/ODM :<\/b><\/strong><\/td>\n<td width=\"601\">Acceptable<\/td>\n<\/tr>\n<tr>\n<td width=\"146\"><strong><b>Qualit\u00e9 :<\/b><\/strong><\/td>\n<td width=\"601\">100% Haute qualit\u00e9<\/td>\n<\/tr>\n<tr>\n<td width=\"146\"><strong><b>M<\/b><\/strong><strong><b>OQ :<\/b><\/strong><\/td>\n<td width=\"601\">200 pi\u00e8ces<\/td>\n<\/tr>\n<\/tbody>\n<\/table>","protected":false},"featured_media":1805,"template":"","meta":[],"product_brand":[],"product_cat":[38],"product_tag":[],"class_list":{"0":"post-1804","1":"product","2":"type-product","3":"status-publish","4":"has-post-thumbnail","6":"product_cat-mens-clothing","8":"first","9":"instock","10":"shipping-taxable","11":"product-type-simple"},"_links":{"self":[{"href":"https:\/\/mj-clothing.com\/fr\/wp-json\/wp\/v2\/product\/1804","targetHints":{"allow":["GET"]}}],"collection":[{"href":"https:\/\/mj-clothing.com\/fr\/wp-json\/wp\/v2\/product"}],"about":[{"href":"https:\/\/mj-clothing.com\/fr\/wp-json\/wp\/v2\/types\/product"}],"wp:featuredmedia":[{"embeddable":true,"href":"https:\/\/mj-clothing.com\/fr\/wp-json\/wp\/v2\/media\/1805"}],"wp:attachment":[{"href":"https:\/\/mj-clothing.com\/fr\/wp-json\/wp\/v2\/media?parent=1804"}],"wp:term":[{"taxonomy":"product_brand","embeddable":true,"href":"https:\/\/mj-clothing.com\/fr\/wp-json\/wp\/v2\/product_brand?post=1804"},{"taxonomy":"product_cat","embeddable":true,"href":"https:\/\/mj-clothing.com\/fr\/wp-json\/wp\/v2\/product_cat?post=1804"},{"taxonomy":"product_tag","embeddable":true,"href":"https:\/\/mj-clothing.com\/fr\/wp-json\/wp\/v2\/product_tag?post=1804"}],"curies":[{"name":"wp","href":"https:\/\/api.w.org\/{rel}","templated":true}]}}