{"id":1806,"date":"2024-12-14T06:59:55","date_gmt":"2024-12-14T06:59:55","guid":{"rendered":"https:\/\/mj-clothing.com\/?post_type=product&#038;p=1806"},"modified":"2024-12-17T06:54:59","modified_gmt":"2024-12-17T06:54:59","slug":"mens-slim-fit-sweater","status":"publish","type":"product","link":"https:\/\/mj-clothing.com\/fr\/manufacturer\/mens-slim-fit-sweater\/","title":{"rendered":"Pull Slim Fit pour hommes"},"content":{"rendered":"<p data-sourcepos=\"1:1-1:224\"><span class=\"citation-0 recitation citation-end-0\">Un pull slim pour homme est un v\u00eatement polyvalent qui offre un look \u00e9l\u00e9gant et moderne.<\/span> <span class=\"citation-1 recitation citation-end-1\">Il est con\u00e7u pour s'ajuster au plus pr\u00e8s du corps, mettant en valeur votre physique tout en vous apportant confort et chaleur.<\/span><\/p>\n<h3 data-sourcepos=\"1:1-1:224\"><strong>\u00a0 \u00a0 Pourquoi choisir un chandail ajust\u00e9 pour hommes ?<\/strong><\/h3>\n<ul data-sourcepos=\"5:1-9:0\">\n<li data-sourcepos=\"5:1-5:95\"><strong><span class=\"citation-2 recitation\">\u00c9l\u00e9gant et moderne :<\/span><\/strong><span class=\"citation-2 recitation citation-end-2\"> Ce pull \u00e0 la coupe ajust\u00e9e offre un look contemporain et \u00e9l\u00e9gant.<\/span>\n<div class=\"container ng-tns-c2946245707-350 hide\">\n<div class=\"carousel-container ng-tns-c2946245707-350\"><\/div>\n<\/div>\n<\/li>\n<li data-sourcepos=\"6:1-6:103\"><strong>Coupe flatteuse :<\/strong> Il peut contribuer \u00e0 accentuer votre physique et \u00e0 cr\u00e9er une silhouette plus a\u00e9rodynamique.<\/li>\n<li data-sourcepos=\"7:1-7:89\"><strong>Polyvalence :<\/strong> Il peut \u00eatre habill\u00e9 ou d\u00e9contract\u00e9, ce qui le rend parfait pour diverses occasions.<\/li>\n<li data-sourcepos=\"8:1-9:0\"><strong>Confort :<\/strong> Malgr\u00e9 son style ajust\u00e9, un pull slim bien fait peut \u00eatre incroyablement confortable.<\/li>\n<\/ul>\n<h3 data-sourcepos=\"10:1-10:36\"><strong>Comment styliser un pull ajust\u00e9 pour homme :<\/strong><\/h3>\n<ul data-sourcepos=\"12:1-15:0\">\n<li data-sourcepos=\"12:1-12:77\"><strong>D\u00e9contract\u00e9 :<\/strong> Associez-le \u00e0 un jean, un t-shirt et des baskets pour un look d\u00e9contract\u00e9.<\/li>\n<li data-sourcepos=\"13:1-13:96\"><strong>D\u00e9contract\u00e9 et \u00e9l\u00e9gant :<\/strong> Portez-le avec des chinos, une chemise boutonn\u00e9e et des mocassins pour une tenue \u00e9l\u00e9gante.<\/li>\n<li data-sourcepos=\"14:1-15:0\"><strong>Formel :<\/strong> Superposez-le \u00e0 une chemise et \u00e0 une cravate pour un look sophistiqu\u00e9.<\/li>\n<\/ul>\n<h3 data-sourcepos=\"16:1-16:41\"><strong>Conseils pour le choix d'un chandail ajust\u00e9 pour hommes :<\/strong><\/h3>\n<ul data-sourcepos=\"18:1-22:0\">\n<li data-sourcepos=\"18:1-18:164\"><strong>Mat\u00e9riau :<\/strong> Tenez compte de la mati\u00e8re, car elle influera sur la chaleur, le confort et la durabilit\u00e9 du pull. <span class=\"citation-3 recitation citation-end-3\">La laine, le cachemire et le coton sont des choix populaires.<\/span><\/li>\n<li data-sourcepos=\"18:1-18:164\"><strong style=\"font-size: 14.4px;\">En forme :<\/strong><span style=\"font-size: 14.4px;\"> Veillez \u00e0 ce que le pull soit bien ajust\u00e9, sans \u00eatre trop serr\u00e9 ou trop l\u00e2che.<\/span><\/li>\n<li data-sourcepos=\"20:1-20:103\"><strong>Style :<\/strong> Choisissez un style qui correspond \u00e0 vos go\u00fbts personnels, comme un col ras du cou, un col en V ou un col roul\u00e9.<\/li>\n<li data-sourcepos=\"21:1-22:0\"><strong>Couleur :<\/strong> Pensez \u00e0 la couleur et au motif du pull pour compl\u00e9ter votre garde-robe.<\/li>\n<\/ul>\n<p data-sourcepos=\"23:1-23:96\"><strong>Rappelez-vous :<\/strong> Un pull bien ajust\u00e9 peut rehausser votre style et vous mettre en valeur.<\/p>","protected":false},"excerpt":{"rendered":"<table style=\"height: 520px;\" width=\"518\">\n<tbody>\n<tr>\n<td width=\"146\"><strong><b>Produit<\/b><\/strong>\u00a0<strong><b>Nom :<\/b><\/strong><\/td>\n<td width=\"601\"><strong>Pull Slim Fit pour hommes<\/strong><\/td>\n<\/tr>\n<tr>\n<td width=\"146\"><strong><b>Materlal :<\/b><\/strong><\/td>\n<td width=\"601\">Polyester\/Coton<\/td>\n<\/tr>\n<tr>\n<td width=\"146\"><strong><b>Techniques :<\/b><\/strong><\/td>\n<td width=\"601\">Tissage<\/td>\n<\/tr>\n<tr>\n<td width=\"146\"><strong><b>Style :<\/b><\/strong><\/td>\n<td width=\"601\">D\u00e9contract\u00e9<\/td>\n<\/tr>\n<tr>\n<td width=\"146\"><strong><b>Couleur<\/b><\/strong><strong><b>:<\/b><\/strong><\/td>\n<td width=\"601\">\u00a0Couleurs personnalis\u00e9es<\/td>\n<\/tr>\n<tr>\n<td width=\"146\"><strong><b>Taille :<\/b><\/strong><\/td>\n<td width=\"601\">S \/M \/L \/XL \/2XL<\/td>\n<\/tr>\n<tr>\n<td width=\"146\"><strong><b>OEM\/ODM :<\/b><\/strong><\/td>\n<td width=\"601\">Acceptable<\/td>\n<\/tr>\n<tr>\n<td width=\"146\"><strong><b>Qualit\u00e9 :<\/b><\/strong><\/td>\n<td width=\"601\">100% Haute qualit\u00e9<\/td>\n<\/tr>\n<tr>\n<td width=\"146\"><strong><b>M<\/b><\/strong><strong><b>OQ :<\/b><\/strong><\/td>\n<td width=\"601\">200 pi\u00e8ces<\/td>\n<\/tr>\n<\/tbody>\n<\/table>","protected":false},"featured_media":1807,"template":"","meta":[],"product_brand":[],"product_cat":[38],"product_tag":[],"class_list":{"0":"post-1806","1":"product","2":"type-product","3":"status-publish","4":"has-post-thumbnail","6":"product_cat-mens-clothing","8":"first","9":"instock","10":"shipping-taxable","11":"product-type-simple"},"_links":{"self":[{"href":"https:\/\/mj-clothing.com\/fr\/wp-json\/wp\/v2\/product\/1806","targetHints":{"allow":["GET"]}}],"collection":[{"href":"https:\/\/mj-clothing.com\/fr\/wp-json\/wp\/v2\/product"}],"about":[{"href":"https:\/\/mj-clothing.com\/fr\/wp-json\/wp\/v2\/types\/product"}],"wp:featuredmedia":[{"embeddable":true,"href":"https:\/\/mj-clothing.com\/fr\/wp-json\/wp\/v2\/media\/1807"}],"wp:attachment":[{"href":"https:\/\/mj-clothing.com\/fr\/wp-json\/wp\/v2\/media?parent=1806"}],"wp:term":[{"taxonomy":"product_brand","embeddable":true,"href":"https:\/\/mj-clothing.com\/fr\/wp-json\/wp\/v2\/product_brand?post=1806"},{"taxonomy":"product_cat","embeddable":true,"href":"https:\/\/mj-clothing.com\/fr\/wp-json\/wp\/v2\/product_cat?post=1806"},{"taxonomy":"product_tag","embeddable":true,"href":"https:\/\/mj-clothing.com\/fr\/wp-json\/wp\/v2\/product_tag?post=1806"}],"curies":[{"name":"wp","href":"https:\/\/api.w.org\/{rel}","templated":true}]}}