{"id":1819,"date":"2024-12-14T07:53:41","date_gmt":"2024-12-14T07:53:41","guid":{"rendered":"https:\/\/mj-clothing.com\/?post_type=product&#038;p=1819"},"modified":"2024-12-17T06:39:12","modified_gmt":"2024-12-17T06:39:12","slug":"royal-blue-jacket","status":"publish","type":"product","link":"https:\/\/mj-clothing.com\/fr\/manufacturer\/royal-blue-jacket\/","title":{"rendered":"Veste bleu royal"},"content":{"rendered":"<p data-sourcepos=\"1:1-1:164\">Une veste bleu roi est une pi\u00e8ce polyvalente qui peut rehausser n'importe quelle tenue. C'est une couleur riche et vibrante qui peut ajouter une touche de sophistication et de style \u00e0 votre garde-robe.<\/p>\n<h3 data-sourcepos=\"3:1-3:35\"><strong>Pourquoi choisir une veste bleu royal ?<\/strong><\/h3>\n<ul data-sourcepos=\"5:1-8:0\">\n<li data-sourcepos=\"5:1-5:106\"><strong>Polyvalence :<\/strong> Une veste bleu roi peut \u00eatre habill\u00e9e ou d\u00e9contract\u00e9e, ce qui la rend parfaite pour diverses occasions.<\/li>\n<li data-sourcepos=\"6:1-6:72\"><strong>Sophistication :<\/strong> La couleur riche ajoute une touche d'\u00e9l\u00e9gance et de classe.<\/li>\n<li data-sourcepos=\"7:1-8:0\"><strong>Style unique :<\/strong> Il se d\u00e9marque de la foule et fait une d\u00e9claration audacieuse.<\/li>\n<\/ul>\n<h3 data-sourcepos=\"9:1-9:37\"><strong>Comment styliser une veste bleu roi :<\/strong><\/h3>\n<ul data-sourcepos=\"11:1-14:0\">\n<li data-sourcepos=\"11:1-11:77\"><strong>D\u00e9contract\u00e9 :<\/strong> Associez-le \u00e0 un jean, un t-shirt et des baskets pour un look d\u00e9contract\u00e9.<\/li>\n<li data-sourcepos=\"12:1-12:96\"><strong>D\u00e9contract\u00e9 et \u00e9l\u00e9gant :<\/strong> Portez-le avec des chinos, une chemise boutonn\u00e9e et des mocassins pour une tenue \u00e9l\u00e9gante.<\/li>\n<li data-sourcepos=\"13:1-14:0\"><strong>Formel :<\/strong> Superposez-le \u00e0 une veste de costume pour donner une touche unique \u00e0 votre tenue de soir\u00e9e.<\/li>\n<\/ul>\n<h3 data-sourcepos=\"15:1-15:42\"><strong>Conseils pour choisir une veste bleu roi :<\/strong><\/h3>\n<ul data-sourcepos=\"17:1-20:0\">\n<li data-sourcepos=\"17:1-17:154\"><strong>Mat\u00e9riau :<\/strong> Tenez compte de la mati\u00e8re, car elle influencera la chaleur, la durabilit\u00e9 et l'aspect g\u00e9n\u00e9ral de la veste. La laine, le coton et le cuir sont des choix populaires.<\/li>\n<li data-sourcepos=\"18:1-18:71\"><strong>En forme :<\/strong> Choisissez une veste qui vous va bien et qui flatte votre silhouette.<\/li>\n<li data-sourcepos=\"19:1-20:0\"><strong>Style :<\/strong> Choisissez un style qui correspond \u00e0 vos go\u00fbts personnels, comme une veste de bombardier, une veste de campagne ou un blazer.<\/li>\n<\/ul>","protected":false},"excerpt":{"rendered":"<table style=\"height: 563px;\" width=\"468\">\n<tbody>\n<tr>\n<td width=\"146\"><strong><b>Produit<\/b><\/strong>\u00a0<strong><b>Nom :<\/b><\/strong><\/td>\n<td width=\"601\"><strong>Veste bleu royal<\/strong><\/td>\n<\/tr>\n<tr>\n<td width=\"146\"><strong><b>Materlal :<\/b><\/strong><\/td>\n<td width=\"601\">Polyester\/Coton<\/td>\n<\/tr>\n<tr>\n<td width=\"146\"><strong><b>Techniques :<\/b><\/strong><\/td>\n<td width=\"601\">Coton uni<\/td>\n<\/tr>\n<tr>\n<td width=\"146\"><strong><b>Style :<\/b><\/strong><\/td>\n<td width=\"601\">D\u00e9contract\u00e9<\/td>\n<\/tr>\n<tr>\n<td width=\"146\"><strong><b>Couleur<\/b><\/strong><strong><b>:<\/b><\/strong><\/td>\n<td width=\"601\">\u00a0Couleurs personnalis\u00e9es<\/td>\n<\/tr>\n<tr>\n<td width=\"146\"><strong><b>Taille :<\/b><\/strong><\/td>\n<td width=\"601\">S \/M \/L \/XL \/2XL<\/td>\n<\/tr>\n<tr>\n<td width=\"146\"><strong><b>OEM\/ODM :<\/b><\/strong><\/td>\n<td width=\"601\">Acceptable<\/td>\n<\/tr>\n<tr>\n<td width=\"146\"><strong><b>Qualit\u00e9 :<\/b><\/strong><\/td>\n<td width=\"601\">100% Haute qualit\u00e9<\/td>\n<\/tr>\n<tr>\n<td width=\"146\"><strong><b>M<\/b><\/strong><strong><b>OQ :<\/b><\/strong><\/td>\n<td width=\"601\">200 pi\u00e8ces<\/td>\n<\/tr>\n<\/tbody>\n<\/table>","protected":false},"featured_media":1820,"template":"","meta":[],"product_brand":[],"product_cat":[38],"product_tag":[],"class_list":{"0":"post-1819","1":"product","2":"type-product","3":"status-publish","4":"has-post-thumbnail","6":"product_cat-mens-clothing","8":"first","9":"instock","10":"shipping-taxable","11":"product-type-simple"},"_links":{"self":[{"href":"https:\/\/mj-clothing.com\/fr\/wp-json\/wp\/v2\/product\/1819","targetHints":{"allow":["GET"]}}],"collection":[{"href":"https:\/\/mj-clothing.com\/fr\/wp-json\/wp\/v2\/product"}],"about":[{"href":"https:\/\/mj-clothing.com\/fr\/wp-json\/wp\/v2\/types\/product"}],"wp:featuredmedia":[{"embeddable":true,"href":"https:\/\/mj-clothing.com\/fr\/wp-json\/wp\/v2\/media\/1820"}],"wp:attachment":[{"href":"https:\/\/mj-clothing.com\/fr\/wp-json\/wp\/v2\/media?parent=1819"}],"wp:term":[{"taxonomy":"product_brand","embeddable":true,"href":"https:\/\/mj-clothing.com\/fr\/wp-json\/wp\/v2\/product_brand?post=1819"},{"taxonomy":"product_cat","embeddable":true,"href":"https:\/\/mj-clothing.com\/fr\/wp-json\/wp\/v2\/product_cat?post=1819"},{"taxonomy":"product_tag","embeddable":true,"href":"https:\/\/mj-clothing.com\/fr\/wp-json\/wp\/v2\/product_tag?post=1819"}],"curies":[{"name":"wp","href":"https:\/\/api.w.org\/{rel}","templated":true}]}}