{"id":1825,"date":"2024-12-16T02:30:24","date_gmt":"2024-12-16T02:30:24","guid":{"rendered":"https:\/\/mj-clothing.com\/?post_type=product&#038;p=1825"},"modified":"2024-12-17T06:30:13","modified_gmt":"2024-12-17T06:30:13","slug":"alchemai-hoodie","status":"publish","type":"product","link":"https:\/\/mj-clothing.com\/fr\/manufacturer\/alchemai-hoodie\/","title":{"rendered":"Alchemai Hoodie"},"content":{"rendered":"<h3 data-sourcepos=\"1:1-1:266\">Alchemai Hoodie<\/h3>\n<p data-sourcepos=\"1:1-1:266\">Le sweat \u00e0 capuche Alchemai est un v\u00eatement \u00e9l\u00e9gant et confortable, parfait pour \u00eatre port\u00e9 tous les jours. Il est fabriqu\u00e9 \u00e0 partir de mat\u00e9riaux de haute qualit\u00e9 et est disponible dans une vari\u00e9t\u00e9 de couleurs. Le sweat \u00e0 capuche est \u00e9galement tr\u00e8s abordable, ce qui en fait une excellente option pour les personnes disposant d'un budget limit\u00e9.<\/p>\n<p data-sourcepos=\"3:1-3:57\">Voici quelques-unes des principales caract\u00e9ristiques de l'Alchemai Hoodie :<\/p>\n<ul data-sourcepos=\"5:1-10:0\">\n<li data-sourcepos=\"5:1-5:153\"><strong>Fabriqu\u00e9 \u00e0 partir de mat\u00e9riaux de haute qualit\u00e9 :<\/strong> Le sweat \u00e0 capuche est fabriqu\u00e9 dans une mati\u00e8re molletonn\u00e9e douce et confortable, parfaite pour vous tenir au chaud par temps froid.<\/li>\n<li data-sourcepos=\"6:1-6:122\"><strong>Disponible dans une vari\u00e9t\u00e9 de couleurs :<\/strong> Vous pouvez choisir parmi une vari\u00e9t\u00e9 de couleurs pour trouver le sweat \u00e0 capuche parfait pour votre style.<\/li>\n<li data-sourcepos=\"7:1-7:97\"><strong>Abordable :<\/strong> Le sweat \u00e0 capuche est tr\u00e8s abordable, ce qui en fait une excellente option pour les personnes disposant d'un budget limit\u00e9.<\/li>\n<li data-sourcepos=\"8:1-8:103\"><strong>Confortable :<\/strong> Le sweat \u00e0 capuche est tr\u00e8s agr\u00e9able \u00e0 porter, gr\u00e2ce \u00e0 sa conception souple et ample.<\/li>\n<li data-sourcepos=\"9:1-10:0\"><strong>\u00c9l\u00e9gant :<\/strong> Le sweat \u00e0 capuche est \u00e9galement tr\u00e8s \u00e9l\u00e9gant et peut \u00eatre facilement habill\u00e9 ou d\u00e9contract\u00e9.<\/li>\n<\/ul>\n<p data-sourcepos=\"11:1-11:174\">Si vous \u00eates \u00e0 la recherche d'un sweat \u00e0 capuche \u00e9l\u00e9gant et confortable \u00e0 un prix abordable, le sweat \u00e0 capuche Alchemai est une excellente option. Vous pouvez le trouver en ligne ou chez votre revendeur local.<\/p>","protected":false},"excerpt":{"rendered":"<table style=\"height: 538px;\" width=\"470\">\n<tbody>\n<tr>\n<td width=\"146\"><strong><b>Produit<\/b><\/strong>\u00a0<strong><b>Nom :<\/b><\/strong><\/td>\n<td width=\"601\"><strong>Alchemai Hoodie<\/strong><\/td>\n<\/tr>\n<tr>\n<td width=\"146\"><strong><b>Materlal :<\/b><\/strong><\/td>\n<td width=\"601\">Polyester\/Coton<\/td>\n<\/tr>\n<tr>\n<td width=\"146\"><strong><b>Techniques :<\/b><\/strong><\/td>\n<td width=\"601\">Impression et teinture<\/td>\n<\/tr>\n<tr>\n<td width=\"146\"><strong><b>Style :<\/b><\/strong><\/td>\n<td width=\"601\">D\u00e9contract\u00e9<\/td>\n<\/tr>\n<tr>\n<td width=\"146\"><strong><b>Couleur<\/b><\/strong><strong><b>:<\/b><\/strong><\/td>\n<td width=\"601\">\u00a0Couleurs personnalis\u00e9es<\/td>\n<\/tr>\n<tr>\n<td width=\"146\"><strong><b>Taille :<\/b><\/strong><\/td>\n<td width=\"601\">S \/M \/L \/XL \/2XL<\/td>\n<\/tr>\n<tr>\n<td width=\"146\"><strong><b>OEM\/ODM :<\/b><\/strong><\/td>\n<td width=\"601\">Acceptable<\/td>\n<\/tr>\n<tr>\n<td width=\"146\"><strong><b>Qualit\u00e9 :<\/b><\/strong><\/td>\n<td width=\"601\">100% Haute qualit\u00e9<\/td>\n<\/tr>\n<tr>\n<td width=\"146\"><strong><b>M<\/b><\/strong><strong><b>OQ :<\/b><\/strong><\/td>\n<td width=\"601\">200 pi\u00e8ces<\/td>\n<\/tr>\n<\/tbody>\n<\/table>","protected":false},"featured_media":1826,"template":"","meta":[],"product_brand":[],"product_cat":[38],"product_tag":[],"class_list":{"0":"post-1825","1":"product","2":"type-product","3":"status-publish","4":"has-post-thumbnail","6":"product_cat-mens-clothing","8":"first","9":"instock","10":"shipping-taxable","11":"product-type-simple"},"_links":{"self":[{"href":"https:\/\/mj-clothing.com\/fr\/wp-json\/wp\/v2\/product\/1825","targetHints":{"allow":["GET"]}}],"collection":[{"href":"https:\/\/mj-clothing.com\/fr\/wp-json\/wp\/v2\/product"}],"about":[{"href":"https:\/\/mj-clothing.com\/fr\/wp-json\/wp\/v2\/types\/product"}],"wp:featuredmedia":[{"embeddable":true,"href":"https:\/\/mj-clothing.com\/fr\/wp-json\/wp\/v2\/media\/1826"}],"wp:attachment":[{"href":"https:\/\/mj-clothing.com\/fr\/wp-json\/wp\/v2\/media?parent=1825"}],"wp:term":[{"taxonomy":"product_brand","embeddable":true,"href":"https:\/\/mj-clothing.com\/fr\/wp-json\/wp\/v2\/product_brand?post=1825"},{"taxonomy":"product_cat","embeddable":true,"href":"https:\/\/mj-clothing.com\/fr\/wp-json\/wp\/v2\/product_cat?post=1825"},{"taxonomy":"product_tag","embeddable":true,"href":"https:\/\/mj-clothing.com\/fr\/wp-json\/wp\/v2\/product_tag?post=1825"}],"curies":[{"name":"wp","href":"https:\/\/api.w.org\/{rel}","templated":true}]}}