{"id":1834,"date":"2024-12-16T03:01:13","date_gmt":"2024-12-16T03:01:13","guid":{"rendered":"https:\/\/mj-clothing.com\/?post_type=product&#038;p=1834"},"modified":"2024-12-17T06:27:12","modified_gmt":"2024-12-17T06:27:12","slug":"pullover-hoodie","status":"publish","type":"product","link":"https:\/\/mj-clothing.com\/fr\/manufacturer\/pullover-hoodie\/","title":{"rendered":"Pull \u00e0 capuche"},"content":{"rendered":"<p data-sourcepos=\"1:1-1:345\"><span class=\"citation-0 recitation citation-end-0\">Un pull \u00e0 capuche est un v\u00eatement d\u00e9contract\u00e9 et confortable, parfait pour \u00eatre port\u00e9 tous les jours.<\/span> <span class=\"citation-1 recitation citation-end-1\">Il est g\u00e9n\u00e9ralement dot\u00e9 d'une capuche, d'une poche kangourou, de poignets et d'une taille \u00e9lastiques.<\/span> <span class=\"citation-2 recitation citation-end-2\">Les pulls \u00e0 capuche sont souvent fabriqu\u00e9s dans des mati\u00e8res douces et chaudes comme le polaire ou le coton, ce qui les rend id\u00e9aux pour les temps plus froids.<\/span><\/p>\n<h3 data-sourcepos=\"3:1-3:38\"><strong>Caract\u00e9ristiques principales d'un pull-over-capuche :<\/strong><\/h3>\n<ul data-sourcepos=\"5:1-9:0\">\n<li data-sourcepos=\"5:1-5:61\"><strong>Capuchon :<\/strong> Apporte chaleur et protection contre les \u00e9l\u00e9ments.<\/li>\n<li data-sourcepos=\"6:1-6:125\"><strong><span class=\"citation-3 recitation\">Poche kangourou :<\/span><\/strong><span class=\"citation-3 recitation citation-end-3\"> Une grande poche frontale, id\u00e9ale pour garder les mains au chaud ou transporter de petits objets.<\/span><span class=\"button-container hide-from-message-actions ng-star-inserted\"> \u00a0<\/span>\n<div class=\"container ng-tns-c2946245707-75 hide\">\n<div class=\"carousel-container ng-tns-c2946245707-75\"><\/div>\n<\/div>\n<\/li>\n<li data-sourcepos=\"7:1-7:74\"><strong>Poignets et ceinture \u00e9lastiques :<\/strong> Garantit un ajustement confortable et ajust\u00e9.<\/li>\n<li data-sourcepos=\"8:1-9:0\"><strong><span class=\"citation-4 recitation\">Mati\u00e8re douce et chaude :<\/span><\/strong><span class=\"citation-4 recitation citation-end-4\"> Ils sont souvent fabriqu\u00e9s en polaire ou en coton pour un confort optimal.<\/span>\n<div class=\"container ng-tns-c2946245707-76 hide\">\n<div class=\"carousel-container ng-tns-c2946245707-76\">\n<div class=\"carousel-content ng-tns-c2946245707-76\">\n<div class=\"sources-carousel-source ng-tns-c2946245707-76 hide ng-star-inserted\" data-test-id=\"sources-carousel-source\"><\/div>\n<\/div>\n<\/div>\n<\/div>\n<\/li>\n<\/ul>\n<h3 data-sourcepos=\"10:1-10:35\"><strong>Comment styliser un pull-over ou un sweat \u00e0 capuche :<\/strong><\/h3>\n<p data-sourcepos=\"12:1-12:118\"><span class=\"citation-5 recitation citation-end-5\">Les pulls \u00e0 capuche sont incroyablement polyvalents et peuvent \u00eatre stylis\u00e9s de multiples fa\u00e7ons.<\/span> Voici quelques id\u00e9es :<\/p>\n<p data-sourcepos=\"12:1-12:118\"><strong>D\u00e9contract\u00e9 :<\/strong> Associez un pull \u00e0 capuche \u00e0 un jean et des baskets pour un look d\u00e9contract\u00e9 et confortable.<\/p>\n<ul data-sourcepos=\"14:1-18:0\">\n<li data-sourcepos=\"15:1-15:93\"><strong>Sportif :<\/strong> Portez un pull-hoodies avec un pantalon de surv\u00eatement ou un jogging pour un look sportif et actif.<\/li>\n<li data-sourcepos=\"16:1-16:92\"><strong>En couches :<\/strong> Pour plus de chaleur, superposez un pull-over sur un t-shirt ou une chemise \u00e0 manches longues.<\/li>\n<li data-sourcepos=\"17:1-18:0\"><strong>D\u00e9contract\u00e9 et habill\u00e9 :<\/strong> Habillez un pull \u00e0 capuche en l'associant \u00e0 une veste en cuir, un jean fonc\u00e9 et des bottes.<\/li>\n<\/ul>\n<h3 data-sourcepos=\"19:1-19:39\"><strong>Marques populaires de Pullover-Hoodies :<\/strong><\/h3>\n<ul data-sourcepos=\"21:1-26:0\">\n<li data-sourcepos=\"21:1-21:77\"><strong><span class=\"citation-6 recitation\">Champion :<\/span><\/strong><span class=\"citation-6 recitation citation-end-6\"> R\u00e9put\u00e9s pour leur qualit\u00e9 et leur style classique.<\/span><span class=\"button-container hide-from-message-actions ng-star-inserted\"> \u00a0<\/span>\n<div class=\"container ng-tns-c2946245707-78 hide\">\n<div class=\"carousel-container ng-tns-c2946245707-78\"><\/div>\n<\/div>\n<\/li>\n<li data-sourcepos=\"22:1-22:81\"><strong>Nike :<\/strong> Offre une large gamme de sweats \u00e0 capuche dans diff\u00e9rents styles et couleurs.<\/li>\n<li data-sourcepos=\"23:1-23:58\"><strong>Adidas :<\/strong> Connus pour leurs designs athl\u00e9tiques et sportifs.<\/li>\n<li data-sourcepos=\"24:1-24:63\"><strong>H&amp;M :<\/strong> Fournit des pulls-hoodies abordables et \u00e0 la mode.<\/li>\n<li data-sourcepos=\"25:1-26:0\"><strong>Zara :<\/strong> Offre des pull-overs \u00e9l\u00e9gants et \u00e0 la mode.<\/li>\n<\/ul>","protected":false},"excerpt":{"rendered":"<table style=\"height: 508px;\" width=\"446\">\n<tbody>\n<tr>\n<td width=\"146\"><strong><b>Produit<\/b><\/strong>\u00a0<strong><b>Nom :<\/b><\/strong><\/td>\n<td width=\"601\"><strong>Pull \u00e0 capuche<\/strong><\/td>\n<\/tr>\n<tr>\n<td width=\"146\"><strong><b>Materlal :<\/b><\/strong><\/td>\n<td width=\"601\">Polyester\/Coton<\/td>\n<\/tr>\n<tr>\n<td width=\"146\"><strong><b>Techniques :<\/b><\/strong><\/td>\n<td width=\"601\">Impression et teinture<\/td>\n<\/tr>\n<tr>\n<td width=\"146\"><strong><b>Style :<\/b><\/strong><\/td>\n<td width=\"601\">D\u00e9contract\u00e9<\/td>\n<\/tr>\n<tr>\n<td width=\"146\"><strong><b>Couleur<\/b><\/strong><strong><b>:<\/b><\/strong><\/td>\n<td width=\"601\">\u00a0Couleurs personnalis\u00e9es<\/td>\n<\/tr>\n<tr>\n<td width=\"146\"><strong><b>Taille :<\/b><\/strong><\/td>\n<td width=\"601\">S \/M \/L \/XL \/2XL<\/td>\n<\/tr>\n<tr>\n<td width=\"146\"><strong><b>OEM\/ODM :<\/b><\/strong><\/td>\n<td width=\"601\">Acceptable<\/td>\n<\/tr>\n<tr>\n<td width=\"146\"><strong><b>Qualit\u00e9 :<\/b><\/strong><\/td>\n<td width=\"601\">100% Haute qualit\u00e9<\/td>\n<\/tr>\n<tr>\n<td width=\"146\"><strong><b>M<\/b><\/strong><strong><b>OQ :<\/b><\/strong><\/td>\n<td width=\"601\">200 pi\u00e8ces<\/td>\n<\/tr>\n<\/tbody>\n<\/table>","protected":false},"featured_media":1836,"template":"","meta":[],"product_brand":[],"product_cat":[38],"product_tag":[],"class_list":{"0":"post-1834","1":"product","2":"type-product","3":"status-publish","4":"has-post-thumbnail","6":"product_cat-mens-clothing","8":"first","9":"instock","10":"shipping-taxable","11":"product-type-simple"},"_links":{"self":[{"href":"https:\/\/mj-clothing.com\/fr\/wp-json\/wp\/v2\/product\/1834","targetHints":{"allow":["GET"]}}],"collection":[{"href":"https:\/\/mj-clothing.com\/fr\/wp-json\/wp\/v2\/product"}],"about":[{"href":"https:\/\/mj-clothing.com\/fr\/wp-json\/wp\/v2\/types\/product"}],"wp:featuredmedia":[{"embeddable":true,"href":"https:\/\/mj-clothing.com\/fr\/wp-json\/wp\/v2\/media\/1836"}],"wp:attachment":[{"href":"https:\/\/mj-clothing.com\/fr\/wp-json\/wp\/v2\/media?parent=1834"}],"wp:term":[{"taxonomy":"product_brand","embeddable":true,"href":"https:\/\/mj-clothing.com\/fr\/wp-json\/wp\/v2\/product_brand?post=1834"},{"taxonomy":"product_cat","embeddable":true,"href":"https:\/\/mj-clothing.com\/fr\/wp-json\/wp\/v2\/product_cat?post=1834"},{"taxonomy":"product_tag","embeddable":true,"href":"https:\/\/mj-clothing.com\/fr\/wp-json\/wp\/v2\/product_tag?post=1834"}],"curies":[{"name":"wp","href":"https:\/\/api.w.org\/{rel}","templated":true}]}}