{"id":1837,"date":"2024-12-16T03:05:25","date_gmt":"2024-12-16T03:05:25","guid":{"rendered":"https:\/\/mj-clothing.com\/?post_type=product&#038;p=1837"},"modified":"2024-12-17T06:26:09","modified_gmt":"2024-12-17T06:26:09","slug":"akimbo-hoodie","status":"publish","type":"product","link":"https:\/\/mj-clothing.com\/fr\/manufacturer\/akimbo-hoodie\/","title":{"rendered":"Sweat \u00e0 capuche Akimbo"},"content":{"rendered":"<p data-sourcepos=\"1:1-1:237\">Le sweat \u00e0 capuche Akimbo est un mod\u00e8le populaire connu pour sa coupe d\u00e9contract\u00e9e et surdimensionn\u00e9e et sa mati\u00e8re douce et confortable. Il est souvent fabriqu\u00e9 en polaire ou en coton de haute qualit\u00e9 et comporte une capuche \u00e0 cordon de serrage, une poche kangourou, des poignets et une ceinture c\u00f4tel\u00e9s.<\/p>\n<h3 data-sourcepos=\"3:1-3:38\"><strong>Principales caract\u00e9ristiques du sweat \u00e0 capuche Akimbo :<\/strong><\/h3>\n<ul data-sourcepos=\"5:1-10:0\">\n<li data-sourcepos=\"5:1-5:77\"><strong>Coupe surdimensionn\u00e9e :<\/strong> Une coupe ample et confortable, parfaite pour les superpositions.<\/li>\n<li data-sourcepos=\"6:1-6:91\"><strong>Mati\u00e8re souple :<\/strong> Ils sont g\u00e9n\u00e9ralement fabriqu\u00e9s en polaire ou en coton de haute qualit\u00e9 pour un maximum de confort.<\/li>\n<li data-sourcepos=\"7:1-7:89\"><strong>Capuche \u00e0 cordon de serrage :<\/strong> Capuche r\u00e9glable pour plus de chaleur et de protection contre les \u00e9l\u00e9ments.<\/li>\n<li data-sourcepos=\"8:1-8:111\"><strong><span class=\"citation-0 recitation\">Poche kangourou :<\/span><\/strong><span class=\"citation-0 recitation citation-end-0\"> Une poche frontale spacieuse pour garder les mains au chaud ou ranger de petits objets.<\/span><span class=\"button-container hide-from-message-actions ng-star-inserted\"> \u00a0<\/span>\n<div class=\"container ng-tns-c2946245707-91 hide\">\n<div class=\"carousel-container ng-tns-c2946245707-91\"><\/div>\n<\/div>\n<\/li>\n<li data-sourcepos=\"9:1-10:0\"><strong>Poignets et ceinture c\u00f4tel\u00e9s :<\/strong> Garantit un ajustement serr\u00e9 et confortable.<\/li>\n<\/ul>\n<h3 data-sourcepos=\"11:1-11:35\"><strong>Comment styliser le sweat \u00e0 capuche Akimbo :<\/strong><\/h3>\n<p data-sourcepos=\"13:1-13:103\">Le sweat \u00e0 capuche Akimbo est une pi\u00e8ce polyvalente qui peut \u00eatre stylis\u00e9e de nombreuses fa\u00e7ons. Voici quelques id\u00e9es :<\/p>\n<ul data-sourcepos=\"15:1-18:0\">\n<li data-sourcepos=\"15:1-15:105\"><strong>D\u00e9contract\u00e9 :<\/strong> Associez-le \u00e0 un jean, un pantalon de surv\u00eatement ou un jogging et des baskets pour un look d\u00e9contract\u00e9 et confortable.<\/li>\n<li data-sourcepos=\"16:1-16:77\"><strong>En couches :<\/strong> Superposez-le \u00e0 un t-shirt ou \u00e0 une chemise \u00e0 manches longues pour plus de chaleur.<\/li>\n<li data-sourcepos=\"17:1-18:0\"><strong>D\u00e9contract\u00e9 et habill\u00e9 :<\/strong> Habillez-la d'une veste en cuir, d'un jean fonc\u00e9 et de bottes.<\/li>\n<\/ul>","protected":false},"excerpt":{"rendered":"<table style=\"height: 490px;\" width=\"435\">\n<tbody>\n<tr>\n<td width=\"146\"><strong><b>Produit<\/b><\/strong>\u00a0<strong><b>Nom :<\/b><\/strong><\/td>\n<td width=\"601\"><strong>Sweat \u00e0 capuche Akimbo<\/strong><\/td>\n<\/tr>\n<tr>\n<td width=\"146\"><strong><b>Materlal :<\/b><\/strong><\/td>\n<td width=\"601\">Polyester\/Coton<\/td>\n<\/tr>\n<tr>\n<td width=\"146\"><strong><b>Techniques :<\/b><\/strong><\/td>\n<td width=\"601\">Impression et teinture<\/td>\n<\/tr>\n<tr>\n<td width=\"146\"><strong><b>Style :<\/b><\/strong><\/td>\n<td width=\"601\">D\u00e9contract\u00e9<\/td>\n<\/tr>\n<tr>\n<td width=\"146\"><strong><b>Couleur<\/b><\/strong><strong><b>:<\/b><\/strong><\/td>\n<td width=\"601\">\u00a0Couleurs personnalis\u00e9es<\/td>\n<\/tr>\n<tr>\n<td width=\"146\"><strong><b>Taille :<\/b><\/strong><\/td>\n<td width=\"601\">S \/M \/L \/XL \/2XL<\/td>\n<\/tr>\n<tr>\n<td width=\"146\"><strong><b>OEM\/ODM :<\/b><\/strong><\/td>\n<td width=\"601\">Acceptable<\/td>\n<\/tr>\n<tr>\n<td width=\"146\"><strong><b>Qualit\u00e9 :<\/b><\/strong><\/td>\n<td width=\"601\">100% Haute qualit\u00e9<\/td>\n<\/tr>\n<tr>\n<td width=\"146\"><strong><b>M<\/b><\/strong><strong><b>OQ :<\/b><\/strong><\/td>\n<td width=\"601\">200 pi\u00e8ces<\/td>\n<\/tr>\n<\/tbody>\n<\/table>","protected":false},"featured_media":1839,"template":"","meta":[],"product_brand":[],"product_cat":[38],"product_tag":[],"class_list":{"0":"post-1837","1":"product","2":"type-product","3":"status-publish","4":"has-post-thumbnail","6":"product_cat-mens-clothing","8":"first","9":"instock","10":"shipping-taxable","11":"product-type-simple"},"_links":{"self":[{"href":"https:\/\/mj-clothing.com\/fr\/wp-json\/wp\/v2\/product\/1837","targetHints":{"allow":["GET"]}}],"collection":[{"href":"https:\/\/mj-clothing.com\/fr\/wp-json\/wp\/v2\/product"}],"about":[{"href":"https:\/\/mj-clothing.com\/fr\/wp-json\/wp\/v2\/types\/product"}],"wp:featuredmedia":[{"embeddable":true,"href":"https:\/\/mj-clothing.com\/fr\/wp-json\/wp\/v2\/media\/1839"}],"wp:attachment":[{"href":"https:\/\/mj-clothing.com\/fr\/wp-json\/wp\/v2\/media?parent=1837"}],"wp:term":[{"taxonomy":"product_brand","embeddable":true,"href":"https:\/\/mj-clothing.com\/fr\/wp-json\/wp\/v2\/product_brand?post=1837"},{"taxonomy":"product_cat","embeddable":true,"href":"https:\/\/mj-clothing.com\/fr\/wp-json\/wp\/v2\/product_cat?post=1837"},{"taxonomy":"product_tag","embeddable":true,"href":"https:\/\/mj-clothing.com\/fr\/wp-json\/wp\/v2\/product_tag?post=1837"}],"curies":[{"name":"wp","href":"https:\/\/api.w.org\/{rel}","templated":true}]}}