{"id":1843,"date":"2024-12-16T03:21:20","date_gmt":"2024-12-16T03:21:20","guid":{"rendered":"https:\/\/mj-clothing.com\/?post_type=product&#038;p=1843"},"modified":"2024-12-17T06:40:16","modified_gmt":"2024-12-17T06:40:16","slug":"golf-hoodie","status":"publish","type":"product","link":"https:\/\/mj-clothing.com\/fr\/manufacturer\/golf-hoodie\/","title":{"rendered":"Sweat de golf \u00e0 capuche"},"content":{"rendered":"<p data-sourcepos=\"1:1-1:192\">Un sweat \u00e0 capuche de golf est un type de v\u00eatement athl\u00e9tique sp\u00e9cialement con\u00e7u pour les golfeurs, combinant le confort et la chaleur d'un sweat \u00e0 capuche traditionnel avec des caract\u00e9ristiques de performance adapt\u00e9es au parcours de golf.<\/p>\n<h3 data-sourcepos=\"3:1-3:34\"><strong>Caract\u00e9ristiques principales d'un sweat \u00e0 capuche de golf :<\/strong><\/h3>\n<ul data-sourcepos=\"5:1-10:0\">\n<li data-sourcepos=\"5:1-5:283\"><strong>Tissus de performance :<\/strong> Les sweats \u00e0 capuche de golf sont souvent fabriqu\u00e9s dans des tissus haute performance comme le polyester ou un m\u00e9lange de polyester et de coton. Ces tissus sont con\u00e7us pour \u00e9vacuer l'humidit\u00e9, \u00eatre respirants et extensibles, ce qui permet aux golfeurs de rester au sec, de se sentir \u00e0 l'aise et de ne pas \u00eatre g\u00ean\u00e9s pendant leur swing.<\/li>\n<li data-sourcepos=\"6:1-6:207\"><strong>R\u00e9sistance aux intemp\u00e9ries :<\/strong> De nombreux bonnets de golf sont r\u00e9sistants \u00e0 l'eau ou hydrofuges, prot\u00e9geant ainsi les golfeurs d'une pluie l\u00e9g\u00e8re ou d'une bruine. Certains sont \u00e9galement dot\u00e9s d'une isolation thermique pour garder les golfeurs au chaud par temps froid.<\/li>\n<li data-sourcepos=\"7:1-7:100\"><strong>Protection solaire :<\/strong> Certains sweats \u00e0 capuche de golf offrent une protection UV pour prot\u00e9ger les golfeurs des rayons nocifs du soleil.<\/li>\n<li data-sourcepos=\"8:1-8:162\"><strong>Conception fonctionnelle :<\/strong> Les v\u00eatements de golf comportent souvent des caract\u00e9ristiques telles que des poches zipp\u00e9es pour ranger les objets de valeur, des capuches r\u00e9glables et des trous pour les pouces afin de maintenir les manches en place.<\/li>\n<li data-sourcepos=\"9:1-10:0\"><strong>Design \u00e9l\u00e9gant :<\/strong> Les chemises de golf sont disponibles dans une grande vari\u00e9t\u00e9 de styles, de couleurs et de motifs, ce qui permet aux golfeurs d'exprimer leur style personnel tout en restant fonctionnels.<\/li>\n<\/ul>\n<h3 data-sourcepos=\"11:1-11:31\"><strong>Quand porter un sweat \u00e0 capuche pour le golf :<\/strong><\/h3>\n<p data-sourcepos=\"13:1-13:112\">Les v\u00eatements de golf sont polyvalents et peuvent \u00eatre port\u00e9s par tous les temps. Ils sont particuli\u00e8rement utiles pour :<\/p>\n<ul data-sourcepos=\"15:1-18:0\">\n<li data-sourcepos=\"15:1-15:87\"><strong>Temps plus frais :<\/strong> Les sweats \u00e0 capuche de golf peuvent apporter chaleur et confort pendant les parties les plus froides.<\/li>\n<li data-sourcepos=\"16:1-16:101\"><strong>Temps pluvieux :<\/strong> Les sweats \u00e0 capuche r\u00e9sistants \u00e0 l'eau permettent aux golfeurs de rester au sec et \u00e0 l'aise en cas de pluie l\u00e9g\u00e8re.<\/li>\n<li data-sourcepos=\"17:1-18:0\"><strong>Superposition :<\/strong> Les sweatshirts de golf peuvent \u00eatre superpos\u00e9s \u00e0 d'autres v\u00eatements de golf pour cr\u00e9er une tenue personnalis\u00e9e en fonction des conditions m\u00e9t\u00e9orologiques.<\/li>\n<\/ul>\n<p data-sourcepos=\"19:1-19:138\">En choisissant un sweat \u00e0 capuche de golf qui r\u00e9pond \u00e0 vos besoins et pr\u00e9f\u00e9rences sp\u00e9cifiques, vous pouvez am\u00e9liorer votre confort et vos performances sur le parcours de golf.<\/p>","protected":false},"excerpt":{"rendered":"<table style=\"height: 543px;\" width=\"471\">\n<tbody>\n<tr>\n<td width=\"146\"><strong><b>Produit<\/b><\/strong>\u00a0<strong><b>Nom :<\/b><\/strong><\/td>\n<td width=\"601\">\n<p data-sourcepos=\"3:1-3:34\"><strong>Sweat de golf \u00e0 capuche<\/strong><\/p>\n<\/td>\n<\/tr>\n<tr>\n<td width=\"146\"><strong><b>Materlal :<\/b><\/strong><\/td>\n<td width=\"601\">Polyester\/Coton<\/td>\n<\/tr>\n<tr>\n<td width=\"146\"><strong><b>Techniques : <\/b><\/strong><\/td>\n<td width=\"601\">Impression et teinture<\/td>\n<\/tr>\n<tr>\n<td width=\"146\"><strong><b>Style : <\/b><\/strong><\/td>\n<td width=\"601\">D\u00e9contract\u00e9<\/td>\n<\/tr>\n<tr>\n<td width=\"146\"><strong><b>Couleur<\/b><\/strong><strong><b>:<\/b><\/strong><\/td>\n<td width=\"601\">Blanc et couleurs personnalis\u00e9es<\/td>\n<\/tr>\n<tr>\n<td width=\"146\"><strong><b>Taille :<\/b><\/strong><\/td>\n<td width=\"601\">S \/M \/L \/XL \/2XL<\/td>\n<\/tr>\n<tr>\n<td width=\"146\"><strong><b>OEM\/ODM :<\/b><\/strong><\/td>\n<td width=\"601\">Acceptable<\/td>\n<\/tr>\n<tr>\n<td width=\"146\"><strong><b>Qualit\u00e9 :<\/b><\/strong><\/td>\n<td width=\"601\">100% Haute qualit\u00e9<\/td>\n<\/tr>\n<tr>\n<td width=\"146\"><strong><b>M<\/b><\/strong><strong><b>OQ :<\/b><\/strong><\/td>\n<td width=\"601\">200 pi\u00e8ces<\/td>\n<\/tr>\n<\/tbody>\n<\/table>","protected":false},"featured_media":1844,"template":"","meta":[],"product_brand":[],"product_cat":[38],"product_tag":[],"class_list":{"0":"post-1843","1":"product","2":"type-product","3":"status-publish","4":"has-post-thumbnail","6":"product_cat-mens-clothing","8":"first","9":"instock","10":"shipping-taxable","11":"product-type-simple"},"_links":{"self":[{"href":"https:\/\/mj-clothing.com\/fr\/wp-json\/wp\/v2\/product\/1843","targetHints":{"allow":["GET"]}}],"collection":[{"href":"https:\/\/mj-clothing.com\/fr\/wp-json\/wp\/v2\/product"}],"about":[{"href":"https:\/\/mj-clothing.com\/fr\/wp-json\/wp\/v2\/types\/product"}],"wp:featuredmedia":[{"embeddable":true,"href":"https:\/\/mj-clothing.com\/fr\/wp-json\/wp\/v2\/media\/1844"}],"wp:attachment":[{"href":"https:\/\/mj-clothing.com\/fr\/wp-json\/wp\/v2\/media?parent=1843"}],"wp:term":[{"taxonomy":"product_brand","embeddable":true,"href":"https:\/\/mj-clothing.com\/fr\/wp-json\/wp\/v2\/product_brand?post=1843"},{"taxonomy":"product_cat","embeddable":true,"href":"https:\/\/mj-clothing.com\/fr\/wp-json\/wp\/v2\/product_cat?post=1843"},{"taxonomy":"product_tag","embeddable":true,"href":"https:\/\/mj-clothing.com\/fr\/wp-json\/wp\/v2\/product_tag?post=1843"}],"curies":[{"name":"wp","href":"https:\/\/api.w.org\/{rel}","templated":true}]}}