{"id":1846,"date":"2024-12-16T03:37:19","date_gmt":"2024-12-16T03:37:19","guid":{"rendered":"https:\/\/mj-clothing.com\/?post_type=product&#038;p=1846"},"modified":"2024-12-17T06:24:41","modified_gmt":"2024-12-17T06:24:41","slug":"weighted-hoodie","status":"publish","type":"product","link":"https:\/\/mj-clothing.com\/fr\/manufacturer\/weighted-hoodie\/","title":{"rendered":"Sweat \u00e0 capuche lest\u00e9"},"content":{"rendered":"<p data-sourcepos=\"1:1-1:292\"><span class=\"citation-0 recitation citation-end-0\">Un sweat \u00e0 capuche lest\u00e9 est un type de v\u00eatement qui incorpore des mat\u00e9riaux lest\u00e9s, g\u00e9n\u00e9ralement des billes de verre ou des pastilles de plastique, dans le tissu afin d'obtenir un effet calmant et de mise \u00e0 la terre.<\/span> <span class=\"citation-1 recitation citation-end-1\">Cette pression douce peut contribuer \u00e0 r\u00e9duire l'anxi\u00e9t\u00e9, \u00e0 am\u00e9liorer la concentration et \u00e0 favoriser un meilleur sommeil.<\/span><span class=\"button-container hide-from-message-actions ng-star-inserted\"> \u00a0<\/span><\/p>\n<h3 data-sourcepos=\"3:1-3:38\"><strong>Caract\u00e9ristiques principales d'un sweat \u00e0 capuche lest\u00e9 :<\/strong><\/h3>\n<ul data-sourcepos=\"5:1-10:0\">\n<li data-sourcepos=\"5:1-5:145\"><strong>Mat\u00e9riaux lest\u00e9s :<\/strong> <span class=\"citation-2 recitation citation-end-2\">De petites billes ou pastilles sont r\u00e9parties uniform\u00e9ment dans la cagoule et exercent une pression douce et apaisante.<\/span><span class=\"button-container hide-from-message-actions ng-star-inserted\"> \u00a0<\/span>\n<div class=\"container ng-tns-c2946245707-171 hide\">\n<div class=\"carousel-container ng-tns-c2946245707-171\"><\/div>\n<\/div>\n<\/li>\n<li data-sourcepos=\"6:1-6:93\"><strong>Confort :<\/strong> <span class=\"citation-3 recitation citation-end-3\">Le sweat \u00e0 capuche est con\u00e7u pour \u00eatre doux, confortable et agr\u00e9able \u00e0 porter.<\/span><span class=\"button-container hide-from-message-actions ng-star-inserted\"> \u00a0<\/span>\n<div class=\"container ng-tns-c2946245707-172 hide\">\n<div class=\"carousel-container ng-tns-c2946245707-172\"><\/div>\n<\/div>\n<\/li>\n<li data-sourcepos=\"7:1-7:108\"><strong>Polyvalence :<\/strong> <span class=\"citation-4 recitation citation-end-4\">Il peut \u00eatre port\u00e9 pendant la journ\u00e9e pour la relaxation ou la nuit pour am\u00e9liorer le sommeil.<\/span><span class=\"button-container hide-from-message-actions ng-star-inserted\"> \u00a0<\/span>\n<div class=\"container ng-tns-c2946245707-173 hide\">\n<div class=\"carousel-container ng-tns-c2946245707-173\"><\/div>\n<\/div>\n<\/li>\n<li data-sourcepos=\"8:1-8:127\"><strong>Effet calmant :<\/strong> <span class=\"citation-5 recitation citation-end-5\">Le poids peut aider \u00e0 r\u00e9duire le stress et l'anxi\u00e9t\u00e9, favorisant un sentiment de paix et de bien-\u00eatre.<\/span><span class=\"button-container hide-from-message-actions ng-star-inserted\">\u00a0<\/span>\n<div class=\"container ng-tns-c2946245707-174 hide\">\n<div class=\"carousel-container ng-tns-c2946245707-174\"><\/div>\n<\/div>\n<\/li>\n<li data-sourcepos=\"9:1-10:0\"><strong><span class=\"citation-6 recitation\">Am\u00e9lioration de la focalisation :<\/span><\/strong><span class=\"citation-6 recitation citation-end-6\"> La pression douce peut aider \u00e0 am\u00e9liorer l'attention et la concentration.<\/span><span class=\"button-container hide-from-message-actions ng-star-inserted\"> \u00a0<\/span>\n<div class=\"container ng-tns-c2946245707-175 hide\">\n<div class=\"carousel-container ng-tns-c2946245707-175\"><\/div>\n<\/div>\n<\/li>\n<\/ul>\n<h3 data-sourcepos=\"11:1-11:36\"><strong>Comment choisir un sweat \u00e0 capuche lest\u00e9 :<\/strong><\/h3>\n<ul data-sourcepos=\"13:1-17:0\">\n<li data-sourcepos=\"13:1-13:82\"><strong>Poids :<\/strong> Le poids du sweat \u00e0 capuche doit repr\u00e9senter environ 5-10% de votre poids corporel.<\/li>\n<li data-sourcepos=\"14:1-14:75\"><strong>Mat\u00e9riau :<\/strong> Choisissez une mati\u00e8re douce et respirante comme le coton ou la laine polaire.<\/li>\n<li data-sourcepos=\"15:1-15:92\"><strong>R\u00e9partition du poids :<\/strong> Veillez \u00e0 ce que le poids soit r\u00e9parti uniform\u00e9ment dans le sweat \u00e0 capuche.<\/li>\n<li data-sourcepos=\"16:1-17:0\"><strong>Confort :<\/strong> Le sweat \u00e0 capuche doit \u00eatre confortable, ni trop serr\u00e9 ni trop ample.<\/li>\n<\/ul>\n<h3 data-sourcepos=\"18:1-18:33\"><strong>Comment utiliser un sweat \u00e0 capuche lest\u00e9 :<\/strong><\/h3>\n<ul data-sourcepos=\"20:1-23:0\">\n<li data-sourcepos=\"20:1-20:72\"><strong>D\u00e9tente :<\/strong> Portez ce sweat \u00e0 capuche pour vous d\u00e9tendre sur le canap\u00e9 ou au lit.<\/li>\n<li data-sourcepos=\"21:1-21:81\"><strong><span class=\"citation-7 recitation\">Dormir :<\/span><\/strong><span class=\"citation-7 recitation citation-end-7\"> Utilisez le sweat \u00e0 capuche comme aide au sommeil pour am\u00e9liorer la qualit\u00e9 du sommeil.<\/span><span class=\"button-container hide-from-message-actions ng-star-inserted\"> \u00a0<\/span>\n<div class=\"container ng-tns-c2946245707-176 hide\">\n<div class=\"carousel-container ng-tns-c2946245707-176\"><\/div>\n<\/div>\n<\/li>\n<li data-sourcepos=\"22:1-23:0\"><strong><span class=\"citation-8 recitation\">Focus :<\/span><\/strong><span class=\"citation-8 recitation citation-end-8\"> Portez le sweat \u00e0 capuche lorsque vous \u00e9tudiez, travaillez ou vous livrez \u00e0 d'autres activit\u00e9s qui exigent de la concentration.<\/span><span class=\"button-container hide-from-message-actions ng-star-inserted\">\u00a0 \u00a0<\/span>\n<div class=\"container ng-tns-c2946245707-177 hide\">\n<div class=\"carousel-container ng-tns-c2946245707-177\"><\/div>\n<\/div>\n<\/li>\n<\/ul>\n<h3 data-sourcepos=\"24:1-24:40\"><strong>Avantages de l'utilisation d'un sweat \u00e0 capuche lest\u00e9 :<\/strong><\/h3>\n<ul data-sourcepos=\"26:1-30:0\">\n<li data-sourcepos=\"26:1-26:92\"><strong>R\u00e9duction de l'anxi\u00e9t\u00e9 :<\/strong> <span class=\"citation-9 recitation citation-end-9\">La pression douce peut aider \u00e0 calmer le syst\u00e8me nerveux.<\/span><span class=\"button-container hide-from-message-actions ng-star-inserted\"> \u00a0<\/span>\n<div class=\"container ng-tns-c2946245707-178 hide\">\n<div class=\"carousel-container ng-tns-c2946245707-178\"><\/div>\n<\/div>\n<\/li>\n<li data-sourcepos=\"27:1-27:87\"><strong><span class=\"citation-10 recitation\">Am\u00e9lioration du sommeil :<\/span><\/strong><span class=\"citation-10 recitation citation-end-10\"> Le poids peut favoriser un sommeil plus profond et plus r\u00e9parateur.<\/span><span class=\"button-container hide-from-message-actions ng-star-inserted\">\u00a0<\/span>\n<div class=\"container ng-tns-c2946245707-179 hide\">\n<div class=\"carousel-container ng-tns-c2946245707-179\"><\/div>\n<\/div>\n<\/li>\n<li data-sourcepos=\"28:1-28:101\"><strong><span class=\"citation-11 recitation\">Mieux cibler :<\/span><\/strong><span class=\"citation-11 recitation citation-end-11\"> La pression peut aider \u00e0 am\u00e9liorer la concentration et la capacit\u00e9 d'attention.<\/span><span class=\"button-container hide-from-message-actions ng-star-inserted\">\u00a0 \u00a0<\/span>\n<div class=\"container ng-tns-c2946245707-180 hide\">\n<div class=\"carousel-container ng-tns-c2946245707-180\"><\/div>\n<\/div>\n<\/li>\n<li data-sourcepos=\"29:1-30:0\"><strong><span class=\"citation-12 recitation\">R\u00e9duction du stress :<\/span><\/strong><span class=\"citation-12 recitation citation-end-12\"> L'effet calmant du poids peut aider \u00e0 r\u00e9duire les niveaux de stress.<\/span><span class=\"button-container hide-from-message-actions ng-star-inserted\">\u00a0<\/span>\n<div class=\"container ng-tns-c2946245707-181 hide\">\n<div class=\"carousel-container ng-tns-c2946245707-181\"><\/div>\n<\/div>\n<\/li>\n<\/ul>\n<p data-sourcepos=\"31:1-31:269\">Si vous cherchez un moyen naturel de r\u00e9duire le stress et l'anxi\u00e9t\u00e9, un sweat \u00e0 capuche lest\u00e9 peut \u00eatre une bonne option pour vous. Toutefois, il est important de consulter un professionnel de la sant\u00e9 avant d'utiliser un produit lest\u00e9, en particulier si vous avez des probl\u00e8mes de sant\u00e9 sous-jacents.<\/p>","protected":false},"excerpt":{"rendered":"<table style=\"height: 478px;\" width=\"402\">\n<tbody>\n<tr>\n<td width=\"146\"><strong><b>Produit<\/b><\/strong>\u00a0<strong><b>Nom :<\/b><\/strong><\/td>\n<td width=\"601\"><strong>Sweat \u00e0 capuche lest\u00e9<\/strong><\/td>\n<\/tr>\n<tr>\n<td width=\"146\"><strong><b>Materlal :<\/b><\/strong><\/td>\n<td width=\"601\">Polyester\/Coton<\/td>\n<\/tr>\n<tr>\n<td width=\"146\"><strong><b>Techniques :<\/b><\/strong><\/td>\n<td width=\"601\">Impression et teinture<\/td>\n<\/tr>\n<tr>\n<td width=\"146\"><strong><b>Style :<\/b><\/strong><\/td>\n<td width=\"601\">D\u00e9contract\u00e9<\/td>\n<\/tr>\n<tr>\n<td width=\"146\"><strong><b>Couleur<\/b><\/strong><strong><b>:<\/b><\/strong><\/td>\n<td width=\"601\">\u00a0Couleurs personnalis\u00e9es<\/td>\n<\/tr>\n<tr>\n<td width=\"146\"><strong><b>Taille :<\/b><\/strong><\/td>\n<td width=\"601\">S \/M \/L \/XL \/2XL<\/td>\n<\/tr>\n<tr>\n<td width=\"146\"><strong><b>OEM\/ODM :<\/b><\/strong><\/td>\n<td width=\"601\">Acceptable<\/td>\n<\/tr>\n<tr>\n<td width=\"146\"><strong><b>Qualit\u00e9 :<\/b><\/strong><\/td>\n<td width=\"601\">100% Haute qualit\u00e9<\/td>\n<\/tr>\n<tr>\n<td width=\"146\"><strong><b>M<\/b><\/strong><strong><b>OQ :<\/b><\/strong><\/td>\n<td width=\"601\">200 pi\u00e8ces<\/td>\n<\/tr>\n<\/tbody>\n<\/table>","protected":false},"featured_media":1848,"template":"","meta":[],"product_brand":[],"product_cat":[38],"product_tag":[],"class_list":{"0":"post-1846","1":"product","2":"type-product","3":"status-publish","4":"has-post-thumbnail","6":"product_cat-mens-clothing","8":"first","9":"instock","10":"shipping-taxable","11":"product-type-simple"},"_links":{"self":[{"href":"https:\/\/mj-clothing.com\/fr\/wp-json\/wp\/v2\/product\/1846","targetHints":{"allow":["GET"]}}],"collection":[{"href":"https:\/\/mj-clothing.com\/fr\/wp-json\/wp\/v2\/product"}],"about":[{"href":"https:\/\/mj-clothing.com\/fr\/wp-json\/wp\/v2\/types\/product"}],"wp:featuredmedia":[{"embeddable":true,"href":"https:\/\/mj-clothing.com\/fr\/wp-json\/wp\/v2\/media\/1848"}],"wp:attachment":[{"href":"https:\/\/mj-clothing.com\/fr\/wp-json\/wp\/v2\/media?parent=1846"}],"wp:term":[{"taxonomy":"product_brand","embeddable":true,"href":"https:\/\/mj-clothing.com\/fr\/wp-json\/wp\/v2\/product_brand?post=1846"},{"taxonomy":"product_cat","embeddable":true,"href":"https:\/\/mj-clothing.com\/fr\/wp-json\/wp\/v2\/product_cat?post=1846"},{"taxonomy":"product_tag","embeddable":true,"href":"https:\/\/mj-clothing.com\/fr\/wp-json\/wp\/v2\/product_tag?post=1846"}],"curies":[{"name":"wp","href":"https:\/\/api.w.org\/{rel}","templated":true}]}}