{"id":1853,"date":"2024-12-16T06:19:44","date_gmt":"2024-12-16T06:19:44","guid":{"rendered":"https:\/\/mj-clothing.com\/?post_type=product&#038;p=1853"},"modified":"2024-12-17T06:22:58","modified_gmt":"2024-12-17T06:22:58","slug":"drake-hoodie","status":"publish","type":"product","link":"https:\/\/mj-clothing.com\/fr\/manufacturer\/drake-hoodie\/","title":{"rendered":"Sweat \u00e0 capuche Drake"},"content":{"rendered":"<p data-sourcepos=\"1:1-1:226\"><span class=\"citation-0 recitation citation-end-0\">Drake Hoodie, le c\u00e9l\u00e8bre rappeur canadien, a inspir\u00e9 une gamme de produits d\u00e9riv\u00e9s, notamment des sweats \u00e0 capuche.<\/span> <span class=\"citation-1 recitation citation-end-1\">Ces sweats \u00e0 capuche arborent souvent son logo embl\u00e9matique, la pochette de son album ou les paroles de ses chansons, afin de s\u00e9duire ses fans les plus assidus.<\/span><\/p>\n<h3 data-sourcepos=\"1:1-1:226\"><strong>Caract\u00e9ristiques principales d'un sweat \u00e0 capuche Drake :<\/strong><\/h3>\n<ul data-sourcepos=\"5:1-9:0\">\n<li data-sourcepos=\"5:1-5:125\"><strong><span class=\"citation-2 recitation\">Mat\u00e9riau de haute qualit\u00e9 :<\/span><\/strong><span class=\"citation-2 recitation citation-end-2\"> Ils sont souvent fabriqu\u00e9s \u00e0 partir de mat\u00e9riaux de premi\u00e8re qualit\u00e9, comme le coton ou le molleton, pour plus de confort et de durabilit\u00e9.<\/span><span class=\"button-container hide-from-message-actions ng-star-inserted\"> \u00a0<\/span><\/li>\n<li data-sourcepos=\"5:1-5:125\"><span class=\"button-container hide-from-message-actions ng-star-inserted\"><strong style=\"font-size: 14.4px;\"><span class=\"citation-3 recitation\">Design \u00e9l\u00e9gant :<\/span><\/strong><span class=\"citation-3 recitation citation-end-3\" style=\"font-size: 14.4px;\"> Incorpore des dessins \u00e0 la mode, des graphiques audacieux et la signature esth\u00e9tique de Drake.<\/span><span class=\"button-container hide-from-message-actions ng-star-inserted\" style=\"font-size: 14.4px;\"> \u00a0<\/span><\/span>\n<div class=\"container ng-tns-c2946245707-199 hide\">\n<div class=\"carousel-container ng-tns-c2946245707-199\"><\/div>\n<\/div>\n<\/li>\n<li data-sourcepos=\"7:1-7:80\"><strong>Confortable :<\/strong> La coupe est d\u00e9contract\u00e9e et confortable pour une utilisation quotidienne.<\/li>\n<li data-sourcepos=\"8:1-9:0\"><strong>Appel des fans :<\/strong> <span class=\"citation-4 recitation citation-end-4\">L'image et la marque de Drake sont embl\u00e9matiques.<\/span><span class=\"button-container hide-from-message-actions ng-star-inserted\"> \u00a0<\/span>\n<div class=\"container ng-tns-c2946245707-200 hide\">\n<div class=\"carousel-container ng-tns-c2946245707-200\"><\/div>\n<\/div>\n<\/li>\n<\/ul>\n<h3 data-sourcepos=\"10:1-10:32\"><strong>O\u00f9 acheter un sweat \u00e0 capuche Drake :<\/strong><\/h3>\n<ul data-sourcepos=\"12:1-15:0\">\n<li data-sourcepos=\"12:1-12:146\"><strong>Magasins de marchandises officiels :<\/strong> <span class=\"citation-5 recitation citation-end-5\">La boutique officielle de Drake ou les d\u00e9taillants autoris\u00e9s vendent souvent des sweats \u00e0 capuche sous licence officielle.<\/span><span class=\"button-container hide-from-message-actions ng-star-inserted\">\u00a0 \u00a0<\/span>\n<div class=\"container ng-tns-c2946245707-201 hide\">\n<div class=\"carousel-container ng-tns-c2946245707-201\"><\/div>\n<\/div>\n<\/li>\n<li data-sourcepos=\"13:1-13:162\"><strong><span class=\"citation-6 recitation\">March\u00e9s en ligne :<\/span><\/strong><span class=\"citation-6 recitation citation-end-6\"> Des plateformes comme eBay, StockX et Grailed proposent une large gamme de v\u00eatements Drake, y compris des \u00e9ditions limit\u00e9es et des articles vintage.<\/span><span class=\"button-container hide-from-message-actions ng-star-inserted\"> \u00a0<\/span>\n<div class=\"container ng-tns-c2946245707-202 hide\">\n<div class=\"carousel-container ng-tns-c2946245707-202\"><\/div>\n<\/div>\n<\/li>\n<li data-sourcepos=\"14:1-15:0\"><strong>Magasins de revente :<\/strong> Faites le tour des boutiques de streetwear et des magasins de revente de votre r\u00e9gion pour d\u00e9nicher d'\u00e9ventuelles trouvailles.<\/li>\n<\/ul>\n<h3 data-sourcepos=\"16:1-16:35\"><strong>Conseils pour l'achat d'un sweat \u00e0 capuche Drake :<\/strong><\/h3>\n<ul data-sourcepos=\"18:1-22:0\">\n<li data-sourcepos=\"18:1-18:101\"><strong>Authenticit\u00e9 :<\/strong> V\u00e9rifiez l'authenticit\u00e9 du sweat \u00e0 capuche en contr\u00f4lant les \u00e9tiquettes et les marques officielles.<\/li>\n<li data-sourcepos=\"19:1-19:85\"><strong>\u00c9tat :<\/strong> Si vous achetez un sweat \u00e0 capuche d'occasion, v\u00e9rifiez qu'il ne pr\u00e9sente aucun signe d'usure ou de d\u00e9t\u00e9rioration.<\/li>\n<li data-sourcepos=\"20:1-20:84\"><strong>Taille :<\/strong> Se r\u00e9f\u00e9rer au tableau des tailles fourni par le vendeur pour s'assurer d'un bon ajustement.<\/li>\n<li data-sourcepos=\"21:1-22:0\"><strong>Prix :<\/strong> Renseignez-vous sur les prix actuels du march\u00e9 pour \u00e9viter de payer trop cher.<\/li>\n<\/ul>\n<p data-sourcepos=\"23:1-23:123\">En suivant ces conseils, vous pourrez trouver le sweat \u00e0 capuche Drake parfait pour afficher votre amour pour l'artiste et rehausser votre style.<\/p>","protected":false},"excerpt":{"rendered":"<table style=\"height: 547px;\" width=\"443\">\n<tbody>\n<tr>\n<td width=\"146\"><strong><b>Produit<\/b><\/strong>\u00a0<strong><b>Nom :<\/b><\/strong><\/td>\n<td width=\"601\"><strong>Sweat \u00e0 capuche Drake<\/strong><\/td>\n<\/tr>\n<tr>\n<td width=\"146\"><strong><b>Materlal :<\/b><\/strong><\/td>\n<td width=\"601\">Polyester\/Coton<\/td>\n<\/tr>\n<tr>\n<td width=\"146\"><strong><b>Techniques :<\/b><\/strong><\/td>\n<td width=\"601\">Impression et teinture<\/td>\n<\/tr>\n<tr>\n<td width=\"146\"><strong><b>Style :<\/b><\/strong><\/td>\n<td width=\"601\">D\u00e9contract\u00e9<\/td>\n<\/tr>\n<tr>\n<td width=\"146\"><strong><b>Couleur<\/b><\/strong><strong><b>:<\/b><\/strong><\/td>\n<td width=\"601\">\u00a0Noir et couleurs personnalis\u00e9es<\/td>\n<\/tr>\n<tr>\n<td width=\"146\"><strong><b>Taille :<\/b><\/strong><\/td>\n<td width=\"601\">S \/M \/L \/XL \/2XL<\/td>\n<\/tr>\n<tr>\n<td width=\"146\"><strong><b>OEM\/ODM :<\/b><\/strong><\/td>\n<td width=\"601\">Acceptable<\/td>\n<\/tr>\n<tr>\n<td width=\"146\"><strong><b>Qualit\u00e9 :<\/b><\/strong><\/td>\n<td width=\"601\">100% Haute qualit\u00e9<\/td>\n<\/tr>\n<tr>\n<td width=\"146\"><strong><b>M<\/b><\/strong><strong><b>OQ :<\/b><\/strong><\/td>\n<td width=\"601\">200 pi\u00e8ces<\/td>\n<\/tr>\n<\/tbody>\n<\/table>","protected":false},"featured_media":1857,"template":"","meta":[],"product_brand":[],"product_cat":[38],"product_tag":[],"class_list":{"0":"post-1853","1":"product","2":"type-product","3":"status-publish","4":"has-post-thumbnail","6":"product_cat-mens-clothing","8":"first","9":"instock","10":"shipping-taxable","11":"product-type-simple"},"_links":{"self":[{"href":"https:\/\/mj-clothing.com\/fr\/wp-json\/wp\/v2\/product\/1853","targetHints":{"allow":["GET"]}}],"collection":[{"href":"https:\/\/mj-clothing.com\/fr\/wp-json\/wp\/v2\/product"}],"about":[{"href":"https:\/\/mj-clothing.com\/fr\/wp-json\/wp\/v2\/types\/product"}],"wp:featuredmedia":[{"embeddable":true,"href":"https:\/\/mj-clothing.com\/fr\/wp-json\/wp\/v2\/media\/1857"}],"wp:attachment":[{"href":"https:\/\/mj-clothing.com\/fr\/wp-json\/wp\/v2\/media?parent=1853"}],"wp:term":[{"taxonomy":"product_brand","embeddable":true,"href":"https:\/\/mj-clothing.com\/fr\/wp-json\/wp\/v2\/product_brand?post=1853"},{"taxonomy":"product_cat","embeddable":true,"href":"https:\/\/mj-clothing.com\/fr\/wp-json\/wp\/v2\/product_cat?post=1853"},{"taxonomy":"product_tag","embeddable":true,"href":"https:\/\/mj-clothing.com\/fr\/wp-json\/wp\/v2\/product_tag?post=1853"}],"curies":[{"name":"wp","href":"https:\/\/api.w.org\/{rel}","templated":true}]}}