{"id":1859,"date":"2024-12-16T06:23:43","date_gmt":"2024-12-16T06:23:43","guid":{"rendered":"https:\/\/mj-clothing.com\/?post_type=product&#038;p=1859"},"modified":"2024-12-17T06:20:37","modified_gmt":"2024-12-17T06:20:37","slug":"white-crew-neck-sweatshirt","status":"publish","type":"product","link":"https:\/\/mj-clothing.com\/fr\/manufacturer\/white-crew-neck-sweatshirt\/","title":{"rendered":"Sweatshirt blanc \u00e0 col ras du cou"},"content":{"rendered":"<p data-sourcepos=\"1:1-1:170\"><span class=\"citation-0 recitation citation-end-0\">Un sweat-shirt blanc \u00e0 col ras du cou est un v\u00eatement classique et polyvalent qui peut \u00eatre habill\u00e9 ou d\u00e9contract\u00e9.<\/span> C'est un basique de la garde-robe qui peut \u00eatre port\u00e9 tout au long de l'ann\u00e9e.<span class=\"button-container hide-from-message-actions ng-star-inserted\"> \u00a0<\/span><\/p>\n<h3 data-sourcepos=\"3:1-3:49\"><strong>Caract\u00e9ristiques principales d'un sweat-shirt blanc \u00e0 col ras du cou :<\/strong><\/h3>\n<ul data-sourcepos=\"5:1-9:0\">\n<li data-sourcepos=\"5:1-5:89\"><strong>Conception simple :<\/strong> Un design classique et minimaliste avec une encolure ronde et des manches longues.<\/li>\n<li data-sourcepos=\"6:1-6:97\"><strong>Confort :<\/strong> <span class=\"citation-1 recitation citation-end-1\">Ils sont g\u00e9n\u00e9ralement fabriqu\u00e9s dans des mati\u00e8res douces et respirantes comme le coton ou la laine polaire.<\/span><span class=\"button-container hide-from-message-actions ng-star-inserted\"> \u00a0<\/span>\n<div class=\"container ng-tns-c2946245707-216 hide\">\n<div class=\"carousel-container ng-tns-c2946245707-216\"><\/div>\n<\/div>\n<\/li>\n<li data-sourcepos=\"7:1-7:91\"><strong><span class=\"citation-2 recitation\">Polyvalence :<\/span><\/strong><span class=\"citation-2 recitation citation-end-2\"> Peut \u00eatre associ\u00e9 \u00e0 des jeans, des leggings, des jupes ou des pantalons habill\u00e9s.<\/span>\n<div class=\"container ng-tns-c2946245707-217 hide\">\n<div class=\"carousel-container ng-tns-c2946245707-217\"><\/div>\n<\/div>\n<\/li>\n<li data-sourcepos=\"8:1-9:0\"><strong>Intemporel :<\/strong> Une pi\u00e8ce intemporelle qui ne se d\u00e9mode jamais.<\/li>\n<\/ul>\n<h3 data-sourcepos=\"10:1-10:46\"><strong>Comment coiffer un sweat-shirt blanc \u00e0 col ras du cou :<\/strong><\/h3>\n<p data-sourcepos=\"12:1-12:66\">Voici quelques id\u00e9es de style pour un sweat-shirt blanc \u00e0 col ras du cou :<\/p>\n<ul data-sourcepos=\"14:1-18:0\">\n<li data-sourcepos=\"14:1-14:67\"><strong>D\u00e9contract\u00e9 :<\/strong> Associez-le \u00e0 un jean et \u00e0 des baskets pour un look d\u00e9contract\u00e9.<\/li>\n<li data-sourcepos=\"15:1-15:69\"><strong>Sportif :<\/strong> Portez-le avec un pantalon de surv\u00eatement ou un legging et des chaussures de sport.<\/li>\n<li data-sourcepos=\"16:1-16:73\"><strong>D\u00e9contract\u00e9 et habill\u00e9 :<\/strong> Habillez-le avec un blazer, un pantalon habill\u00e9 et des mocassins.<\/li>\n<li data-sourcepos=\"17:1-18:0\"><strong>En couches :<\/strong> Superposez-le sous une veste en jean ou une veste en cuir pour un look \u00e9l\u00e9gant.<\/li>\n<\/ul>\n<h3 data-sourcepos=\"19:1-19:51\"><strong>Conseils pour choisir un sweat-shirt blanc \u00e0 col ras du cou :<\/strong><\/h3>\n<ul data-sourcepos=\"21:1-24:0\">\n<li data-sourcepos=\"21:1-21:88\"><strong>Mat\u00e9riau :<\/strong> Recherchez un mat\u00e9riau souple et de haute qualit\u00e9 qui soit agr\u00e9able \u00e0 porter.<\/li>\n<li data-sourcepos=\"22:1-22:109\"><strong>En forme :<\/strong> Choisissez une coupe qui correspond \u00e0 votre style personnel. Vous pouvez opter pour une coupe d\u00e9contract\u00e9e ou un style plus ajust\u00e9.<\/li>\n<li data-sourcepos=\"23:1-24:0\"><strong>Soins :<\/strong> Suivez les instructions d'entretien figurant sur l'\u00e9tiquette pour que votre sweat-shirt conserve tout son \u00e9clat.<\/li>\n<\/ul>\n<p data-sourcepos=\"25:1-25:101\">En suivant ces conseils, vous pourrez trouver le sweat-shirt blanc \u00e0 col ras du cou id\u00e9al \u00e0 ajouter \u00e0 votre garde-robe.<\/p>","protected":false},"excerpt":{"rendered":"<table style=\"height: 481px;\" width=\"465\">\n<tbody>\n<tr>\n<td width=\"146\"><strong><b>Produit<\/b><\/strong>\u00a0<strong><b>Nom :<\/b><\/strong><\/td>\n<td width=\"601\"><strong>Sweatshirt blanc \u00e0 col ras du cou<\/strong><\/td>\n<\/tr>\n<tr>\n<td width=\"146\"><strong><b>Materlal :<\/b><\/strong><\/td>\n<td width=\"601\">Polyester\/Coton<\/td>\n<\/tr>\n<tr>\n<td width=\"146\"><strong><b>Techniques :<\/b><\/strong><\/td>\n<td width=\"601\">Impression et teinture<\/td>\n<\/tr>\n<tr>\n<td width=\"146\"><strong><b>Style :<\/b><\/strong><\/td>\n<td width=\"601\">D\u00e9contract\u00e9<\/td>\n<\/tr>\n<tr>\n<td width=\"146\"><strong><b>Couleur<\/b><\/strong><strong><b>:<\/b><\/strong><\/td>\n<td width=\"601\">\u00a0Couleurs personnalis\u00e9es<\/td>\n<\/tr>\n<tr>\n<td width=\"146\"><strong><b>Taille :<\/b><\/strong><\/td>\n<td width=\"601\">S \/M \/L \/XL \/2XL<\/td>\n<\/tr>\n<tr>\n<td width=\"146\"><strong><b>OEM\/ODM :<\/b><\/strong><\/td>\n<td width=\"601\">Acceptable<\/td>\n<\/tr>\n<tr>\n<td width=\"146\"><strong><b>Qualit\u00e9 :<\/b><\/strong><\/td>\n<td width=\"601\">100% Haute qualit\u00e9<\/td>\n<\/tr>\n<tr>\n<td width=\"146\"><strong><b>M<\/b><\/strong><strong><b>OQ :<\/b><\/strong><\/td>\n<td width=\"601\">200 pi\u00e8ces<\/td>\n<\/tr>\n<\/tbody>\n<\/table>","protected":false},"featured_media":1860,"template":"","meta":[],"product_brand":[],"product_cat":[38],"product_tag":[],"class_list":{"0":"post-1859","1":"product","2":"type-product","3":"status-publish","4":"has-post-thumbnail","6":"product_cat-mens-clothing","8":"first","9":"instock","10":"shipping-taxable","11":"product-type-simple"},"_links":{"self":[{"href":"https:\/\/mj-clothing.com\/fr\/wp-json\/wp\/v2\/product\/1859","targetHints":{"allow":["GET"]}}],"collection":[{"href":"https:\/\/mj-clothing.com\/fr\/wp-json\/wp\/v2\/product"}],"about":[{"href":"https:\/\/mj-clothing.com\/fr\/wp-json\/wp\/v2\/types\/product"}],"wp:featuredmedia":[{"embeddable":true,"href":"https:\/\/mj-clothing.com\/fr\/wp-json\/wp\/v2\/media\/1860"}],"wp:attachment":[{"href":"https:\/\/mj-clothing.com\/fr\/wp-json\/wp\/v2\/media?parent=1859"}],"wp:term":[{"taxonomy":"product_brand","embeddable":true,"href":"https:\/\/mj-clothing.com\/fr\/wp-json\/wp\/v2\/product_brand?post=1859"},{"taxonomy":"product_cat","embeddable":true,"href":"https:\/\/mj-clothing.com\/fr\/wp-json\/wp\/v2\/product_cat?post=1859"},{"taxonomy":"product_tag","embeddable":true,"href":"https:\/\/mj-clothing.com\/fr\/wp-json\/wp\/v2\/product_tag?post=1859"}],"curies":[{"name":"wp","href":"https:\/\/api.w.org\/{rel}","templated":true}]}}