{"id":1861,"date":"2024-12-16T06:40:02","date_gmt":"2024-12-16T06:40:02","guid":{"rendered":"https:\/\/mj-clothing.com\/?post_type=product&#038;p=1861"},"modified":"2024-12-17T06:17:43","modified_gmt":"2024-12-17T06:17:43","slug":"couple-sweatshirt","status":"publish","type":"product","link":"https:\/\/mj-clothing.com\/fr\/manufacturer\/couple-sweatshirt\/","title":{"rendered":"Sweatshirt pour couple"},"content":{"rendered":"<p data-sourcepos=\"1:1-1:238\">Les sweatshirts pour couples sont une tendance populaire qui permet aux couples d'exprimer leur amour et leurs liens par le biais de v\u00eatements assortis ou compl\u00e9mentaires. Ils se d\u00e9clinent en diff\u00e9rents styles, couleurs et motifs, pour r\u00e9pondre aux diff\u00e9rentes pr\u00e9f\u00e9rences et occasions.<\/p>\n<h3 data-sourcepos=\"3:1-3:39\"><strong>Principales caract\u00e9ristiques des sweatshirts pour couples :<\/strong><\/h3>\n<ul data-sourcepos=\"5:1-10:0\">\n<li data-sourcepos=\"5:1-5:109\"><strong>Mod\u00e8les assortis :<\/strong> Ils pr\u00e9sentent souvent des motifs, des couleurs ou des phrases assorties qui symbolisent les liens du couple.<\/li>\n<li data-sourcepos=\"6:1-6:134\"><strong>Conceptions compl\u00e9mentaires :<\/strong> Ils peuvent pr\u00e9senter des motifs diff\u00e9rents mais apparent\u00e9s, tels que \"Roi\" et \"Reine\", \"Yin\" et \"Yang\", ou \"Elle\" et \"Lui\".<\/li>\n<li data-sourcepos=\"7:1-7:105\"><strong>Messages personnalis\u00e9s :<\/strong> Peut \u00eatre personnalis\u00e9 avec des noms, des initiales, des dates sp\u00e9ciales ou des messages personnels.<\/li>\n<li data-sourcepos=\"8:1-8:95\"><strong>Mat\u00e9riaux confortables :<\/strong> Ils sont g\u00e9n\u00e9ralement fabriqu\u00e9s dans des mati\u00e8res douces et confortables comme le coton ou la laine polaire.<\/li>\n<li data-sourcepos=\"9:1-10:0\"><strong>Styles polyvalents :<\/strong> Disponibles dans diff\u00e9rents styles, notamment des sweats \u00e0 capuche, des cols ras du cou et des sweatshirts \u00e0 pull-over.<\/li>\n<\/ul>\n<h3 data-sourcepos=\"11:1-11:36\"><strong>O\u00f9 acheter des maillots de bain pour couple :<\/strong><\/h3>\n<ul data-sourcepos=\"13:1-16:0\">\n<li data-sourcepos=\"13:1-13:121\"><strong>D\u00e9taillants en ligne :<\/strong> Les sites web comme Etsy, Amazon et les magasins sp\u00e9cialis\u00e9s dans la vente de v\u00eatements pour couples offrent un large \u00e9ventail d'options.<\/li>\n<li data-sourcepos=\"14:1-14:94\"><strong>Magasins physiques :<\/strong> Visitez les boutiques et les grands magasins locaux pour faire du shopping en personne.<\/li>\n<li data-sourcepos=\"15:1-16:0\"><strong>Services d'impression personnalis\u00e9s :<\/strong> Cr\u00e9ez vos propres sweatshirts de couple personnalis\u00e9s avec des motifs et des messages personnalis\u00e9s.<\/li>\n<\/ul>\n<h3 data-sourcepos=\"17:1-17:41\"><strong>Conseils pour le choix d'un sweat-shirt pour couple :<\/strong><\/h3>\n<ul data-sourcepos=\"19:1-24:0\">\n<li data-sourcepos=\"19:1-19:99\"><strong>Tenez compte de votre style :<\/strong> Choisissez un style qui refl\u00e8te vos pr\u00e9f\u00e9rences personnelles et l'occasion.<\/li>\n<li data-sourcepos=\"20:1-20:97\"><strong>Choisir le bon mat\u00e9riau :<\/strong> Optez pour des mat\u00e9riaux confortables et durables comme le coton ou la laine polaire.<\/li>\n<li data-sourcepos=\"21:1-21:65\"><strong>V\u00e9rifier la taille :<\/strong> Veillez \u00e0 ce que la taille soit correcte pour les deux partenaires.<\/li>\n<li data-sourcepos=\"22:1-22:89\"><strong>Personnalisez vos sweatshirts :<\/strong> Ajoutez une touche personnelle avec des messages ou des dessins personnalis\u00e9s.<\/li>\n<li data-sourcepos=\"23:1-24:0\"><strong>Coordonner avec votre partenaire :<\/strong> Discutez de vos pr\u00e9f\u00e9rences et coordonnez vos tenues.<\/li>\n<\/ul>\n<p data-sourcepos=\"25:1-25:123\">En choisissant les bons sweatshirts pour couple, vous pouvez cr\u00e9er un look unique et \u00e9l\u00e9gant qui refl\u00e8te votre amour et votre relation.<\/p>","protected":false},"excerpt":{"rendered":"<table style=\"height: 499px;\" width=\"433\">\n<tbody>\n<tr>\n<td width=\"146\"><strong><b>Produit<\/b><\/strong>\u00a0<strong><b>Nom :<\/b><\/strong><\/td>\n<td width=\"601\"><strong>Sweatshirt pour couple<\/strong><\/td>\n<\/tr>\n<tr>\n<td width=\"146\"><strong><b>Materlal :<\/b><\/strong><\/td>\n<td width=\"601\">Polyester\/Coton<\/td>\n<\/tr>\n<tr>\n<td width=\"146\"><strong><b>Techniques :<\/b><\/strong><\/td>\n<td width=\"601\">Impression et teinture<\/td>\n<\/tr>\n<tr>\n<td width=\"146\"><strong><b>Style :<\/b><\/strong><\/td>\n<td width=\"601\">D\u00e9contract\u00e9<\/td>\n<\/tr>\n<tr>\n<td width=\"146\"><strong><b>Couleur<\/b><\/strong><strong><b>:<\/b><\/strong><\/td>\n<td width=\"601\">\u00a0Couleurs personnalis\u00e9es<\/td>\n<\/tr>\n<tr>\n<td width=\"146\"><strong><b>Taille :<\/b><\/strong><\/td>\n<td width=\"601\">S \/M \/L \/XL \/2XL<\/td>\n<\/tr>\n<tr>\n<td width=\"146\"><strong><b>OEM\/ODM :<\/b><\/strong><\/td>\n<td width=\"601\">Acceptable<\/td>\n<\/tr>\n<tr>\n<td width=\"146\"><strong><b>Qualit\u00e9 :<\/b><\/strong><\/td>\n<td width=\"601\">100% Haute qualit\u00e9<\/td>\n<\/tr>\n<tr>\n<td width=\"146\"><strong><b>M<\/b><\/strong><strong><b>OQ :<\/b><\/strong><\/td>\n<td width=\"601\">200 pi\u00e8ces<\/td>\n<\/tr>\n<\/tbody>\n<\/table>","protected":false},"featured_media":1862,"template":"","meta":[],"product_brand":[],"product_cat":[38],"product_tag":[],"class_list":{"0":"post-1861","1":"product","2":"type-product","3":"status-publish","4":"has-post-thumbnail","6":"product_cat-mens-clothing","8":"first","9":"instock","10":"shipping-taxable","11":"product-type-simple"},"_links":{"self":[{"href":"https:\/\/mj-clothing.com\/fr\/wp-json\/wp\/v2\/product\/1861","targetHints":{"allow":["GET"]}}],"collection":[{"href":"https:\/\/mj-clothing.com\/fr\/wp-json\/wp\/v2\/product"}],"about":[{"href":"https:\/\/mj-clothing.com\/fr\/wp-json\/wp\/v2\/types\/product"}],"wp:featuredmedia":[{"embeddable":true,"href":"https:\/\/mj-clothing.com\/fr\/wp-json\/wp\/v2\/media\/1862"}],"wp:attachment":[{"href":"https:\/\/mj-clothing.com\/fr\/wp-json\/wp\/v2\/media?parent=1861"}],"wp:term":[{"taxonomy":"product_brand","embeddable":true,"href":"https:\/\/mj-clothing.com\/fr\/wp-json\/wp\/v2\/product_brand?post=1861"},{"taxonomy":"product_cat","embeddable":true,"href":"https:\/\/mj-clothing.com\/fr\/wp-json\/wp\/v2\/product_cat?post=1861"},{"taxonomy":"product_tag","embeddable":true,"href":"https:\/\/mj-clothing.com\/fr\/wp-json\/wp\/v2\/product_tag?post=1861"}],"curies":[{"name":"wp","href":"https:\/\/api.w.org\/{rel}","templated":true}]}}