{"id":1878,"date":"2024-12-16T07:13:21","date_gmt":"2024-12-16T07:13:21","guid":{"rendered":"https:\/\/mj-clothing.com\/?post_type=product&#038;p=1878"},"modified":"2024-12-17T03:45:36","modified_gmt":"2024-12-17T03:45:36","slug":"sewing-patterns-for-womens-tops","status":"publish","type":"product","link":"https:\/\/mj-clothing.com\/fr\/manufacturer\/sewing-patterns-for-womens-tops\/","title":{"rendered":"Patrons de couture pour les hauts pour femmes"},"content":{"rendered":"<p data-sourcepos=\"1:1-1:100\">Il y a des patrons de couture pour des hauts pour femmes pour des patrons de couture pour des hauts pour femmes. Voici quelques options populaires :<\/p>\n<h2 data-sourcepos=\"3:1-3:29\"><strong>Patrons de couture en ligne pour les hauts pour femmes :<\/strong><\/h2>\n<ul data-sourcepos=\"5:1-15:0\">\n<li data-sourcepos=\"5:1-6:37\"><strong>Simplicit\u00e9 :<\/strong> Offre une large gamme de patrons pour tous les niveaux de comp\u00e9tence, y compris des hauts, des chemisiers et des tuniques.<\/li>\n<li data-sourcepos=\"5:1-6:37\"><strong style=\"font-size: 14.4px;\">McCall's :<\/strong><span style=\"font-size: 14.4px;\"> Connus pour leurs mod\u00e8les \u00e9l\u00e9gants et modernes, y compris des hauts avec diff\u00e9rentes longueurs de manches, encolures et d\u00e9tails.<\/span><\/li>\n<li data-sourcepos=\"5:1-6:37\"><strong style=\"font-size: 14.4px;\">Vogue Patterns :<\/strong><span style=\"font-size: 14.4px;\"> Fournit des patrons de haute couture pour les couturi\u00e8res exp\u00e9riment\u00e9es, y compris des blouses et des hauts complexes avec des motifs uniques.<\/span><\/li>\n<li data-sourcepos=\"5:1-6:37\"><strong style=\"font-size: 14.4px;\">BurdaStyle :<\/strong><span style=\"font-size: 14.4px;\"> Offre une vari\u00e9t\u00e9 de mod\u00e8les, du plus classique au plus tendance, avec des instructions claires et des illustrations d\u00e9taill\u00e9es.<\/span><\/li>\n<li data-sourcepos=\"5:1-6:37\"><strong style=\"font-size: 14.4px;\">Nouveau look :<\/strong><span style=\"font-size: 14.4px;\"> Fournit des patrons abordables et faciles \u00e0 suivre, y compris des hauts de base, des chemisiers et des tuniques.<\/span>\n<div class=\"attachment-container search-images\">\n<div class=\"image-container hide-from-message-actions ng-star-inserted\">\n<div class=\"caption ellipsis gmat-caption ng-star-inserted\" aria-hidden=\"true\"><\/div>\n<\/div>\n<\/div>\n<\/li>\n<\/ul>\n<h3><strong>Mod\u00e8les de couture ind\u00e9pendants pour les hauts de forme pour femmes Cr\u00e9ateurs de mod\u00e8les :<\/strong><\/h3>\n<ul data-sourcepos=\"18:1-26:0\">\n<li data-sourcepos=\"18:1-19:43\"><strong>Grainline Studio :<\/strong> R\u00e9put\u00e9s pour leurs motifs bien con\u00e7us et leurs designs modernes.<\/li>\n<li data-sourcepos=\"18:1-19:43\"><strong style=\"font-size: 14.4px;\">Coudre lib\u00e9r\u00e9 :<\/strong><span style=\"font-size: 14.4px;\"> Propose des mod\u00e8les inclusifs pour toutes les morphologies, y compris des hauts avec diff\u00e9rentes options de coupe et de style.<\/span><\/li>\n<li data-sourcepos=\"18:1-19:43\"><strong style=\"font-size: 14.4px;\">Friday Pattern Company :<\/strong><span style=\"font-size: 14.4px;\"> Elle propose des mod\u00e8les \u00e9l\u00e9gants et modernes, y compris des hauts avec des d\u00e9tails uniques et des silhouettes int\u00e9ressantes.<\/span><\/li>\n<li data-sourcepos=\"18:1-19:43\"><strong style=\"font-size: 14.4px;\">Megan Nielsen :<\/strong><span style=\"font-size: 14.4px;\"> Propose des mod\u00e8les bien con\u00e7us en mettant l'accent sur la coupe et le style.<\/span>\n<div class=\"attachment-container search-images\">\n<div class=\"image-container hide-from-message-actions ng-star-inserted\">\n<div class=\"caption ellipsis gmat-caption ng-star-inserted\" aria-hidden=\"true\"><\/div>\n<\/div>\n<\/div>\n<\/li>\n<\/ul>","protected":false},"excerpt":{"rendered":"<table style=\"height: 475px;\" width=\"411\">\n<tbody>\n<tr>\n<td width=\"146\"><strong><b>Produit<\/b><\/strong>\u00a0<strong><b>Nom :<\/b><\/strong><\/td>\n<td width=\"601\"><strong>Patrons de couture pour les hauts pour femmes<\/strong><\/td>\n<\/tr>\n<tr>\n<td width=\"146\"><strong><b>Materlal :<\/b><\/strong><\/td>\n<td width=\"601\">Tricot<\/td>\n<\/tr>\n<tr>\n<td width=\"146\"><strong><b>Techniques :<\/b><\/strong><\/td>\n<td width=\"601\">Brod\u00e9<\/td>\n<\/tr>\n<tr>\n<td width=\"146\"><strong><b>Style :<\/b><\/strong><\/td>\n<td width=\"601\">D\u00e9contract\u00e9<\/td>\n<\/tr>\n<tr>\n<td width=\"146\"><strong><b>Couleur<\/b><\/strong><strong><b>:<\/b><\/strong><\/td>\n<td width=\"601\">\u00a0Couleurs personnalis\u00e9es<\/td>\n<\/tr>\n<tr>\n<td width=\"146\"><strong><b>Taille :<\/b><\/strong><\/td>\n<td width=\"601\">S \/M \/L \/XL \/2XL<\/td>\n<\/tr>\n<tr>\n<td width=\"146\"><strong><b>OEM\/ODM :<\/b><\/strong><\/td>\n<td width=\"601\">Acceptable<\/td>\n<\/tr>\n<tr>\n<td width=\"146\"><strong><b>Qualit\u00e9 :<\/b><\/strong><\/td>\n<td width=\"601\">100% Haute qualit\u00e9<\/td>\n<\/tr>\n<tr>\n<td width=\"146\"><strong><b>M<\/b><\/strong><strong><b>OQ :<\/b><\/strong><\/td>\n<td width=\"601\">200 pi\u00e8ces<\/td>\n<\/tr>\n<\/tbody>\n<\/table>","protected":false},"featured_media":1881,"template":"","meta":[],"product_brand":[],"product_cat":[39],"product_tag":[],"class_list":{"0":"post-1878","1":"product","2":"type-product","3":"status-publish","4":"has-post-thumbnail","6":"product_cat-womens-clothing","8":"first","9":"instock","10":"shipping-taxable","11":"product-type-simple"},"_links":{"self":[{"href":"https:\/\/mj-clothing.com\/fr\/wp-json\/wp\/v2\/product\/1878","targetHints":{"allow":["GET"]}}],"collection":[{"href":"https:\/\/mj-clothing.com\/fr\/wp-json\/wp\/v2\/product"}],"about":[{"href":"https:\/\/mj-clothing.com\/fr\/wp-json\/wp\/v2\/types\/product"}],"wp:featuredmedia":[{"embeddable":true,"href":"https:\/\/mj-clothing.com\/fr\/wp-json\/wp\/v2\/media\/1881"}],"wp:attachment":[{"href":"https:\/\/mj-clothing.com\/fr\/wp-json\/wp\/v2\/media?parent=1878"}],"wp:term":[{"taxonomy":"product_brand","embeddable":true,"href":"https:\/\/mj-clothing.com\/fr\/wp-json\/wp\/v2\/product_brand?post=1878"},{"taxonomy":"product_cat","embeddable":true,"href":"https:\/\/mj-clothing.com\/fr\/wp-json\/wp\/v2\/product_cat?post=1878"},{"taxonomy":"product_tag","embeddable":true,"href":"https:\/\/mj-clothing.com\/fr\/wp-json\/wp\/v2\/product_tag?post=1878"}],"curies":[{"name":"wp","href":"https:\/\/api.w.org\/{rel}","templated":true}]}}