{"id":1891,"date":"2024-12-16T07:27:51","date_gmt":"2024-12-16T07:27:51","guid":{"rendered":"https:\/\/mj-clothing.com\/?post_type=product&#038;p=1891"},"modified":"2024-12-17T03:45:11","modified_gmt":"2024-12-17T03:45:11","slug":"african-print-womens-tops","status":"publish","type":"product","link":"https:\/\/mj-clothing.com\/fr\/manufacturer\/african-print-womens-tops\/","title":{"rendered":"Tops pour femmes \u00e0 imprim\u00e9 africain"},"content":{"rendered":"<div id=\"model-response-message-contentr_ec3773cab81b3474\" class=\"markdown markdown-main-panel response-optimization\" dir=\"ltr\">\n<p data-sourcepos=\"1:1-1:255\"><span class=\"citation-0 recitation citation-end-0\">Les hauts pour femmes \u00e0 imprim\u00e9 africain sont des v\u00eatements vibrants et \u00e9l\u00e9gants qui c\u00e9l\u00e8brent le riche h\u00e9ritage culturel de l'Afrique.<\/span> <span class=\"citation-1 recitation citation-end-1\">Ces hauts sont souvent fabriqu\u00e9s \u00e0 partir de tissu Ankara, un tissu de coton color\u00e9 et \u00e0 motifs qui est populaire en Afrique de l'Ouest.<\/span><span class=\"button-container hide-from-message-actions ng-star-inserted\">\u00a0 \u00a0<\/span><\/p>\n<h3 data-sourcepos=\"5:1-5:58\">Les hauts pour femmes \u00e0 imprim\u00e9 africain sont disponibles dans une vari\u00e9t\u00e9 de styles, y compris :<\/h3>\n<ul data-sourcepos=\"7:1-11:0\">\n<li data-sourcepos=\"7:1-7:88\"><strong>Chemisiers :<\/strong> Ces hauts sont souvent ajust\u00e9s et peuvent \u00eatre port\u00e9s avec des jupes, des pantalons ou des jeans.<\/li>\n<li data-sourcepos=\"8:1-8:80\"><strong>Robes :<\/strong> Les robes \u00e0 imprim\u00e9 africain sont un choix populaire pour les occasions sp\u00e9ciales.<\/li>\n<li data-sourcepos=\"9:1-9:77\"><strong><span class=\"citation-2 recitation\">T-shirts :<\/span><\/strong><span class=\"citation-2 recitation citation-end-2\"> Ces hauts d\u00e9contract\u00e9s sont parfaits pour \u00eatre port\u00e9s tous les jours.<\/span><span class=\"button-container hide-from-message-actions ng-star-inserted\"> \u00a0<\/span><\/li>\n<li data-sourcepos=\"9:1-9:77\"><strong style=\"font-size: 14.4px;\"><span class=\"citation-3 recitation\">Combinaisons de saut :<\/span><\/strong><span class=\"citation-3 recitation citation-end-3\" style=\"font-size: 14.4px;\"> Ces combinaisons \u00e9l\u00e9gantes sont parfaites pour sortir le soir.<\/span><span class=\"button-container hide-from-message-actions ng-star-inserted\" style=\"font-size: 14.4px;\">\u00a0\u00a0<\/span>\n<div class=\"container ng-tns-c2946245707-271 hide\">\n<div class=\"carousel-container ng-tns-c2946245707-271\">\n<div class=\"carousel-content ng-tns-c2946245707-271\">\n<div class=\"sources-carousel-source ng-tns-c2946245707-271 hide ng-star-inserted\" data-test-id=\"sources-carousel-source\"><\/div>\n<\/div>\n<\/div>\n<\/div>\n<\/li>\n<\/ul>\n<p data-sourcepos=\"12:1-12:147\">Les hauts \u00e0 imprim\u00e9 africain ne sont pas seulement beaux, ils sont aussi confortables et polyvalents. Ils peuvent \u00eatre port\u00e9s de mani\u00e8re plus ou moins habill\u00e9e, ce qui les rend parfaits pour toutes les occasions.<\/p>\n<h3 data-sourcepos=\"14:1-14:50\">Voici quelques conseils pour styliser les hauts pour femmes \u00e0 imprim\u00e9 africain :<\/h3>\n<ul data-sourcepos=\"16:1-20:0\">\n<li data-sourcepos=\"16:1-16:100\"><strong>M\u00e9langez et assortissez :<\/strong> N'h\u00e9sitez pas \u00e0 m\u00e9langer les imprim\u00e9s africains avec d'autres motifs et couleurs.<\/li>\n<li data-sourcepos=\"17:1-17:102\"><strong><span class=\"citation-4 recitation\">Accessoiriser :<\/span><\/strong><span class=\"citation-4 recitation citation-end-4\"> Ajoutez des accessoires tels que des bijoux, des \u00e9charpes et des chapeaux pour compl\u00e9ter votre look.<\/span><span class=\"button-container hide-from-message-actions ng-star-inserted\"> \u00a0<\/span><\/li>\n<li data-sourcepos=\"17:1-17:102\"><strong style=\"font-size: 14.4px;\">Restez simple :<\/strong><span style=\"font-size: 14.4px;\"> Si vous portez un haut \u00e0 imprim\u00e9 africain audacieux, gardez le reste de votre tenue simple.<\/span><\/li>\n<li data-sourcepos=\"19:1-20:0\"><strong>Embrassez votre individualit\u00e9 :<\/strong> <span class=\"citation-5 recitation citation-end-5\">Les hauts \u00e0 imprim\u00e9 africain sont un excellent moyen d'exprimer votre style personnel.<\/span><span class=\"button-container hide-from-message-actions ng-star-inserted\"> \u00a0<\/span>\n<div class=\"container ng-tns-c2946245707-273 hide\">\n<div class=\"carousel-container ng-tns-c2946245707-273\"><\/div>\n<\/div>\n<\/li>\n<\/ul>\n<p data-sourcepos=\"21:1-21:147\">Que vous recherchiez un haut d\u00e9contract\u00e9 \u00e0 porter \u00e0 la maison ou une tenue \u00e9l\u00e9gante pour une occasion sp\u00e9ciale, les hauts \u00e0 imprim\u00e9 africain sont une excellente option.<\/p>\n<\/div>","protected":false},"excerpt":{"rendered":"<table style=\"height: 455px;\" width=\"420\">\n<tbody>\n<tr>\n<td width=\"146\"><strong><b>Produit<\/b><\/strong>\u00a0<strong><b>Nom :<\/b><\/strong><\/td>\n<td width=\"601\"><strong>Tops pour femmes \u00e0 imprim\u00e9 africain<\/strong><\/td>\n<\/tr>\n<tr>\n<td width=\"146\"><strong><b>Materlal :<\/b><\/strong><\/td>\n<td width=\"601\">Tricot<\/td>\n<\/tr>\n<tr>\n<td width=\"146\"><strong><b>Techniques :<\/b><\/strong><\/td>\n<td width=\"601\">Brod\u00e9<\/td>\n<\/tr>\n<tr>\n<td width=\"146\"><strong><b>Style :<\/b><\/strong><\/td>\n<td width=\"601\">D\u00e9contract\u00e9<\/td>\n<\/tr>\n<tr>\n<td width=\"146\"><strong><b>Couleur<\/b><\/strong><strong><b>:<\/b><\/strong><\/td>\n<td width=\"601\">\u00a0Couleurs personnalis\u00e9es<\/td>\n<\/tr>\n<tr>\n<td width=\"146\"><strong><b>Taille :<\/b><\/strong><\/td>\n<td width=\"601\">S \/M \/L \/XL \/2XL<\/td>\n<\/tr>\n<tr>\n<td width=\"146\"><strong><b>OEM\/ODM :<\/b><\/strong><\/td>\n<td width=\"601\">Acceptable<\/td>\n<\/tr>\n<tr>\n<td width=\"146\"><strong><b>Qualit\u00e9 :<\/b><\/strong><\/td>\n<td width=\"601\">100% Haute qualit\u00e9<\/td>\n<\/tr>\n<tr>\n<td width=\"146\"><strong><b>M<\/b><\/strong><strong><b>OQ :<\/b><\/strong><\/td>\n<td width=\"601\">200 pi\u00e8ces<\/td>\n<\/tr>\n<\/tbody>\n<\/table>","protected":false},"featured_media":1892,"template":"","meta":[],"product_brand":[],"product_cat":[39],"product_tag":[],"class_list":{"0":"post-1891","1":"product","2":"type-product","3":"status-publish","4":"has-post-thumbnail","6":"product_cat-womens-clothing","8":"first","9":"instock","10":"shipping-taxable","11":"product-type-simple"},"_links":{"self":[{"href":"https:\/\/mj-clothing.com\/fr\/wp-json\/wp\/v2\/product\/1891","targetHints":{"allow":["GET"]}}],"collection":[{"href":"https:\/\/mj-clothing.com\/fr\/wp-json\/wp\/v2\/product"}],"about":[{"href":"https:\/\/mj-clothing.com\/fr\/wp-json\/wp\/v2\/types\/product"}],"wp:featuredmedia":[{"embeddable":true,"href":"https:\/\/mj-clothing.com\/fr\/wp-json\/wp\/v2\/media\/1892"}],"wp:attachment":[{"href":"https:\/\/mj-clothing.com\/fr\/wp-json\/wp\/v2\/media?parent=1891"}],"wp:term":[{"taxonomy":"product_brand","embeddable":true,"href":"https:\/\/mj-clothing.com\/fr\/wp-json\/wp\/v2\/product_brand?post=1891"},{"taxonomy":"product_cat","embeddable":true,"href":"https:\/\/mj-clothing.com\/fr\/wp-json\/wp\/v2\/product_cat?post=1891"},{"taxonomy":"product_tag","embeddable":true,"href":"https:\/\/mj-clothing.com\/fr\/wp-json\/wp\/v2\/product_tag?post=1891"}],"curies":[{"name":"wp","href":"https:\/\/api.w.org\/{rel}","templated":true}]}}