{"id":1919,"date":"2024-12-16T08:23:18","date_gmt":"2024-12-16T08:23:18","guid":{"rendered":"https:\/\/mj-clothing.com\/?post_type=product&#038;p=1919"},"modified":"2024-12-17T03:44:00","modified_gmt":"2024-12-17T03:44:00","slug":"womens-pink-long-sleeve-tops","status":"publish","type":"product","link":"https:\/\/mj-clothing.com\/fr\/manufacturer\/womens-pink-long-sleeve-tops\/","title":{"rendered":"Womens Pink Long Sleeve Tops"},"content":{"rendered":"<p data-sourcepos=\"1:1-1:189\">Les hauts \u00e0 manches longues roses pour femmes sont un choix polyvalent et \u00e9l\u00e9gant pour les femmes. <span class=\"citation-0 recitation citation-end-0\">Ils se d\u00e9clinent en diff\u00e9rentes teintes, du blush doux au rose vif, et peuvent \u00eatre adapt\u00e9s \u00e0 diff\u00e9rentes occasions.<\/span><span class=\"button-container hide-from-message-actions ng-star-inserted\"> \u00a0<\/span><\/p>\n<h3 data-sourcepos=\"5:1-5:54\">\u00a0 \u00a0 \u00a0 Voici quelques styles populaires de hauts \u00e0 manches longues roses pour femmes :<\/h3>\n<ul data-sourcepos=\"7:1-18:0\">\n<li data-sourcepos=\"7:1-9:0\">\n<p data-sourcepos=\"7:3-8:22\"><strong><span class=\"citation-1 recitation\">Chemisiers :<\/span><\/strong><span class=\"citation-1 recitation citation-end-1\"> Les blouses roses peuvent \u00eatre fabriqu\u00e9es dans diff\u00e9rents tissus, tels que la soie, le coton ou le lin.<\/span> Ils peuvent \u00eatre associ\u00e9s \u00e0 des jupes, des pantalons ou des jeans pour un look chic et sophistiqu\u00e9.<span class=\"button-container hide-from-message-actions ng-star-inserted\">\u00a0 \u00a0<\/span><\/p>\n<\/li>\n<li data-sourcepos=\"7:1-9:0\">\n<p data-sourcepos=\"7:3-8:22\"><strong style=\"font-size: 14.4px;\"><span class=\"citation-2 recitation\">T-shirts :<\/span><\/strong><span class=\"citation-2 recitation citation-end-2\" style=\"font-size: 14.4px;\"> Les t-shirts roses sont une option d\u00e9contract\u00e9e et confortable qui peut \u00eatre associ\u00e9e \u00e0 des jeans, des shorts ou des jupes.<\/span><span class=\"button-container hide-from-message-actions ng-star-inserted\" style=\"font-size: 14.4px;\">\u00a0 \u00a0<\/span><\/p>\n<\/li>\n<li data-sourcepos=\"7:1-9:0\">\n<p data-sourcepos=\"7:3-8:22\"><strong style=\"font-size: 14.4px;\"><span class=\"citation-3 recitation\">Chandails :<\/span><\/strong><span class=\"citation-3 recitation citation-end-3\" style=\"font-size: 14.4px;\"> Les pulls roses sont parfaits pour les temps plus frais.<\/span><span style=\"font-size: 14.4px;\"> Ils peuvent \u00eatre port\u00e9s avec des jeans, des leggings ou des jupes.<\/span><\/p>\n<\/li>\n<li data-sourcepos=\"7:1-9:0\">\n<p data-sourcepos=\"7:3-8:22\"><strong style=\"font-size: 14.4px;\"><span class=\"citation-4 recitation\">D\u00e9bardeurs :<\/span><\/strong><span class=\"citation-4 recitation citation-end-4\" style=\"font-size: 14.4px;\"> Les d\u00e9bardeurs roses sont des pi\u00e8ces polyvalentes qui peuvent \u00eatre superpos\u00e9es sous d'autres hauts ou port\u00e9es seules.<\/span><span class=\"button-container hide-from-message-actions ng-star-inserted\" style=\"font-size: 14.4px;\">\u00a0 \u00a0<\/span><\/p>\n<div class=\"container ng-tns-c2946245707-318 hide\">\n<div class=\"carousel-container ng-tns-c2946245707-318\"><\/div>\n<\/div>\n<div class=\"attachment-container search-images\">\n<div class=\"image-container hide-from-message-actions ng-star-inserted\">\n<div class=\"caption ellipsis gmat-caption ng-star-inserted\" aria-hidden=\"true\"><span style=\"font-size: 20.16px;\">Lors de l'achat de tops \u00e0 manches longues roses pour femmes, tenez compte des conseils suivants :<\/span><\/div>\n<\/div>\n<\/div>\n<\/li>\n<\/ul>\n<ul data-sourcepos=\"21:1-25:0\">\n<li data-sourcepos=\"21:1-21:94\"><strong>Accessoiriser :<\/strong> Ajoutez des accessoires tels que des colliers, des boucles d'oreilles et des \u00e9charpes pour rehausser votre look.<\/li>\n<li data-sourcepos=\"22:1-22:121\"><strong>Jouez avec les textures :<\/strong> M\u00e9langez et associez diff\u00e9rentes textures, telles que la dentelle, le velours ou la maille, pour cr\u00e9er des tenues int\u00e9ressantes.<\/li>\n<li data-sourcepos=\"23:1-23:114\"><strong>Exp\u00e9rimentez les couleurs :<\/strong> Associez votre haut rose \u00e0 d'autres couleurs comme le noir, le blanc ou le denim pour un look classique.<\/li>\n<li data-sourcepos=\"24:1-25:0\"><strong>Restez simple :<\/strong> Si vous portez un haut rose vif, gardez le reste de votre tenue simple.<\/li>\n<\/ul>\n<p data-sourcepos=\"26:1-26:192\">Les hauts roses \u00e0 manches longues sont un choix polyvalent et \u00e9l\u00e9gant qui peut \u00eatre port\u00e9 en toute occasion. En suivant ces conseils, vous pouvez cr\u00e9er des tenues \u00e9tonnantes qui vous mettront en valeur.<\/p>","protected":false},"excerpt":{"rendered":"<table style=\"height: 488px;\" width=\"438\">\n<tbody>\n<tr>\n<td width=\"146\"><strong><b>Produit<\/b><\/strong>\u00a0<strong><b>Nom :<\/b><\/strong><\/td>\n<td width=\"601\"><strong>Womens Pink Long Sleeve Tops<\/strong><\/td>\n<\/tr>\n<tr>\n<td width=\"146\"><strong><b>Materlal :<\/b><\/strong><\/td>\n<td width=\"601\">Tricot<\/td>\n<\/tr>\n<tr>\n<td width=\"146\"><strong><b>Techniques :<\/b><\/strong><\/td>\n<td width=\"601\">Brod\u00e9<\/td>\n<\/tr>\n<tr>\n<td width=\"146\"><strong><b>Style :<\/b><\/strong><\/td>\n<td width=\"601\">D\u00e9contract\u00e9<\/td>\n<\/tr>\n<tr>\n<td width=\"146\"><strong><b>Couleur<\/b><\/strong><strong><b>:<\/b><\/strong><\/td>\n<td width=\"601\">\u00a0Couleurs personnalis\u00e9es<\/td>\n<\/tr>\n<tr>\n<td width=\"146\"><strong><b>Taille :<\/b><\/strong><\/td>\n<td width=\"601\">S \/M \/L \/XL \/2XL<\/td>\n<\/tr>\n<tr>\n<td width=\"146\"><strong><b>OEM\/ODM :<\/b><\/strong><\/td>\n<td width=\"601\">Acceptable<\/td>\n<\/tr>\n<tr>\n<td width=\"146\"><strong><b>Qualit\u00e9 :<\/b><\/strong><\/td>\n<td width=\"601\">100% Haute qualit\u00e9<\/td>\n<\/tr>\n<tr>\n<td width=\"146\"><strong><b>M<\/b><\/strong><strong><b>OQ :<\/b><\/strong><\/td>\n<td width=\"601\">200 pi\u00e8ces<\/td>\n<\/tr>\n<\/tbody>\n<\/table>","protected":false},"featured_media":1922,"template":"","meta":[],"product_brand":[],"product_cat":[39],"product_tag":[],"class_list":{"0":"post-1919","1":"product","2":"type-product","3":"status-publish","4":"has-post-thumbnail","6":"product_cat-womens-clothing","8":"first","9":"instock","10":"shipping-taxable","11":"product-type-simple"},"_links":{"self":[{"href":"https:\/\/mj-clothing.com\/fr\/wp-json\/wp\/v2\/product\/1919","targetHints":{"allow":["GET"]}}],"collection":[{"href":"https:\/\/mj-clothing.com\/fr\/wp-json\/wp\/v2\/product"}],"about":[{"href":"https:\/\/mj-clothing.com\/fr\/wp-json\/wp\/v2\/types\/product"}],"wp:featuredmedia":[{"embeddable":true,"href":"https:\/\/mj-clothing.com\/fr\/wp-json\/wp\/v2\/media\/1922"}],"wp:attachment":[{"href":"https:\/\/mj-clothing.com\/fr\/wp-json\/wp\/v2\/media?parent=1919"}],"wp:term":[{"taxonomy":"product_brand","embeddable":true,"href":"https:\/\/mj-clothing.com\/fr\/wp-json\/wp\/v2\/product_brand?post=1919"},{"taxonomy":"product_cat","embeddable":true,"href":"https:\/\/mj-clothing.com\/fr\/wp-json\/wp\/v2\/product_cat?post=1919"},{"taxonomy":"product_tag","embeddable":true,"href":"https:\/\/mj-clothing.com\/fr\/wp-json\/wp\/v2\/product_tag?post=1919"}],"curies":[{"name":"wp","href":"https:\/\/api.w.org\/{rel}","templated":true}]}}