{"id":1939,"date":"2024-12-16T09:14:41","date_gmt":"2024-12-16T09:14:41","guid":{"rendered":"https:\/\/mj-clothing.com\/?post_type=product&#038;p=1939"},"modified":"2024-12-17T03:42:51","modified_gmt":"2024-12-17T03:42:51","slug":"womens-spring-tops-2024","status":"publish","type":"product","link":"https:\/\/mj-clothing.com\/fr\/manufacturer\/womens-spring-tops-2024\/","title":{"rendered":"Tops de printemps pour femmes 2024"},"content":{"rendered":"<p data-sourcepos=\"1:1-1:118\"><span class=\"citation-0 recitation citation-end-0\">Les hauts de printemps 2024 pour femmes sont un m\u00e9lange de styles classiques et de touches modernes.<\/span> Voici quelques-unes des principales tendances :<\/p>\n<h3 data-sourcepos=\"1:1-1:118\"><strong>1. Hauts de printemps pour femmes 2024 Patterns :<\/strong><\/h3>\n<ul data-sourcepos=\"5:1-7:0\">\n<li data-sourcepos=\"5:1-5:80\"><strong>Fleurs d\u00e9licates :<\/strong> Les imprim\u00e9s floraux doux et romantiques sont une tendance classique du printemps.<\/li>\n<li data-sourcepos=\"6:1-7:0\"><strong>Des fleurs audacieuses :<\/strong> Les grands motifs floraux \u00e9clatants font sensation.<\/li>\n<\/ul>\n<h3 data-sourcepos=\"8:1-8:20\"><strong>2. Hauts de printemps 2024 pour femmes, coupe d\u00e9contract\u00e9e :<\/strong><\/h3>\n<ul data-sourcepos=\"10:1-12:0\">\n<li data-sourcepos=\"10:1-10:99\"><strong>Silhouettes surdimensionn\u00e9es :<\/strong> Confortables et \u00e9l\u00e9gants, les hauts surdimensionn\u00e9s sont parfaits pour un look d\u00e9contract\u00e9.<\/li>\n<li data-sourcepos=\"11:1-12:0\"><strong>Chemisiers fluides :<\/strong> Les blouses l\u00e9g\u00e8res et a\u00e9r\u00e9es sont id\u00e9ales pour les temps chauds.<\/li>\n<\/ul>\n<h3 data-sourcepos=\"13:1-13:21\"><strong>3. Tops de printemps pour femmes 2024 Bright Colors :<\/strong><\/h3>\n<ul data-sourcepos=\"15:1-17:0\">\n<li data-sourcepos=\"15:1-15:83\"><strong>Des teintes audacieuses :<\/strong> Les couleurs vives comme le rose, le jaune et l'orange apportent une touche de gaiet\u00e9.<\/li>\n<li data-sourcepos=\"16:1-17:0\"><strong>Tons pastel :<\/strong> Les pastels doux comme la lavande, le vert menthe et le bleu layette sont parfaits pour un look romantique.<\/li>\n<\/ul>\n<h3 data-sourcepos=\"18:1-18:24\"><strong>4. Des d\u00e9collet\u00e9s uniques :<\/strong><\/h3>\n<ul data-sourcepos=\"20:1-23:0\">\n<li data-sourcepos=\"20:1-20:59\"><strong>D\u00e9collet\u00e9e :<\/strong> Une encolure f\u00e9minine et flatteuse.<\/li>\n<li data-sourcepos=\"21:1-21:55\"><strong>Encolure carr\u00e9e :<\/strong> Un look moderne et sophistiqu\u00e9.<\/li>\n<li data-sourcepos=\"22:1-23:0\"><strong>Une \u00e9paule :<\/strong> Un choix audacieux et spectaculaire.<\/li>\n<\/ul>\n<h3 data-sourcepos=\"24:1-24:24\"><strong>5. Tissus textur\u00e9s :<\/strong><\/h3>\n<ul data-sourcepos=\"26:1-29:0\">\n<li data-sourcepos=\"26:1-26:52\"><strong>Dentelle :<\/strong> Apporte une touche d'\u00e9l\u00e9gance et de f\u00e9minit\u00e9.<\/li>\n<li data-sourcepos=\"27:1-27:49\"><strong>Tricot :<\/strong> Confortable et douillet pour les journ\u00e9es plus fra\u00eeches.<\/li>\n<li data-sourcepos=\"28:1-29:0\"><strong>Satin :<\/strong> Un tissu luxueux et glamour.<\/li>\n<\/ul>\n<h3 data-sourcepos=\"30:1-30:27\"><strong>6. Tissus durables :<\/strong><\/h3>\n<ul data-sourcepos=\"32:1-35:0\">\n<li data-sourcepos=\"32:1-32:44\"><strong>Coton biologique :<\/strong> Respectueux de l'environnement et doux.<\/li>\n<li data-sourcepos=\"33:1-33:50\"><strong>Polyester recycl\u00e9 :<\/strong> Durables et p\u00e9rennes.<\/li>\n<li data-sourcepos=\"34:1-35:0\"><strong><span class=\"citation-1 recitation\">Tencel :<\/span><\/strong><span class=\"citation-1 recitation citation-end-1\"> Tissu respirant et \u00e9vacuant l'humidit\u00e9.<\/span><span class=\"button-container hide-from-message-actions ng-star-inserted\"> \u00a0<\/span>\n<div class=\"container ng-tns-c2946245707-383 hide\">\n<div class=\"carousel-container ng-tns-c2946245707-383\"><\/div>\n<\/div>\n<\/li>\n<\/ul>\n<p data-sourcepos=\"36:1-36:226\">N'oubliez pas que la meilleure fa\u00e7on de trouver le haut de printemps id\u00e9al est d'essayer diff\u00e9rents styles, couleurs et tissus. Tenez compte de votre style personnel et de l'occasion pour laquelle vous porterez le haut lorsque vous ferez votre choix.<\/p>","protected":false},"excerpt":{"rendered":"<table style=\"height: 470px;\" width=\"398\">\n<tbody>\n<tr>\n<td width=\"146\"><strong><b>Produit<\/b><\/strong>\u00a0<strong><b>Nom :<\/b><\/strong><\/td>\n<td width=\"601\"><strong>Tops de printemps pour femmes 2024<\/strong><\/td>\n<\/tr>\n<tr>\n<td width=\"146\"><strong><b>Materlal :<\/b><\/strong><\/td>\n<td width=\"601\">Tricot<\/td>\n<\/tr>\n<tr>\n<td width=\"146\"><strong><b>Techniques :<\/b><\/strong><\/td>\n<td width=\"601\">Brod\u00e9<\/td>\n<\/tr>\n<tr>\n<td width=\"146\"><strong><b>Style :<\/b><\/strong><\/td>\n<td width=\"601\">D\u00e9contract\u00e9<\/td>\n<\/tr>\n<tr>\n<td width=\"146\"><strong><b>Couleur<\/b><\/strong><strong><b>:<\/b><\/strong><\/td>\n<td width=\"601\">\u00a0Couleurs personnalis\u00e9es<\/td>\n<\/tr>\n<tr>\n<td width=\"146\"><strong><b>Taille :<\/b><\/strong><\/td>\n<td width=\"601\">S \/M \/L \/XL \/2XL<\/td>\n<\/tr>\n<tr>\n<td width=\"146\"><strong><b>OEM\/ODM :<\/b><\/strong><\/td>\n<td width=\"601\">Acceptable<\/td>\n<\/tr>\n<tr>\n<td width=\"146\"><strong><b>Qualit\u00e9 :<\/b><\/strong><\/td>\n<td width=\"601\">100% Haute qualit\u00e9<\/td>\n<\/tr>\n<tr>\n<td width=\"146\"><strong><b>M<\/b><\/strong><strong><b>OQ :<\/b><\/strong><\/td>\n<td width=\"601\">200 pi\u00e8ces<\/td>\n<\/tr>\n<\/tbody>\n<\/table>","protected":false},"featured_media":1940,"template":"","meta":[],"product_brand":[],"product_cat":[39],"product_tag":[],"class_list":{"0":"post-1939","1":"product","2":"type-product","3":"status-publish","4":"has-post-thumbnail","6":"product_cat-womens-clothing","8":"first","9":"instock","10":"shipping-taxable","11":"product-type-simple"},"_links":{"self":[{"href":"https:\/\/mj-clothing.com\/fr\/wp-json\/wp\/v2\/product\/1939","targetHints":{"allow":["GET"]}}],"collection":[{"href":"https:\/\/mj-clothing.com\/fr\/wp-json\/wp\/v2\/product"}],"about":[{"href":"https:\/\/mj-clothing.com\/fr\/wp-json\/wp\/v2\/types\/product"}],"wp:featuredmedia":[{"embeddable":true,"href":"https:\/\/mj-clothing.com\/fr\/wp-json\/wp\/v2\/media\/1940"}],"wp:attachment":[{"href":"https:\/\/mj-clothing.com\/fr\/wp-json\/wp\/v2\/media?parent=1939"}],"wp:term":[{"taxonomy":"product_brand","embeddable":true,"href":"https:\/\/mj-clothing.com\/fr\/wp-json\/wp\/v2\/product_brand?post=1939"},{"taxonomy":"product_cat","embeddable":true,"href":"https:\/\/mj-clothing.com\/fr\/wp-json\/wp\/v2\/product_cat?post=1939"},{"taxonomy":"product_tag","embeddable":true,"href":"https:\/\/mj-clothing.com\/fr\/wp-json\/wp\/v2\/product_tag?post=1939"}],"curies":[{"name":"wp","href":"https:\/\/api.w.org\/{rel}","templated":true}]}}