{"id":1946,"date":"2024-12-17T02:48:08","date_gmt":"2024-12-17T02:48:08","guid":{"rendered":"https:\/\/mj-clothing.com\/?post_type=product&#038;p=1946"},"modified":"2024-12-17T03:42:21","modified_gmt":"2024-12-17T03:42:21","slug":"easy-to-sew-womens-tops","status":"publish","type":"product","link":"https:\/\/mj-clothing.com\/fr\/manufacturer\/easy-to-sew-womens-tops\/","title":{"rendered":"Hauts pour femmes faciles \u00e0 coudre"},"content":{"rendered":"<div class=\"experimental-mode-disclaimer-container ng-star-inserted\">\n<div class=\"disclaimer\">\n<div class=\"disclaimer-text ng-star-inserted\"><\/div>\n<\/div>\n<\/div>\n<div id=\"model-response-message-contentr_97504a3a3735aa12\" class=\"markdown markdown-main-panel response-optimization\" dir=\"ltr\">\n<p data-sourcepos=\"1:1-1:139\">Il semblerait que vous cherchiez des hauts pour femmes faciles \u00e0 coudre ! Voici une liste d'id\u00e9es et de ressources pour vous aider \u00e0 d\u00e9marrer :<\/p>\n<h3 data-sourcepos=\"3:1-3:33\"><strong>\u00c9l\u00e9ments cl\u00e9s pour des hauts f\u00e9minins faciles \u00e0 coudre :<\/strong><\/h3>\n<ul data-sourcepos=\"5:1-9:0\">\n<li data-sourcepos=\"5:1-5:153\"><strong>Formes simples :<\/strong> Recherchez des mod\u00e8les aux formes basiques telles que des rectangles, des carr\u00e9s ou des courbes minimales. Ils n\u00e9cessitent des coupes et des assemblages moins complexes.<\/li>\n<li data-sourcepos=\"6:1-6:172\"><strong><span class=\"citation-0 recitation\">Tricot Tissus :<\/span><\/strong><span class=\"citation-0 recitation citation-end-0\"> Ces tissus sont extensibles, ce qui les rend plus tol\u00e9rants pour les d\u00e9butants.<\/span> De plus, ils ne n\u00e9cessitent souvent pas de finition des bords, ce qui vous permet de gagner du temps.<span class=\"button-container hide-from-message-actions ng-star-inserted\">\u00a0 \u00a0<\/span>\n<div class=\"container ng-tns-c2960411664-24 hide\">\n<div class=\"carousel-container ng-tns-c2960411664-24\"><\/div>\n<\/div>\n<\/li>\n<li data-sourcepos=\"7:1-7:95\"><strong>Coutures minimales :<\/strong> Moins il y a de coutures dans un mod\u00e8le, plus il est facile et rapide \u00e0 coudre.<\/li>\n<li data-sourcepos=\"8:1-9:0\"><strong>Pas de fermeture compliqu\u00e9e :<\/strong> Au d\u00e9but, \u00e9vitez les mod\u00e8les comportant des fermetures \u00e0 glissi\u00e8re, des boutonni\u00e8res ou des fermetures complexes.<\/li>\n<\/ul>\n<h3 data-sourcepos=\"10:1-10:32\"><strong>Tops f\u00e9minins faciles \u00e0 coudre \u00e0 consid\u00e9rer :<\/strong><\/h3>\n<ul data-sourcepos=\"12:1-17:0\">\n<li data-sourcepos=\"12:1-12:133\"><strong>T-shirts :<\/strong> Un classique pour une bonne raison ! <span class=\"citation-1 recitation citation-end-1\">Les patrons de t-shirts de base sont facilement disponibles et constituent un bon point de d\u00e9part.<\/span><span class=\"button-container hide-from-message-actions ng-star-inserted\"> \u00a0<\/span>\n<div class=\"container ng-tns-c2960411664-25 hide\">\n<div class=\"carousel-container ng-tns-c2960411664-25\"><\/div>\n<\/div>\n<\/li>\n<li data-sourcepos=\"13:1-13:96\"><strong>D\u00e9bardeurs :<\/strong> Les d\u00e9bardeurs simples \u00e0 larges bretelles ou aux formes basiques sont tr\u00e8s faciles \u00e0 construire.<\/li>\n<li data-sourcepos=\"14:1-14:110\"><strong>Kimono Tops :<\/strong> Il s'agit souvent de coudre des lignes droites et ils peuvent \u00eatre r\u00e9alis\u00e9s dans de beaux tissus drap\u00e9s.<\/li>\n<li data-sourcepos=\"15:1-15:97\"><strong>Tuniques simples :<\/strong> Les tuniques amples et peu galb\u00e9es sont confortables et faciles \u00e0 coudre.<\/li>\n<li data-sourcepos=\"16:1-17:0\"><strong>Hauts fronc\u00e9s :<\/strong> Les hauts \u00e0 encolure \u00e9lastique ou \u00e0 sections fronc\u00e9es peuvent \u00eatre \u00e9tonnamment simples \u00e0 r\u00e9aliser.<\/li>\n<\/ul>\n<h3 data-sourcepos=\"18:1-18:43\"><strong>O\u00f9 trouver des patrons et de l'inspiration pour les hauts f\u00e9minins faciles \u00e0 coudre :<\/strong><\/h3>\n<ul data-sourcepos=\"20:1-24:0\">\n<li data-sourcepos=\"20:1-20:97\"><strong>Sew Essential :<\/strong> Ce site web propose une vari\u00e9t\u00e9 de mod\u00e8les et de ressources adapt\u00e9s aux d\u00e9butants.<\/li>\n<li data-sourcepos=\"21:1-21:99\"><strong>Coudre simple :<\/strong> <span class=\"citation-2 recitation citation-end-2\">Ils se concentrent sur des mod\u00e8les simples et \u00e9l\u00e9gants avec des instructions claires.<\/span><span class=\"button-container hide-from-message-actions ng-star-inserted\">\u00a0<\/span>\n<div class=\"container ng-tns-c2960411664-26 hide\">\n<div class=\"carousel-container ng-tns-c2960411664-26\"><\/div>\n<\/div>\n<\/li>\n<li data-sourcepos=\"22:1-22:120\"><strong><span class=\"citation-3 recitation\">Pinterest :<\/span><\/strong><span class=\"citation-3 recitation citation-end-3\"> Un tr\u00e9sor d'id\u00e9es de bricolage, y compris de nombreux tutoriels gratuits et des mod\u00e8les de tops faciles \u00e0 r\u00e9aliser.<\/span><span class=\"button-container hide-from-message-actions ng-star-inserted\"> \u00a0<\/span>\n<div class=\"container ng-tns-c2960411664-27 hide\">\n<div class=\"carousel-container ng-tns-c2960411664-27\"><\/div>\n<\/div>\n<\/li>\n<li data-sourcepos=\"23:1-24:0\"><strong>Simplicity, McCall's, Butterick :<\/strong> Ces entreprises proposent un large \u00e9ventail de mod\u00e8les, souvent class\u00e9s par niveau de comp\u00e9tence.<\/li>\n<\/ul>\n<h3 data-sourcepos=\"25:1-25:23\"><strong>Conseils pour les d\u00e9butants :<\/strong><\/h3>\n<ul data-sourcepos=\"27:1-31:0\">\n<li data-sourcepos=\"27:1-27:102\"><strong>Commencez par un projet simple :<\/strong> N'essayez pas de vous attaquer \u00e0 quelque chose de trop complexe pour votre premi\u00e8re tentative.<\/li>\n<li data-sourcepos=\"28:1-28:99\"><strong>Choisissez le bon tissu :<\/strong> Les tissus tricot\u00e9s sont g\u00e9n\u00e9ralement plus faciles \u00e0 travailler que les tissus tiss\u00e9s.<\/li>\n<li data-sourcepos=\"29:1-29:93\"><strong>Lisez attentivement les instructions :<\/strong> Assurez-vous de bien comprendre les \u00e9tapes avant de commencer.<\/li>\n<li data-sourcepos=\"30:1-31:0\"><strong>N'ayez pas peur de demander de l'aide :<\/strong> De nombreuses communaut\u00e9s et ressources en ligne sont disponibles pour vous aider si vous \u00eates bloqu\u00e9.<\/li>\n<\/ul>\n<p data-sourcepos=\"32:1-32:128\">Je suis pr\u00eate \u00e0 vous aider si vous avez des questions sp\u00e9cifiques ou si vous souhaitez explorer un style de haut particulier. N'h\u00e9sitez pas \u00e0 me le faire savoir !<\/p>\n<\/div>\n<div class=\"skeleton-loader-container\"><\/div>","protected":false},"excerpt":{"rendered":"<table style=\"height: 518px;\" width=\"411\">\n<tbody>\n<tr>\n<td width=\"146\"><strong><b>Produit<\/b><\/strong>\u00a0<strong><b>Nom :<\/b><\/strong><\/td>\n<td width=\"601\"><strong>Hauts pour femmes faciles \u00e0 coudre<\/strong><\/td>\n<\/tr>\n<tr>\n<td width=\"146\"><strong><b>Materlal :<\/b><\/strong><\/td>\n<td width=\"601\">Tricot<\/td>\n<\/tr>\n<tr>\n<td width=\"146\"><strong><b>Techniques :<\/b><\/strong><\/td>\n<td width=\"601\">Brod\u00e9<\/td>\n<\/tr>\n<tr>\n<td width=\"146\"><strong><b>Style :<\/b><\/strong><\/td>\n<td width=\"601\">D\u00e9contract\u00e9<\/td>\n<\/tr>\n<tr>\n<td width=\"146\"><strong><b>Couleur<\/b><\/strong><strong><b>:<\/b><\/strong><\/td>\n<td width=\"601\">\u00a0Couleurs personnalis\u00e9es<\/td>\n<\/tr>\n<tr>\n<td width=\"146\"><strong><b>Taille :<\/b><\/strong><\/td>\n<td width=\"601\">S \/M \/L \/XL \/2XL<\/td>\n<\/tr>\n<tr>\n<td width=\"146\"><strong><b>OEM\/ODM :<\/b><\/strong><\/td>\n<td width=\"601\">Acceptable<\/td>\n<\/tr>\n<tr>\n<td width=\"146\"><strong><b>Qualit\u00e9 :<\/b><\/strong><\/td>\n<td width=\"601\">100% Haute qualit\u00e9<\/td>\n<\/tr>\n<tr>\n<td width=\"146\"><strong><b>M<\/b><\/strong><strong><b>OQ :<\/b><\/strong><\/td>\n<td width=\"601\">200 pi\u00e8ces<\/td>\n<\/tr>\n<\/tbody>\n<\/table>","protected":false},"featured_media":1956,"template":"","meta":[],"product_brand":[],"product_cat":[39],"product_tag":[],"class_list":{"0":"post-1946","1":"product","2":"type-product","3":"status-publish","4":"has-post-thumbnail","6":"product_cat-womens-clothing","8":"first","9":"instock","10":"shipping-taxable","11":"product-type-simple"},"_links":{"self":[{"href":"https:\/\/mj-clothing.com\/fr\/wp-json\/wp\/v2\/product\/1946","targetHints":{"allow":["GET"]}}],"collection":[{"href":"https:\/\/mj-clothing.com\/fr\/wp-json\/wp\/v2\/product"}],"about":[{"href":"https:\/\/mj-clothing.com\/fr\/wp-json\/wp\/v2\/types\/product"}],"wp:featuredmedia":[{"embeddable":true,"href":"https:\/\/mj-clothing.com\/fr\/wp-json\/wp\/v2\/media\/1956"}],"wp:attachment":[{"href":"https:\/\/mj-clothing.com\/fr\/wp-json\/wp\/v2\/media?parent=1946"}],"wp:term":[{"taxonomy":"product_brand","embeddable":true,"href":"https:\/\/mj-clothing.com\/fr\/wp-json\/wp\/v2\/product_brand?post=1946"},{"taxonomy":"product_cat","embeddable":true,"href":"https:\/\/mj-clothing.com\/fr\/wp-json\/wp\/v2\/product_cat?post=1946"},{"taxonomy":"product_tag","embeddable":true,"href":"https:\/\/mj-clothing.com\/fr\/wp-json\/wp\/v2\/product_tag?post=1946"}],"curies":[{"name":"wp","href":"https:\/\/api.w.org\/{rel}","templated":true}]}}