{"id":1957,"date":"2024-12-17T02:54:13","date_gmt":"2024-12-17T02:54:13","guid":{"rendered":"https:\/\/mj-clothing.com\/?post_type=product&#038;p=1957"},"modified":"2024-12-18T06:10:01","modified_gmt":"2024-12-18T06:10:01","slug":"womens-shell-top","status":"publish","type":"product","link":"https:\/\/mj-clothing.com\/fr\/manufacturer\/womens-shell-top\/","title":{"rendered":"Haut de forme Womens"},"content":{"rendered":"<p data-sourcepos=\"1:1-1:134\"><span class=\"citation-0 recitation citation-end-0\">Un haut en coquillage pour femme est un \u00e9l\u00e9ment de base polyvalent et classique de la garde-robe.<\/span> Voici un aper\u00e7u de ce que c'est et pourquoi c'est si populaire :<span class=\"button-container hide-from-message-actions ng-star-inserted\"> \u00a0<\/span><\/p>\n<h3 data-sourcepos=\"3:1-3:24\"><strong>Qu'est-ce qu'un haut de forme pour femmes ?<\/strong><\/h3>\n<ul data-sourcepos=\"5:1-9:0\">\n<li data-sourcepos=\"5:1-5:173\"><strong><span class=\"citation-1 recitation\">Simple et sans manches :<\/span><\/strong><span class=\"citation-1 recitation citation-end-1\"> Il s'agit essentiellement d'un haut basique sans manches.<\/span> Il pr\u00e9sente souvent une encolure simple (comme une encolure d\u00e9gag\u00e9e, une encolure ras-du-cou ou une encolure en V) et n'a pas de col.<span class=\"button-container hide-from-message-actions ng-star-inserted\"> \u00a0<\/span>\n<div class=\"container ng-tns-c2960411664-35 hide\">\n<div class=\"carousel-container ng-tns-c2960411664-35\"><\/div>\n<\/div>\n<\/li>\n<li data-sourcepos=\"6:1-6:278\"><strong>Tissu polyvalent :<\/strong> <span class=\"citation-2 recitation citation-end-2\">Les hauts de forme peuvent \u00eatre fabriqu\u00e9s \u00e0 partir d'une grande vari\u00e9t\u00e9 de tissus, notamment le coton, la soie, le lin, la rayonne ou des m\u00e9langes.<\/span> <span class=\"citation-3 recitation citation-end-3\">Le choix du tissu peut avoir un impact consid\u00e9rable sur l'aspect et le toucher du haut, le rendant adapt\u00e9 \u00e0 des occasions d\u00e9contract\u00e9es ou plus formelles.<\/span>\n<div class=\"container ng-tns-c2960411664-36 hide\">\n<div class=\"carousel-container ng-tns-c2960411664-36\"><\/div>\n<\/div>\n<\/li>\n<li data-sourcepos=\"7:1-7:186\"><strong>La superposition est essentielle :<\/strong> Les hauts \u00e0 coquille sont excellents pour \u00eatre superpos\u00e9s sous des cardigans, des blazers, des vestes ou m\u00eame des hauts transparents. Ils constituent une couche de base douce sans ajouter de volume aux bras.<\/li>\n<li data-sourcepos=\"8:1-9:0\"><strong><span class=\"citation-4 recitation\">Pi\u00e8ce ind\u00e9pendante :<\/span><\/strong><span class=\"citation-4 recitation citation-end-4\"> Bien qu'ils soient parfaits pour les superpositions, les hauts de forme peuvent \u00e9galement \u00eatre port\u00e9s seuls, surtout par temps chaud.<\/span>\n<div class=\"container ng-tns-c2960411664-37 hide\">\n<div class=\"carousel-container ng-tns-c2960411664-37\"><\/div>\n<\/div>\n<\/li>\n<\/ul>\n<h3 data-sourcepos=\"10:1-10:24\"><strong>Caract\u00e9ristiques principales :<\/strong><\/h3>\n<ul data-sourcepos=\"12:1-15:0\">\n<li data-sourcepos=\"12:1-12:120\"><strong>Lignes \u00e9pur\u00e9es :<\/strong> Les hauts de forme ont g\u00e9n\u00e9ralement un design simple et \u00e9pur\u00e9, sans fioritures ni d\u00e9tails excessifs.<\/li>\n<li data-sourcepos=\"13:1-13:128\"><strong>Ajust\u00e9s ou semi-ajust\u00e9s :<\/strong> Ils sont g\u00e9n\u00e9ralement con\u00e7us pour s'ajuster relativement pr\u00e8s du corps, ce qui permet d'obtenir une silhouette flatteuse.<\/li>\n<li data-sourcepos=\"14:1-15:0\"><strong>Un style intemporel :<\/strong> Le haut de forme est un classique qui reste \u00e9l\u00e9gant depuis des d\u00e9cennies en raison de sa simplicit\u00e9 et de son adaptabilit\u00e9.<\/li>\n<\/ul>\n<h3 data-sourcepos=\"16:1-16:25\"><strong>Pourquoi les hauts de forme pour femmes sont-ils populaires ?<\/strong><\/h3>\n<ul data-sourcepos=\"18:1-22:0\">\n<li data-sourcepos=\"18:1-18:95\"><strong>Polyvalence :<\/strong> Comme nous l'avons mentionn\u00e9, ils peuvent \u00eatre habill\u00e9s ou non et port\u00e9s dans diff\u00e9rents contextes.<\/li>\n<li data-sourcepos=\"19:1-19:130\"><strong>Confort :<\/strong> La conception sans manches et les tissus souvent l\u00e9gers les rendent agr\u00e9ables \u00e0 porter, en particulier dans les climats plus chauds.<\/li>\n<li data-sourcepos=\"20:1-20:92\"><strong>Possibilit\u00e9 de superposition :<\/strong> Ils sont parfaits pour cr\u00e9er des tenues superpos\u00e9es sans ajouter de volume.<\/li>\n<li data-sourcepos=\"21:1-22:0\"><strong>Intemporalit\u00e9 :<\/strong> C'est un classique de la garde-robe qui ne se d\u00e9mode jamais.<\/li>\n<\/ul>\n<h3 data-sourcepos=\"23:1-23:28\"><strong>Comment porter un haut en coquillage pour femmes :<\/strong><\/h3>\n<ul data-sourcepos=\"25:1-28:0\">\n<li data-sourcepos=\"25:1-25:81\"><strong>D\u00e9contract\u00e9 :<\/strong> Associez-le \u00e0 un jean, un short ou une jupe d\u00e9contract\u00e9e pour un look d\u00e9contract\u00e9.<\/li>\n<li data-sourcepos=\"26:1-26:122\"><strong>D\u00e9contract\u00e9 :<\/strong> Portez-le sous un blazer avec un pantalon ou une jupe crayon pour une tenue \u00e0 la fois professionnelle et confortable.<\/li>\n<li data-sourcepos=\"27:1-28:0\"><strong>Habill\u00e9 :<\/strong> Choisissez un haut en tissu luxueux comme la soie ou le satin et associez-le \u00e0 une jupe ou un pantalon habill\u00e9 pour une soir\u00e9e.<\/li>\n<\/ul>\n<p data-sourcepos=\"29:1-29:132\">Que vous recherchiez une pi\u00e8ce de base \u00e0 superposer ou un simple haut pour les temps chauds, le haut en coquillage est un choix polyvalent et \u00e9l\u00e9gant.<\/p>","protected":false},"excerpt":{"rendered":"<table style=\"height: 495px;\" width=\"411\">\n<tbody>\n<tr>\n<td width=\"146\"><strong><b>Produit<\/b><\/strong>\u00a0<strong><b>Nom :<\/b><\/strong><\/td>\n<td width=\"601\"><strong>Haut de forme Womens<\/strong><\/td>\n<\/tr>\n<tr>\n<td width=\"146\"><strong><b>Materlal :<\/b><\/strong><\/td>\n<td width=\"601\">Tricot<\/td>\n<\/tr>\n<tr>\n<td width=\"146\"><strong><b>Techniques :<\/b><\/strong><\/td>\n<td width=\"601\">Brod\u00e9<\/td>\n<\/tr>\n<tr>\n<td width=\"146\"><strong><b>Style :<\/b><\/strong><\/td>\n<td width=\"601\">D\u00e9contract\u00e9<\/td>\n<\/tr>\n<tr>\n<td width=\"146\"><strong><b>Couleur<\/b><\/strong><strong><b>:<\/b><\/strong><\/td>\n<td width=\"601\">\u00a0Couleurs personnalis\u00e9es<\/td>\n<\/tr>\n<tr>\n<td width=\"146\"><strong><b>Taille :<\/b><\/strong><\/td>\n<td width=\"601\">S \/M \/L \/XL \/2XL<\/td>\n<\/tr>\n<tr>\n<td width=\"146\"><strong><b>OEM\/ODM :<\/b><\/strong><\/td>\n<td width=\"601\">Acceptable<\/td>\n<\/tr>\n<tr>\n<td width=\"146\"><strong><b>Qualit\u00e9 :<\/b><\/strong><\/td>\n<td width=\"601\">100% Haute qualit\u00e9<\/td>\n<\/tr>\n<tr>\n<td width=\"146\"><strong><b>M<\/b><\/strong><strong><b>OQ :<\/b><\/strong><\/td>\n<td width=\"601\">200 pi\u00e8ces<\/td>\n<\/tr>\n<\/tbody>\n<\/table>","protected":false},"featured_media":1958,"template":"","meta":[],"product_brand":[],"product_cat":[39],"product_tag":[],"class_list":{"0":"post-1957","1":"product","2":"type-product","3":"status-publish","4":"has-post-thumbnail","6":"product_cat-womens-clothing","8":"first","9":"instock","10":"shipping-taxable","11":"product-type-simple"},"_links":{"self":[{"href":"https:\/\/mj-clothing.com\/fr\/wp-json\/wp\/v2\/product\/1957","targetHints":{"allow":["GET"]}}],"collection":[{"href":"https:\/\/mj-clothing.com\/fr\/wp-json\/wp\/v2\/product"}],"about":[{"href":"https:\/\/mj-clothing.com\/fr\/wp-json\/wp\/v2\/types\/product"}],"wp:featuredmedia":[{"embeddable":true,"href":"https:\/\/mj-clothing.com\/fr\/wp-json\/wp\/v2\/media\/1958"}],"wp:attachment":[{"href":"https:\/\/mj-clothing.com\/fr\/wp-json\/wp\/v2\/media?parent=1957"}],"wp:term":[{"taxonomy":"product_brand","embeddable":true,"href":"https:\/\/mj-clothing.com\/fr\/wp-json\/wp\/v2\/product_brand?post=1957"},{"taxonomy":"product_cat","embeddable":true,"href":"https:\/\/mj-clothing.com\/fr\/wp-json\/wp\/v2\/product_cat?post=1957"},{"taxonomy":"product_tag","embeddable":true,"href":"https:\/\/mj-clothing.com\/fr\/wp-json\/wp\/v2\/product_tag?post=1957"}],"curies":[{"name":"wp","href":"https:\/\/api.w.org\/{rel}","templated":true}]}}