{"id":1960,"date":"2024-12-17T03:10:50","date_gmt":"2024-12-17T03:10:50","guid":{"rendered":"https:\/\/mj-clothing.com\/?post_type=product&#038;p=1960"},"modified":"2024-12-17T03:10:50","modified_gmt":"2024-12-17T03:10:50","slug":"periwinkle-womens-tops","status":"publish","type":"product","link":"https:\/\/mj-clothing.com\/fr\/manufacturer\/periwinkle-womens-tops\/","title":{"rendered":"Periwinkle Womens Tops"},"content":{"rendered":"<div id=\"model-response-message-contentr_7f973865284483ec\" class=\"markdown markdown-main-panel response-optimization\" dir=\"ltr\">\n<p data-sourcepos=\"1:1-1:279\">Les Tops Femme Pervenche sont une couleur magnifique, douce et polyvalente qui peut ajouter une touche d'\u00e9l\u00e9gance et de f\u00e9minit\u00e9 \u00e0 n'importe quelle tenue. <span class=\"citation-0 recitation citation-end-0\">Il s'agit d'un violet clair avec une pointe de bleu, souvent d\u00e9crit comme une lavande p\u00e2le ou un violet clair.<\/span> Voici ce qui rend les hauts pour femmes de couleur pervenche si attrayants :<span class=\"button-container hide-from-message-actions ng-star-inserted\">\u00a0 \u00a0<\/span><\/p>\n<h3 data-sourcepos=\"3:1-3:39\"><strong>Pourquoi les hauts pour femmes de couleur pervenche fonctionnent bien pour les hauts :<\/strong><\/h3>\n<ul data-sourcepos=\"5:1-9:0\">\n<li data-sourcepos=\"5:1-5:138\"><strong>Flatteuse pour de nombreux tons de peau :<\/strong> La pervenche a des tons froids et chauds, ce qui la rend flatteuse pour un large \u00e9ventail de carnations.<\/li>\n<li data-sourcepos=\"6:1-6:105\"><strong>Doux et apaisant :<\/strong> <span class=\"citation-1 recitation citation-end-1\">C'est une couleur douce qui \u00e9voque des sentiments de tranquillit\u00e9 et de paix.<\/span><span class=\"button-container hide-from-message-actions ng-star-inserted\"> \u00a0<\/span>\n<div class=\"container ng-tns-c2960411664-45 hide\">\n<div class=\"carousel-container ng-tns-c2960411664-45\"><\/div>\n<\/div>\n<\/li>\n<li data-sourcepos=\"7:1-7:111\"><strong><span class=\"citation-2 recitation\">Polyvalent :<\/span><\/strong><span class=\"citation-2 recitation citation-end-2\"> La pervenche peut \u00eatre habill\u00e9e de mani\u00e8re plus ou moins \u00e9l\u00e9gante, ce qui la rend adapt\u00e9e \u00e0 diverses occasions.<\/span><span class=\"button-container hide-from-message-actions ng-star-inserted\"> \u00a0<\/span>\n<div class=\"container ng-tns-c2960411664-46 hide\">\n<div class=\"carousel-container ng-tns-c2960411664-46\"><\/div>\n<\/div>\n<\/li>\n<li data-sourcepos=\"8:1-9:0\"><strong>Se marie bien avec d'autres couleurs :<\/strong> Il compl\u00e8te les couleurs neutres comme le blanc, le gris et le beige, ainsi que d'autres couleurs comme le rose, le vert et m\u00eame le jaune.<\/li>\n<\/ul>\n<h3 data-sourcepos=\"10:1-10:44\"><strong>Types de hauts pour femmes de couleur pervenche que vous pourriez trouver :<\/strong><\/h3>\n<ul data-sourcepos=\"12:1-16:0\">\n<li data-sourcepos=\"12:1-12:164\"><strong>T-shirts et hauts d\u00e9contract\u00e9s :<\/strong> Un t-shirt ou un haut d\u00e9contract\u00e9 de couleur pervenche est parfait pour la vie de tous les jours. Associez-le \u00e0 un jean, un short ou une jupe d\u00e9contract\u00e9e pour un look d\u00e9contract\u00e9.<\/li>\n<li data-sourcepos=\"13:1-13:198\"><strong><span class=\"citation-3 recitation\">Chemisiers et hauts plus habill\u00e9s :<\/span><\/strong><span class=\"citation-3 recitation citation-end-3\"> Un chemisier pervenche en soie, en satin ou en mousseline de soie peut \u00eatre habill\u00e9 pour des occasions plus formelles.<\/span> Associez-le \u00e0 un pantalon habill\u00e9, une jupe ou m\u00eame sous un blazer.<span class=\"button-container hide-from-message-actions ng-star-inserted\"> \u00a0<\/span>\n<div class=\"container ng-tns-c2960411664-47 hide\">\n<div class=\"carousel-container ng-tns-c2960411664-47\"><\/div>\n<\/div>\n<\/li>\n<li data-sourcepos=\"14:1-14:110\"><strong>Chandails et cardigans :<\/strong> Un pull ou un cardigan pervenche est une excellente pi\u00e8ce \u00e0 superposer pour les temps plus frais.<\/li>\n<li data-sourcepos=\"15:1-16:0\"><strong><span class=\"citation-4 recitation\">D\u00e9bardeurs et camisoles :<\/span><\/strong><span class=\"citation-4 recitation citation-end-4\"> Un d\u00e9bardeur ou un caraco de couleur pervenche peut \u00eatre port\u00e9 seul par temps chaud ou superpos\u00e9 \u00e0 d'autres hauts.<\/span><span class=\"button-container hide-from-message-actions ng-star-inserted\">\u00a0<\/span>\n<div class=\"container ng-tns-c2960411664-48 hide\">\n<div class=\"carousel-container ng-tns-c2960411664-48\">\n<div class=\"carousel-content ng-tns-c2960411664-48\">\n<div class=\"sources-carousel-source ng-tns-c2960411664-48 hide ng-star-inserted\" data-test-id=\"sources-carousel-source\"><\/div>\n<\/div>\n<\/div>\n<\/div>\n<\/li>\n<\/ul>\n<h3 data-sourcepos=\"17:1-17:33\"><strong>Comment coiffer les hauts de couleur pervenche :<\/strong><\/h3>\n<ul data-sourcepos=\"19:1-23:0\">\n<li data-sourcepos=\"19:1-19:100\"><strong>D\u00e9contract\u00e9 :<\/strong> Associez un t-shirt pervenche \u00e0 un jean blanc et des baskets pour un look frais et d\u00e9contract\u00e9.<\/li>\n<li data-sourcepos=\"20:1-20:117\"><strong>Tenue d\u00e9contract\u00e9e :<\/strong> Portez un chemisier pervenche avec un pantalon gris et des talons pour une tenue \u00e0 la fois professionnelle et \u00e9l\u00e9gante.<\/li>\n<li data-sourcepos=\"21:1-21:104\"><strong>Habill\u00e9 :<\/strong> Associez un top en satin pervenche \u00e0 une jupe noire et des talons pour un look de soir\u00e9e \u00e9l\u00e9gant.<\/li>\n<li data-sourcepos=\"22:1-23:0\"><strong>Boh\u00e8me :<\/strong> Pour une ambiance boh\u00e8me, associez un haut fluide de couleur pervenche \u00e0 une jupe longue et \u00e0 des sandales.<\/li>\n<\/ul>\n<p data-sourcepos=\"32:1-32:113\">\n<\/div>","protected":false},"excerpt":{"rendered":"<table style=\"height: 501px;\" width=\"369\">\n<tbody>\n<tr>\n<td width=\"146\"><strong><b>Produit<\/b><\/strong>\u00a0<strong><b>Nom :<\/b><\/strong><\/td>\n<td width=\"601\"><strong>Periwinkle Womens Tops<\/strong><\/td>\n<\/tr>\n<tr>\n<td width=\"146\"><strong><b>Materlal :<\/b><\/strong><\/td>\n<td width=\"601\">Tricot<\/td>\n<\/tr>\n<tr>\n<td width=\"146\"><strong><b>Techniques : <\/b><\/strong><\/td>\n<td width=\"601\">Brod\u00e9<\/td>\n<\/tr>\n<tr>\n<td width=\"146\"><strong><b>Style : <\/b><\/strong><\/td>\n<td width=\"601\">D\u00e9contract\u00e9<\/td>\n<\/tr>\n<tr>\n<td width=\"146\"><strong><b>Couleur<\/b><\/strong><strong><b>:<\/b><\/strong><\/td>\n<td width=\"601\">\u00a0Couleurs personnalis\u00e9es<\/td>\n<\/tr>\n<tr>\n<td width=\"146\"><strong><b>Taille :<\/b><\/strong><\/td>\n<td width=\"601\">S \/M \/L \/XL \/2XL<\/td>\n<\/tr>\n<tr>\n<td width=\"146\"><strong><b>OEM\/ODM :<\/b><\/strong><\/td>\n<td width=\"601\">Acceptable<\/td>\n<\/tr>\n<tr>\n<td width=\"146\"><strong><b>Qualit\u00e9 :<\/b><\/strong><\/td>\n<td width=\"601\">100% Haute qualit\u00e9<\/td>\n<\/tr>\n<tr>\n<td width=\"146\"><strong><b>M<\/b><\/strong><strong><b>OQ :<\/b><\/strong><\/td>\n<td width=\"601\">200 pi\u00e8ces<\/td>\n<\/tr>\n<\/tbody>\n<\/table>","protected":false},"featured_media":1961,"template":"","meta":[],"product_brand":[],"product_cat":[39],"product_tag":[],"class_list":{"0":"post-1960","1":"product","2":"type-product","3":"status-publish","4":"has-post-thumbnail","6":"product_cat-womens-clothing","8":"first","9":"instock","10":"shipping-taxable","11":"product-type-simple"},"_links":{"self":[{"href":"https:\/\/mj-clothing.com\/fr\/wp-json\/wp\/v2\/product\/1960","targetHints":{"allow":["GET"]}}],"collection":[{"href":"https:\/\/mj-clothing.com\/fr\/wp-json\/wp\/v2\/product"}],"about":[{"href":"https:\/\/mj-clothing.com\/fr\/wp-json\/wp\/v2\/types\/product"}],"wp:featuredmedia":[{"embeddable":true,"href":"https:\/\/mj-clothing.com\/fr\/wp-json\/wp\/v2\/media\/1961"}],"wp:attachment":[{"href":"https:\/\/mj-clothing.com\/fr\/wp-json\/wp\/v2\/media?parent=1960"}],"wp:term":[{"taxonomy":"product_brand","embeddable":true,"href":"https:\/\/mj-clothing.com\/fr\/wp-json\/wp\/v2\/product_brand?post=1960"},{"taxonomy":"product_cat","embeddable":true,"href":"https:\/\/mj-clothing.com\/fr\/wp-json\/wp\/v2\/product_cat?post=1960"},{"taxonomy":"product_tag","embeddable":true,"href":"https:\/\/mj-clothing.com\/fr\/wp-json\/wp\/v2\/product_tag?post=1960"}],"curies":[{"name":"wp","href":"https:\/\/api.w.org\/{rel}","templated":true}]}}