{"id":2005,"date":"2024-12-17T08:27:39","date_gmt":"2024-12-17T08:27:39","guid":{"rendered":"https:\/\/mj-clothing.com\/?post_type=product&#038;p=2005"},"modified":"2024-12-18T06:08:53","modified_gmt":"2024-12-18T06:08:53","slug":"glorya-long-sleeve-hooded-top-womens","status":"publish","type":"product","link":"https:\/\/mj-clothing.com\/fr\/manufacturer\/glorya-long-sleeve-hooded-top-womens\/","title":{"rendered":"Glorya Long-Sleeve Hooded Top-Women's"},"content":{"rendered":"<div id=\"model-response-message-contentr_2042c454bde921df\" class=\"markdown markdown-main-panel response-optimization\" dir=\"ltr\">\n<p data-sourcepos=\"1:1-1:220\">Il semblerait que vous soyez int\u00e9ress\u00e9 par le haut \u00e0 capuche \u00e0 manches longues Glorya de Patagonia pour femmes. Il s'agit d'une pi\u00e8ce populaire de Patagonia, reconnue pour son confort et sa polyvalence. Voici un aper\u00e7u de ce qui le distingue :<\/p>\n<h3 data-sourcepos=\"3:1-3:17\"><strong>Caract\u00e9ristiques principales Glorya Long-Sleeve Hooded Top-Women's :<\/strong><\/h3>\n<ul data-sourcepos=\"5:1-12:0\">\n<li data-sourcepos=\"5:1-5:186\"><strong>L\u00e9ger et confortable :<\/strong> <span class=\"citation-0 recitation citation-end-0\">Fabriqu\u00e9 \u00e0 partir d'un doux m\u00e9lange de polyester recycl\u00e9, de TENCEL\u2122 lyocell et de spandex, ce sweat \u00e0 capuche est con\u00e7u pour le confort et la libert\u00e9 de mouvement.<\/span>\n<div class=\"container ng-tns-c2960411664-80 hide\">\n<div class=\"carousel-container ng-tns-c2960411664-80\"><\/div>\n<\/div>\n<\/li>\n<li data-sourcepos=\"6:1-6:176\"><strong>Evacuation de l'humidit\u00e9 et s\u00e9chage rapide :<\/strong> <span class=\"citation-1 recitation citation-end-1\">Le tissu est excellent pour \u00e9vacuer l'humidit\u00e9 et s\u00e9cher rapidement, ce qui le rend adapt\u00e9 aux v\u00eatements de sport ou \u00e0 l'usage quotidien.<\/span><span class=\"button-container hide-from-message-actions ng-star-inserted\">\u00a0 \u00a0<\/span>\n<div class=\"container ng-tns-c2960411664-81 hide\">\n<div class=\"carousel-container ng-tns-c2960411664-81\"><\/div>\n<\/div>\n<\/li>\n<li data-sourcepos=\"7:1-7:106\"><strong>Coupe d\u00e9contract\u00e9e :<\/strong> <span class=\"citation-2 recitation citation-end-2\">Le sweat \u00e0 capuche Glorya a une coupe d\u00e9contract\u00e9e qui permet une superposition confortable.<\/span><span class=\"button-container hide-from-message-actions ng-star-inserted\">\u00a0<\/span>\n<div class=\"container ng-tns-c2960411664-82 hide\">\n<div class=\"carousel-container ng-tns-c2960411664-82\"><\/div>\n<\/div>\n<\/li>\n<li data-sourcepos=\"8:1-8:121\"><strong>Capuchon r\u00e9glable :<\/strong> <span class=\"citation-3 recitation citation-end-3\">La capuche est dot\u00e9e d'un cordon de serrage qui permet de l'ajuster pour une couverture et une chaleur optimales.<\/span><span class=\"button-container hide-from-message-actions ng-star-inserted\">\u00a0<\/span>\n<div class=\"container ng-tns-c2960411664-83 hide\">\n<div class=\"carousel-container ng-tns-c2960411664-83\"><\/div>\n<\/div>\n<\/li>\n<li data-sourcepos=\"9:1-9:157\"><strong>Polyvalent :<\/strong> <span class=\"citation-4 recitation citation-end-4\">Il peut \u00eatre port\u00e9 seul ou superpos\u00e9 \u00e0 d'autres hauts, ce qui en fait un excellent choix pour diverses activit\u00e9s et conditions m\u00e9t\u00e9orologiques.<\/span><span class=\"button-container hide-from-message-actions ng-star-inserted\"> \u00a0<\/span>\n<div class=\"container ng-tns-c2960411664-84 hide\">\n<div class=\"carousel-container ng-tns-c2960411664-84\"><\/div>\n<\/div>\n<\/li>\n<li data-sourcepos=\"10:1-10:148\"><strong><span class=\"citation-5 recitation\">Mat\u00e9riaux durables :<\/span><\/strong><span class=\"citation-5 recitation citation-end-5\"> Fabriqu\u00e9 avec du polyester recycl\u00e9 et du lyocell TENCEL\u2122, ce sweat \u00e0 capuche constitue un choix plus respectueux de l'environnement.<\/span><span class=\"button-container hide-from-message-actions ng-star-inserted\"> \u00a0<\/span>\n<div class=\"container ng-tns-c2960411664-85 hide\">\n<div class=\"carousel-container ng-tns-c2960411664-85\"><\/div>\n<\/div>\n<\/li>\n<li data-sourcepos=\"11:1-12:0\"><strong><span class=\"citation-6 recitation\">Fair Trade Certified\u2122 Cousu :<\/span><\/strong><span class=\"citation-6 recitation citation-end-6\"> Cela signifie que les personnes qui ont fabriqu\u00e9 le v\u00eatement ont gagn\u00e9 une prime pour leur travail.<\/span><span class=\"button-container hide-from-message-actions ng-star-inserted\">\u00a0<\/span>\n<div class=\"container ng-tns-c2960411664-86 hide\">\n<div class=\"carousel-container ng-tns-c2960411664-86\"><\/div>\n<\/div>\n<\/li>\n<\/ul>\n<h3 data-sourcepos=\"13:1-13:30\"><strong>Pourquoi c'est un choix populaire Glorya Long-Sleeve Hooded Top-Women's :<\/strong><\/h3>\n<ul data-sourcepos=\"15:1-19:0\">\n<li data-sourcepos=\"15:1-15:151\"><strong>Le confort au service du mouvement :<\/strong> <span class=\"citation-7 recitation citation-end-7\">Le tissu l\u00e9ger et extensible est id\u00e9al pour les activit\u00e9s telles que la randonn\u00e9e, le yoga ou simplement les courses.<\/span><span class=\"button-container hide-from-message-actions ng-star-inserted\">\u00a0<\/span>\n<div class=\"container ng-tns-c2960411664-87 hide\">\n<div class=\"carousel-container ng-tns-c2960411664-87\"><\/div>\n<\/div>\n<\/li>\n<li data-sourcepos=\"16:1-16:101\"><strong>Port\u00e9 tous les jours :<\/strong> Son style d\u00e9contract\u00e9 et sa coupe confortable en font un choix id\u00e9al pour une utilisation quotidienne.<\/li>\n<li data-sourcepos=\"17:1-17:91\"><strong>Pi\u00e8ce de superposition :<\/strong> Il est parfait pour \u00eatre superpos\u00e9 sous une veste ou un gilet par temps frais.<\/li>\n<li data-sourcepos=\"18:1-19:0\"><strong>Qualit\u00e9 et durabilit\u00e9 :<\/strong> Patagonia est connu pour ses produits durables et de haute qualit\u00e9.<\/li>\n<\/ul>\n<h3 data-sourcepos=\"20:1-20:21\"><strong>O\u00f9 trouver Glorya Long-Sleeve Hooded Top-Women's :<\/strong><\/h3>\n<p data-sourcepos=\"22:1-22:86\">Vous pouvez g\u00e9n\u00e9ralement trouver le Patagonia Long-Sleeve Glorya Hooded Top chez ces d\u00e9taillants :<\/p>\n<ul data-sourcepos=\"24:1-27:0\">\n<li data-sourcepos=\"24:1-24:80\"><strong>Site web de Patagonia :<\/strong> Il s'agit de la source officielle pour les produits Patagonia.<\/li>\n<li data-sourcepos=\"25:1-25:114\"><strong>D\u00e9taillants d'articles de plein air :<\/strong> <span class=\"citation-8 recitation citation-end-8\">Des magasins comme REI, Backcountry et Moosejaw proposent souvent des v\u00eatements Patagonia.<\/span><span class=\"button-container hide-from-message-actions ng-star-inserted\">\u00a0<\/span>\n<div class=\"container ng-tns-c2960411664-88 hide\">\n<div class=\"carousel-container ng-tns-c2960411664-88\"><\/div>\n<\/div>\n<\/li>\n<li data-sourcepos=\"26:1-27:0\"><strong>Grands magasins :<\/strong> Certains grands magasins peuvent \u00e9galement proposer des produits Patagonia.<\/li>\n<\/ul>\n<p data-sourcepos=\"28:1-28:153\">Si vous recherchez un sweat \u00e0 capuche confortable, polyvalent et fabriqu\u00e9 de mani\u00e8re durable, le sweat \u00e0 capuche Glorya \u00e0 manches longues de Patagonia vaut vraiment la peine d'\u00eatre consid\u00e9r\u00e9.<\/p>\n<\/div>\n<div class=\"skeleton-loader-container\"><\/div>\n<div class=\"response-footer gap complete\">\n<div class=\"container ng-tns-c2960411664-79\">\n<div class=\"carousel-container ng-tns-c2960411664-79\">\n<div class=\"carousel-content ng-tns-c2960411664-79\">\n<div class=\"sources-carousel-source ng-tns-c2960411664-79 ng-star-inserted\" data-test-id=\"sources-carousel-source\">\n<div class=\"source-card-container\">\n<div class=\"source-card-content\">\n<div class=\"source-card-body\">\n<div class=\"source-card-header\">\n<div class=\"source-card-title\"><\/div>\n<\/div>\n<\/div>\n<\/div>\n<\/div>\n<\/div>\n<\/div>\n<\/div>\n<\/div>\n<\/div>","protected":false},"excerpt":{"rendered":"<table style=\"height: 661px;\" width=\"527\">\n<tbody>\n<tr>\n<td width=\"146\"><strong><b>Produit<\/b><\/strong>\u00a0<strong><b>Nom :<\/b><\/strong><\/td>\n<td width=\"601\"><strong>Glorya Long-Sleeve Hooded Top-Women's<\/strong><\/td>\n<\/tr>\n<tr>\n<td width=\"146\"><strong><b>Materlal :<\/b><\/strong><\/td>\n<td width=\"601\">Tricot<\/td>\n<\/tr>\n<tr>\n<td width=\"146\"><strong><b>Techniques :<\/b><\/strong><\/td>\n<td width=\"601\">Brod\u00e9<\/td>\n<\/tr>\n<tr>\n<td width=\"146\"><strong><b>Style :<\/b><\/strong><\/td>\n<td width=\"601\">D\u00e9contract\u00e9<\/td>\n<\/tr>\n<tr>\n<td width=\"146\"><strong><b>Couleur<\/b><\/strong><strong><b>:<\/b><\/strong><\/td>\n<td width=\"601\">\u00a0Couleurs personnalis\u00e9es<\/td>\n<\/tr>\n<tr>\n<td width=\"146\"><strong><b>Taille :<\/b><\/strong><\/td>\n<td width=\"601\">S \/M \/L \/XL \/2XL<\/td>\n<\/tr>\n<tr>\n<td width=\"146\"><strong><b>OEM\/ODM :<\/b><\/strong><\/td>\n<td width=\"601\">Acceptable<\/td>\n<\/tr>\n<tr>\n<td width=\"146\"><strong><b>Qualit\u00e9 :<\/b><\/strong><\/td>\n<td width=\"601\">100% Haute qualit\u00e9<\/td>\n<\/tr>\n<tr>\n<td width=\"146\"><strong><b>M<\/b><\/strong><strong><b>OQ :<\/b><\/strong><\/td>\n<td width=\"601\">200 pi\u00e8ces<\/td>\n<\/tr>\n<\/tbody>\n<\/table>","protected":false},"featured_media":2006,"template":"","meta":[],"product_brand":[],"product_cat":[39],"product_tag":[],"class_list":{"0":"post-2005","1":"product","2":"type-product","3":"status-publish","4":"has-post-thumbnail","6":"product_cat-womens-clothing","8":"first","9":"instock","10":"shipping-taxable","11":"product-type-simple"},"_links":{"self":[{"href":"https:\/\/mj-clothing.com\/fr\/wp-json\/wp\/v2\/product\/2005","targetHints":{"allow":["GET"]}}],"collection":[{"href":"https:\/\/mj-clothing.com\/fr\/wp-json\/wp\/v2\/product"}],"about":[{"href":"https:\/\/mj-clothing.com\/fr\/wp-json\/wp\/v2\/types\/product"}],"wp:featuredmedia":[{"embeddable":true,"href":"https:\/\/mj-clothing.com\/fr\/wp-json\/wp\/v2\/media\/2006"}],"wp:attachment":[{"href":"https:\/\/mj-clothing.com\/fr\/wp-json\/wp\/v2\/media?parent=2005"}],"wp:term":[{"taxonomy":"product_brand","embeddable":true,"href":"https:\/\/mj-clothing.com\/fr\/wp-json\/wp\/v2\/product_brand?post=2005"},{"taxonomy":"product_cat","embeddable":true,"href":"https:\/\/mj-clothing.com\/fr\/wp-json\/wp\/v2\/product_cat?post=2005"},{"taxonomy":"product_tag","embeddable":true,"href":"https:\/\/mj-clothing.com\/fr\/wp-json\/wp\/v2\/product_tag?post=2005"}],"curies":[{"name":"wp","href":"https:\/\/api.w.org\/{rel}","templated":true}]}}