{"id":2008,"date":"2024-12-17T08:49:20","date_gmt":"2024-12-17T08:49:20","guid":{"rendered":"https:\/\/mj-clothing.com\/?post_type=product&#038;p=2008"},"modified":"2024-12-17T08:56:51","modified_gmt":"2024-12-17T08:56:51","slug":"womens-cashmere-long-coat","status":"publish","type":"product","link":"https:\/\/mj-clothing.com\/fr\/manufacturer\/womens-cashmere-long-coat\/","title":{"rendered":"Manteau long en cachemire pour femmes"},"content":{"rendered":"<div id=\"model-response-message-contentr_21586b4a0aa106d5\" class=\"markdown markdown-main-panel response-optimization\" dir=\"ltr\">\n<p data-sourcepos=\"1:1-1:191\">Un manteau long en cachemire pour femme est l'incarnation du luxe, de la chaleur et du style intemporel. Il s'agit d'un investissement important qui peut rehausser n'importe quelle garde-robe d'hiver. Voici ce qui les rend si sp\u00e9ciaux :<\/p>\n<h3 data-sourcepos=\"3:1-3:17\"><strong>Pourquoi un manteau long en cachemire pour femmes ?<\/strong><\/h3>\n<ul data-sourcepos=\"5:1-9:0\">\n<li data-sourcepos=\"5:1-5:146\"><strong><span class=\"citation-0 recitation\">Douceur in\u00e9gal\u00e9e :<\/span><\/strong><span class=\"citation-0 recitation citation-end-0\"> Les fibres de cachemire sont incroyablement fines, ce qui leur conf\u00e8re une douceur luxueuse au contact de la peau.<\/span><span class=\"button-container hide-from-message-actions ng-star-inserted\"> \u00a0<\/span>\n<div class=\"container ng-tns-c2960411664-95 hide\">\n<div class=\"carousel-container ng-tns-c2960411664-95\"><\/div>\n<\/div>\n<\/li>\n<li data-sourcepos=\"6:1-6:147\"><strong><span class=\"citation-1 recitation\">Chaleur exceptionnelle :<\/span><\/strong><span class=\"citation-1 recitation citation-end-1\"> Malgr\u00e9 sa l\u00e9g\u00e8ret\u00e9, le cachemire offre une excellente isolation, vous gardant au chaud sans vous encombrer.<\/span><span class=\"button-container hide-from-message-actions ng-star-inserted\">\u00a0<\/span>\n<div class=\"container ng-tns-c2960411664-96 hide\">\n<div class=\"carousel-container ng-tns-c2960411664-96\"><\/div>\n<\/div>\n<\/li>\n<li data-sourcepos=\"7:1-7:152\"><strong>L\u00e9ger et confortable :<\/strong> <span class=\"citation-2 recitation citation-end-2\">Les v\u00eatements en cachemire sont connus pour leur l\u00e9g\u00e8ret\u00e9, ce qui permet de les porter confortablement pendant de longues p\u00e9riodes.<\/span><span class=\"button-container hide-from-message-actions ng-star-inserted\">\u00a0 \u00a0<\/span>\n<div class=\"container ng-tns-c2960411664-97 hide\">\n<div class=\"carousel-container ng-tns-c2960411664-97\"><\/div>\n<\/div>\n<\/li>\n<li data-sourcepos=\"8:1-9:0\"><strong><span class=\"citation-3 recitation\">Durabilit\u00e9 :<\/span><\/strong><span class=\"citation-3 recitation citation-end-3\"> S'il est bien entretenu, un manteau en cachemire de haute qualit\u00e9 peut durer de nombreuses ann\u00e9es, ce qui en fait un investissement rentable.<\/span><span class=\"button-container hide-from-message-actions ng-star-inserted\">\u00a0 \u00a0<\/span>\n<div class=\"container ng-tns-c2960411664-98 hide\">\n<div class=\"carousel-container ng-tns-c2960411664-98\"><\/div>\n<\/div>\n<\/li>\n<\/ul>\n<h3 data-sourcepos=\"10:1-10:41\"><strong>Caract\u00e9ristiques principales d'un manteau long en cachemire pour femme :<\/strong><\/h3>\n<ul data-sourcepos=\"12:1-22:0\">\n<li data-sourcepos=\"12:1-12:85\"><strong>Longueur :<\/strong> Il tombe g\u00e9n\u00e9ralement sous le genou, offrant une couverture et une chaleur maximales.<\/li>\n<li data-sourcepos=\"13:1-16:93\"><strong>Styles classiques :<\/strong> Elle pr\u00e9sente souvent des silhouettes intemporelles telles que.. :\n<ul data-sourcepos=\"14:5-16:93\">\n<li data-sourcepos=\"14:5-14:88\"><strong>Simple boutonnage :<\/strong> Un style classique et polyvalent avec une seule rang\u00e9e de boutons.<\/li>\n<li data-sourcepos=\"15:5-15:87\"><strong>Double boutonnage :<\/strong> <span class=\"citation-4 recitation citation-end-4\">Un style plus formel avec deux rang\u00e9es de boutons.<\/span><span class=\"button-container hide-from-message-actions ng-star-inserted\">\u00a0 \u00a0<\/span>\n<div class=\"container ng-tns-c2960411664-99 hide\">\n<div class=\"carousel-container ng-tns-c2960411664-99\"><\/div>\n<\/div>\n<\/li>\n<li data-sourcepos=\"16:5-16:93\"><strong><span class=\"citation-5 recitation\">Manteau enveloppant :<\/span><\/strong><span class=\"citation-5 recitation citation-end-5\"> Un style d\u00e9contract\u00e9 et \u00e9l\u00e9gant qui peut \u00eatre nou\u00e9 \u00e0 l'aide d'une ceinture.<\/span><span class=\"button-container hide-from-message-actions ng-star-inserted\"> \u00a0<\/span>\n<div class=\"container ng-tns-c2960411664-100 hide\">\n<div class=\"carousel-container ng-tns-c2960411664-100\">\n<div class=\"carousel-content ng-tns-c2960411664-100\">\n<div class=\"sources-carousel-source ng-tns-c2960411664-100 hide ng-star-inserted\" data-test-id=\"sources-carousel-source\"><\/div>\n<\/div>\n<\/div>\n<\/div>\n<\/li>\n<\/ul>\n<\/li>\n<li data-sourcepos=\"17:1-20:67\"><strong>Options de col :<\/strong> Peut avoir diff\u00e9rents styles de cols, tels que :\n<ul data-sourcepos=\"18:5-20:67\">\n<li data-sourcepos=\"18:5-18:69\"><strong><span class=\"citation-6 recitation\">Collet \u00e9chancr\u00e9 :<\/span><\/strong><span class=\"citation-6 recitation citation-end-6\"> Un collier classique et polyvalent.<\/span><span class=\"button-container hide-from-message-actions ng-star-inserted\">\u00a0<\/span>\n<div class=\"container ng-tns-c2960411664-101 hide\">\n<div class=\"carousel-container ng-tns-c2960411664-101\"><\/div>\n<\/div>\n<\/li>\n<li data-sourcepos=\"19:5-19:57\"><strong>Col ch\u00e2le :<\/strong> Un col plus d\u00e9contract\u00e9 et plus confortable.<\/li>\n<li data-sourcepos=\"20:5-20:67\"><strong>Col montant :<\/strong> Fournit une chaleur suppl\u00e9mentaire autour du cou.<\/li>\n<\/ul>\n<\/li>\n<li data-sourcepos=\"21:1-22:0\"><strong>D\u00e9tails minimaux :<\/strong> Il se caract\u00e9rise souvent par des lignes \u00e9pur\u00e9es et des d\u00e9tails minimaux qui mettent en valeur le tissu luxueux.<\/li>\n<\/ul>\n<h3 data-sourcepos=\"23:1-23:56\"><strong>\u00c9l\u00e9ments \u00e0 prendre en compte lors de l'achat d'un manteau long en cachemire pour femmes :<\/strong><\/h3>\n<ul data-sourcepos=\"25:1-30:0\">\n<li data-sourcepos=\"25:1-25:129\"><strong>Cachemire Qualit\u00e9 :<\/strong> Recherchez des manteaux fabriqu\u00e9s \u00e0 partir de cachemire 100% ou d'un pourcentage \u00e9lev\u00e9 de cachemire m\u00e9lang\u00e9 \u00e0 d'autres fibres fines.<\/li>\n<li data-sourcepos=\"26:1-26:134\"><strong>Poids :<\/strong> Le poids du cachemire influe sur sa chaleur et son drap\u00e9. Les cachemires plus lourds sont g\u00e9n\u00e9ralement plus chauds, mais ils peuvent aussi \u00eatre plus volumineux.<\/li>\n<li data-sourcepos=\"27:1-27:89\"><strong>Construction :<\/strong> V\u00e9rifiez la qualit\u00e9 des coutures et de la doublure pour vous assurer de leur durabilit\u00e9.<\/li>\n<li data-sourcepos=\"28:1-28:99\"><strong>En forme :<\/strong> Choisissez un manteau qui s'ajuste bien sur les \u00e9paules et qui permet une superposition confortable.<\/li>\n<li data-sourcepos=\"29:1-30:0\"><strong>Prix :<\/strong> <span class=\"citation-7 recitation citation-end-7\">Les manteaux en cachemire sont un investissement, il faut donc \u00eatre pr\u00eat \u00e0 d\u00e9penser une somme importante.<\/span> Cependant, avec un entretien ad\u00e9quat, il durera de nombreuses ann\u00e9es.<span class=\"button-container hide-from-message-actions ng-star-inserted\">\u00a0<\/span>\n<div class=\"container ng-tns-c2960411664-102 hide\">\n<div class=\"carousel-container ng-tns-c2960411664-102\"><\/div>\n<\/div>\n<\/li>\n<\/ul>\n<h3 data-sourcepos=\"31:1-31:46\"><strong>O\u00f9 trouver des manteaux longs en cachemire pour femmes :<\/strong><\/h3>\n<ul data-sourcepos=\"33:1-37:0\">\n<li data-sourcepos=\"33:1-33:80\"><strong>Grands magasins haut de gamme :<\/strong> Nordstrom, Saks Fifth Avenue, Bloomingdale's<\/li>\n<li data-sourcepos=\"34:1-34:52\"><strong>Marques de luxe :<\/strong> Max Mara, Loro Piana, The Row<\/li>\n<li data-sourcepos=\"35:1-35:80\"><strong>D\u00e9taillants sp\u00e9cialis\u00e9s en cachemire :<\/strong> <span class=\"citation-8 recitation citation-end-8\">GOBI Cashmere, Sofia Cashmere<\/span><span class=\"button-container hide-from-message-actions ng-star-inserted\">\u00a0 \u00a0<\/span>\n<div class=\"container ng-tns-c2960411664-103 hide\">\n<div class=\"carousel-container ng-tns-c2960411664-103\"><\/div>\n<\/div>\n<\/li>\n<li data-sourcepos=\"36:1-37:0\"><strong>D\u00e9taillants en ligne :<\/strong> Farfetch, Net-a-Porter, Mytheresa<\/li>\n<\/ul>\n<p data-sourcepos=\"38:1-38:122\">Un manteau long en cachemire pour femme est un investissement luxueux et intemporel qui vous tiendra au chaud et vous donnera du style pendant des ann\u00e9es.<\/p>\n<\/div>\n<div class=\"response-footer gap complete\">\n<div class=\"container ng-tns-c2960411664-94\">\n<div class=\"carousel-container ng-tns-c2960411664-94\">\n<div class=\"carousel-content ng-tns-c2960411664-94\">\n<div class=\"sources-carousel-source ng-tns-c2960411664-94 ng-star-inserted\" data-test-id=\"sources-carousel-source\">\n<div class=\"source-card-container\">\n<div class=\"source-card-content\">\n<div class=\"source-card-body\">\n<div class=\"source-card-header\">\n<div class=\"source-card-title\"><\/div>\n<\/div>\n<\/div>\n<\/div>\n<\/div>\n<\/div>\n<\/div>\n<\/div>\n<\/div>\n<\/div>","protected":false},"excerpt":{"rendered":"<table style=\"height: 596px;\" width=\"487\">\n<tbody>\n<tr>\n<td width=\"146\"><strong><b>Produit<\/b><\/strong>\u00a0<strong><b>Nom :<\/b><\/strong><\/td>\n<td width=\"601\"><strong>Manteau long en cachemire pour femmes<\/strong><\/td>\n<\/tr>\n<tr>\n<td width=\"146\"><strong><b>Materlal :<\/b><\/strong><\/td>\n<td width=\"601\">Tricot<\/td>\n<\/tr>\n<tr>\n<td width=\"146\"><strong><b>Techniques :<\/b><\/strong><\/td>\n<td width=\"601\">Brod\u00e9<\/td>\n<\/tr>\n<tr>\n<td width=\"146\"><strong><b>Style :<\/b><\/strong><\/td>\n<td width=\"601\">D\u00e9contract\u00e9<\/td>\n<\/tr>\n<tr>\n<td width=\"146\"><strong><b>Couleur<\/b><\/strong><strong><b>:<\/b><\/strong><\/td>\n<td width=\"601\">\u00a0Couleurs personnalis\u00e9es<\/td>\n<\/tr>\n<tr>\n<td width=\"146\"><strong><b>Taille :<\/b><\/strong><\/td>\n<td width=\"601\">S \/M \/L \/XL \/2XL<\/td>\n<\/tr>\n<tr>\n<td width=\"146\"><strong><b>OEM\/ODM :<\/b><\/strong><\/td>\n<td width=\"601\">Acceptable<\/td>\n<\/tr>\n<tr>\n<td width=\"146\"><strong><b>Qualit\u00e9 :<\/b><\/strong><\/td>\n<td width=\"601\">100% Haute qualit\u00e9<\/td>\n<\/tr>\n<tr>\n<td width=\"146\"><strong><b>M<\/b><\/strong><strong><b>OQ :<\/b><\/strong><\/td>\n<td width=\"601\">200 pi\u00e8ces<\/td>\n<\/tr>\n<\/tbody>\n<\/table>","protected":false},"featured_media":2009,"template":"","meta":[],"product_brand":[],"product_cat":[39],"product_tag":[],"class_list":{"0":"post-2008","1":"product","2":"type-product","3":"status-publish","4":"has-post-thumbnail","6":"product_cat-womens-clothing","8":"first","9":"instock","10":"shipping-taxable","11":"product-type-simple"},"_links":{"self":[{"href":"https:\/\/mj-clothing.com\/fr\/wp-json\/wp\/v2\/product\/2008","targetHints":{"allow":["GET"]}}],"collection":[{"href":"https:\/\/mj-clothing.com\/fr\/wp-json\/wp\/v2\/product"}],"about":[{"href":"https:\/\/mj-clothing.com\/fr\/wp-json\/wp\/v2\/types\/product"}],"wp:featuredmedia":[{"embeddable":true,"href":"https:\/\/mj-clothing.com\/fr\/wp-json\/wp\/v2\/media\/2009"}],"wp:attachment":[{"href":"https:\/\/mj-clothing.com\/fr\/wp-json\/wp\/v2\/media?parent=2008"}],"wp:term":[{"taxonomy":"product_brand","embeddable":true,"href":"https:\/\/mj-clothing.com\/fr\/wp-json\/wp\/v2\/product_brand?post=2008"},{"taxonomy":"product_cat","embeddable":true,"href":"https:\/\/mj-clothing.com\/fr\/wp-json\/wp\/v2\/product_cat?post=2008"},{"taxonomy":"product_tag","embeddable":true,"href":"https:\/\/mj-clothing.com\/fr\/wp-json\/wp\/v2\/product_tag?post=2008"}],"curies":[{"name":"wp","href":"https:\/\/api.w.org\/{rel}","templated":true}]}}