{"id":2010,"date":"2024-12-17T08:55:56","date_gmt":"2024-12-17T08:55:56","guid":{"rendered":"https:\/\/mj-clothing.com\/?post_type=product&#038;p=2010"},"modified":"2024-12-17T08:55:56","modified_gmt":"2024-12-17T08:55:56","slug":"black-long-wool-coat-womens","status":"publish","type":"product","link":"https:\/\/mj-clothing.com\/fr\/manufacturer\/black-long-wool-coat-womens\/","title":{"rendered":"Manteau long en laine noir pour femmes"},"content":{"rendered":"<p data-sourcepos=\"1:1-1:191\">Le long manteau de laine noir pour femme est un v\u00e9ritable \u00e9l\u00e9ment essentiel de la garde-robe de toute femme. C'est une pi\u00e8ce classique qui allie praticit\u00e9, chaleur et style intemporel. Voici un aper\u00e7u de ce qui les rend si formidables :<\/p>\n<h3 data-sourcepos=\"3:1-3:13\"><strong>Pourquoi le manteau long noir en laine pour femmes ?<\/strong><\/h3>\n<ul data-sourcepos=\"5:1-9:0\">\n<li data-sourcepos=\"5:1-5:116\"><strong><span class=\"citation-0 recitation\">Chaleur :<\/span><\/strong><span class=\"citation-0 recitation citation-end-0\"> La laine est un isolant naturel qui procure une excellente chaleur m\u00eame par temps tr\u00e8s froid.<\/span><span class=\"button-container hide-from-message-actions ng-star-inserted\"> \u00a0<\/span>\n<div class=\"container ng-tns-c2960411664-110 hide\">\n<div class=\"carousel-container ng-tns-c2960411664-110\"><\/div>\n<\/div>\n<\/li>\n<li data-sourcepos=\"6:1-6:114\"><strong><span class=\"citation-1 recitation\">Durabilit\u00e9 :<\/span><\/strong><span class=\"citation-1 recitation citation-end-1\"> Les fibres de laine sont solides et r\u00e9sistantes, ce qui rend les manteaux en laine durables et r\u00e9sistants.<\/span><span class=\"button-container hide-from-message-actions ng-star-inserted\"> \u00a0<\/span>\n<div class=\"container ng-tns-c2960411664-111 hide\">\n<div class=\"carousel-container ng-tns-c2960411664-111\"><\/div>\n<\/div>\n<\/li>\n<li data-sourcepos=\"7:1-7:130\"><strong><span class=\"citation-2 recitation\">R\u00e9sistance \u00e0 l'eau :<\/span><\/strong><span class=\"citation-2 recitation citation-end-2\"> La laine poss\u00e8de des propri\u00e9t\u00e9s d\u00e9perlantes naturelles qui vous permettent de rester au sec en cas de pluie fine ou de neige.<\/span><span class=\"button-container hide-from-message-actions ng-star-inserted\"> \u00a0<\/span>\n<div class=\"container ng-tns-c2960411664-112 hide\">\n<div class=\"carousel-container ng-tns-c2960411664-112\"><\/div>\n<\/div>\n<\/li>\n<li data-sourcepos=\"8:1-9:0\"><strong><span class=\"citation-3 recitation\">Respirabilit\u00e9 :<\/span><\/strong><span class=\"citation-3 recitation citation-end-3\"> La laine est respirante, ce qui permet de r\u00e9guler la temp\u00e9rature du corps et d'\u00e9viter la surchauffe.<\/span><span class=\"button-container hide-from-message-actions ng-star-inserted\">\u00a0 \u00a0<\/span>\n<div class=\"container ng-tns-c2960411664-113 hide\">\n<div class=\"carousel-container ng-tns-c2960411664-113\"><\/div>\n<\/div>\n<\/li>\n<\/ul>\n<h3 data-sourcepos=\"10:1-10:43\"><strong>Caract\u00e9ristiques principales du manteau long en laine noir pour femmes :<\/strong><\/h3>\n<ul data-sourcepos=\"12:1-23:0\">\n<li data-sourcepos=\"12:1-12:137\"><strong>Longueur :<\/strong> Elle tombe g\u00e9n\u00e9ralement sous le genou, offrant une couverture et une chaleur maximales. Cette longueur est \u00e9galement tr\u00e8s flatteuse et allongeante.<\/li>\n<li data-sourcepos=\"13:1-13:125\"><strong>Couleur :<\/strong> Le noir est incroyablement polyvalent et va avec tout. C'est un choix classique qui ne se d\u00e9modera jamais.<\/li>\n<li data-sourcepos=\"14:1-18:62\"><strong>Styles classiques :<\/strong> Les styles les plus courants sont les suivants :\n<ul data-sourcepos=\"15:5-18:62\">\n<li data-sourcepos=\"15:5-15:89\"><strong>Simple boutonnage :<\/strong> Un style intemporel et polyvalent avec une seule rang\u00e9e de boutons.<\/li>\n<li data-sourcepos=\"16:5-16:102\"><strong>Double boutonnage :<\/strong> <span class=\"citation-4 recitation citation-end-4\">Un style plus formel et structur\u00e9 avec deux rang\u00e9es de boutons.<\/span><span class=\"button-container hide-from-message-actions ng-star-inserted\">\u00a0<\/span>\n<div class=\"container ng-tns-c2960411664-114 hide\">\n<div class=\"carousel-container ng-tns-c2960411664-114\"><\/div>\n<\/div>\n<\/li>\n<li data-sourcepos=\"17:5-17:93\"><strong><span class=\"citation-5 recitation\">Manteau enveloppant :<\/span><\/strong><span class=\"citation-5 recitation citation-end-5\"> Un style d\u00e9contract\u00e9 et \u00e9l\u00e9gant qui peut \u00eatre nou\u00e9 \u00e0 l'aide d'une ceinture.<\/span><span class=\"button-container hide-from-message-actions ng-star-inserted\"> \u00a0<\/span>\n<div class=\"container ng-tns-c2960411664-115 hide\">\n<div class=\"carousel-container ng-tns-c2960411664-115\"><\/div>\n<\/div>\n<\/li>\n<li data-sourcepos=\"18:5-18:62\"><strong>Chesterfield :<\/strong> Un style formel avec un col en velours.<\/li>\n<\/ul>\n<\/li>\n<li data-sourcepos=\"19:1-23:0\"><strong>Options de col :<\/strong>\n<ul data-sourcepos=\"20:5-23:0\">\n<li data-sourcepos=\"20:5-20:69\"><strong><span class=\"citation-6 recitation\">Collet \u00e9chancr\u00e9 :<\/span><\/strong><span class=\"citation-6 recitation citation-end-6\"> Un collier classique et polyvalent.<\/span><span class=\"button-container hide-from-message-actions ng-star-inserted\"> \u00a0<\/span>\n<div class=\"container ng-tns-c2960411664-116 hide\">\n<div class=\"carousel-container ng-tns-c2960411664-116\"><\/div>\n<\/div>\n<\/li>\n<li data-sourcepos=\"21:5-21:71\"><strong><span class=\"citation-7 recitation\">Collier \u00e0 pointe :<\/span><\/strong><span class=\"citation-7 recitation citation-end-7\"> Un col plus formel et plus spectaculaire.<\/span><span class=\"button-container hide-from-message-actions ng-star-inserted\"> \u00a0<\/span>\n<div class=\"container ng-tns-c2960411664-117 hide\">\n<div class=\"carousel-container ng-tns-c2960411664-117\"><\/div>\n<\/div>\n<\/li>\n<li data-sourcepos=\"22:5-23:0\"><strong>Col montant :<\/strong> Fournit une chaleur suppl\u00e9mentaire autour du cou.<\/li>\n<\/ul>\n<\/li>\n<\/ul>\n<h3 data-sourcepos=\"24:1-24:58\"><strong>\u00c9l\u00e9ments \u00e0 prendre en compte lors de l'achat d'un manteau long en laine noir pour femmes :<\/strong><\/h3>\n<ul data-sourcepos=\"26:1-31:0\">\n<li data-sourcepos=\"26:1-26:101\"><strong>Qualit\u00e9 de la laine :<\/strong> Recherchez des manteaux en laine de haute qualit\u00e9, comme la laine m\u00e9rinos ou la laine vierge.<\/li>\n<li data-sourcepos=\"27:1-27:75\"><strong>Doublure :<\/strong> Une bonne doublure renforce la chaleur et la durabilit\u00e9 du manteau.<\/li>\n<li data-sourcepos=\"28:1-28:99\"><strong>En forme :<\/strong> Veillez \u00e0 ce que le manteau soit bien ajust\u00e9 sur les \u00e9paules et permette une superposition confortable.<\/li>\n<li data-sourcepos=\"29:1-29:72\"><strong>D\u00e9tails :<\/strong> Tenez compte des d\u00e9tails tels que les poches, les boutons et les passants de ceinture.<\/li>\n<li data-sourcepos=\"30:1-31:0\"><strong><span class=\"citation-8 recitation\">Prix :<\/span><\/strong><span class=\"citation-8 recitation citation-end-8\"> Un manteau en laine de bonne qualit\u00e9 est un investissement, mais il durera de nombreuses ann\u00e9es.<\/span><span class=\"button-container hide-from-message-actions ng-star-inserted\">\u00a0 \u00a0<\/span>\n<div class=\"container ng-tns-c2960411664-118 hide\">\n<div class=\"carousel-container ng-tns-c2960411664-118\"><\/div>\n<\/div>\n<\/li>\n<\/ul>\n<h3 data-sourcepos=\"32:1-32:40\"><strong>Comment styliser un long manteau de laine noir Femmes :<\/strong><\/h3>\n<ul data-sourcepos=\"34:1-37:0\">\n<li data-sourcepos=\"34:1-34:85\"><strong>D\u00e9contract\u00e9 :<\/strong> Associez-le \u00e0 un jean, un pull et des bottes pour un look classique de tous les jours.<\/li>\n<li data-sourcepos=\"35:1-35:95\"><strong>Tenue d\u00e9contract\u00e9e :<\/strong> Portez-la sur un chemisier et un pantalon ou une jupe pour un look professionnel.<\/li>\n<li data-sourcepos=\"36:1-37:0\"><strong>Habill\u00e9 :<\/strong> Superposez-le \u00e0 une robe ou \u00e0 une tenue de soir\u00e9e pour un look sophistiqu\u00e9.<\/li>\n<\/ul>\n<p data-sourcepos=\"38:1-38:217\"><span class=\"citation-9 recitation citation-end-9\">Un long manteau de laine noir est une pi\u00e8ce polyvalente et essentielle qui vous tiendra au chaud et vous donnera du style tout au long de la saison hivernale.<\/span> Il s'agit d'un investissement rentable que vous pourrez porter pendant de nombreuses ann\u00e9es.<span class=\"button-container hide-from-message-actions ng-star-inserted\"> \u00a0 <\/span><\/p>","protected":false},"excerpt":{"rendered":"<table style=\"height: 647px;\" width=\"508\">\n<tbody>\n<tr>\n<td width=\"146\"><strong><b>Produit<\/b><\/strong>\u00a0<strong><b>Nom :<\/b><\/strong><\/td>\n<td width=\"601\"><strong>Manteau long en laine noir pour femmes<\/strong><\/td>\n<\/tr>\n<tr>\n<td width=\"146\"><strong><b>Materlal :<\/b><\/strong><\/td>\n<td width=\"601\">Tricot<\/td>\n<\/tr>\n<tr>\n<td width=\"146\"><strong><b>Techniques :<\/b><\/strong><\/td>\n<td width=\"601\">Brod\u00e9<\/td>\n<\/tr>\n<tr>\n<td width=\"146\"><strong><b>Style :<\/b><\/strong><\/td>\n<td width=\"601\">D\u00e9contract\u00e9<\/td>\n<\/tr>\n<tr>\n<td width=\"146\"><strong><b>Couleur<\/b><\/strong><strong><b>:<\/b><\/strong><\/td>\n<td width=\"601\">\u00a0Couleurs personnalis\u00e9es<\/td>\n<\/tr>\n<tr>\n<td width=\"146\"><strong><b>Taille :<\/b><\/strong><\/td>\n<td width=\"601\">S \/M \/L \/XL \/2XL<\/td>\n<\/tr>\n<tr>\n<td width=\"146\"><strong><b>OEM\/ODM :<\/b><\/strong><\/td>\n<td width=\"601\">Acceptable<\/td>\n<\/tr>\n<tr>\n<td width=\"146\"><strong><b>Qualit\u00e9 :<\/b><\/strong><\/td>\n<td width=\"601\">100% Haute qualit\u00e9<\/td>\n<\/tr>\n<tr>\n<td width=\"146\"><strong><b>M<\/b><\/strong><strong><b>OQ :<\/b><\/strong><\/td>\n<td width=\"601\">200 pi\u00e8ces<\/td>\n<\/tr>\n<\/tbody>\n<\/table>","protected":false},"featured_media":2011,"template":"","meta":[],"product_brand":[],"product_cat":[39],"product_tag":[],"class_list":{"0":"post-2010","1":"product","2":"type-product","3":"status-publish","4":"has-post-thumbnail","6":"product_cat-womens-clothing","8":"first","9":"instock","10":"shipping-taxable","11":"product-type-simple"},"_links":{"self":[{"href":"https:\/\/mj-clothing.com\/fr\/wp-json\/wp\/v2\/product\/2010","targetHints":{"allow":["GET"]}}],"collection":[{"href":"https:\/\/mj-clothing.com\/fr\/wp-json\/wp\/v2\/product"}],"about":[{"href":"https:\/\/mj-clothing.com\/fr\/wp-json\/wp\/v2\/types\/product"}],"wp:featuredmedia":[{"embeddable":true,"href":"https:\/\/mj-clothing.com\/fr\/wp-json\/wp\/v2\/media\/2011"}],"wp:attachment":[{"href":"https:\/\/mj-clothing.com\/fr\/wp-json\/wp\/v2\/media?parent=2010"}],"wp:term":[{"taxonomy":"product_brand","embeddable":true,"href":"https:\/\/mj-clothing.com\/fr\/wp-json\/wp\/v2\/product_brand?post=2010"},{"taxonomy":"product_cat","embeddable":true,"href":"https:\/\/mj-clothing.com\/fr\/wp-json\/wp\/v2\/product_cat?post=2010"},{"taxonomy":"product_tag","embeddable":true,"href":"https:\/\/mj-clothing.com\/fr\/wp-json\/wp\/v2\/product_tag?post=2010"}],"curies":[{"name":"wp","href":"https:\/\/api.w.org\/{rel}","templated":true}]}}