{"id":2015,"date":"2024-12-17T09:10:45","date_gmt":"2024-12-17T09:10:45","guid":{"rendered":"https:\/\/mj-clothing.com\/?post_type=product&#038;p=2015"},"modified":"2024-12-17T09:10:45","modified_gmt":"2024-12-17T09:10:45","slug":"womens-petite-long-coats","status":"publish","type":"product","link":"https:\/\/mj-clothing.com\/fr\/manufacturer\/womens-petite-long-coats\/","title":{"rendered":"Manteaux longs pour femmes"},"content":{"rendered":"<p data-sourcepos=\"1:1-1:144\">Vous recherchez le manteau long pour femme de petite taille qui vous apportera chaleur, style et ajustement dans un manteau d'hiver ! Voici un guide pour trouver le manteau long pour femme id\u00e9al :<\/p>\n<h3 data-sourcepos=\"3:1-3:39\"><strong>Pourquoi le terme \"Petite\" est-il important pour les manteaux longs ?<\/strong><\/h3>\n<p data-sourcepos=\"5:1-5:132\">Les manteaux longs de taille standard peuvent souvent \u00e9craser un petit gabarit (g\u00e9n\u00e9ralement consid\u00e9r\u00e9 comme 5'4\u2033 et moins). La taille petite permet de rem\u00e9dier \u00e0 ce probl\u00e8me :<\/p>\n<ul data-sourcepos=\"7:1-11:0\">\n<li data-sourcepos=\"7:1-7:128\"><strong>Longueur r\u00e9duite :<\/strong> La longueur totale du manteau est r\u00e9duite afin qu'il ne soit pas trop long. Visez le genou ou un peu moins.<\/li>\n<li data-sourcepos=\"8:1-8:112\"><strong>Manches courtes :<\/strong> Les manches sont proportionn\u00e9es pour arriver au poignet, ce qui \u00e9vite des retouches co\u00fbteuses.<\/li>\n<li data-sourcepos=\"9:1-9:107\"><strong>Emmanchures plus hautes :<\/strong> Cela permet d'\u00e9viter que l'exc\u00e8s de tissu ne s'accumule sous les bras, cr\u00e9ant ainsi une silhouette plus nette.<\/li>\n<li data-sourcepos=\"10:1-11:0\"><strong>\u00c9paules plus \u00e9troites :<\/strong> Les coutures des \u00e9paules sont ajust\u00e9es pour s'adapter \u00e0 un cadre plus petit, \u00e9vitant ainsi un aspect tombant ou mal ajust\u00e9.<\/li>\n<\/ul>\n<h3 data-sourcepos=\"12:1-12:46\"><strong>Avantages d'un manteau long pour femme (m\u00eame pour les petites)<\/strong><\/h3>\n<ul data-sourcepos=\"14:1-17:0\">\n<li data-sourcepos=\"14:1-14:103\"><strong>Chaleur maximale :<\/strong> Les manteaux longs offrent une excellente couverture et vous gardent bien au chaud par temps froid.<\/li>\n<li data-sourcepos=\"15:1-15:106\"><strong>Silhouette \u00e9l\u00e9gante :<\/strong> Un manteau long bien ajust\u00e9 peut \u00eatre incroyablement flatteur et allonger la silhouette.<\/li>\n<li data-sourcepos=\"16:1-17:0\"><strong>Polyvalence :<\/strong> Habill\u00e9 de talons et d'une robe ou de jeans et de bottes, le manteau long s'adapte \u00e0 tous les styles.<\/li>\n<\/ul>\n<h3 data-sourcepos=\"18:1-18:30\"><strong>Caract\u00e9ristiques principales des manteaux longs pour femmes de petite taille<\/strong><\/h3>\n<ul data-sourcepos=\"20:1-30:0\">\n<li data-sourcepos=\"20:1-20:156\"><strong>Longueur :<\/strong> Comme nous l'avons d\u00e9j\u00e0 mentionn\u00e9, la longueur du manteau doit \u00eatre \u00e9gale ou l\u00e9g\u00e8rement inf\u00e9rieure au genou. \u00c9vitez les manteaux qui descendent jusqu'au sol, \u00e0 moins que vous ne souhaitiez un look spectaculaire et \u00e0 la pointe de la mode.<\/li>\n<li data-sourcepos=\"21:1-21:174\"><strong>En forme :<\/strong> C'est essentiel ! Faites attention \u00e0 la coupe des \u00e9paules (les coutures doivent se situer au bord de vos \u00e9paules) et \u00e0 la coupe du buste (il doit se fermer confortablement sans tirer).<\/li>\n<li data-sourcepos=\"22:1-22:52\"><strong>Manches :<\/strong> Ils doivent se terminer au niveau de l'os du poignet.<\/li>\n<li data-sourcepos=\"23:1-27:84\"><strong>Style :<\/strong>\n<ul data-sourcepos=\"24:5-27:84\">\n<li data-sourcepos=\"24:5-24:87\"><strong>Simple boutonnage :<\/strong> Classique et polyvalent, souvent avec une seule rang\u00e9e de boutons.<\/li>\n<li data-sourcepos=\"25:5-25:142\"><strong>Double boutonnage :<\/strong> Plus structur\u00e9 et formel, avec deux rang\u00e9es de boutons. Il peut \u00eatre plus difficile \u00e0 porter pour les personnes de petite taille, il convient donc de faire tr\u00e8s attention \u00e0 la coupe.<\/li>\n<li data-sourcepos=\"26:5-26:78\"><strong>Manteau enveloppant :<\/strong> Permet de d\u00e9finir la taille et de l'ajuster \u00e0 l'aide d'une ceinture.<\/li>\n<li data-sourcepos=\"27:5-27:84\"><strong>Ligne A :<\/strong> L\u00e9g\u00e8rement \u00e9vas\u00e9 \u00e0 l'ourlet, il r\u00e9\u00e9quilibre les \u00e9paules et les hanches plus larges.<\/li>\n<\/ul>\n<\/li>\n<li data-sourcepos=\"28:1-28:112\"><strong>Tissu :<\/strong> La laine est un choix classique pour la chaleur, mais pensez aux m\u00e9langes pour un poids plus l\u00e9ger ou une durabilit\u00e9 accrue.<\/li>\n<li data-sourcepos=\"29:1-30:0\"><strong>Couleur :<\/strong> Le noir, le bleu marine et le gris sont intemporels. Pensez au camel, au bordeaux ou au vert for\u00eat pour une touche de couleur.<\/li>\n<\/ul>\n<h3 data-sourcepos=\"31:1-31:28\"><strong>Conseils de style pour les petites filles<\/strong><\/h3>\n<ul data-sourcepos=\"33:1-37:0\">\n<li data-sourcepos=\"33:1-33:86\"><strong>\u00c9viter le surdimensionnement :<\/strong> Il peut noyer votre silhouette. Optez pour un mod\u00e8le cintr\u00e9 ou ajust\u00e9.<\/li>\n<li data-sourcepos=\"34:1-34:78\"><strong>La ceinture est votre amie :<\/strong> D\u00e9finissez votre taille pour \u00e9viter d'avoir l'air informe.<\/li>\n<li data-sourcepos=\"35:1-35:94\"><strong>Talons ou bottes \u00e0 talons :<\/strong> Prenez de la hauteur et allongez vos jambes pour \u00e9quilibrer la longueur du manteau.<\/li>\n<li data-sourcepos=\"36:1-37:0\"><strong>Restez simple :<\/strong> \u00c9vitez les \u00e9l\u00e9ments trop volumineux ou les embellissements qui risquent d'encombrer votre cadre.<\/li>\n<\/ul>","protected":false},"excerpt":{"rendered":"<table style=\"height: 612px;\" width=\"488\">\n<tbody>\n<tr>\n<td width=\"146\"><strong><b>Produit<\/b><\/strong>\u00a0<strong><b>Nom :<\/b><\/strong><\/td>\n<td width=\"601\"><strong>Manteaux longs pour femmes<\/strong><\/td>\n<\/tr>\n<tr>\n<td width=\"146\"><strong><b>Materlal :<\/b><\/strong><\/td>\n<td width=\"601\">Tricot<\/td>\n<\/tr>\n<tr>\n<td width=\"146\"><strong><b>Techniques :<\/b><\/strong><\/td>\n<td width=\"601\">Brod\u00e9<\/td>\n<\/tr>\n<tr>\n<td width=\"146\"><strong><b>Style :<\/b><\/strong><\/td>\n<td width=\"601\">D\u00e9contract\u00e9<\/td>\n<\/tr>\n<tr>\n<td width=\"146\"><strong><b>Couleur<\/b><\/strong><strong><b>:<\/b><\/strong><\/td>\n<td width=\"601\">\u00a0Couleurs personnalis\u00e9es<\/td>\n<\/tr>\n<tr>\n<td width=\"146\"><strong><b>Taille :<\/b><\/strong><\/td>\n<td width=\"601\">S \/M \/L \/XL \/2XL<\/td>\n<\/tr>\n<tr>\n<td width=\"146\"><strong><b>OEM\/ODM :<\/b><\/strong><\/td>\n<td width=\"601\">Acceptable<\/td>\n<\/tr>\n<tr>\n<td width=\"146\"><strong><b>Qualit\u00e9 :<\/b><\/strong><\/td>\n<td width=\"601\">100% Haute qualit\u00e9<\/td>\n<\/tr>\n<tr>\n<td width=\"146\"><strong><b>M<\/b><\/strong><strong><b>OQ :<\/b><\/strong><\/td>\n<td width=\"601\">200 pi\u00e8ces<\/td>\n<\/tr>\n<\/tbody>\n<\/table>","protected":false},"featured_media":2017,"template":"","meta":[],"product_brand":[],"product_cat":[39],"product_tag":[],"class_list":{"0":"post-2015","1":"product","2":"type-product","3":"status-publish","4":"has-post-thumbnail","6":"product_cat-womens-clothing","8":"first","9":"instock","10":"shipping-taxable","11":"product-type-simple"},"_links":{"self":[{"href":"https:\/\/mj-clothing.com\/fr\/wp-json\/wp\/v2\/product\/2015","targetHints":{"allow":["GET"]}}],"collection":[{"href":"https:\/\/mj-clothing.com\/fr\/wp-json\/wp\/v2\/product"}],"about":[{"href":"https:\/\/mj-clothing.com\/fr\/wp-json\/wp\/v2\/types\/product"}],"wp:featuredmedia":[{"embeddable":true,"href":"https:\/\/mj-clothing.com\/fr\/wp-json\/wp\/v2\/media\/2017"}],"wp:attachment":[{"href":"https:\/\/mj-clothing.com\/fr\/wp-json\/wp\/v2\/media?parent=2015"}],"wp:term":[{"taxonomy":"product_brand","embeddable":true,"href":"https:\/\/mj-clothing.com\/fr\/wp-json\/wp\/v2\/product_brand?post=2015"},{"taxonomy":"product_cat","embeddable":true,"href":"https:\/\/mj-clothing.com\/fr\/wp-json\/wp\/v2\/product_cat?post=2015"},{"taxonomy":"product_tag","embeddable":true,"href":"https:\/\/mj-clothing.com\/fr\/wp-json\/wp\/v2\/product_tag?post=2015"}],"curies":[{"name":"wp","href":"https:\/\/api.w.org\/{rel}","templated":true}]}}