{"id":2037,"date":"2024-12-18T02:59:21","date_gmt":"2024-12-18T02:59:21","guid":{"rendered":"https:\/\/mj-clothing.com\/?post_type=product&#038;p=2037"},"modified":"2024-12-18T03:22:38","modified_gmt":"2024-12-18T03:22:38","slug":"womens-heated-long-coat","status":"publish","type":"product","link":"https:\/\/mj-clothing.com\/fr\/manufacturer\/womens-heated-long-coat\/","title":{"rendered":"Manteau long chauffant pour femmes"},"content":{"rendered":"<p data-sourcepos=\"1:1-1:216\">Un manteau long chauffant pour femme est un type de v\u00eatement d'ext\u00e9rieur con\u00e7u pour fournir une chaleur exceptionnelle par temps froid. Il comprend des \u00e9l\u00e9ments chauffants int\u00e9gr\u00e9s aliment\u00e9s par une batterie, g\u00e9n\u00e9ralement plac\u00e9e dans une poche discr\u00e8te.<\/p>\n<h3 data-sourcepos=\"3:1-3:35\"><strong>Voici ce qui les caract\u00e9rise :<\/strong><\/h3>\n<ul data-sourcepos=\"5:1-8:0\">\n<li data-sourcepos=\"5:1-5:222\"><strong>Chaleur sup\u00e9rieure :<\/strong> Les \u00e9l\u00e9ments chauffants int\u00e9gr\u00e9s g\u00e9n\u00e8rent de la chaleur, ce qui augmente consid\u00e9rablement les propri\u00e9t\u00e9s isolantes du manteau. Ils sont donc id\u00e9aux pour les climats extr\u00eamement froids ou les activit\u00e9s de plein air dans des temp\u00e9ratures glaciales.<\/li>\n<li data-sourcepos=\"6:1-6:159\"><strong>Confort :<\/strong> De nombreux mod\u00e8les offrent des r\u00e9glages de chaleur ajustables, ce qui vous permet de personnaliser le niveau de chaleur en fonction de vos pr\u00e9f\u00e9rences et de la gravit\u00e9 du froid.<\/li>\n<li data-sourcepos=\"7:1-8:0\"><strong>Polyvalence :<\/strong> Ils peuvent \u00eatre adapt\u00e9s \u00e0 diverses occasions, des sorties d\u00e9contract\u00e9es aux \u00e9v\u00e9nements plus formels, en fonction de la conception et des mat\u00e9riaux du manteau.<\/li>\n<\/ul>\n<h3 data-sourcepos=\"9:1-9:56\"><strong>\u00c9l\u00e9ments \u00e0 prendre en compte lors du choix d'un manteau long chauffant pour femmes :<\/strong><\/h3>\n<ul data-sourcepos=\"11:1-15:0\">\n<li data-sourcepos=\"11:1-11:198\"><strong>Technologie de chauffage :<\/strong> Les technologies de chauffage varient d'une marque \u00e0 l'autre. Renseignez-vous sur la technologie sp\u00e9cifique utilis\u00e9e dans le manteau qui vous int\u00e9resse afin de comprendre ses performances et ses caract\u00e9ristiques de s\u00e9curit\u00e9.<\/li>\n<li data-sourcepos=\"12:1-12:182\"><strong>Autonomie de la batterie :<\/strong> L'autonomie de la batterie est cruciale. Tenez compte de la dur\u00e9e de vie de la batterie en fonction des diff\u00e9rents niveaux de chaleur pour vous assurer qu'elle r\u00e9pond \u00e0 vos besoins pendant toute la dur\u00e9e de vos activit\u00e9s.<\/li>\n<li data-sourcepos=\"13:1-13:174\"><strong>Confort et ajustement :<\/strong> Choisissez un manteau qui vous va bien et qui est confortable \u00e0 porter. Recherchez des caract\u00e9ristiques telles que des poignets r\u00e9glables, des capuches et des cordons de serrage pour am\u00e9liorer l'ajustement et la chaleur.<\/li>\n<li data-sourcepos=\"14:1-15:0\"><strong>Style et design :<\/strong> Choisissez un manteau qui s'harmonise avec votre style personnel et les occasions pour lesquelles vous le porterez.<\/li>\n<\/ul>\n<p data-sourcepos=\"16:1-16:186\">Si vous vivez dans un climat tr\u00e8s froid ou si vous pratiquez fr\u00e9quemment des activit\u00e9s de plein air en hiver, un manteau long chauffant pour femmes peut \u00eatre un investissement pr\u00e9cieux pour rester au chaud et \u00e0 l'aise.<\/p>","protected":false},"excerpt":{"rendered":"<table style=\"height: 602px;\" width=\"581\">\n<tbody>\n<tr>\n<td width=\"146\"><strong><b>Produit<\/b><\/strong>\u00a0<strong><b>Nom :<\/b><\/strong><\/td>\n<td width=\"601\"><strong>Manteau long chauffant pour femmes<\/strong><\/td>\n<\/tr>\n<tr>\n<td width=\"146\"><strong><b>Materlal :<\/b><\/strong><\/td>\n<td width=\"601\">Tricot<\/td>\n<\/tr>\n<tr>\n<td width=\"146\"><strong><b>Techniques :<\/b><\/strong><\/td>\n<td width=\"601\">Brod\u00e9<\/td>\n<\/tr>\n<tr>\n<td width=\"146\"><strong><b>Style :<\/b><\/strong><\/td>\n<td width=\"601\">D\u00e9contract\u00e9<\/td>\n<\/tr>\n<tr>\n<td width=\"146\"><strong><b>Couleur<\/b><\/strong><strong><b>:<\/b><\/strong><\/td>\n<td width=\"601\">\u00a0Couleurs personnalis\u00e9es<\/td>\n<\/tr>\n<tr>\n<td width=\"146\"><strong><b>Taille :<\/b><\/strong><\/td>\n<td width=\"601\">S \/M \/L \/XL \/2XL<\/td>\n<\/tr>\n<tr>\n<td width=\"146\"><strong><b>OEM\/ODM :<\/b><\/strong><\/td>\n<td width=\"601\">Acceptable<\/td>\n<\/tr>\n<tr>\n<td width=\"146\"><strong><b>Qualit\u00e9 :<\/b><\/strong><\/td>\n<td width=\"601\">100% Haute qualit\u00e9<\/td>\n<\/tr>\n<tr>\n<td width=\"146\"><strong><b>M<\/b><\/strong><strong><b>OQ :<\/b><\/strong><\/td>\n<td width=\"601\">200 pi\u00e8ces<\/td>\n<\/tr>\n<\/tbody>\n<\/table>","protected":false},"featured_media":2040,"template":"","meta":[],"product_brand":[],"product_cat":[39],"product_tag":[],"class_list":{"0":"post-2037","1":"product","2":"type-product","3":"status-publish","4":"has-post-thumbnail","6":"product_cat-womens-clothing","8":"first","9":"instock","10":"shipping-taxable","11":"product-type-simple"},"_links":{"self":[{"href":"https:\/\/mj-clothing.com\/fr\/wp-json\/wp\/v2\/product\/2037","targetHints":{"allow":["GET"]}}],"collection":[{"href":"https:\/\/mj-clothing.com\/fr\/wp-json\/wp\/v2\/product"}],"about":[{"href":"https:\/\/mj-clothing.com\/fr\/wp-json\/wp\/v2\/types\/product"}],"wp:featuredmedia":[{"embeddable":true,"href":"https:\/\/mj-clothing.com\/fr\/wp-json\/wp\/v2\/media\/2040"}],"wp:attachment":[{"href":"https:\/\/mj-clothing.com\/fr\/wp-json\/wp\/v2\/media?parent=2037"}],"wp:term":[{"taxonomy":"product_brand","embeddable":true,"href":"https:\/\/mj-clothing.com\/fr\/wp-json\/wp\/v2\/product_brand?post=2037"},{"taxonomy":"product_cat","embeddable":true,"href":"https:\/\/mj-clothing.com\/fr\/wp-json\/wp\/v2\/product_cat?post=2037"},{"taxonomy":"product_tag","embeddable":true,"href":"https:\/\/mj-clothing.com\/fr\/wp-json\/wp\/v2\/product_tag?post=2037"}],"curies":[{"name":"wp","href":"https:\/\/api.w.org\/{rel}","templated":true}]}}