{"id":2041,"date":"2024-12-18T03:08:39","date_gmt":"2024-12-18T03:08:39","guid":{"rendered":"https:\/\/mj-clothing.com\/?post_type=product&#038;p=2041"},"modified":"2024-12-18T03:23:38","modified_gmt":"2024-12-18T03:23:38","slug":"womens-long-wrap-coat","status":"publish","type":"product","link":"https:\/\/mj-clothing.com\/fr\/manufacturer\/womens-long-wrap-coat\/","title":{"rendered":"Manteau long et enveloppant pour femmes"},"content":{"rendered":"<p data-sourcepos=\"1:1-1:121\">Le manteau long et enveloppant pour femme est un v\u00eatement d'ext\u00e9rieur \u00e9l\u00e9gant et polyvalent qui apporte une touche d'\u00e9l\u00e9gance et de sophistication.<\/p>\n<h3 data-sourcepos=\"3:1-3:17\"><strong>Manteau long pour femmes Caract\u00e9ristiques principales :<\/strong><\/h3>\n<ul data-sourcepos=\"5:1-9:0\">\n<li data-sourcepos=\"5:1-5:132\"><strong>Design de l'enveloppe :<\/strong> La caract\u00e9ristique principale est le style enveloppant, o\u00f9 le manteau se superpose et se noue ou se ceinture g\u00e9n\u00e9ralement \u00e0 la taille.<\/li>\n<li data-sourcepos=\"6:1-6:83\"><strong>Longueur :<\/strong> Elle s'\u00e9tend sous les hanches, atteignant souvent les genoux ou m\u00eame la mi-mollet.<\/li>\n<li data-sourcepos=\"7:1-7:126\"><strong>Vari\u00e9t\u00e9 de mat\u00e9riaux :<\/strong> Ils peuvent \u00eatre fabriqu\u00e9s \u00e0 partir de diff\u00e9rents tissus, notamment la laine, le cachemire, les m\u00e9langes de coton et m\u00eame la fausse fourrure.<\/li>\n<li data-sourcepos=\"8:1-9:0\"><strong><span class=\"citation-0 interactive-span-selected-v2\">Polyvalence :<\/span><\/strong><span class=\"citation-0 citation-end-0 interactive-span-selected-v2\"> Ils peuvent \u00eatre habill\u00e9s ou non, ce qui les rend adapt\u00e9s \u00e0 toute une s\u00e9rie d'occasions, depuis les sorties d\u00e9contract\u00e9es jusqu'aux \u00e9v\u00e9nements formels. <\/span>\n<div class=\"container ng-tns-c3353360079-34\">\n<div class=\"carousel-container ng-tns-c3353360079-34\">\n<div class=\"carousel-content ng-tns-c3353360079-34\">\n<div class=\"sources-carousel-source ng-tns-c3353360079-34 ng-star-inserted\" data-test-id=\"sources-carousel-source\">\n<div class=\"source-card-container\">\n<div class=\"source-card-content\">\n<div class=\"source-card-body\">\n<div class=\"source-card-header\"><\/div>\n<\/div>\n<div class=\"source-card-footer\">\n<div class=\"source-card-attribution\"><\/div>\n<\/div>\n<\/div>\n<\/div>\n<\/div>\n<\/div>\n<\/div>\n<\/div>\n<\/li>\n<\/ul>\n<h3 data-sourcepos=\"10:1-10:24\"><strong>Pourquoi les femmes les aiment :<\/strong><\/h3>\n<ul data-sourcepos=\"12:1-15:0\">\n<li data-sourcepos=\"12:1-12:108\"><strong>Silhouette flatteuse :<\/strong> Le design enveloppant accentue la taille et cr\u00e9e une forme de sablier flatteuse.<\/li>\n<li data-sourcepos=\"13:1-13:64\"><strong>Confort :<\/strong> Ils offrent souvent une coupe confortable et d\u00e9contract\u00e9e.<\/li>\n<li data-sourcepos=\"14:1-15:0\"><strong>Style :<\/strong> Ils ajoutent une touche de f\u00e9minit\u00e9 et d'\u00e9l\u00e9gance \u00e0 toute tenue.<\/li>\n<\/ul>\n<h3 data-sourcepos=\"16:1-16:17\"><strong>Conseils de style :<\/strong><\/h3>\n<ul data-sourcepos=\"18:1-20:0\">\n<li data-sourcepos=\"18:1-18:101\"><strong>A associer avec :<\/strong> Un jean et des bottes pour un look d\u00e9contract\u00e9, ou une robe et des talons pour un ensemble plus \u00e9l\u00e9gant.<\/li>\n<li data-sourcepos=\"19:1-20:0\"><strong>Accessoiriser :<\/strong> Ajoutez une \u00e9charpe, des gants et un chapeau \u00e9l\u00e9gant pour compl\u00e9ter le look.<\/li>\n<\/ul>\n<p data-sourcepos=\"21:1-21:140\">Si vous \u00eates \u00e0 la recherche d'un manteau \u00e9l\u00e9gant et polyvalent \u00e0 ajouter \u00e0 votre garde-robe d'hiver, le manteau long et enveloppant pour femme m\u00e9rite d'\u00eatre pris en consid\u00e9ration.<\/p>","protected":false},"excerpt":{"rendered":"<table style=\"height: 617px;\" width=\"599\">\n<tbody>\n<tr>\n<td width=\"146\"><strong><b>Produit<\/b><\/strong>\u00a0<strong><b>Nom :<\/b><\/strong><\/td>\n<td width=\"601\"><strong>Manteau long et enveloppant pour femmes<\/strong><\/td>\n<\/tr>\n<tr>\n<td width=\"146\"><strong><b>Materlal :<\/b><\/strong><\/td>\n<td width=\"601\">Tricot<\/td>\n<\/tr>\n<tr>\n<td width=\"146\"><strong><b>Techniques :<\/b><\/strong><\/td>\n<td width=\"601\">Brod\u00e9<\/td>\n<\/tr>\n<tr>\n<td width=\"146\"><strong><b>Style :<\/b><\/strong><\/td>\n<td width=\"601\">D\u00e9contract\u00e9<\/td>\n<\/tr>\n<tr>\n<td width=\"146\"><strong><b>Couleur<\/b><\/strong><strong><b>:<\/b><\/strong><\/td>\n<td width=\"601\">\u00a0Couleurs personnalis\u00e9es<\/td>\n<\/tr>\n<tr>\n<td width=\"146\"><strong><b>Taille :<\/b><\/strong><\/td>\n<td width=\"601\">S \/M \/L \/XL \/2XL<\/td>\n<\/tr>\n<tr>\n<td width=\"146\"><strong><b>OEM\/ODM :<\/b><\/strong><\/td>\n<td width=\"601\">Acceptable<\/td>\n<\/tr>\n<tr>\n<td width=\"146\"><strong><b>Qualit\u00e9 :<\/b><\/strong><\/td>\n<td width=\"601\">100% Haute qualit\u00e9<\/td>\n<\/tr>\n<tr>\n<td width=\"146\"><strong><b>M<\/b><\/strong><strong><b>OQ :<\/b><\/strong><\/td>\n<td width=\"601\">200 pi\u00e8ces<\/td>\n<\/tr>\n<\/tbody>\n<\/table>","protected":false},"featured_media":2042,"template":"","meta":[],"product_brand":[],"product_cat":[39],"product_tag":[],"class_list":{"0":"post-2041","1":"product","2":"type-product","3":"status-publish","4":"has-post-thumbnail","6":"product_cat-womens-clothing","8":"first","9":"instock","10":"shipping-taxable","11":"product-type-simple"},"_links":{"self":[{"href":"https:\/\/mj-clothing.com\/fr\/wp-json\/wp\/v2\/product\/2041","targetHints":{"allow":["GET"]}}],"collection":[{"href":"https:\/\/mj-clothing.com\/fr\/wp-json\/wp\/v2\/product"}],"about":[{"href":"https:\/\/mj-clothing.com\/fr\/wp-json\/wp\/v2\/types\/product"}],"wp:featuredmedia":[{"embeddable":true,"href":"https:\/\/mj-clothing.com\/fr\/wp-json\/wp\/v2\/media\/2042"}],"wp:attachment":[{"href":"https:\/\/mj-clothing.com\/fr\/wp-json\/wp\/v2\/media?parent=2041"}],"wp:term":[{"taxonomy":"product_brand","embeddable":true,"href":"https:\/\/mj-clothing.com\/fr\/wp-json\/wp\/v2\/product_brand?post=2041"},{"taxonomy":"product_cat","embeddable":true,"href":"https:\/\/mj-clothing.com\/fr\/wp-json\/wp\/v2\/product_cat?post=2041"},{"taxonomy":"product_tag","embeddable":true,"href":"https:\/\/mj-clothing.com\/fr\/wp-json\/wp\/v2\/product_tag?post=2041"}],"curies":[{"name":"wp","href":"https:\/\/api.w.org\/{rel}","templated":true}]}}