{"id":2044,"date":"2024-12-18T03:15:03","date_gmt":"2024-12-18T03:15:03","guid":{"rendered":"https:\/\/mj-clothing.com\/?post_type=product&#038;p=2044"},"modified":"2024-12-18T03:23:05","modified_gmt":"2024-12-18T03:23:05","slug":"womens-petite-long-winter-coats","status":"publish","type":"product","link":"https:\/\/mj-clothing.com\/fr\/manufacturer\/womens-petite-long-winter-coats\/","title":{"rendered":"Manteaux d'hiver longs Petite Womens"},"content":{"rendered":"<p data-sourcepos=\"1:1-1:158\">Les manteaux longs d'hiver pour femmes de petite taille sont sp\u00e9cialement con\u00e7us pour les femmes de petite taille afin de leur assurer une coupe ad\u00e9quate et une silhouette flatteuse. Voici ce qui les rend si particuliers :<\/p>\n<ul data-sourcepos=\"3:1-6:0\">\n<li data-sourcepos=\"3:1-3:155\"><strong>Proportionn\u00e9 pour les cadres plus courts :<\/strong> Ces manteaux sont con\u00e7us pour des torses et des entrejambes plus courts, ce qui \u00e9vite qu'ils n'\u00e9crasent les petites silhouettes.<\/li>\n<li data-sourcepos=\"4:1-4:144\"><strong>Longueur id\u00e9ale :<\/strong> Bien qu'elle soit toujours consid\u00e9r\u00e9e comme \"longue\", sa longueur est ajust\u00e9e pour \u00e9viter qu'elle ne tra\u00eene sur le sol ou qu'elle ne donne l'impression d'\u00eatre trop volumineuse.<\/li>\n<li data-sourcepos=\"5:1-6:0\"><strong>Am\u00e9lioration de l'ajustement :<\/strong> Des caract\u00e9ristiques telles que des manches plus courtes et une taille ajust\u00e9e garantissent que le manteau s'ajuste confortablement et proportionnellement.<\/li>\n<\/ul>\n<h3 data-sourcepos=\"7:1-7:19\"><strong>Styles populaires :<\/strong><\/h3>\n<ul data-sourcepos=\"9:1-12:0\">\n<li data-sourcepos=\"9:1-9:102\"><strong>Petits manteaux en laine :<\/strong> Classique et intemporel, souvent dans des styles tels que les peacoats ou les manteaux \u00e0 double boutonnage.<\/li>\n<li data-sourcepos=\"10:1-10:118\"><strong>Petits manteaux bouffants :<\/strong> Ils offrent une excellente chaleur et se d\u00e9clinent en diff\u00e9rentes longueurs et styles, des plus \u00e9l\u00e9gants aux plus d\u00e9contract\u00e9s.<\/li>\n<li data-sourcepos=\"11:1-12:0\"><strong>Petite Parkas :<\/strong> Id\u00e9ales pour les climats plus froids, elles sont souvent dot\u00e9es de capuches, de garnitures en fourrure et de multiples poches.<\/li>\n<\/ul>\n<h3 data-sourcepos=\"13:1-13:23\"><strong>O\u00f9 trouver des manteaux d'hiver longs pour femmes :<\/strong><\/h3>\n<p data-sourcepos=\"15:1-15:54\">De nombreux d\u00e9taillants proposent des tailles r\u00e9duites, notamment<\/p>\n<ul data-sourcepos=\"17:1-20:0\">\n<li data-sourcepos=\"17:1-17:58\"><strong>Grands magasins :<\/strong> Nordstrom, Macy's, Bloomingdale's<\/li>\n<li data-sourcepos=\"18:1-18:52\"><strong>D\u00e9taillants sp\u00e9cialis\u00e9s :<\/strong> Ann Taylor, Loft, Talbots<\/li>\n<li data-sourcepos=\"19:1-20:0\"><strong>D\u00e9taillants en ligne :<\/strong> ASOS, Nordstrom Rack, Amazon<\/li>\n<\/ul>\n<h3 data-sourcepos=\"21:1-21:22\"><strong>Conseils pour le choix :<\/strong><\/h3>\n<ul data-sourcepos=\"23:1-26:0\">\n<li data-sourcepos=\"23:1-23:102\"><strong>Consid\u00e9rez le tissu :<\/strong> Recherchez des tissus chauds et durables comme la laine, le duvet ou l'isolation synth\u00e9tique.<\/li>\n<li data-sourcepos=\"24:1-24:106\"><strong>V\u00e9rifier la longueur :<\/strong> Veillez \u00e0 ce que le manteau arrive au bon endroit sur vos jambes, afin d'\u00e9viter l'effet \"noy\u00e9\".<\/li>\n<li data-sourcepos=\"25:1-26:0\"><strong>Essayez-le :<\/strong> Essayez toujours un manteau de petite taille pour vous assurer qu'il vous va bien et qu'il flatte votre silhouette.<\/li>\n<\/ul>\n<p data-sourcepos=\"27:1-27:121\">En choisissant un manteau d'hiver long et bien ajust\u00e9, les femmes de petite taille peuvent rester au chaud et avoir du style pendant les mois les plus froids.<\/p>","protected":false},"excerpt":{"rendered":"<table style=\"height: 572px;\" width=\"534\">\n<tbody>\n<tr>\n<td width=\"146\"><strong><b>Produit<\/b><\/strong>\u00a0<strong><b>Nom :<\/b><\/strong><\/td>\n<td width=\"601\"><strong>Manteaux d'hiver longs Petite Womens<\/strong><\/td>\n<\/tr>\n<tr>\n<td width=\"146\"><strong><b>Materlal :<\/b><\/strong><\/td>\n<td width=\"601\">Tricot<\/td>\n<\/tr>\n<tr>\n<td width=\"146\"><strong><b>Techniques :<\/b><\/strong><\/td>\n<td width=\"601\">Brod\u00e9<\/td>\n<\/tr>\n<tr>\n<td width=\"146\"><strong><b>Style :<\/b><\/strong><\/td>\n<td width=\"601\">D\u00e9contract\u00e9<\/td>\n<\/tr>\n<tr>\n<td width=\"146\"><strong><b>Couleur<\/b><\/strong><strong><b>:<\/b><\/strong><\/td>\n<td width=\"601\">\u00a0Couleurs personnalis\u00e9es<\/td>\n<\/tr>\n<tr>\n<td width=\"146\"><strong><b>Taille :<\/b><\/strong><\/td>\n<td width=\"601\">S \/M \/L \/XL \/2XL<\/td>\n<\/tr>\n<tr>\n<td width=\"146\"><strong><b>OEM\/ODM :<\/b><\/strong><\/td>\n<td width=\"601\">Acceptable<\/td>\n<\/tr>\n<tr>\n<td width=\"146\"><strong><b>Qualit\u00e9 :<\/b><\/strong><\/td>\n<td width=\"601\">100% Haute qualit\u00e9<\/td>\n<\/tr>\n<tr>\n<td width=\"146\"><strong><b>M<\/b><\/strong><strong><b>OQ :<\/b><\/strong><\/td>\n<td width=\"601\">200 pi\u00e8ces<\/td>\n<\/tr>\n<\/tbody>\n<\/table>","protected":false},"featured_media":2045,"template":"","meta":[],"product_brand":[],"product_cat":[39],"product_tag":[],"class_list":{"0":"post-2044","1":"product","2":"type-product","3":"status-publish","4":"has-post-thumbnail","6":"product_cat-womens-clothing","8":"first","9":"instock","10":"shipping-taxable","11":"product-type-simple"},"_links":{"self":[{"href":"https:\/\/mj-clothing.com\/fr\/wp-json\/wp\/v2\/product\/2044","targetHints":{"allow":["GET"]}}],"collection":[{"href":"https:\/\/mj-clothing.com\/fr\/wp-json\/wp\/v2\/product"}],"about":[{"href":"https:\/\/mj-clothing.com\/fr\/wp-json\/wp\/v2\/types\/product"}],"wp:featuredmedia":[{"embeddable":true,"href":"https:\/\/mj-clothing.com\/fr\/wp-json\/wp\/v2\/media\/2045"}],"wp:attachment":[{"href":"https:\/\/mj-clothing.com\/fr\/wp-json\/wp\/v2\/media?parent=2044"}],"wp:term":[{"taxonomy":"product_brand","embeddable":true,"href":"https:\/\/mj-clothing.com\/fr\/wp-json\/wp\/v2\/product_brand?post=2044"},{"taxonomy":"product_cat","embeddable":true,"href":"https:\/\/mj-clothing.com\/fr\/wp-json\/wp\/v2\/product_cat?post=2044"},{"taxonomy":"product_tag","embeddable":true,"href":"https:\/\/mj-clothing.com\/fr\/wp-json\/wp\/v2\/product_tag?post=2044"}],"curies":[{"name":"wp","href":"https:\/\/api.w.org\/{rel}","templated":true}]}}