{"id":2066,"date":"2024-12-19T03:05:05","date_gmt":"2024-12-19T03:05:05","guid":{"rendered":"https:\/\/mj-clothing.com\/?post_type=product&#038;p=2066"},"modified":"2024-12-19T03:05:05","modified_gmt":"2024-12-19T03:05:05","slug":"spring-coats-for-ladies","status":"publish","type":"product","link":"https:\/\/mj-clothing.com\/fr\/manufacturer\/spring-coats-for-ladies\/","title":{"rendered":"Manteaux de printemps pour dames"},"content":{"rendered":"<p data-sourcepos=\"1:1-1:154\">Manteaux de printemps pour dames La saison est magnifique et c'est le moment id\u00e9al pour renouveler votre garde-robe avec des manteaux de printemps \u00e9l\u00e9gants. Voici quelques options populaires pour les femmes :<\/p>\n<h3 data-sourcepos=\"3:1-3:19\"><strong>1. Manteaux de printemps pour dames :<\/strong><\/h3>\n<ul data-sourcepos=\"5:1-8:0\">\n<li style=\"list-style-type: none;\">\n<ul data-sourcepos=\"5:1-8:0\">\n<li data-sourcepos=\"5:1-5:94\"><strong>Classique et intemporel :<\/strong> Le trench-coat est un \u00e9l\u00e9ment essentiel de la garde-robe qui peut \u00eatre habill\u00e9 ou non.<\/li>\n<li data-sourcepos=\"6:1-6:60\"><strong>Polyvalent :<\/strong> Il est parfait pour les jours de pluie et de soleil.<\/li>\n<li data-sourcepos=\"7:1-8:0\"><strong>\u00c9l\u00e9gant :<\/strong> Choisissez parmi une vari\u00e9t\u00e9 de couleurs et de styles pour r\u00e9pondre \u00e0 vos go\u00fbts personnels.<\/li>\n<\/ul>\n<\/li>\n<\/ul>\n<div class=\"attachment-container search-images\">\n<div class=\"image-container hide-from-message-actions ng-star-inserted\"><strong style=\"color: #555555; font-size: 14.4px;\">2. Veste en jean :<\/strong><\/div>\n<\/div>\n<ul data-sourcepos=\"13:1-16:0\">\n<li style=\"list-style-type: none;\">\n<ul data-sourcepos=\"13:1-16:0\">\n<li data-sourcepos=\"13:1-13:91\"><strong>D\u00e9contract\u00e9 et cool :<\/strong> Une veste en jean est un excellent moyen d'ajouter une touche d'originalit\u00e9 \u00e0 votre tenue.<\/li>\n<li data-sourcepos=\"14:1-14:65\"><strong>Polyvalent :<\/strong> Il peut \u00eatre associ\u00e9 \u00e0 des jeans, des robes ou des jupes.<\/li>\n<li data-sourcepos=\"15:1-16:0\"><strong>Confortable :<\/strong> Le denim est un tissu durable et confortable.<\/li>\n<\/ul>\n<\/li>\n<\/ul>\n<div class=\"attachment-container search-images\">\n<div class=\"image-container hide-from-message-actions ng-star-inserted\">\n<div class=\"caption ellipsis gds-label-m-alt ng-star-inserted\" aria-hidden=\"true\"><strong style=\"color: #555555; font-size: 14.4px;\">3.Spring Coats For Ladies Blazer :<\/strong><\/div>\n<\/div>\n<\/div>\n<ul data-sourcepos=\"21:1-24:0\">\n<li style=\"list-style-type: none;\">\n<ul data-sourcepos=\"21:1-24:0\">\n<li data-sourcepos=\"21:1-21:75\"><strong>Chic et sophistiqu\u00e9 :<\/strong> Un blazer est un excellent moyen de rehausser votre look.<\/li>\n<li data-sourcepos=\"22:1-22:80\"><strong>Polyvalent :<\/strong> Il peut \u00eatre port\u00e9 au travail, au restaurant ou lors d'un week-end d\u00e9contract\u00e9.<\/li>\n<li data-sourcepos=\"23:1-24:0\"><strong>\u00c9l\u00e9gant :<\/strong> Choisissez parmi une vari\u00e9t\u00e9 de couleurs, de motifs et de styles.<\/li>\n<\/ul>\n<\/li>\n<\/ul>\n<div class=\"attachment-container search-images\">\n<div class=\"image-container hide-from-message-actions ng-star-inserted\">\n<div class=\"caption ellipsis gds-label-m-alt ng-star-inserted\" aria-hidden=\"true\"><strong style=\"color: #555555; font-size: 14.4px;\">4. Spring Coats For Ladies Leather Jacket :<\/strong><\/div>\n<\/div>\n<\/div>\n<ul data-sourcepos=\"29:1-32:0\">\n<li style=\"list-style-type: none;\">\n<ul data-sourcepos=\"29:1-32:0\">\n<li data-sourcepos=\"29:1-29:89\"><strong>\u00c9l\u00e9gant et cool :<\/strong> Une veste en cuir est un excellent moyen d'ajouter de l'audace \u00e0 votre tenue.<\/li>\n<li data-sourcepos=\"30:1-30:46\"><strong>Polyvalent :<\/strong> Il peut \u00eatre habill\u00e9 ou d\u00e9contract\u00e9.<\/li>\n<li data-sourcepos=\"31:1-32:0\"><strong>\u00c9l\u00e9gant :<\/strong> Choisissez parmi une vari\u00e9t\u00e9 de couleurs et de styles.<\/li>\n<\/ul>\n<\/li>\n<\/ul>\n<div class=\"attachment-container search-images\">\n<div class=\"image-container hide-from-message-actions ng-star-inserted\">\n<div class=\"caption ellipsis gds-label-m-alt ng-star-inserted\" aria-hidden=\"true\"><strong style=\"color: #555555; font-size: 14.4px;\">5. Veste polaire :<\/strong><\/div>\n<\/div>\n<\/div>\n<ul data-sourcepos=\"37:1-40:0\">\n<li style=\"list-style-type: none;\">\n<ul data-sourcepos=\"37:1-40:0\">\n<li data-sourcepos=\"37:1-37:87\"><strong>Chaud et confortable :<\/strong> Une veste polaire est un excellent moyen de rester au chaud pendant les froides journ\u00e9es de printemps.<\/li>\n<li data-sourcepos=\"38:1-38:66\"><strong>Polyvalent :<\/strong> Il peut \u00eatre associ\u00e9 \u00e0 des jeans, des leggings ou des jupes.<\/li>\n<li data-sourcepos=\"39:1-40:0\"><strong>\u00c9l\u00e9gant :<\/strong> Choisissez parmi une vari\u00e9t\u00e9 de couleurs et de styles.<\/li>\n<\/ul>\n<\/li>\n<\/ul>\n<div class=\"attachment-container search-images\"><\/div>\n<p data-sourcepos=\"43:1-43:46\"><strong>Conseils pour choisir le manteau de printemps id\u00e9al :<\/strong><\/p>\n<ul data-sourcepos=\"45:1-49:0\">\n<li data-sourcepos=\"45:1-45:184\"><strong>Tenez compte de votre climat :<\/strong> Si vous vivez dans un climat chaud, vous pouvez choisir un manteau plus l\u00e9ger. Si vous vivez dans un climat plus froid, vous pouvez choisir un manteau plus lourd.<\/li>\n<li data-sourcepos=\"46:1-46:188\"><strong>Pensez \u00e0 votre mode de vie :<\/strong> Si vous \u00eates actif, vous pouvez choisir un manteau facile \u00e0 porter. Si vous travaillez dans un cadre professionnel, vous pouvez choisir un manteau plus formel.<\/li>\n<li data-sourcepos=\"47:1-47:87\"><strong>Choisissez une couleur que vous aimez :<\/strong> Vous serez plus enclin \u00e0 porter un manteau que vous aimez.<\/li>\n<li data-sourcepos=\"48:1-49:0\"><strong>Tenez compte de l'ajustement :<\/strong> Un manteau bien ajust\u00e9 est \u00e0 la fois beau et agr\u00e9able \u00e0 porter.<\/li>\n<\/ul>\n<p data-sourcepos=\"50:1-50:202\">Quel que soit votre style, il existe un manteau de printemps parfait pour vous. Avec tant d'options parmi lesquelles choisir, vous \u00eates s\u00fbre de trouver le manteau id\u00e9al pour vous tenir au chaud et vous donner du style tout au long de la saison.<\/p>","protected":false},"excerpt":{"rendered":"<table style=\"height: 611px;\" width=\"429\">\n<tbody>\n<tr>\n<td width=\"146\"><strong><b>Produit<\/b><\/strong>\u00a0<strong><b>Nom :<\/b><\/strong><\/td>\n<td width=\"601\"><strong>Manteaux de printemps pour dames<\/strong><\/td>\n<\/tr>\n<tr>\n<td width=\"146\"><strong><b>Materlal :<\/b><\/strong><\/td>\n<td width=\"601\">Tricot<\/td>\n<\/tr>\n<tr>\n<td width=\"146\"><strong><b>Techniques :<\/b><\/strong><\/td>\n<td width=\"601\">Brod\u00e9<\/td>\n<\/tr>\n<tr>\n<td width=\"146\"><strong><b>Style :<\/b><\/strong><\/td>\n<td width=\"601\">D\u00e9contract\u00e9<\/td>\n<\/tr>\n<tr>\n<td width=\"146\"><strong><b>Couleur<\/b><\/strong><strong><b>:<\/b><\/strong><\/td>\n<td width=\"601\">\u00a0Couleurs personnalis\u00e9es<\/td>\n<\/tr>\n<tr>\n<td width=\"146\"><strong><b>Taille :<\/b><\/strong><\/td>\n<td width=\"601\">S \/M \/L \/XL \/2XL<\/td>\n<\/tr>\n<tr>\n<td width=\"146\"><strong><b>OEM\/ODM :<\/b><\/strong><\/td>\n<td width=\"601\">Acceptable<\/td>\n<\/tr>\n<tr>\n<td width=\"146\"><strong><b>Qualit\u00e9 :<\/b><\/strong><\/td>\n<td width=\"601\">100% Haute qualit\u00e9<\/td>\n<\/tr>\n<tr>\n<td width=\"146\"><strong><b>M<\/b><\/strong><strong><b>OQ :<\/b><\/strong><\/td>\n<td width=\"601\">200 pi\u00e8ces<\/td>\n<\/tr>\n<\/tbody>\n<\/table>","protected":false},"featured_media":2075,"template":"","meta":[],"product_brand":[],"product_cat":[39],"product_tag":[],"class_list":{"0":"post-2066","1":"product","2":"type-product","3":"status-publish","4":"has-post-thumbnail","6":"product_cat-womens-clothing","8":"first","9":"instock","10":"shipping-taxable","11":"product-type-simple"},"_links":{"self":[{"href":"https:\/\/mj-clothing.com\/fr\/wp-json\/wp\/v2\/product\/2066","targetHints":{"allow":["GET"]}}],"collection":[{"href":"https:\/\/mj-clothing.com\/fr\/wp-json\/wp\/v2\/product"}],"about":[{"href":"https:\/\/mj-clothing.com\/fr\/wp-json\/wp\/v2\/types\/product"}],"wp:featuredmedia":[{"embeddable":true,"href":"https:\/\/mj-clothing.com\/fr\/wp-json\/wp\/v2\/media\/2075"}],"wp:attachment":[{"href":"https:\/\/mj-clothing.com\/fr\/wp-json\/wp\/v2\/media?parent=2066"}],"wp:term":[{"taxonomy":"product_brand","embeddable":true,"href":"https:\/\/mj-clothing.com\/fr\/wp-json\/wp\/v2\/product_brand?post=2066"},{"taxonomy":"product_cat","embeddable":true,"href":"https:\/\/mj-clothing.com\/fr\/wp-json\/wp\/v2\/product_cat?post=2066"},{"taxonomy":"product_tag","embeddable":true,"href":"https:\/\/mj-clothing.com\/fr\/wp-json\/wp\/v2\/product_tag?post=2066"}],"curies":[{"name":"wp","href":"https:\/\/api.w.org\/{rel}","templated":true}]}}