{"id":2076,"date":"2024-12-19T03:26:08","date_gmt":"2024-12-19T03:26:08","guid":{"rendered":"https:\/\/mj-clothing.com\/?post_type=product&#038;p=2076"},"modified":"2024-12-19T03:33:03","modified_gmt":"2024-12-19T03:33:03","slug":"spring-trench-coats-for-ladies","status":"publish","type":"product","link":"https:\/\/mj-clothing.com\/fr\/manufacturer\/spring-trench-coats-for-ladies\/","title":{"rendered":"Trench-coats de printemps pour dames"},"content":{"rendered":"<p data-sourcepos=\"1:1-1:134\">Le trench-coat de printemps pour femmes est un classique de la garde-robe qui peut \u00eatre habill\u00e9 ou d\u00e9contract\u00e9. Voici quelques styles populaires \u00e0 consid\u00e9rer :<\/p>\n<h3 data-sourcepos=\"3:1-3:27\"><strong>1. Trench classique :<\/strong><\/h3>\n<ul data-sourcepos=\"5:1-8:0\">\n<li style=\"list-style-type: none;\">\n<ul data-sourcepos=\"5:1-8:0\">\n<li data-sourcepos=\"5:1-5:116\"><strong>Intemporel et \u00e9l\u00e9gant :<\/strong> Le trench-coat classique est une pi\u00e8ce polyvalente qui peut \u00eatre port\u00e9e avec une grande vari\u00e9t\u00e9 de tenues.<\/li>\n<li data-sourcepos=\"6:1-6:101\"><strong>Polyvalent :<\/strong> Il peut \u00eatre mis en valeur avec une jupe et des talons, ou bien \u00eatre port\u00e9 de fa\u00e7on plus d\u00e9contract\u00e9e avec un jean et des baskets.<\/li>\n<li data-sourcepos=\"7:1-8:0\"><strong>Fonctionnel :<\/strong> Il est parfait pour les jours de pluie ou de vent, gr\u00e2ce \u00e0 son tissu r\u00e9sistant \u00e0 l'eau et \u00e0 sa ceinture qui emp\u00eache le vent de p\u00e9n\u00e9trer.<\/li>\n<\/ul>\n<\/li>\n<\/ul>\n<div class=\"attachment-container search-images\"><strong style=\"color: #555555; font-size: 14.4px;\">2. Trench-coat ceintur\u00e9 :<\/strong><\/div>\n<ul data-sourcepos=\"13:1-16:0\">\n<li style=\"list-style-type: none;\">\n<ul data-sourcepos=\"13:1-16:0\">\n<li data-sourcepos=\"13:1-13:86\"><strong>Une silhouette flatteuse :<\/strong> La ceinture cintre la taille, cr\u00e9ant une silhouette flatteuse.<\/li>\n<li data-sourcepos=\"14:1-14:79\"><strong>\u00c9l\u00e9gant :<\/strong> C'est un excellent moyen d'ajouter une touche de sophistication \u00e0 n'importe quelle tenue.<\/li>\n<li data-sourcepos=\"15:1-16:0\"><strong>Pratique :<\/strong> La ceinture peut \u00eatre serr\u00e9e ou desserr\u00e9e pour ajuster la tenue.<\/li>\n<\/ul>\n<\/li>\n<\/ul>\n<div class=\"attachment-container search-images\">\n<div class=\"image-container hide-from-message-actions ng-star-inserted\">\n<h3 class=\"caption ellipsis gds-label-m-alt ng-star-inserted\" aria-hidden=\"true\"><strong style=\"color: #555555; font-size: 14.4px;\">3. Trench l\u00e9ger :<\/strong><\/h3>\n<\/div>\n<\/div>\n<ul data-sourcepos=\"21:1-24:0\">\n<li style=\"list-style-type: none;\">\n<ul data-sourcepos=\"21:1-24:0\">\n<li data-sourcepos=\"21:1-21:108\"><strong>Parfait pour les temps chauds :<\/strong> Un trench l\u00e9ger est id\u00e9al pour les jours de printemps o\u00f9 il ne fait pas trop froid.<\/li>\n<li data-sourcepos=\"22:1-22:73\"><strong>Polyvalent :<\/strong> Il peut \u00eatre habill\u00e9 ou d\u00e9contract\u00e9, selon l'occasion.<\/li>\n<li data-sourcepos=\"23:1-24:0\"><strong>Confortable :<\/strong> Le tissu l\u00e9ger permet de se d\u00e9placer facilement.<\/li>\n<\/ul>\n<\/li>\n<\/ul>\n<div class=\"attachment-container search-images\">\n<div class=\"image-container hide-from-message-actions ng-star-inserted\">\n<h3 class=\"caption ellipsis gds-label-m-alt ng-star-inserted\" aria-hidden=\"true\"><strong style=\"color: #555555; font-size: 14.4px;\">4. Trench-coat color\u00e9 :<\/strong><\/h3>\n<\/div>\n<\/div>\n<ul data-sourcepos=\"29:1-32:0\">\n<li style=\"list-style-type: none;\">\n<ul data-sourcepos=\"29:1-32:0\">\n<li data-sourcepos=\"29:1-29:102\"><strong>Tendances et style :<\/strong> Un trench-coat color\u00e9 est un excellent moyen d'ajouter une touche de couleur \u00e0 votre garde-robe.<\/li>\n<li data-sourcepos=\"30:1-30:77\"><strong>Polyvalent :<\/strong> Il peut \u00eatre associ\u00e9 \u00e0 des couleurs neutres ou \u00e0 d'autres couleurs vives.<\/li>\n<li data-sourcepos=\"31:1-32:0\"><strong>Attrayante :<\/strong> Il ne manquera pas de faire tourner les t\u00eates.<\/li>\n<\/ul>\n<\/li>\n<\/ul>\n<div class=\"attachment-container search-images\">\n<div class=\"image-container hide-from-message-actions ng-star-inserted\">\n<h3 class=\"caption ellipsis gds-label-m-alt ng-star-inserted\" aria-hidden=\"true\"><strong style=\"color: #555555; font-size: 14.4px;\">Conseils pour choisir le parfait trench-coat de printemps pour les femmes :<\/strong><\/h3>\n<\/div>\n<\/div>\n<ul data-sourcepos=\"37:1-41:0\">\n<li data-sourcepos=\"37:1-37:102\"><strong>Tenez compte du tissu :<\/strong> Recherchez un tissu l\u00e9ger, r\u00e9sistant \u00e0 l'eau et agr\u00e9able \u00e0 porter.<\/li>\n<li data-sourcepos=\"38:1-38:87\"><strong>Choisissez la bonne taille :<\/strong> Le manteau doit \u00eatre bien ajust\u00e9, ni trop serr\u00e9 ni trop l\u00e2che.<\/li>\n<li data-sourcepos=\"39:1-39:109\"><strong>Choisir la bonne longueur :<\/strong> La longueur du manteau doit \u00eatre adapt\u00e9e \u00e0 votre taille et \u00e0 l'occasion.<\/li>\n<li data-sourcepos=\"40:1-41:0\"><strong>Accessoiriser :<\/strong> Ajoutez une \u00e9charpe, une ceinture ou un chapeau pour personnaliser votre look.<\/li>\n<\/ul>\n<p data-sourcepos=\"42:1-42:134\">Avec un large choix de styles et de couleurs, vous \u00eates s\u00fbre de trouver le trench-coat de printemps id\u00e9al pour compl\u00e9ter votre garde-robe.<\/p>","protected":false},"excerpt":{"rendered":"<table style=\"height: 631px;\" width=\"523\">\n<tbody>\n<tr>\n<td width=\"146\"><strong><b>Produit<\/b><\/strong>\u00a0<strong><b>Nom :<\/b><\/strong><\/td>\n<td width=\"601\"><strong>Trench-coats de printemps pour dames<\/strong><\/td>\n<\/tr>\n<tr>\n<td width=\"146\"><strong><b>Materlal :<\/b><\/strong><\/td>\n<td width=\"601\">Tricot<\/td>\n<\/tr>\n<tr>\n<td width=\"146\"><strong><b>Techniques :<\/b><\/strong><\/td>\n<td width=\"601\">Brod\u00e9<\/td>\n<\/tr>\n<tr>\n<td width=\"146\"><strong><b>Style :<\/b><\/strong><\/td>\n<td width=\"601\">D\u00e9contract\u00e9<\/td>\n<\/tr>\n<tr>\n<td width=\"146\"><strong><b>Couleur<\/b><\/strong><strong><b>:<\/b><\/strong><\/td>\n<td width=\"601\">\u00a0Couleurs personnalis\u00e9es<\/td>\n<\/tr>\n<tr>\n<td width=\"146\"><strong><b>Taille :<\/b><\/strong><\/td>\n<td width=\"601\">S \/M \/L \/XL \/2XL<\/td>\n<\/tr>\n<tr>\n<td width=\"146\"><strong><b>OEM\/ODM :<\/b><\/strong><\/td>\n<td width=\"601\">Acceptable<\/td>\n<\/tr>\n<tr>\n<td width=\"146\"><strong><b>Qualit\u00e9 :<\/b><\/strong><\/td>\n<td width=\"601\">100% Haute qualit\u00e9<\/td>\n<\/tr>\n<tr>\n<td width=\"146\"><strong><b>M<\/b><\/strong><strong><b>OQ :<\/b><\/strong><\/td>\n<td width=\"601\">200 pi\u00e8ces<\/td>\n<\/tr>\n<\/tbody>\n<\/table>","protected":false},"featured_media":2077,"template":"","meta":[],"product_brand":[],"product_cat":[39],"product_tag":[],"class_list":{"0":"post-2076","1":"product","2":"type-product","3":"status-publish","4":"has-post-thumbnail","6":"product_cat-womens-clothing","8":"first","9":"instock","10":"shipping-taxable","11":"product-type-simple"},"_links":{"self":[{"href":"https:\/\/mj-clothing.com\/fr\/wp-json\/wp\/v2\/product\/2076","targetHints":{"allow":["GET"]}}],"collection":[{"href":"https:\/\/mj-clothing.com\/fr\/wp-json\/wp\/v2\/product"}],"about":[{"href":"https:\/\/mj-clothing.com\/fr\/wp-json\/wp\/v2\/types\/product"}],"wp:featuredmedia":[{"embeddable":true,"href":"https:\/\/mj-clothing.com\/fr\/wp-json\/wp\/v2\/media\/2077"}],"wp:attachment":[{"href":"https:\/\/mj-clothing.com\/fr\/wp-json\/wp\/v2\/media?parent=2076"}],"wp:term":[{"taxonomy":"product_brand","embeddable":true,"href":"https:\/\/mj-clothing.com\/fr\/wp-json\/wp\/v2\/product_brand?post=2076"},{"taxonomy":"product_cat","embeddable":true,"href":"https:\/\/mj-clothing.com\/fr\/wp-json\/wp\/v2\/product_cat?post=2076"},{"taxonomy":"product_tag","embeddable":true,"href":"https:\/\/mj-clothing.com\/fr\/wp-json\/wp\/v2\/product_tag?post=2076"}],"curies":[{"name":"wp","href":"https:\/\/api.w.org\/{rel}","templated":true}]}}