{"id":1639,"date":"2024-12-12T03:09:51","date_gmt":"2024-12-12T03:09:51","guid":{"rendered":"https:\/\/mj-clothing.com\/?post_type=product&#038;p=1639"},"modified":"2024-12-17T07:21:12","modified_gmt":"2024-12-17T07:21:12","slug":"luxury-mens-white-shirt","status":"publish","type":"product","link":"https:\/\/mj-clothing.com\/hu\/manufacturer\/luxury-mens-white-shirt\/","title":{"rendered":"Luxus f\u00e9rfi feh\u00e9r ing"},"content":{"rendered":"<h2>Luxus f\u00e9rfi feh\u00e9r ing<\/h2>\n<p><span class=\"citation-0 recitation citation-end-0\">A luxus f\u00e9rfi feh\u00e9r ing egy id\u0151tlen klasszikus, amely b\u00e1rmilyen ruhat\u00e1rat feldobhat.<\/span>\u00cdme n\u00e9h\u00e1ny kulcsfontoss\u00e1g\u00fa t\u00e9nyez\u0151, amelyet figyelembe kell vennie a luxus feh\u00e9r ing kiv\u00e1laszt\u00e1sakor:<\/p>\n<div id=\"model-response-message-contentr_5dd7d1f0a90fdd28\" class=\"markdown markdown-main-panel response-optimization\" dir=\"ltr\">\n<p data-sourcepos=\"3:1-3:11\"><strong>Sz\u00f6vet:<\/strong><\/p>\n<ul data-sourcepos=\"5:1-12:0\">\n<li data-sourcepos=\"5:1-7:29\"><strong><span class=\"citation-1 recitation\">Finom pamut:<\/span><\/strong><span class=\"citation-1 recitation citation-end-1\"> A kiv\u00e1l\u00f3 min\u0151s\u00e9g\u0171 pamut, p\u00e9ld\u00e1ul az egyiptomi vagy a Pima pamut kiv\u00e9teles puhas\u00e1got, l\u00e9g\u00e1tereszt\u0151 k\u00e9pess\u00e9get \u00e9s tart\u00f3ss\u00e1got biztos\u00edt.<\/span><\/li>\n<li data-sourcepos=\"5:1-7:29\"><strong><span class=\"citation-2 recitation\">Sea Island Cotton:<\/span><\/strong><span class=\"citation-2 recitation citation-end-2\"> Az extra hossz\u00fa sz\u00e1lair\u00f3l ismert Sea Island pamut az egyik legf\u00e9ny\u0171z\u0151bb sz\u00f6vet.<\/span> Hihetetlen\u00fcl puha, sima \u00e9s f\u00e9nyes.<span class=\"button-container hide-from-message-actions ng-star-inserted\">\u00a0<\/span>\n<div class=\"container ng-tns-c3661983433-95 hide\">\n<div class=\"carousel-container ng-tns-c3661983433-95\"><\/div>\n<\/div>\n<div class=\"attachment-container search-images\"><\/div>\n<\/li>\n<li data-sourcepos=\"5:1-7:29\"><strong><span class=\"citation-3 recitation\">V\u00e1szon:<\/span><\/strong><span class=\"citation-3 recitation citation-end-3\"> Term\u00e9szetes, l\u00e9legz\u0151 anyag, amely t\u00f6k\u00e9letes a melegebb id\u0151j\u00e1r\u00e1shoz.<\/span>Gyakran enyh\u00e9n textur\u00e1lt megjelen\u00e9s\u0171, \u00e9s nyugodt, eleg\u00e1ns \u00e9rz\u00e9st kelt.<span class=\"button-container hide-from-message-actions ng-star-inserted\" style=\"font-size: 14.4px;\">\u00a0\u00a0<\/span>\n<div class=\"container ng-tns-c3661983433-95 hide\">\n<div class=\"carousel-container ng-tns-c3661983433-95\"><\/div>\n<\/div>\n<div class=\"attachment-container search-images\"><\/div>\n<\/li>\n<\/ul>\n<p data-sourcepos=\"13:1-13:17\"><strong>\u00c9p\u00edt\u00e9s:<\/strong><\/p>\n<ul data-sourcepos=\"15:1-18:0\">\n<li data-sourcepos=\"15:1-15:160\"><strong>Szab\u00e1s:<\/strong> Az ingnek j\u00f3l szabottnak kell lennie, pontos varr\u00e1ssal \u00e9s tiszta kivitelben. Ford\u00edtson figyelmet az olyan r\u00e9szletekre, mint a gall\u00e9r, a mandzsett\u00e1k \u00e9s a gomblyukak.<\/li>\n<li data-sourcepos=\"16:1-16:110\"><strong>Illeszked\u00e9s:<\/strong> Az illeszked\u00e9s kulcsfontoss\u00e1g\u00fa a f\u00e9ny\u0171z\u0151 megjelen\u00e9shez. A j\u00f3l illeszked\u0151 ingnek sim\u00e1n \u00e9s k\u00e9nyelmesen kell \u00e1llnia.<\/li>\n<li data-sourcepos=\"17:1-18:0\"><strong>Gall\u00e9r st\u00edlus:<\/strong> V\u00e1lasszon olyan gall\u00e9rst\u00edlust, amely megfelel az arcform\u00e1j\u00e1nak \u00e9s szem\u00e9lyes preferenci\u00e1inak. <span class=\"citation-4 recitation citation-end-4\">A n\u00e9pszer\u0171 lehet\u0151s\u00e9gek k\u00f6z\u00e9 tartozik a klasszikus pontgall\u00e9r, a gombos gall\u00e9r \u00e9s a kiv\u00e1gott gall\u00e9r.<\/span><span class=\"button-container hide-from-message-actions ng-star-inserted\"> \u00a0<\/span>\n<div class=\"container ng-tns-c3661983433-96 hide\">\n<div class=\"carousel-container ng-tns-c3661983433-96\">\n<div class=\"carousel-content ng-tns-c3661983433-96\">\n<div class=\"sources-carousel-source ng-tns-c3661983433-96 hide ng-star-inserted\" data-test-id=\"sources-carousel-source\"><\/div>\n<\/div>\n<\/div>\n<\/div>\n<\/li>\n<\/ul>\n<p data-sourcepos=\"19:1-19:11\"><strong>Tervez\u00e9s:<\/strong><\/p>\n<ul data-sourcepos=\"21:1-23:0\">\n<li data-sourcepos=\"21:1-21:168\"><strong>Minimalista elegancia:<\/strong> Az egyszer\u0171, letisztult design gyakran a legnagyobb luxust sug\u00e1rozza. V\u00e1lasszon egy olyan inget, amely finom r\u00e9szletekkel, p\u00e9ld\u00e1ul gy\u00f6ngyh\u00e1zgombokkal vagy finom monogrammal rendelkezik.<\/li>\n<li data-sourcepos=\"22:1-23:0\"><strong>Finom mint\u00e1k:<\/strong> Ha egy kis mint\u00e1t szeretne, fontolja meg a finom cs\u00edkoz\u00e1st vagy egy kis kock\u00e1t.<\/li>\n<\/ul>\n<p data-sourcepos=\"24:1-24:11\"><strong>M\u00e1rk\u00e1k:<\/strong><\/p>\n<\/div>\n<div class=\"skeleton-loader-container\">\n<p data-sourcepos=\"26:1-26:70\">Sz\u00e1mos luxusm\u00e1rka h\u00edres a luxus f\u00e9rfi feh\u00e9r ing\u00e9r\u0151l:<\/p>\n<ul data-sourcepos=\"28:1-36:0\">\n<li data-sourcepos=\"28:1-29:43\"><strong>Turnbull &amp; Asser:<\/strong> <span class=\"citation-5 recitation citation-end-5\">Ismeretes a testreszabott szab\u00e1svonalukr\u00f3l \u00e9s a luxussz\u00f6vetekr\u0151l.<\/span><\/li>\n<li data-sourcepos=\"28:1-29:43\"><strong><span class=\"citation-6 recitation\">Charvet:<\/span><\/strong><span class=\"citation-6 recitation citation-end-6\"> Egy t\u00f6rt\u00e9nelmi francia ingk\u00e9sz\u00edt\u0151 c\u00e9g, amely kiv\u00e1l\u00f3 k\u00e9zm\u0171vesmunk\u00e1t \u00e9s eleg\u00e1ns formatervez\u00e9st k\u00edn\u00e1l.<\/span><\/li>\n<li data-sourcepos=\"28:1-29:43\"><strong><span class=\"citation-7 recitation\">Brioni:<\/span><\/strong><span class=\"citation-7 recitation citation-end-7\"> Olasz luxusm\u00e1rka, amely a finom szab\u00e1svonalra \u00e9s a kifog\u00e1stalan min\u0151s\u00e9gre \u00f6sszpontos\u00edt.<\/span><\/li>\n<li data-sourcepos=\"28:1-29:43\">\n<div class=\"container\"><strong><span class=\"citation-8 recitation\">Kiton:<\/span><\/strong><span class=\"citation-8 recitation citation-end-8\"> Egy m\u00e1sik olasz luxusm\u00e1rka, amely a vil\u00e1g legjobb ingeit gy\u00e1rtja.<\/span><\/div>\n<p><span class=\"button-container hide-from-message-actions ng-star-inserted\"> \u00a0 <\/span><\/li>\n<\/ul>\n<\/div>\n<div class=\"response-footer gap complete\">\n<div class=\"container ng-tns-c3661983433-86\">\n<div class=\"carousel-container ng-tns-c3661983433-86\">\n<div class=\"carousel-content ng-tns-c3661983433-86\">\n<div class=\"sources-carousel-source ng-tns-c3661983433-86 ng-star-inserted\" data-test-id=\"sources-carousel-source\">\n<div class=\"source-card-container\">\n<div class=\"source-card-content\">\n<div class=\"source-card-body\">\n<div class=\"source-card-header\">\n<div class=\"source-card-title\"><\/div>\n<\/div>\n<\/div>\n<\/div>\n<\/div>\n<\/div>\n<\/div>\n<\/div>\n<\/div>\n<\/div>","protected":false},"excerpt":{"rendered":"<table style=\"height: 485px;\" width=\"491\">\n<tbody>\n<tr>\n<td width=\"146\"><strong><b>Term\u00e9k<\/b><\/strong>\u00a0<strong><b>N\u00e9v:<\/b><\/strong><\/td>\n<td width=\"601\"><strong>Luxus f\u00e9rfi feh\u00e9r ing<\/strong><\/td>\n<\/tr>\n<tr>\n<td width=\"146\"><strong><b>Materlal:<\/b><\/strong><\/td>\n<td width=\"601\">Poli\u00e9szter\/pamut<\/td>\n<\/tr>\n<tr>\n<td width=\"146\"><strong><b>Technika:<\/b><\/strong><\/td>\n<td width=\"601\">Nyomtat\u00e1s \u00e9s fest\u00e9s<\/td>\n<\/tr>\n<tr>\n<td width=\"146\"><strong><b>St\u00edlus:<\/b><\/strong><\/td>\n<td width=\"601\">Alkalmi<\/td>\n<\/tr>\n<tr>\n<td width=\"146\"><strong><b>Sz\u00ednes<\/b><\/strong><strong><b>:<\/b><\/strong><\/td>\n<td width=\"601\">\u00a0Egyedi sz\u00ednek<\/td>\n<\/tr>\n<tr>\n<td width=\"146\"><strong><b>M\u00e9ret:<\/b><\/strong><\/td>\n<td width=\"601\">S \/M \/L \/XL \/2XL<\/td>\n<\/tr>\n<tr>\n<td width=\"146\"><strong><b>OEM\/ODM:<\/b><\/strong><\/td>\n<td width=\"601\">Elfogadhat\u00f3<\/td>\n<\/tr>\n<tr>\n<td width=\"146\"><strong><b>Min\u0151s\u00e9g:<\/b><\/strong><\/td>\n<td width=\"601\">100% Kiv\u00e1l\u00f3 min\u0151s\u00e9g<\/td>\n<\/tr>\n<tr>\n<td width=\"146\"><strong><b>M<\/b><\/strong><strong><b>OQ:<\/b><\/strong><\/td>\n<td width=\"601\">200 db<\/td>\n<\/tr>\n<\/tbody>\n<\/table>","protected":false},"featured_media":1748,"template":"","meta":[],"product_brand":[],"product_cat":[38],"product_tag":[],"class_list":{"0":"post-1639","1":"product","2":"type-product","3":"status-publish","4":"has-post-thumbnail","6":"product_cat-mens-clothing","8":"first","9":"instock","10":"shipping-taxable","11":"product-type-simple"},"_links":{"self":[{"href":"https:\/\/mj-clothing.com\/hu\/wp-json\/wp\/v2\/product\/1639","targetHints":{"allow":["GET"]}}],"collection":[{"href":"https:\/\/mj-clothing.com\/hu\/wp-json\/wp\/v2\/product"}],"about":[{"href":"https:\/\/mj-clothing.com\/hu\/wp-json\/wp\/v2\/types\/product"}],"wp:featuredmedia":[{"embeddable":true,"href":"https:\/\/mj-clothing.com\/hu\/wp-json\/wp\/v2\/media\/1748"}],"wp:attachment":[{"href":"https:\/\/mj-clothing.com\/hu\/wp-json\/wp\/v2\/media?parent=1639"}],"wp:term":[{"taxonomy":"product_brand","embeddable":true,"href":"https:\/\/mj-clothing.com\/hu\/wp-json\/wp\/v2\/product_brand?post=1639"},{"taxonomy":"product_cat","embeddable":true,"href":"https:\/\/mj-clothing.com\/hu\/wp-json\/wp\/v2\/product_cat?post=1639"},{"taxonomy":"product_tag","embeddable":true,"href":"https:\/\/mj-clothing.com\/hu\/wp-json\/wp\/v2\/product_tag?post=1639"}],"curies":[{"name":"wp","href":"https:\/\/api.w.org\/{rel}","templated":true}]}}