{"id":1662,"date":"2024-12-12T03:40:11","date_gmt":"2024-12-12T03:40:11","guid":{"rendered":"https:\/\/mj-clothing.com\/?post_type=product&#038;p=1662"},"modified":"2024-12-17T07:20:07","modified_gmt":"2024-12-17T07:20:07","slug":"mens-lounge-shirts","status":"publish","type":"product","link":"https:\/\/mj-clothing.com\/hu\/manufacturer\/mens-lounge-shirts\/","title":{"rendered":"F\u00e9rfi Lounge ingek"},"content":{"rendered":"<div class=\"user-query-container ng-star-inserted\">\n<div id=\"user-query-content-5\" class=\"query-content\">\n<div class=\"query-text ng-star-inserted\" dir=\"ltr\" role=\"heading\" aria-level=\"2\">\n<h2 class=\"query-text-line ng-star-inserted\">F\u00e9rfi Lounge ingek<\/h2>\n<\/div>\n<\/div>\n<div class=\"button-gutter\"><span class=\"citation-0 recitation citation-end-0\" style=\"font-size: 14.4px; color: #555555;\">A Mens Lounge Shirts egy k\u00e9nyelmes \u00e9s st\u00edlusos ruhadarab, amelyet pihen\u00e9sre \u00e9s szabadid\u0151 elt\u00f6lt\u00e9s\u00e9re terveztek.<\/span><span style=\"font-size: 14.4px; color: #555555;\"> T\u00f6k\u00e9letes a h\u00e1z k\u00f6r\u00fcli laz\u00edt\u00e1shoz, \u00fcgyint\u00e9z\u00e9shez, vagy egyszer\u0171en csak egy laza kir\u00e1ndul\u00e1shoz.<\/span><\/div>\n<div>\n<p data-sourcepos=\"3:1-3:61\">\u00cdme a f\u00e9rfi lengeingek n\u00e9h\u00e1ny f\u0151 jellemz\u0151je \u00e9s st\u00edlusa:<\/p>\n<p data-sourcepos=\"5:1-5:17\"><strong>Kulcsfontoss\u00e1g\u00fa jellemz\u0151k:<\/strong><\/p>\n<ul data-sourcepos=\"7:1-10:0\">\n<li data-sourcepos=\"7:1-7:123\"><strong><span class=\"citation-1 recitation\">K\u00e9nyelem:<\/span><\/strong><span class=\"citation-1 recitation citation-end-1\"> A lengeingek \u00e1ltal\u00e1ban puha, l\u00e9g\u00e1tereszt\u0151 anyagokb\u00f3l, p\u00e9ld\u00e1ul pamutb\u00f3l, flanelb\u0151l vagy trik\u00f3b\u00f3l k\u00e9sz\u00fclnek.<\/span><\/li>\n<li data-sourcepos=\"7:1-7:123\"><strong>Relaxed Fit:<\/strong> Gyakran laza vagy t\u00falm\u00e9retezett szab\u00e1s\u00faak a maxim\u00e1lis k\u00e9nyelem \u00e9rdek\u00e9ben.<\/li>\n<li data-sourcepos=\"7:1-7:123\"><strong>Alkalmi st\u00edlus:<\/strong> A lengeingek sz\u00e1mos alkalmi st\u00edlusban kaphat\u00f3k, t\u00f6bbek k\u00f6z\u00f6tt egysz\u00edn\u0171, cs\u00edkos \u00e9s mint\u00e1s.\n<p data-sourcepos=\"11:1-11:19\"><strong>N\u00e9pszer\u0171 st\u00edlusok:<\/strong><\/p>\n<\/li>\n<li data-sourcepos=\"7:1-7:123\">\n<p data-sourcepos=\"11:1-11:19\"><strong style=\"color: #333333; font-size: 14.4px;\">Flanel ing:<\/strong><span style=\"color: #333333; font-size: 14.4px;\"> A flanel ingek klasszikus v\u00e1laszt\u00e1s a hidegebb id\u0151j\u00e1r\u00e1shoz, \u00e9s t\u00f6k\u00e9letesek a kanap\u00e9n val\u00f3 \u00f6sszeb\u00faj\u00e1shoz.<\/span><\/p>\n<\/li>\n<li data-sourcepos=\"7:1-7:123\"><strong><span class=\"citation-2 recitation\">Oxford ing:<\/span><\/strong><span class=\"citation-2 recitation citation-end-2\"> Az oxfordi ingek eleg\u00e1nsabbak, \u00e9s fel vagy le is \u00f6lt\u00f6ztethet\u0151k.<\/span><\/li>\n<li data-sourcepos=\"7:1-7:123\"><strong><span class=\"citation-3 recitation\">Jersey ing:<\/span><\/strong><span class=\"citation-3 recitation citation-end-3\"> A puha \u00e9s rugalmas, trik\u00f3 ingek ide\u00e1lisak a h\u00e1z k\u00f6r\u00fcli laz\u00edt\u00e1shoz.<sup class=\"superscript visible\" data-turn-source-index=\"4\">\u00a0<\/sup><\/span><\/li>\n<li data-sourcepos=\"7:1-7:123\"><strong><span class=\"citation-4 recitation\">Henley ing:<\/span><\/strong><span class=\"citation-4 recitation citation-end-4\"> A Henley-ingek laza \u00e9s k\u00e9nyelmes v\u00e1laszt\u00e1sk\u00e9nt t\u00f6k\u00e9letesek a laza megjelen\u00e9shez.<\/span>\n<div class=\"container\">\n<p data-sourcepos=\"22:1-22:38\"><strong>Hogyan st\u00edlus egy f\u00e9rfi Lounge ing:<\/strong><\/p>\n<ul data-sourcepos=\"24:1-27:0\">\n<li data-sourcepos=\"24:1-24:88\"><strong>Alkalmi megjelen\u00e9s:<\/strong> Flanel- vagy trik\u00f3inget p\u00e1ros\u00edtson farmerrel vagy meleg\u00edt\u0151nadr\u00e1ggal \u00e9s tornacip\u0151vel.<\/li>\n<li data-sourcepos=\"25:1-25:85\"><strong>Emelt megjelen\u00e9s:<\/strong> \u00d6lt\u00f6ztessen fel egy oxfordi inget chin\u00f3val vagy \u00f6lt\u00f6nynadr\u00e1ggal \u00e9s papuccsal.<\/li>\n<li data-sourcepos=\"26:1-27:0\"><strong>T\u00f6bbr\u00e9teg\u0171 megjelen\u00e9s:<\/strong> R\u00e9tegezz egy flanel inget egy p\u00f3l\u00f3ra a k\u00e9nyelmes \u00e9s st\u00edlusos megjelen\u00e9s\u00e9rt.<\/li>\n<\/ul>\n<\/div>\n<\/li>\n<\/ul>\n<\/div>\n<\/div>","protected":false},"excerpt":{"rendered":"<table style=\"height: 527px;\" width=\"492\">\n<tbody>\n<tr>\n<td width=\"146\"><strong><b>Term\u00e9k<\/b><\/strong>\u00a0<strong><b>N\u00e9v:<\/b><\/strong><\/td>\n<td width=\"601\"><strong>F\u00e9rfi Lounge ingek<\/strong><\/td>\n<\/tr>\n<tr>\n<td width=\"146\"><strong><b>Materlal:<\/b><\/strong><\/td>\n<td width=\"601\">Poli\u00e9szter\/pamut<\/td>\n<\/tr>\n<tr>\n<td width=\"146\"><strong><b>Technika:<\/b><\/strong><\/td>\n<td width=\"601\">Nyomtat\u00e1s \u00e9s fest\u00e9s<\/td>\n<\/tr>\n<tr>\n<td width=\"146\"><strong><b>St\u00edlus:<\/b><\/strong><\/td>\n<td width=\"601\">Alkalmi<\/td>\n<\/tr>\n<tr>\n<td width=\"146\"><strong><b>Sz\u00ednes<\/b><\/strong><strong><b>:<\/b><\/strong><\/td>\n<td width=\"601\">\u00a0Egyedi sz\u00ednek<\/td>\n<\/tr>\n<tr>\n<td width=\"146\"><strong><b>M\u00e9ret:<\/b><\/strong><\/td>\n<td width=\"601\">S \/M \/L \/XL \/2XL<\/td>\n<\/tr>\n<tr>\n<td width=\"146\"><strong><b>OEM\/ODM:<\/b><\/strong><\/td>\n<td width=\"601\">Elfogadhat\u00f3<\/td>\n<\/tr>\n<tr>\n<td width=\"146\"><strong><b>Min\u0151s\u00e9g:<\/b><\/strong><\/td>\n<td width=\"601\">100% Kiv\u00e1l\u00f3 min\u0151s\u00e9g<\/td>\n<\/tr>\n<tr>\n<td width=\"146\"><strong><b>M<\/b><\/strong><strong><b>OQ:<\/b><\/strong><\/td>\n<td width=\"601\">200 db<\/td>\n<\/tr>\n<\/tbody>\n<\/table>","protected":false},"featured_media":1747,"template":"","meta":[],"product_brand":[],"product_cat":[38],"product_tag":[],"class_list":{"0":"post-1662","1":"product","2":"type-product","3":"status-publish","4":"has-post-thumbnail","6":"product_cat-mens-clothing","8":"first","9":"instock","10":"shipping-taxable","11":"product-type-simple"},"_links":{"self":[{"href":"https:\/\/mj-clothing.com\/hu\/wp-json\/wp\/v2\/product\/1662","targetHints":{"allow":["GET"]}}],"collection":[{"href":"https:\/\/mj-clothing.com\/hu\/wp-json\/wp\/v2\/product"}],"about":[{"href":"https:\/\/mj-clothing.com\/hu\/wp-json\/wp\/v2\/types\/product"}],"wp:featuredmedia":[{"embeddable":true,"href":"https:\/\/mj-clothing.com\/hu\/wp-json\/wp\/v2\/media\/1747"}],"wp:attachment":[{"href":"https:\/\/mj-clothing.com\/hu\/wp-json\/wp\/v2\/media?parent=1662"}],"wp:term":[{"taxonomy":"product_brand","embeddable":true,"href":"https:\/\/mj-clothing.com\/hu\/wp-json\/wp\/v2\/product_brand?post=1662"},{"taxonomy":"product_cat","embeddable":true,"href":"https:\/\/mj-clothing.com\/hu\/wp-json\/wp\/v2\/product_cat?post=1662"},{"taxonomy":"product_tag","embeddable":true,"href":"https:\/\/mj-clothing.com\/hu\/wp-json\/wp\/v2\/product_tag?post=1662"}],"curies":[{"name":"wp","href":"https:\/\/api.w.org\/{rel}","templated":true}]}}