{"id":1744,"date":"2024-12-13T02:59:23","date_gmt":"2024-12-13T02:59:23","guid":{"rendered":"https:\/\/mj-clothing.com\/?post_type=product&#038;p=1744"},"modified":"2024-12-17T07:18:06","modified_gmt":"2024-12-17T07:18:06","slug":"mens-pocket-t-shirts","status":"publish","type":"product","link":"https:\/\/mj-clothing.com\/hu\/manufacturer\/mens-pocket-t-shirts\/","title":{"rendered":"F\u00e9rfi zseb p\u00f3l\u00f3k"},"content":{"rendered":"<div id=\"chat-history\" class=\"chat-history-scroll-container\">\n<div id=\"e1f51b489f031adc\" class=\"conversation-container ng-tns-c2150043242-1 message-actions-hover-boundary response-optimization ng-star-inserted\">\n<div class=\"response-container ng-tns-c1933435332-46 response-optimization response-container-with-gpi ng-star-inserted response-container-has-multiple-responses\">\n<div class=\"presented-response-container ng-tns-c1933435332-46\">\n<div class=\"response-container-content ng-tns-c1933435332-46 tunable-selection-with-avatar\">\n<div class=\"response-content ng-tns-c1933435332-46\">\n<div id=\"model-response-message-contentr_e1f51b489f031adc\" class=\"markdown markdown-main-panel response-optimization\" dir=\"ltr\">\n<h3 data-sourcepos=\"1:1-1:78\">F\u00e9rfi zseb p\u00f3l\u00f3k<\/h3>\n<p data-sourcepos=\"1:1-1:78\">\u00cdme n\u00e9h\u00e1ny f\u00e9rfi zsebp\u00f3l\u00f3, amely jelenleg Szingap\u00farban kaphat\u00f3:<\/p>\n<p data-sourcepos=\"3:1-3:19\"><strong>Alkalmi lehet\u0151s\u00e9gek:<\/strong><\/p>\n<ul data-sourcepos=\"5:1-10:0\">\n<li data-sourcepos=\"5:1-7:0\">\n<p data-sourcepos=\"5:3-6:64\"><strong>Uniqlo Oversized Pocket Crew Neck f\u00e9l ujj\u00fa p\u00f3l\u00f3:<\/strong> <span class=\"citation-0 recitation citation-end-0\">Ez egy k\u00e9nyelmes \u00e9s st\u00edlusos megold\u00e1s, amely t\u00f6bbf\u00e9le sz\u00ednben kaphat\u00f3.<\/span> T\u00f6k\u00e9letes a mindennapi viselethez.<span class=\"button-container hide-from-message-actions ng-star-inserted\">\u00a0 \u00a0<\/span><\/p>\n<div class=\"container ng-tns-c2946245707-59 hide\">\n<div class=\"carousel-container ng-tns-c2946245707-59\"><\/div>\n<\/div>\n<div class=\"attachment-container search-images\"><\/div>\n<\/li>\n<li data-sourcepos=\"8:1-10:0\">\n<p data-sourcepos=\"8:3-9:47\"><strong>Carhartt WIP WIP S\/S Work Pocket p\u00f3l\u00f3:<\/strong> Ez egy tart\u00f3sabb \u00e9s strapab\u00edr\u00f3bb megold\u00e1s, amely t\u00f6k\u00e9letes a munk\u00e1hoz vagy szabadt\u00e9ri tev\u00e9kenys\u00e9gekhez. <span class=\"citation-1 recitation citation-end-1\">Mellzsebbel \u00e9s laza szab\u00e1ssal rendelkezik.<\/span><span class=\"button-container hide-from-message-actions ng-star-inserted\">\u00a0 \u00a0<\/span><\/p>\n<div class=\"container ng-tns-c2946245707-60 hide\">\n<div class=\"carousel-container ng-tns-c2946245707-60\"><\/div>\n<\/div>\n<div class=\"attachment-container search-images\"><\/div>\n<\/li>\n<\/ul>\n<p data-sourcepos=\"11:1-11:20\"><strong>Pr\u00e9mium opci\u00f3k:<\/strong><\/p>\n<ul data-sourcepos=\"13:1-18:0\">\n<li data-sourcepos=\"13:1-15:0\">\n<p data-sourcepos=\"13:3-14:45\"><strong>Ralph Lauren Jersey zsebes p\u00f3l\u00f3:<\/strong> <span class=\"citation-2 recitation citation-end-2\">Ez a kiv\u00e1l\u00f3 min\u0151s\u00e9g\u0171 p\u00f3l\u00f3 pr\u00e9mium pamutb\u00f3l k\u00e9sz\u00fclt.<\/span> Klasszikus diz\u00e1jnnal \u00e9s egy kis zsebbel a mellkas\u00e1n.<\/p>\n<\/li>\n<li data-sourcepos=\"13:1-15:0\">\n<p data-sourcepos=\"13:3-14:45\"><strong style=\"font-size: 14.4px;\">Timberland f\u00e9rfi Oxford mellzsebes p\u00f3l\u00f3:<\/strong> <span class=\"citation-3 recitation citation-end-3\" style=\"font-size: 14.4px;\">Ez egy egyedi \u00e9s st\u00edlusos megold\u00e1s 100% pamutb\u00f3l.<\/span> <span class=\"citation-4 recitation citation-end-4\" style=\"font-size: 14.4px;\">Gombos gall\u00e9rral \u00e9s mellzsebbel rendelkezik.<\/span><span class=\"button-container hide-from-message-actions ng-star-inserted\" style=\"font-size: 14.4px;\">\u00a0 \u00a0<\/span><\/p>\n<div class=\"container ng-tns-c2946245707-62 hide\">\n<div class=\"carousel-container ng-tns-c2946245707-62\">\n<div class=\"carousel-content ng-tns-c2946245707-62\">\n<div class=\"sources-carousel-source ng-tns-c2946245707-62 hide ng-star-inserted\" data-test-id=\"sources-carousel-source\"><\/div>\n<\/div>\n<\/div>\n<\/div>\n<div class=\"attachment-container search-images\"><\/div>\n<\/li>\n<\/ul>\n<p data-sourcepos=\"19:1-19:24\"><strong>Teljes\u00edtm\u00e9ny opci\u00f3k:<\/strong><\/p>\n<ul data-sourcepos=\"21:1-23:0\">\n<li data-sourcepos=\"21:1-23:0\"><strong>Under Armour f\u00e9rfi UA Pocket p\u00f3l\u00f3:<\/strong> Ez a teljes\u00edtm\u00e9ny p\u00f3l\u00f3 t\u00f6k\u00e9letes edz\u00e9shez vagy m\u00e1s akt\u00edv tev\u00e9kenys\u00e9ghez. <span class=\"citation-5 recitation citation-end-5\">Nedvess\u00e9gelvezet\u0151 technol\u00f3gi\u00e1val \u00e9s mellzsebbel rendelkezik.<\/span><span class=\"button-container hide-from-message-actions ng-star-inserted\"> \u00a0<\/span>\n<div class=\"container ng-tns-c2946245707-63 hide\">\n<div class=\"carousel-container ng-tns-c2946245707-63\"><\/div>\n<\/div>\n<div class=\"attachment-container search-images\">\n<div class=\"image-container hide-from-message-actions ng-star-inserted\">\n<div class=\"caption ellipsis gmat-caption ng-star-inserted\" aria-hidden=\"true\"><\/div>\n<\/div>\n<\/div>\n<\/li>\n<\/ul>\n<p data-sourcepos=\"24:1-24:171\">Ez csak n\u00e9h\u00e1ny a Szingap\u00farban kaphat\u00f3 sz\u00e1mos f\u00e9rfi zsebp\u00f3l\u00f3 k\u00f6z\u00fcl. A helyi \u00e1ruh\u00e1zban vagy online kiskeresked\u0151n\u00e9l sz\u00e9lesebb v\u00e1laszt\u00e9kot tal\u00e1l.<\/p>\n<p data-sourcepos=\"26:1-26:56\"><strong>Tov\u00e1bbi tippek a f\u00e9rfi zsebp\u00f3l\u00f3k kiv\u00e1laszt\u00e1s\u00e1hoz:<\/strong><\/p>\n<ul data-sourcepos=\"28:1-32:0\">\n<li data-sourcepos=\"28:1-28:273\">Vegy\u00fck figyelembe az anyagot: A pamut a zsebes p\u00f3l\u00f3k n\u00e9pszer\u0171 v\u00e1laszt\u00e1sa, mert k\u00e9nyelmes \u00e9s l\u00e9legz\u0151. Azonban,Mens Pocket T Shirts akkor is \u00e9rdemes megfontolni a teljes\u00edtm\u00e9ny sz\u00f6vetek, mint a poli\u00e9szter vagy nejlon, ha keres egy p\u00f3l\u00f3, amely elsz\u00edvja a nedvess\u00e9get, \u00e9s h\u0171v\u00f6sen tartja \u00d6nt.<\/li>\n<li data-sourcepos=\"29:1-29:174\">V\u00e1lassza ki a megfelel\u0151 illeszked\u00e9st: A zsebes p\u00f3l\u00f3k k\u00fcl\u00f6nb\u00f6z\u0151 szab\u00e1s\u00faak, a slim fit \u00e9s a relaxed fit k\u00f6z\u00f6tt. V\u00e1lasszon olyan szab\u00e1st, amely h\u00edzeleg a testalkat\u00e1nak \u00e9s k\u00e9nyelmes viseletet biztos\u00edt.<\/li>\n<li data-sourcepos=\"30:1-30:209\">Vegy\u00fck figyelembe a zseb st\u00edlus\u00e1t: N\u00e9h\u00e1ny zsebes p\u00f3l\u00f3nak van egy kis zsebe a mellkason, m\u00edg m\u00e1soknak egy nagyobb zseb van az oldal\u00e1n. V\u00e1lasszon olyan zsebst\u00edlust, amelyik tetszik \u00d6nnek, \u00e9s amelyik praktikus az \u00d6n ig\u00e9nyeinek megfelel\u0151en.<\/li>\n<li data-sourcepos=\"31:1-32:0\">Gondoljon az alkalomra: Ha zsebes p\u00f3l\u00f3t keresel a munkahelyedre, lehet, hogy egy form\u00e1lisabb st\u00edlust kell v\u00e1lasztanod. Ha h\u00e9tv\u00e9gi viseletre keres p\u00f3l\u00f3t, akkor lehet, hogy egy laz\u00e1bb st\u00edlust szeretne v\u00e1lasztani.<\/li>\n<\/ul>\n<p data-sourcepos=\"33:1-33:86\">Ha k\u00f6veti ezeket a tippeket, megtal\u00e1lhatja a t\u00f6k\u00e9letes f\u00e9rfi zsebes p\u00f3l\u00f3t az \u00d6n ig\u00e9nyeinek megfelel\u0151en.<\/p>\n<\/div>\n<\/div>\n<\/div>\n<\/div>\n<\/div>\n<\/div>\n<\/div>\n<div class=\"input-area-container\">\n<div class=\"input-area\" data-node-type=\"input-area\">\n<div class=\"text-input-field\">\n<div class=\"text-input-field_textarea-wrapper\">\n<div class=\"text-input-field-main-area\">\n<div class=\"text-input-field_textarea-inner\">\n<div class=\"ql-editor textarea new-input-ui ql-blank\" role=\"textbox\" contenteditable=\"true\" data-gramm=\"false\" aria-multiline=\"true\" aria-label=\"Adjon meg itt egy promptot\" data-placeholder=\"Ask Gemini\"><\/div>\n<\/div>\n<\/div>\n<\/div>\n<\/div>\n<\/div>\n<\/div>","protected":false},"excerpt":{"rendered":"<table style=\"height: 530px;\" width=\"498\">\n<tbody>\n<tr>\n<td width=\"146\"><strong><b>Term\u00e9k<\/b><\/strong>\u00a0<strong><b>N\u00e9v:<\/b><\/strong><\/td>\n<td width=\"601\"><strong>F\u00e9rfi zseb p\u00f3l\u00f3k<\/strong><\/td>\n<\/tr>\n<tr>\n<td width=\"146\"><strong><b>Materlal:<\/b><\/strong><\/td>\n<td width=\"601\">Poli\u00e9szter\/pamut<\/td>\n<\/tr>\n<tr>\n<td width=\"146\"><strong><b>Technika:<\/b><\/strong><\/td>\n<td width=\"601\">Nyomtat\u00e1s \u00e9s fest\u00e9s<\/td>\n<\/tr>\n<tr>\n<td width=\"146\"><strong><b>St\u00edlus:<\/b><\/strong><\/td>\n<td width=\"601\">Alkalmi<\/td>\n<\/tr>\n<tr>\n<td width=\"146\"><strong><b>Sz\u00ednes<\/b><\/strong><strong><b>:<\/b><\/strong><\/td>\n<td width=\"601\">\u00a0Egyedi sz\u00ednek<\/td>\n<\/tr>\n<tr>\n<td width=\"146\"><strong><b>M\u00e9ret:<\/b><\/strong><\/td>\n<td width=\"601\">S \/M \/L \/XL \/2XL<\/td>\n<\/tr>\n<tr>\n<td width=\"146\"><strong><b>OEM\/ODM:<\/b><\/strong><\/td>\n<td width=\"601\">Elfogadhat\u00f3<\/td>\n<\/tr>\n<tr>\n<td width=\"146\"><strong><b>Min\u0151s\u00e9g:<\/b><\/strong><\/td>\n<td width=\"601\">100% Kiv\u00e1l\u00f3 min\u0151s\u00e9g<\/td>\n<\/tr>\n<tr>\n<td width=\"146\"><strong><b>M<\/b><\/strong><strong><b>OQ:<\/b><\/strong><\/td>\n<td width=\"601\">200 db<\/td>\n<\/tr>\n<\/tbody>\n<\/table>","protected":false},"featured_media":1751,"template":"","meta":[],"product_brand":[],"product_cat":[38],"product_tag":[],"class_list":{"0":"post-1744","1":"product","2":"type-product","3":"status-publish","4":"has-post-thumbnail","6":"product_cat-mens-clothing","8":"first","9":"instock","10":"shipping-taxable","11":"product-type-simple"},"_links":{"self":[{"href":"https:\/\/mj-clothing.com\/hu\/wp-json\/wp\/v2\/product\/1744","targetHints":{"allow":["GET"]}}],"collection":[{"href":"https:\/\/mj-clothing.com\/hu\/wp-json\/wp\/v2\/product"}],"about":[{"href":"https:\/\/mj-clothing.com\/hu\/wp-json\/wp\/v2\/types\/product"}],"wp:featuredmedia":[{"embeddable":true,"href":"https:\/\/mj-clothing.com\/hu\/wp-json\/wp\/v2\/media\/1751"}],"wp:attachment":[{"href":"https:\/\/mj-clothing.com\/hu\/wp-json\/wp\/v2\/media?parent=1744"}],"wp:term":[{"taxonomy":"product_brand","embeddable":true,"href":"https:\/\/mj-clothing.com\/hu\/wp-json\/wp\/v2\/product_brand?post=1744"},{"taxonomy":"product_cat","embeddable":true,"href":"https:\/\/mj-clothing.com\/hu\/wp-json\/wp\/v2\/product_cat?post=1744"},{"taxonomy":"product_tag","embeddable":true,"href":"https:\/\/mj-clothing.com\/hu\/wp-json\/wp\/v2\/product_tag?post=1744"}],"curies":[{"name":"wp","href":"https:\/\/api.w.org\/{rel}","templated":true}]}}